{"id":22423,"date":"2025-10-16T16:12:47","date_gmt":"2025-10-16T08:12:47","guid":{"rendered":"https:\/\/yebodaglass.com\/?post_type=product&#038;p=22423"},"modified":"2026-04-10T18:34:30","modified_gmt":"2026-04-10T10:34:30","slug":"310oz-glass-milk-bottles-wholesale-twist-off-ct-finish-storage-bottles","status":"publish","type":"product","link":"https:\/\/yebodaglass.com\/cs\/310oz-glass-milk-bottles-wholesale-twist-off-ct-finish-storage-bottles\/","title":{"rendered":"Velkoobchodn\u00ed prodej sklen\u011bn\u00fdch lahv\u00ed na ml\u00e9ko o objemu 310 oz | Lahve s twist-off a CT povrchovou \u00fapravou"},"content":{"rendered":"<p>Na\u0161e velkoobchodn\u00ed sklen\u011bn\u00e9 lahve na ml\u00e9ko o objemu 310 ml maj\u00ed tvar, kter\u00fd vypad\u00e1 dob\u0159e a je tak\u00e9 velmi pevn\u00fd. Jsou vyrobeny ze skla, kter\u00e9 neobsahuje \u017e\u00e1dn\u00e9 \u0161kodliv\u00e9 l\u00e1tky. Tyto lahve se snadno dr\u017e\u00ed v ruce. Vypadaj\u00ed dob\u0159e na poli\u010dce. M\u016f\u017eete skrz n\u011b vid\u011bt, abyste vid\u011bli, jak \u010derstv\u00e9 je ml\u00e9ko nebo d\u017eus. D\u00edky tomu jsou ide\u00e1ln\u00ed pro firmy, kter\u00e9 cht\u011bj\u00ed prod\u00e1vat kvalitn\u00ed n\u00e1poje.<\/p>\n<h2>Kl\u00ed\u010dov\u00e9 specifikace<\/h2>\n<table style=\"border-collapse: collapse; width: 80%; margin-left: auto; margin-right: auto;\" border=\"0\" width=\"288\" cellspacing=\"0\" cellpadding=\"0\">\n<tbody>\n<tr style=\"height: 13.50pt;\">\n<td style=\"height: 13.5pt; width: 54pt; text-align: center;\" width=\"72\" height=\"18\">Model<\/td>\n<td style=\"width: 54pt; text-align: center;\" width=\"72\">Kapacita<\/td>\n<td style=\"width: 54pt; text-align: center;\" width=\"72\">Velikost<\/td>\n<td style=\"width: 54pt; text-align: center;\" width=\"72\">Typ krku<\/td>\n<\/tr>\n<tr style=\"height: 13.50pt;\">\n<td style=\"height: 13.5pt; text-align: center;\" align=\"right\" height=\"18\">64031010<\/td>\n<td class=\"et2\" style=\"text-align: center;\" rowspan=\"2\">310 ml<\/td>\n<td style=\"text-align: center;\">6,1*6,1*15,2 mm<\/td>\n<td style=\"text-align: center;\">Odv\u00edjec\u00ed v\u00ed\u010dko<\/td>\n<\/tr>\n<tr style=\"height: 13.50pt;\">\n<td style=\"height: 13.5pt; text-align: center;\" align=\"right\" height=\"18\">64031011<\/td>\n<td style=\"text-align: center;\">6,1*6,1*15,4 mm<\/td>\n<td style=\"text-align: center;\">Nep\u0159etr\u017eit\u00fd z\u00e1vit naho\u0159e<\/td>\n<\/tr>\n<\/tbody>\n<\/table>\n<h2>Tyto lahve lze pou\u017e\u00edt r\u016fzn\u00fdmi zp\u016fsoby. M\u00e1me pro n\u011b dva typy uz\u00e1v\u011br\u016f:<\/h2>\n<ol>\n<li><strong>Vrchn\u00ed d\u00edl Twist-Off<\/strong>Skv\u011ble se hod\u00ed, kdy\u017e pot\u0159ebujete naplnit sklen\u011bn\u00e9 lahve na ml\u00e9ko. Lze jej rychle uzav\u0159\u00edt, co\u017e je v\u00fdhodn\u00e9 pro stroje, kter\u00e9 na lahve nasazuj\u00ed v\u00ed\u010dka. Tento typ v\u00ed\u010dka se \u010dasto pou\u017e\u00edv\u00e1 na n\u00e1poje, proto\u017ee udr\u017e\u00ed n\u00e1poj v bezpe\u010d\u00ed a \u010derstv\u00fd.<\/li>\n<li><strong>Nep\u0159etr\u017eit\u00e9 vl\u00e1kno naho\u0159e<\/strong>Je to dobr\u00e9, kdy\u017e chcete lahev pou\u017e\u00edt v\u00edcekr\u00e1t. Lze ji pou\u017e\u00edt s r\u016fzn\u00fdmi typy uz\u00e1v\u011br\u016f a snadno se otev\u00edr\u00e1 a zav\u00edr\u00e1. Tento typ uz\u00e1v\u011bru se \u010dasto pou\u017e\u00edv\u00e1 na n\u00e1poje a je vhodn\u00fd pro lidi, kte\u0159\u00ed cht\u011bj\u00ed lahev pou\u017e\u00edvat doma.<\/li>\n<\/ol>\n<h2>P\u0159\u00edpadov\u00e1 studie<\/h2>\n<p>Spolupracovali jsme se spole\u010dnost\u00ed, kter\u00e1 vyr\u00e1b\u00ed bio smetanu, abychom jejich lahve od ml\u00e9\u010dn\u00fdch v\u00fdrobk\u016f vypadaly v\u00fdjime\u010dn\u011b. Pou\u017eili jsme postup, jak na lahev um\u00edstit jejich logo, a dopadlo to velmi dob\u0159e. Logo je:<\/p>\n<ol>\n<li>Velmi t\u011b\u017ek\u00e9 po\u0161kr\u00e1bat. L\u00e1hev lze m\u00fdt v my\u010dce n\u00e1dob\u00ed.<\/li>\n<li>Je p\u0159\u00edjemn\u00fd na dotek. Vypad\u00e1, jako by byl sou\u010d\u00e1st\u00ed lahve, ne jen n\u00e1lepkou.<\/li>\n<li>Lze jej pou\u017e\u00edt n\u011bkolikr\u00e1t, co\u017e je dobr\u00e9 pro firmy, kter\u00e9 cht\u011bj\u00ed u\u0161et\u0159it pen\u00edze za balen\u00ed.<\/li>\n<\/ol>\n<p>M\u016f\u017eeme pro va\u0161i firmu vyrobit i takov\u00e9 sklen\u011bn\u00e9 lahve na ml\u00e9ko velkoobchodn\u011b. M\u016f\u017eete si vybrat typ v\u00ed\u010dka, kter\u00fd chcete. Va\u0161e logo m\u016f\u017eeme na lahev um\u00edstit pomoc\u00ed na\u0161eho postupu.<\/p>","protected":false},"excerpt":{"rendered":"<p>High-quality 310ml glass milk storage bottles for wholesale. Available in Twist-off and Continuous Thread finishes. Custom decal branding for beverage brands.<\/p>","protected":false},"featured_media":22426,"template":"","meta":[],"product_brand":[],"product_cat":[131,123,122],"product_tag":[],"class_list":{"0":"post-22423","1":"product","2":"type-product","3":"status-publish","4":"has-post-thumbnail","6":"product_cat-glass-milk-bottles","7":"product_cat-custom-glass-bottles","8":"product_cat-custom-glass-packaging","10":"first","11":"instock","12":"shipping-taxable","13":"product-type-simple"},"jetpack_sharing_enabled":true,"_links":{"self":[{"href":"https:\/\/yebodaglass.com\/cs\/wp-json\/wp\/v2\/product\/22423","targetHints":{"allow":["GET"]}}],"collection":[{"href":"https:\/\/yebodaglass.com\/cs\/wp-json\/wp\/v2\/product"}],"about":[{"href":"https:\/\/yebodaglass.com\/cs\/wp-json\/wp\/v2\/types\/product"}],"version-history":[{"count":5,"href":"https:\/\/yebodaglass.com\/cs\/wp-json\/wp\/v2\/product\/22423\/revisions"}],"predecessor-version":[{"id":25751,"href":"https:\/\/yebodaglass.com\/cs\/wp-json\/wp\/v2\/product\/22423\/revisions\/25751"}],"wp:featuredmedia":[{"embeddable":true,"href":"https:\/\/yebodaglass.com\/cs\/wp-json\/wp\/v2\/media\/22426"}],"wp:attachment":[{"href":"https:\/\/yebodaglass.com\/cs\/wp-json\/wp\/v2\/media?parent=22423"}],"wp:term":[{"taxonomy":"product_brand","embeddable":true,"href":"https:\/\/yebodaglass.com\/cs\/wp-json\/wp\/v2\/product_brand?post=22423"},{"taxonomy":"product_cat","embeddable":true,"href":"https:\/\/yebodaglass.com\/cs\/wp-json\/wp\/v2\/product_cat?post=22423"},{"taxonomy":"product_tag","embeddable":true,"href":"https:\/\/yebodaglass.com\/cs\/wp-json\/wp\/v2\/product_tag?post=22423"}],"curies":[{"name":"wp","href":"https:\/\/api.w.org\/{rel}","templated":true}]}}