{"id":22414,"date":"2025-10-16T17:52:23","date_gmt":"2025-10-16T09:52:23","guid":{"rendered":"https:\/\/yebodaglass.com\/?post_type=product&#038;p=22414"},"modified":"2026-04-13T09:49:20","modified_gmt":"2026-04-13T01:49:20","slug":"glass-milk-bottle-with-crimp-neck-for-dairy-drinks-bulk","status":"publish","type":"product","link":"https:\/\/yebodaglass.com\/cs\/glass-milk-bottle-with-crimp-neck-for-dairy-drinks-bulk\/","title":{"rendered":"Sklen\u011bn\u00e1 l\u00e1hev na ml\u00e9ko o objemu 200-1000 ml s krimpovac\u00edm hrdlem pro ml\u00e9\u010dn\u00e9 n\u00e1poje ve velk\u00e9m"},"content":{"rendered":"<p>Sklen\u011bn\u00e1 l\u00e1hev na ml\u00e9ko se vyzna\u010duje klasick\u00fdm designem, kter\u00fd dod\u00e1v\u00e1 lahvi pr\u016fhledn\u00fd a \u010dist\u00fd vzhled, jen\u017e se hod\u00ed k ml\u00e9\u010dn\u00fdm v\u00fdrobk\u016fm, d\u017eus\u016fm a v\u0161em ostatn\u00edm n\u00e1pojov\u00fdm obal\u016fm. Sklen\u011bn\u00e9 lahve na ml\u00e9ko se dod\u00e1vaj\u00ed v r\u016fzn\u00fdch velikostech, v\u010detn\u011b bezpe\u010dnostn\u00edch uz\u00e1v\u011br\u016f, kter\u00e9 chr\u00e1n\u00ed produkt p\u0159i jeho vystavov\u00e1n\u00ed v obchodech a umo\u017e\u0148uj\u00ed z\u00e1kazn\u00edk\u016fm odn\u00e9st si lahev dom\u016f a pou\u017e\u00edt ji pro personalizovan\u00fd branding.<\/p>\n<h2>Vlastnosti produktu<\/h2>\n<ul>\n<li><strong>Siln\u00e9 krimpovac\u00ed t\u011bsn\u011bn\u00ed: <\/strong>Krimpovac\u00ed hrdlo blokuje vzduch \u2013 sklen\u011bn\u00e1 l\u00e1hev na ml\u00e9ko udr\u017e\u00ed ml\u00e9ko d\u00e9le \u010derstv\u00e9.<\/li>\n<li><strong>K\u0159i\u0161\u0165\u00e1lov\u011b \u010dist\u00e9: <\/strong>Vysok\u00e1 pr\u016fhlednost skla jasn\u011b ukazuje \u010derstvost ml\u00e9ka \u2013 va\u0161e sklen\u011bn\u00e1 l\u00e1hev na ml\u00e9ko okam\u017eit\u011b buduje d\u016fv\u011bru ve va\u0161i zna\u010dku.<\/li>\n<li><strong>Odoln\u00e9 a opakovan\u011b pou\u017eiteln\u00e9: <\/strong>Siln\u00e1 st\u011bna odol\u00e1v\u00e1 n\u00e1raz\u016fm n\u00e1kupn\u00edch voz\u00edk\u016f \u2013 z\u00e1kazn\u00edci ji tak mohou znovu pou\u017e\u00edt na smoothie a dal\u0161\u00ed.<\/li>\n<li><strong>Flexibiln\u00ed velikosti: <\/strong>K dispozici ve velikostech od 200 ml do 1000 ml, m\u016f\u017eete uspokojit sv\u00e9 pot\u0159eby v pint\u011b, kvartu nebo galonu.<\/li>\n<\/ul>\n<h2>Kl\u00ed\u010dov\u00e9 specifikace<\/h2>\n<table style=\"border-collapse: collapse; width: 80%; margin-left: auto; margin-right: auto;\" border=\"0\" width=\"288\" cellspacing=\"0\" cellpadding=\"0\">\n<tbody>\n<tr style=\"height: 13.50pt;\">\n<td style=\"height: 13.5pt; width: 54pt; text-align: center;\" width=\"72\" height=\"18\">Model<\/td>\n<td style=\"width: 54pt; text-align: center;\" width=\"72\">Kapacita (ml)<\/td>\n<td style=\"width: 54pt; text-align: center;\" width=\"72\">Velikost (cm)<\/td>\n<td style=\"width: 54pt; text-align: center;\" width=\"72\">Typ krku<\/td>\n<\/tr>\n<tr style=\"height: 13.50pt;\">\n<td style=\"height: 13.5pt; text-align: center;\" align=\"right\" height=\"18\">64020006<\/td>\n<td style=\"text-align: center;\" align=\"right\">200<\/td>\n<td style=\"text-align: center;\">6.0&#215;12.0<\/td>\n<td class=\"et2\" style=\"text-align: center;\" rowspan=\"4\">Krimpovac\u00ed krk<\/td>\n<\/tr>\n<tr style=\"height: 13.50pt;\">\n<td style=\"height: 13.5pt; text-align: center;\" align=\"right\" height=\"18\">62025007<\/td>\n<td style=\"text-align: center;\" align=\"right\">250<\/td>\n<td style=\"text-align: center;\">5.9&#215;14.05<\/td>\n<\/tr>\n<tr style=\"height: 13.50pt;\">\n<td style=\"height: 13.5pt; text-align: center;\" align=\"right\" height=\"18\">62050008<\/td>\n<td style=\"text-align: center;\" align=\"right\">500<\/td>\n<td style=\"text-align: center;\">7.32&#215;20.8<\/td>\n<\/tr>\n<tr style=\"height: 13.50pt;\">\n<td style=\"height: 13.5pt; text-align: center;\" align=\"right\" height=\"18\">64100009<\/td>\n<td style=\"text-align: center;\" align=\"right\">1000<\/td>\n<td style=\"text-align: center;\">8.5&#215;25.7<\/td>\n<\/tr>\n<\/tbody>\n<\/table>\n<h2>P\u0159\u00edpad \u00fasp\u011bchu<\/h2>\n<p>Biofarma na Nov\u00e9m Z\u00e9landu se s n\u00e1mi spojila, aby modernizovala obaly pro svou pr\u00e9miovou \u0159adu bio ml\u00e9ka. Vyrobili sklen\u011bn\u00e9 lahve na ml\u00e9ko s krimpovac\u00edm hrdlem, aby zajistili hladk\u00e9 uzav\u0159en\u00ed v\u00ed\u010dka a urychlili mont\u00e1\u017e plnic\u00ed linky. Ka\u017ed\u00e1 lahev je vyrobena z tlust\u00e9ho, vysoce pr\u016fhledn\u00e9ho skla, kter\u00e9 p\u016fsob\u00ed pevn\u00fdm dojmem a m\u00e1 k\u0159i\u0161\u0165\u00e1lov\u011b \u010dist\u00fd povrch, d\u00edky kter\u00e9mu je viditeln\u00e1 p\u0159irozen\u011b jemn\u00e1 chu\u0165 ml\u00e9ka.<\/p>\n<p>Logo zna\u010dky a znak farmy jsou na v\u00ed\u010dku lahve vyti\u0161t\u011bny reli\u00e9fn\u011b, co\u017e skv\u011ble dopl\u0148uje design a vytv\u00e1\u0159\u00ed tak autentick\u00fd dojem ru\u010dn\u00ed pr\u00e1ce, kter\u00fd je atraktivn\u00ed pro ekologicky \u0161etrn\u00e9 spot\u0159ebitele.<\/p>\n<p>Nov\u00e9 balen\u00ed se u m\u00edstn\u00edch spot\u0159ebitel\u016f stalo hitem ve velmi kr\u00e1tk\u00e9 dob\u011b a cel\u00e1 \u0161ar\u017ee byla vyprod\u00e1na b\u011bhem pouh\u00fdch 48 hodin.<\/p>\n<h2>V\u00e1\u0161 n\u00e1vod na \u00fapravy<\/h2>\n<ol>\n<li><strong>Mo\u017enosti v\u00edka:<\/strong> Vyberte si kovov\u00e1 v\u00ed\u010dka s oto\u010dn\u00fdm uz\u00e1v\u011brem, korkov\u00e1 nebo bambusov\u00e1 v\u00ed\u010dka podle stylu va\u0161\u00ed zna\u010dky.<\/li>\n<li><strong>\u00daprava barev:<\/strong> K dispozici jsou \u010dty\u0159i r\u016fzn\u00e9 barvy, tj. \u010dir\u00e1, matn\u00e1, jantarov\u00e1 a t\u00f3novan\u00e1.<\/li>\n<li><strong>Branding:<\/strong> Vtiskn\u011bte logo sv\u00e9 zna\u010dky s\u00edtotiskem, obtiskem nebo embosov\u00e1n\u00edm.<\/li>\n<\/ol>","protected":false},"excerpt":{"rendered":"<p>Odoln\u00e9 \u010dir\u00e9 sklen\u011bn\u00e9 lahve na ml\u00e9ko, ide\u00e1ln\u00ed pro balen\u00ed ml\u00e9ka, d\u017eus\u016f a k\u00e1vy. Ide\u00e1ln\u00ed pro kav\u00e1rny, ml\u00e9k\u00e1rny a dom\u00e1c\u00ed pou\u017eit\u00ed. K dispozici jsou vlastn\u00ed loga a v\u00ed\u010dka.<\/p>","protected":false},"featured_media":22419,"template":"","meta":[],"product_brand":[],"product_cat":[123,122,131],"product_tag":[],"class_list":{"0":"post-22414","1":"product","2":"type-product","3":"status-publish","4":"has-post-thumbnail","6":"product_cat-custom-glass-bottles","7":"product_cat-custom-glass-packaging","8":"product_cat-glass-milk-bottles","10":"first","11":"instock","12":"shipping-taxable","13":"product-type-simple"},"jetpack_sharing_enabled":true,"_links":{"self":[{"href":"https:\/\/yebodaglass.com\/cs\/wp-json\/wp\/v2\/product\/22414","targetHints":{"allow":["GET"]}}],"collection":[{"href":"https:\/\/yebodaglass.com\/cs\/wp-json\/wp\/v2\/product"}],"about":[{"href":"https:\/\/yebodaglass.com\/cs\/wp-json\/wp\/v2\/types\/product"}],"version-history":[{"count":5,"href":"https:\/\/yebodaglass.com\/cs\/wp-json\/wp\/v2\/product\/22414\/revisions"}],"predecessor-version":[{"id":25756,"href":"https:\/\/yebodaglass.com\/cs\/wp-json\/wp\/v2\/product\/22414\/revisions\/25756"}],"wp:featuredmedia":[{"embeddable":true,"href":"https:\/\/yebodaglass.com\/cs\/wp-json\/wp\/v2\/media\/22419"}],"wp:attachment":[{"href":"https:\/\/yebodaglass.com\/cs\/wp-json\/wp\/v2\/media?parent=22414"}],"wp:term":[{"taxonomy":"product_brand","embeddable":true,"href":"https:\/\/yebodaglass.com\/cs\/wp-json\/wp\/v2\/product_brand?post=22414"},{"taxonomy":"product_cat","embeddable":true,"href":"https:\/\/yebodaglass.com\/cs\/wp-json\/wp\/v2\/product_cat?post=22414"},{"taxonomy":"product_tag","embeddable":true,"href":"https:\/\/yebodaglass.com\/cs\/wp-json\/wp\/v2\/product_tag?post=22414"}],"curies":[{"name":"wp","href":"https:\/\/api.w.org\/{rel}","templated":true}]}}