{"id":22391,"date":"2025-10-16T10:42:19","date_gmt":"2025-10-16T02:42:19","guid":{"rendered":"https:\/\/yebodaglass.com\/?post_type=product&#038;p=22391"},"modified":"2025-11-04T11:58:15","modified_gmt":"2025-11-04T03:58:15","slug":"glass-milk-bottles-for-milk-juice-smoothies","status":"publish","type":"product","link":"https:\/\/yebodaglass.com\/cs\/glass-milk-bottles-for-milk-juice-smoothies\/","title":{"rendered":"200-1000ml \u010dir\u00e9 sklen\u011bn\u00e9 lahve na ml\u00e9ko, d\u017eusy a smoothie"},"content":{"rendered":"<p>U\u017e v\u00e1s nebav\u00ed lahve od ml\u00e9\u010dn\u00fdch v\u00fdrobk\u016f, kter\u00e9 prot\u00e9kaj\u00ed nebo praskaj\u00ed? Vyr\u00e1b\u00edme sklen\u011bn\u00e9 lahve od ml\u00e9ka se siln\u00fdmi st\u011bnami \u2013 u\u017e \u017e\u00e1dn\u00e9 rozmo\u010den\u00e9 kartony. Tyto sklen\u011bn\u00e9 lahve od ml\u00e9ka prom\u011bn\u00ed skladov\u00e1n\u00ed n\u00e1poj\u016f v prvot\u0159\u00eddn\u00ed chv\u00edle. P\u0159i velkoobchodn\u00edch objedn\u00e1vk\u00e1ch z\u00edsk\u00e1te sklen\u011bn\u00e9 lahve na m\u00edru, kter\u00e9 odpov\u00eddaj\u00ed slibu \u010derstvosti va\u0161\u00ed zna\u010dky.<\/p>\n<h2>Vlastnosti produktu<\/h2>\n<p><strong>Ut\u011bsn\u011bn\u00e1 konstrukce usnad\u0148uje pr\u00e1ci bez nepo\u0159\u00e1dku.<\/strong><\/p>\n<p>Z\u00e1vitov\u00fd hrdlov\u00fd prvek \u00fa\u010dinn\u011b ut\u011bs\u0148uje vzduch, \u010d\u00edm\u017e eliminuje z\u00e1pach.<\/p>\n<p><strong>Siln\u00e9 sklo pro nulov\u00fd odpad<\/strong><\/p>\n<p>D\u00edky silnost\u011bnn\u00e9 konstrukci je bezpe\u010dn\u00e1 i p\u0159i n\u00e1razech n\u00e1kupn\u00edho ko\u0161\u00edku. Z\u00e1kazn\u00edci ji mohou znovu pou\u017e\u00edt jako sklenici na smoothie, co\u017e \u0161et\u0159\u00ed n\u00e1klady na v\u00fdm\u011bnu.<\/p>\n<p><strong>K dispozici r\u016fzn\u00e9 velikosti<\/strong><\/p>\n<p>Nab\u00edz\u00edme mal\u00e9 velikosti od 200 ml do 310 ml, ide\u00e1ln\u00ed pro jednor\u00e1zov\u00e9 ml\u00e9ko, a velk\u00e9 velikosti od 500 ml do 1000 ml, ide\u00e1ln\u00ed pro celou rodinu.<\/p>\n<p><strong>Va\u0161e zna\u010dka jde d\u00e1l ne\u017e jen pouhou lahev<\/strong><\/p>\n<p>P\u0159idejte sv\u00e9 logo na sklen\u011bnou lahev od ml\u00e9ka a z\u00e1kazn\u00edci v\u00e1s okam\u017eit\u011b najdou v reg\u00e1lu.<\/p>\n<h2>Kl\u00ed\u010dov\u00e9 specifikace<\/h2>\n<table style=\"border-collapse: collapse; width: 80%; margin-left: auto; margin-right: auto;\" border=\"0\" width=\"360\" cellspacing=\"0\" cellpadding=\"0\">\n<tbody>\n<tr style=\"height: 13.50pt;\">\n<td style=\"height: 13.5pt; width: 54pt; text-align: center;\" width=\"72\" height=\"18\">Model<\/td>\n<td style=\"width: 54pt; text-align: center;\" width=\"72\">Kapacita (ml)<\/td>\n<td style=\"width: 54pt; text-align: center;\" width=\"72\">Velikost (cm)<\/td>\n<td style=\"width: 54pt; text-align: center;\" width=\"72\">Mo\u017enosti barev<\/td>\n<td style=\"width: 54pt; text-align: center;\" width=\"72\">Typ krku<\/td>\n<\/tr>\n<tr style=\"height: 13.50pt;\">\n<td style=\"height: 13.5pt; text-align: center;\" align=\"right\" height=\"18\">64020001<\/td>\n<td style=\"text-align: center;\" align=\"right\">200<\/td>\n<td style=\"text-align: center;\">5.8&#215;12.0<\/td>\n<td class=\"et2\" style=\"text-align: center;\" rowspan=\"5\">Vymazat (Vlastn\u00ed)<\/td>\n<td class=\"et2\" style=\"text-align: center;\" rowspan=\"5\">Z\u00e1vitov\u00e9<\/td>\n<\/tr>\n<tr style=\"height: 13.50pt;\">\n<td style=\"height: 13.5pt; text-align: center;\" align=\"right\" height=\"18\">64025002<\/td>\n<td style=\"text-align: center;\" align=\"right\">250<\/td>\n<td style=\"text-align: center;\">5.9&#215;13.7<\/td>\n<\/tr>\n<tr style=\"height: 13.50pt;\">\n<td style=\"height: 13.5pt; text-align: center;\" align=\"right\" height=\"18\">64031003<\/td>\n<td style=\"text-align: center;\" align=\"right\">310<\/td>\n<td style=\"text-align: center;\">6.4&#215;15.3<\/td>\n<\/tr>\n<tr style=\"height: 13.50pt;\">\n<td style=\"height: 13.5pt; text-align: center;\" align=\"right\" height=\"18\">64050004<\/td>\n<td style=\"text-align: center;\" align=\"right\">500<\/td>\n<td style=\"text-align: center;\">7.5&#215;20.85<\/td>\n<\/tr>\n<tr style=\"height: 13.50pt;\">\n<td style=\"height: 13.5pt; text-align: center;\" align=\"right\" height=\"18\">64100005<\/td>\n<td style=\"text-align: center;\" align=\"right\">1000<\/td>\n<td style=\"text-align: center;\">8.5&#215;26.0<\/td>\n<\/tr>\n<\/tbody>\n<\/table>\n<h2>P\u0159\u00edpad \u00fasp\u011bchu<\/h2>\n<p>Jedna biofarma n\u00e1s cht\u011bla p\u0159ejmenovat na jejich novou \u0159adu pr\u00e9miov\u00e9ho bio ml\u00e9ka. Na zak\u00e1zku si objednali sklen\u011bn\u00e9 lahve na ml\u00e9ko, kter\u00e9 jsou vyrobeny z extra siln\u00e9ho, \u200b\u200bvysoce kvalitn\u00edho sodno-v\u00e1penat\u00e9ho skla, aby byla jasn\u011b viditeln\u00e1 p\u0159irozen\u00e1 barva ml\u00e9ka. Ka\u017ed\u00e1 lahev je zdobena logem farmy a hladk\u00fdm hrdlem pro snadn\u00e9 nal\u00e9v\u00e1n\u00ed. Pro dotvo\u0159en\u00ed vzhledu zna\u010dka zvolila tak\u00e9 st\u0159\u00edbrn\u00fd kovov\u00fd uz\u00e1v\u011br s oto\u010dn\u00fdm uz\u00e1v\u011brem a silikonovou pojistku, kter\u00e1 zaji\u0161\u0165uje \u010derstvost a zabra\u0148uje \u00fanik\u016fm b\u011bhem p\u0159epravy.<\/p>\n<p>D\u00edky jedine\u010dn\u00e9mu balen\u00ed se prodej zdvojn\u00e1sobil do 30 dn\u016f od uveden\u00ed na trh, co\u017e vedlo farmu k rozhodnut\u00ed i nad\u00e1le pou\u017e\u00edvat na\u0161e zak\u00e1zkov\u00e9 sklen\u011bn\u00e9 lahve na ml\u00e9ko pro celou svou \u0159adu bio produkt\u016f a tak\u00e9 se zam\u011b\u0159it na dal\u0161\u00ed kategorie ml\u00e9\u010dn\u00fdch n\u00e1poj\u016f.<\/p>\n<h2>V\u00e1\u0161 n\u00e1vod na \u00fapravy<\/h2>\n<ol>\n<li><strong>Design lahve:<\/strong> Pro luxusn\u011bj\u0161\u00ed vzhled a texturu m\u00e1te na v\u00fdb\u011br bu\u010f reli\u00e9fn\u00ed, nebo malovan\u00e9 vzory.<\/li>\n<li><strong>V\u00ed\u010dko:<\/strong> Vyberte si materi\u00e1l v\u00ed\u010dka pro v\u00e1\u0161 produkt, nap\u0159. plast, d\u0159evo, kov a mnoho dal\u0161\u00edch, a tak\u00e9 si m\u016f\u017eete p\u0159izp\u016fsobit barvu v\u00ed\u010dka.<\/li>\n<li><strong>Tisk loga:<\/strong> Nechte sv\u00e9 logo vyniknout jeho potiskem na v\u00ed\u010dku nebo lahvi.<\/li>\n<\/ol>","protected":false},"excerpt":{"rendered":"<p>Odoln\u00e9 \u010dir\u00e9 sklen\u011bn\u00e9 lahve na ml\u00e9ko a sklen\u011bn\u00e1 l\u00e1hev na ml\u00e9ko s klasick\u00fdm designem, ide\u00e1ln\u00ed pro pod\u00e1v\u00e1n\u00ed ml\u00e9ka, d\u017eusu nebo smoothies. Ide\u00e1ln\u00ed pro pou\u017eit\u00ed doma nebo v kav\u00e1rn\u011b.<\/p>","protected":false},"featured_media":22410,"template":"","meta":[],"product_brand":[],"product_cat":[123,122,131],"product_tag":[],"class_list":{"0":"post-22391","1":"product","2":"type-product","3":"status-publish","4":"has-post-thumbnail","6":"product_cat-custom-glass-bottles","7":"product_cat-custom-glass-packaging","8":"product_cat-glass-milk-bottles","10":"first","11":"instock","12":"shipping-taxable","13":"product-type-simple"},"jetpack_sharing_enabled":true,"_links":{"self":[{"href":"https:\/\/yebodaglass.com\/cs\/wp-json\/wp\/v2\/product\/22391","targetHints":{"allow":["GET"]}}],"collection":[{"href":"https:\/\/yebodaglass.com\/cs\/wp-json\/wp\/v2\/product"}],"about":[{"href":"https:\/\/yebodaglass.com\/cs\/wp-json\/wp\/v2\/types\/product"}],"version-history":[{"count":3,"href":"https:\/\/yebodaglass.com\/cs\/wp-json\/wp\/v2\/product\/22391\/revisions"}],"predecessor-version":[{"id":22441,"href":"https:\/\/yebodaglass.com\/cs\/wp-json\/wp\/v2\/product\/22391\/revisions\/22441"}],"wp:featuredmedia":[{"embeddable":true,"href":"https:\/\/yebodaglass.com\/cs\/wp-json\/wp\/v2\/media\/22410"}],"wp:attachment":[{"href":"https:\/\/yebodaglass.com\/cs\/wp-json\/wp\/v2\/media?parent=22391"}],"wp:term":[{"taxonomy":"product_brand","embeddable":true,"href":"https:\/\/yebodaglass.com\/cs\/wp-json\/wp\/v2\/product_brand?post=22391"},{"taxonomy":"product_cat","embeddable":true,"href":"https:\/\/yebodaglass.com\/cs\/wp-json\/wp\/v2\/product_cat?post=22391"},{"taxonomy":"product_tag","embeddable":true,"href":"https:\/\/yebodaglass.com\/cs\/wp-json\/wp\/v2\/product_tag?post=22391"}],"curies":[{"name":"wp","href":"https:\/\/api.w.org\/{rel}","templated":true}]}}