{"id":22346,"date":"2025-10-13T17:04:42","date_gmt":"2025-10-13T09:04:42","guid":{"rendered":"https:\/\/yebodaglass.com\/?post_type=product&#038;p=22346"},"modified":"2025-11-28T15:41:38","modified_gmt":"2025-11-28T07:41:38","slug":"wholesale-dual-function-2-in-1-oil-dispenser-with-handle","status":"publish","type":"product","link":"https:\/\/yebodaglass.com\/cs\/wholesale-dual-function-2-in-1-oil-dispenser-with-handle\/","title":{"rendered":"Velkoobchodn\u00ed d\u00e1vkova\u010d oleje 2 v 1 s dvojitou funkc\u00ed o objemu 530 ml a rukojet\u00ed"},"content":{"rendered":"<p>D\u00edky ergonomick\u00e9 rukojeti a pr\u016fhledn\u00e9mu sklen\u011bn\u00e9mu t\u011blu, skrz kter\u00e9 je jasn\u011b viditeln\u00fd zlatav\u00fd olej, je tento d\u00e1vkova\u010d oleje 2 v 1 ide\u00e1ln\u00edm \u0159e\u0161en\u00edm pro funkci st\u0159\u00edk\u00e1n\u00ed i nal\u00e9v\u00e1n\u00ed. Vytv\u00e1\u0159\u00ed perfektn\u00ed kombinaci funkc\u00ed, kter\u00e1 prom\u011bn\u00ed va\u0161i kuchy\u0148 v okouzluj\u00edc\u00ed prvek.<\/p>\n<h2>Vlastnosti produktu<\/h2>\n<ul>\n<li><strong>Sprej nebo nal\u00e9v\u00e1n\u00ed:<\/strong> Jedna lahvi\u010dka s olejem dva v jednom, dv\u011b funkce, u\u017e \u017e\u00e1dn\u00fd nepo\u0159\u00e1dek.<\/li>\n<li><strong>Ka\u017ed\u00e1 kapka je viditeln\u00e1:<\/strong> Pr\u016fhledn\u00e1 sklen\u011bn\u00e1 lahvi\u010dka jasn\u011b zobrazuje hladinu a kvalitu oleje.<\/li>\n<li><strong>Snadn\u00e1 obsluha:<\/strong> Oran\u017eov\u00e9 tla\u010d\u00edtko a dal\u0161\u00ed ovl\u00e1dac\u00ed prvky v kombinaci s tla\u010d\u00edtkov\u00fdm mechanismem umo\u017e\u0148uj\u00ed snadn\u00e9 ovl\u00e1d\u00e1n\u00ed a p\u0159esn\u00e9 ovl\u00e1d\u00e1n\u00ed oleje.<\/li>\n<li><strong>U\u017eivatelsky p\u0159\u00edv\u011btiv\u00fd design rukojeti:<\/strong> Smy\u010dkov\u00e1 rukoje\u0165 se pohodln\u011b dr\u017e\u00ed. Tryska se rychle vyklop\u00ed pro plynul\u00e9 st\u0159\u00edk\u00e1n\u00ed.<\/li>\n<\/ul>\n<h2>Kl\u00ed\u010dov\u00e9 specifikace<\/h2>\n<table style=\"border-collapse: collapse; margin-left: auto; margin-right: auto; width: 510.02pt;\" border=\"0\" width=\"680\" cellspacing=\"0\" cellpadding=\"0\">\n<tbody>\n<tr style=\"height: 13.50pt;\">\n<td style=\"height: 13.50pt; width: 99.75pt;\" width=\"133\" height=\"18\">Funkce<\/td>\n<td style=\"width: 410.25pt;\" width=\"547\">Specifikace<\/td>\n<\/tr>\n<tr style=\"height: 13.50pt;\">\n<td style=\"height: 13.50pt;\" height=\"18\">Kapacita<\/td>\n<td>530 ml<\/td>\n<\/tr>\n<tr style=\"height: 13.50pt;\">\n<td style=\"height: 13.50pt;\" height=\"18\">Rozm\u011bry<\/td>\n<td>7,2 \u00d7 21,0 cm (pr\u016fm\u011br \u00d7 v\u00fd\u0161ka)<\/td>\n<\/tr>\n<tr style=\"height: 13.50pt;\">\n<td style=\"height: 13.50pt;\" height=\"18\">Materi\u00e1l<\/td>\n<td>T\u011blo a rukoje\u0165 z \u010dir\u00e9ho skla<\/td>\n<\/tr>\n<tr style=\"height: 13.50pt;\">\n<td style=\"height: 13.50pt;\" height=\"18\">Tvar<\/td>\n<td>V\u00e1lcov\u00fd s integrovanou rukojet\u00ed<\/td>\n<\/tr>\n<tr style=\"height: 13.50pt;\">\n<td style=\"height: 13.50pt;\" height=\"18\">Mo\u017enosti v\u00edka<\/td>\n<td>Du\u00e1ln\u00ed d\u00e1vkova\u010d oleje 2 v 1 (st\u0159\u00edk\u00e1n\u00ed\/nal\u00e9v\u00e1n\u00ed)<\/td>\n<\/tr>\n<tr style=\"height: 13.50pt;\">\n<td style=\"height: 13.50pt;\" height=\"18\">Nejlep\u0161\u00ed pro<\/td>\n<td>Olivov\u00fd olej, ocet, spreje na va\u0159en\u00ed, dresinky<\/td>\n<\/tr>\n<tr style=\"height: 13.50pt;\">\n<td style=\"height: 13.50pt;\" height=\"18\">Ide\u00e1ln\u00ed pou\u017eit\u00ed<\/td>\n<td>L\u00e1hev na olivov\u00fd olej, kel\u00edmky na olej a ocet, \u00falo\u017en\u00fd prostor v kuchyni<\/td>\n<\/tr>\n<\/tbody>\n<\/table>\n<h2>Skute\u010dn\u00fd p\u0159\u00edpad<\/h2>\n<p>Restaurace v Polsku, kter\u00e1 v\u011bt\u0161inou pou\u017e\u00edvala odd\u011blen\u00e9 lahve s olejem pro st\u0159\u00edk\u00e1n\u00ed a nal\u00e9v\u00e1n\u00ed, si vybrala n\u00e1\u0161 dvoukomorov\u00fd d\u00e1vkova\u010d oleje pro velkoobchodn\u00ed prodej a nejprve provedla hromadnou objedn\u00e1vku 600 kus\u016f. V\u00fdsledky mluv\u00ed samy za sebe. Zaprv\u00e9, jejich z\u00e1kazn\u00edci hl\u00e1sili 30% sn\u00ed\u017een\u00ed nepo\u0159\u00e1dku na pultu nahrazen\u00edm dvou lahv\u00ed jednou. Zadruh\u00e9, funkce rozpra\u0161ov\u00e1n\u00ed sn\u00ed\u017eila spot\u0159ebu olivov\u00e9ho oleje o 22 %. Zat\u0159et\u00ed, rukoje\u0165 usnadnila zam\u011bstnanc\u016fm pou\u017e\u00edv\u00e1n\u00ed, sn\u00ed\u017eila rozlit\u00ed o 40 % a u\u0161et\u0159ila \u010das \u00faklidu. O dev\u011bt m\u011bs\u00edc\u016f pozd\u011bji si u n\u00e1s objednali dal\u0161\u00edch 150 000 lahv\u00ed.<\/p>\n<h2>Tip pro p\u0159izp\u016fsoben\u00ed<\/h2>\n<ul>\n<li><strong>Barva rukojeti:<\/strong> P\u0159izp\u016fsobte si barvu rukojeti a vytvo\u0159te tak jedine\u010dnou vizu\u00e1ln\u00ed identitu va\u0161\u00ed zna\u010dky.<\/li>\n<li><strong>Akcenty na tla\u010d\u00edtk\u00e1ch:<\/strong> Vyberte barvu pro tla\u010d\u00edtko rozpra\u0161ova\u010de a dal\u0161\u00ed dopl\u0148ky, kter\u00e9 odpov\u00eddaj\u00ed va\u0161emu brandingu.<\/li>\n<li><strong>S\u00edtotisk:<\/strong> Aplikujte sv\u00e9 logo p\u0159\u00edmo na sklen\u011bn\u00e9 t\u011blo pro trval\u00fd a luxusn\u00ed povrch.<\/li>\n<li><strong>Barevn\u00e9 odst\u00edny skla:<\/strong> Obarvte \u010dir\u00e9 sklo do jemn\u011b zelen\u00e9 nebo jantarov\u00e9 barvy, abyste chr\u00e1nili olivov\u00e9 oleje p\u0159ed UV z\u00e1\u0159en\u00edm a z\u00e1rove\u0148 sladili barvy zna\u010dky.<\/li>\n<\/ul>\n<p>Jste p\u0159ipraveni vylep\u0161it obaly na lahve na olej? Kontaktujte n\u00e1s pro velkoobchodn\u00ed ceny tohoto inovativn\u00edho d\u00e1vkova\u010de olivov\u00e9ho oleje a za\u010dn\u011bte je\u0161t\u011b dnes sh\u00e1n\u011bt chyt\u0159ej\u0161\u00ed sklen\u011bn\u00e9 obaly.<\/p>","protected":false},"excerpt":{"rendered":"<p>D\u00e1vkova\u010d oleje 2 v 1 s dvojit\u00fdm pou\u017eit\u00edm, rukojet\u00ed a zacvak\u00e1vac\u00edm uz\u00e1v\u011brem. \u010cir\u00fd sklen\u011bn\u00fd design, praktick\u00fd a stylov\u00fd. Mo\u017enost hromadn\u00fdch objedn\u00e1vek, \u00faprav na m\u00edru a rychl\u00e9 dod\u00e1n\u00ed.<\/p>","protected":false},"featured_media":22350,"template":"","meta":[],"product_brand":[],"product_cat":[122,123,126],"product_tag":[],"class_list":{"0":"post-22346","1":"product","2":"type-product","3":"status-publish","4":"has-post-thumbnail","6":"product_cat-custom-glass-packaging","7":"product_cat-custom-glass-bottles","8":"product_cat-olive-oil-bottles","10":"first","11":"instock","12":"shipping-taxable","13":"product-type-simple"},"jetpack_sharing_enabled":true,"_links":{"self":[{"href":"https:\/\/yebodaglass.com\/cs\/wp-json\/wp\/v2\/product\/22346","targetHints":{"allow":["GET"]}}],"collection":[{"href":"https:\/\/yebodaglass.com\/cs\/wp-json\/wp\/v2\/product"}],"about":[{"href":"https:\/\/yebodaglass.com\/cs\/wp-json\/wp\/v2\/types\/product"}],"version-history":[{"count":5,"href":"https:\/\/yebodaglass.com\/cs\/wp-json\/wp\/v2\/product\/22346\/revisions"}],"predecessor-version":[{"id":24180,"href":"https:\/\/yebodaglass.com\/cs\/wp-json\/wp\/v2\/product\/22346\/revisions\/24180"}],"wp:featuredmedia":[{"embeddable":true,"href":"https:\/\/yebodaglass.com\/cs\/wp-json\/wp\/v2\/media\/22350"}],"wp:attachment":[{"href":"https:\/\/yebodaglass.com\/cs\/wp-json\/wp\/v2\/media?parent=22346"}],"wp:term":[{"taxonomy":"product_brand","embeddable":true,"href":"https:\/\/yebodaglass.com\/cs\/wp-json\/wp\/v2\/product_brand?post=22346"},{"taxonomy":"product_cat","embeddable":true,"href":"https:\/\/yebodaglass.com\/cs\/wp-json\/wp\/v2\/product_cat?post=22346"},{"taxonomy":"product_tag","embeddable":true,"href":"https:\/\/yebodaglass.com\/cs\/wp-json\/wp\/v2\/product_tag?post=22346"}],"curies":[{"name":"wp","href":"https:\/\/api.w.org\/{rel}","templated":true}]}}