{"id":22336,"date":"2025-10-13T15:53:39","date_gmt":"2025-10-13T07:53:39","guid":{"rendered":"https:\/\/yebodaglass.com\/?post_type=product&#038;p=22336"},"modified":"2026-03-24T11:54:50","modified_gmt":"2026-03-24T03:54:50","slug":"bulk-clear-cooking-oil-bottle-for-kitchen-with-pouring-lid","status":"publish","type":"product","link":"https:\/\/yebodaglass.com\/cs\/bulk-clear-cooking-oil-bottle-for-kitchen-with-pouring-lid\/","title":{"rendered":"Velkoobjemov\u00e1 200ml pr\u016fhledn\u00e1 l\u00e1hev na olej do kuchyn\u011b s nal\u00e9vac\u00edm v\u00ed\u010dkem"},"content":{"rendered":"<p>Tato l\u00e1hev na olej do kuchyn\u011b m\u00e1 v\u00fdrazn\u00fd tvar p\u0159es\u00fdpac\u00edch hodin a elegantn\u00ed zu\u017euj\u00edc\u00ed se vzhled, snadno se dr\u017e\u00ed a nal\u00e9v\u00e1. Je vyrobena z k\u0159i\u0161\u0165\u00e1lov\u011b \u010dir\u00e9ho skla a m\u00e1 naho\u0159e nerezov\u00fd v\u00fdlevku, kter\u00e1 se otev\u00edr\u00e1 stisknut\u00edm tla\u010d\u00edtka a automaticky se zav\u00edr\u00e1, aby se zabr\u00e1nilo odkap\u00e1v\u00e1n\u00ed.<\/p>\n<h2>Vlastnosti produktu<\/h2>\n<ul>\n<li><strong>Nal\u00e9v\u00e1n\u00ed odoln\u00e9 proti kap\u00e1n\u00ed poka\u017ed\u00e9:<\/strong> P\u0159esn\u00fd uz\u00e1v\u011br reguluje pr\u016ftok, \u010d\u00edm\u017e se zcela eliminuje probl\u00e9m s lepkav\u00fdmi lahvemi a pl\u00fdtv\u00e1n\u00edm olejem.<\/li>\n<li><strong>Pr\u016fhledn\u00fd materi\u00e1l skla:<\/strong>Pr\u00e1zdnou l\u00e1hev od oleje nebo octa lze rychle vid\u011bt skrz jej\u00ed sklen\u011bn\u00e9 t\u011blo, tak\u017ee b\u011bhem va\u0159en\u00ed nebude p\u0159\u00edvod p\u0159eru\u0161en.<\/li>\n<li><strong>\u0160t\u00edhl\u00fd design:<\/strong> D\u00edky sv\u00e9mu \u0161t\u00edhl\u00e9mu tvaru se velmi snadno um\u00edst\u00ed do kuchyn\u011b a z\u00edsk\u00e1te tak v\u00edce \u00falo\u017en\u00e9ho prostoru.<\/li>\n<\/ul>\n<h2>Kl\u00ed\u010dov\u00e9 specifikace<\/h2>\n<table style=\"border-collapse: collapse; margin-left: auto; margin-right: auto; width: 614.27pt;\" border=\"0\" width=\"819\" cellspacing=\"0\" cellpadding=\"0\">\n<tbody>\n<tr style=\"height: 13.50pt;\">\n<td style=\"height: 13.50pt; width: 99.75pt;\" width=\"133\" height=\"18\">Funkce<\/td>\n<td style=\"width: 514.50pt;\" width=\"686\">Specifikace<\/td>\n<\/tr>\n<tr style=\"height: 13.50pt;\">\n<td style=\"height: 13.50pt;\" height=\"18\">Kapacita<\/td>\n<td>200ml<\/td>\n<\/tr>\n<tr style=\"height: 13.50pt;\">\n<td style=\"height: 13.50pt;\" height=\"18\">Rozm\u011bry<\/td>\n<td>6,5 \u00d7 19,0 cm (pr\u016fm\u011br \u00d7 v\u00fd\u0161ka)<\/td>\n<\/tr>\n<tr style=\"height: 13.50pt;\">\n<td style=\"height: 13.50pt;\" height=\"18\">Tvar<\/td>\n<td>Z\u00fa\u017een\u00e9 kulat\u00e9 sklo<\/td>\n<\/tr>\n<tr style=\"height: 13.50pt;\">\n<td style=\"height: 13.50pt;\" height=\"18\">Mo\u017enosti v\u00edka<\/td>\n<td>\u010cerno-st\u0159\u00edbrn\u00fd v\u00fdklopn\u00fd v\u00fdtok, pln\u00fd uz\u00e1v\u011br<\/td>\n<\/tr>\n<tr style=\"height: 13.50pt;\">\n<td style=\"height: 13.50pt;\" height=\"18\">Nejlep\u0161\u00ed pro<\/td>\n<td>Olivov\u00fd olej, ocet, oleje na va\u0159en\u00ed, marin\u00e1dy<\/td>\n<\/tr>\n<tr style=\"height: 13.50pt;\">\n<td style=\"height: 13.50pt;\" height=\"18\">Ide\u00e1ln\u00ed pou\u017eit\u00ed<\/td>\n<td>L\u00e1hve na va\u0159ic\u00ed olej do kuchyn\u011b, l\u00e1hve na olej a ocet, velkoobchodn\u00ed prodej sklen\u011bn\u00fdch obal\u016f<\/td>\n<\/tr>\n<\/tbody>\n<\/table>\n<h2>P\u0159\u00edb\u011bh \u00fasp\u011bchu<\/h2>\n<p>Jeden z luxusn\u00edch evropsk\u00fdch prodejc\u016f potravin si vybral na\u0161i l\u00e1hev na olej s d\u00e1vkova\u010dem a m\u011bl jednu na m\u00edru vyrobenou s p\u00edskovan\u00fdm vzhledem a m\u011bd\u011bn\u00fdm v\u00fdlevkem. Tato tradi\u010dn\u00ed l\u00e1hev na olej se stala jejich logem. Jej\u00ed elegantn\u00ed design a odolnost proti kap\u00e1n\u00ed jim umo\u017enily prod\u00e1vat sv\u016fj olej s v\u00fdluhy o 40 procent v\u00edce ne\u017e origin\u00e1l a lep\u0161\u00ed t\u011bsn\u011bn\u00ed sn\u00ed\u017eilo rozlit\u00ed\/pl\u00fdtv\u00e1n\u00ed v obchod\u011b o 25 procent. Na z\u00e1klad\u011b tohoto \u00fasp\u011bchu si objednali o 650 000 dal\u0161\u00edch lahv\u00ed sv\u00e9ho nov\u00e9ho malos\u00e9riov\u00e9ho octa a v\u00e1no\u010dn\u00edch d\u00e1rkov\u00fdch sad.<\/p>\n<h2>N\u00e1pady na \u00fapravu lahv\u00ed s olejem na d\u00e1vkova\u010d<\/h2>\n<ul>\n<li><strong>S\u00edtotisk:<\/strong> Pro snadnou identifikaci va\u0161\u00ed zna\u010dky a trval\u00e9 brandingov\u00e9 \u00fa\u010dely si m\u016f\u017eete nechat vytisknout sv\u00e9 logo nebo design p\u0159\u00edmo na sklen\u011bnou l\u00e1hev.<\/li>\n<li><strong>T\u00f3nov\u00e1n\u00ed barev:<\/strong> Zvolte balen\u00ed produktu v jednoduch\u00e9m jantarov\u00e9m nebo zelen\u00e9m skle, kter\u00e9 je v dne\u0161n\u00ed dob\u011b docela obl\u00edben\u00e9, proto\u017ee nejen chr\u00e1n\u00ed p\u0159ed UV z\u00e1\u0159en\u00edm, ale tak\u00e9 produkt vizu\u00e1ln\u011b \u010din\u00ed atraktivn\u011bj\u0161\u00edm.<\/li>\n<li><strong>Barva v\u00edka:<\/strong> Barva \u0161roubovac\u00edho v\u00ed\u010dka m\u016f\u017ee b\u00fdt jak\u00e1koli, a\u0165 u\u017e \u010dern\u00e1, zlat\u00e1 nebo st\u0159\u00edbrn\u00e1, je to zcela na v\u00e1s a na ostatn\u00edch barv\u00e1ch va\u0161\u00ed zna\u010dky.<\/li>\n<li><strong>Ozna\u010dov\u00e1n\u00ed p\u0159enosu tepla:<\/strong> Nechte si sv\u00e9 barevn\u00e9 obr\u00e1zky ve vysok\u00e9m rozli\u0161en\u00ed integrovat do jednoho z nejodoln\u011bj\u0161\u00edch a vlhkuvzdorn\u00fdch typ\u016f \u0161t\u00edtk\u016f v kuchyni \u2013 do \u0161t\u00edtk\u016f s tepelnou vodivost\u00ed.<\/li>\n<\/ul>","protected":false},"excerpt":{"rendered":"<p>\u010cir\u00e1 sklen\u011bn\u00e1 l\u00e1hev na olej na va\u0159en\u00ed pro pou\u017eit\u00ed v kuchyni. Elegantn\u00ed prot\u00e1hl\u00fd design s \u010derno-st\u0159\u00edbrn\u00fdm nal\u00e9va\u010dem, ide\u00e1ln\u00ed pro branding kuchyn\u00ed, restaurac\u00ed nebo hromadn\u00e9 objedn\u00e1vky.<\/p>","protected":false},"featured_media":22341,"template":"","meta":[],"product_brand":[],"product_cat":[126,123,122],"product_tag":[],"class_list":{"0":"post-22336","1":"product","2":"type-product","3":"status-publish","4":"has-post-thumbnail","6":"product_cat-olive-oil-bottles","7":"product_cat-custom-glass-bottles","8":"product_cat-custom-glass-packaging","10":"first","11":"instock","12":"shipping-taxable","13":"product-type-simple"},"jetpack_sharing_enabled":true,"_links":{"self":[{"href":"https:\/\/yebodaglass.com\/cs\/wp-json\/wp\/v2\/product\/22336","targetHints":{"allow":["GET"]}}],"collection":[{"href":"https:\/\/yebodaglass.com\/cs\/wp-json\/wp\/v2\/product"}],"about":[{"href":"https:\/\/yebodaglass.com\/cs\/wp-json\/wp\/v2\/types\/product"}],"version-history":[{"count":5,"href":"https:\/\/yebodaglass.com\/cs\/wp-json\/wp\/v2\/product\/22336\/revisions"}],"predecessor-version":[{"id":25580,"href":"https:\/\/yebodaglass.com\/cs\/wp-json\/wp\/v2\/product\/22336\/revisions\/25580"}],"wp:featuredmedia":[{"embeddable":true,"href":"https:\/\/yebodaglass.com\/cs\/wp-json\/wp\/v2\/media\/22341"}],"wp:attachment":[{"href":"https:\/\/yebodaglass.com\/cs\/wp-json\/wp\/v2\/media?parent=22336"}],"wp:term":[{"taxonomy":"product_brand","embeddable":true,"href":"https:\/\/yebodaglass.com\/cs\/wp-json\/wp\/v2\/product_brand?post=22336"},{"taxonomy":"product_cat","embeddable":true,"href":"https:\/\/yebodaglass.com\/cs\/wp-json\/wp\/v2\/product_cat?post=22336"},{"taxonomy":"product_tag","embeddable":true,"href":"https:\/\/yebodaglass.com\/cs\/wp-json\/wp\/v2\/product_tag?post=22336"}],"curies":[{"name":"wp","href":"https:\/\/api.w.org\/{rel}","templated":true}]}}