{"id":22320,"date":"2025-10-13T11:40:39","date_gmt":"2025-10-13T03:40:39","guid":{"rendered":"https:\/\/yebodaglass.com\/?post_type=product&#038;p=22320"},"modified":"2026-03-26T14:43:27","modified_gmt":"2026-03-26T06:43:27","slug":"wholesale-olive-oil-mister-bottles-glass-oil-spray-bottles","status":"publish","type":"product","link":"https:\/\/yebodaglass.com\/cs\/produkt\/wholesale-olive-oil-mister-bottles-glass-oil-spray-bottles\/","title":{"rendered":"Olive Oil Mister Bottles \u2013 200ml 300ml Glass Oil Spray Bottles with Trigger"},"content":{"rendered":"<p>This series of olive oil mister bottles features a modern, ergonomic design combining a clear glass bottle with a durable trigger spray head. The bottle is of high quality, food grade glass and the glass is smooth on the surface with a threaded neck that allows secure and leak proof connection of the sprayer. The spray head comes in various finishes including matte white and shiny black with a comfortable grip and touchy trigger that gives the hand worthy of functional reliability and a consistent look. Our clear bodies make it easy to monitor the level of liquid in it, and the whole body is stable and simple to manipulate.<\/p>\n<h2>Kl\u00ed\u010dov\u00e9 specifikace<\/h2>\n<table style=\"border-collapse: collapse; margin-left: auto; margin-right: auto; width: 614.27pt;\" border=\"0\" width=\"819\" cellspacing=\"0\" cellpadding=\"0\">\n<tbody>\n<tr style=\"height: 13.50pt;\">\n<td style=\"height: 13.50pt; width: 99.75pt;\" width=\"133\" height=\"18\">Funkce<\/td>\n<td style=\"width: 514.50pt;\" width=\"686\">Specifikace<\/td>\n<\/tr>\n<tr style=\"height: 13.50pt;\">\n<td style=\"height: 13.50pt;\" height=\"18\">Rozm\u011bry<\/td>\n<td>6\u00d720,5 cm (200 ml) nebo 6\u00d722,5 cm (300 ml)<\/td>\n<\/tr>\n<tr style=\"height: 13.50pt;\">\n<td style=\"height: 13.50pt;\" height=\"18\">Tvar<\/td>\n<td>Rovn\u00fd kulat\u00fd sklen\u011bn\u00fd v\u00e1lec<\/td>\n<\/tr>\n<tr style=\"height: 13.50pt;\">\n<td style=\"height: 13.50pt;\" height=\"18\">Mo\u017enosti v\u00edka<\/td>\n<td>\u010cerpadlo na rozpra\u0161ova\u010d \u010dern\u00e9ho nebo b\u00edl\u00e9ho olivov\u00e9ho oleje, pln\u00fd uz\u00e1v\u011br<\/td>\n<\/tr>\n<tr style=\"height: 13.50pt;\">\n<td style=\"height: 13.50pt;\" height=\"18\">Nejlep\u0161\u00ed pro<\/td>\n<td>Olivov\u00fd olej, ocet, spreje na va\u0159en\u00ed, marin\u00e1dy, dresinky<\/td>\n<\/tr>\n<tr style=\"height: 13.50pt;\">\n<td style=\"height: 13.50pt;\" height=\"18\">Ide\u00e1ln\u00ed pou\u017eit\u00ed<\/td>\n<td>Sklen\u011bn\u00e1 l\u00e1hev s rozpra\u0161ova\u010dem na olej, lahve na olej, skladov\u00e1n\u00ed v kuchyni, velkoobchodn\u00ed pln\u011bn\u00ed do lahv\u00ed<\/td>\n<\/tr>\n<\/tbody>\n<\/table>\n<h2>Aplikace<\/h2>\n<p>These glass oil spray bottles are widely used for dispensing olive oil, vinegar, soy sauce, and other liquid seasonings in kitchens, restaurants, and food processing environments. They can be used in controlled oil use when cooking, grilling, baking, and making salads, making sure to use a lot less oil and be able to control portions. In B2B, the product best fits kitchenware brands, own brand programs, and bulk supply to the hotel and retail clientele. The threaded glass bottle can also be customized by printing logos, coating them in colors and incorporating packaging options.<\/p>\n<h2>P\u0159\u00edb\u011bh \u00fasp\u011bchu: S\u00e9rie olej\u016f na va\u0159en\u00ed od zna\u010dky zdrav\u00e9 v\u00fd\u017eivy<\/h2>\n<p>Australsk\u00e1 zna\u010dka zdrav\u00e9 v\u00fd\u017eivy si vybrala na\u0161i 250ml lahvi\u010dku s rozpra\u0161ova\u010dem olivov\u00e9ho oleje, kter\u00e1 je vybavena \u010dernou rozpra\u0161ovac\u00ed tryskou a s\u00edtotiskem s logem \u201eZero Waste\u201c a kalibrovanou tryskou. Tato lahvi\u010dka s rozpra\u0161ova\u010dem pom\u00e1h\u00e1 u\u017eivatel\u016fm sn\u00ed\u017eit pr\u016fm\u011brnou spot\u0159ebu oleje o 50 % na j\u00eddlo. Odoln\u00e1 sklen\u011bn\u00e1 konstrukce zaji\u0161\u0165uje m\u00edru rozbit\u00ed v obchodech ni\u017e\u0161\u00ed ne\u017e 1 %. Na z\u00e1klad\u011b tohoto \u00fasp\u011bchu zna\u010dka objednala dal\u0161\u00edch 200 000 lahvi\u010dek tohoto produktu pro svou novou \u0159adu ochucen\u00fdch rozpra\u0161ova\u010d\u016f na va\u0159en\u00ed.<\/p>\n<h2>N\u00e1vrhy na p\u0159izp\u016fsoben\u00ed<\/h2>\n<ul>\n<li>Leptan\u00e1 loga zna\u010dek: Vytvo\u0159te si na \u010dir\u00e9 sklo z\u0159eteln\u00e9 a rafinovan\u00e9 logo \u2013 ide\u00e1ln\u00ed pro klienty B2B, kte\u0159\u00ed cht\u011bj\u00ed um\u00edstit sv\u00e9 jm\u00e9no na produkt, jako je nap\u0159\u00edklad lahvi\u010dka s rozpra\u0161ova\u010dem olivov\u00e9ho oleje.<\/li>\n<li>Matn\u00e9 m\u011b\u0159ic\u00ed zna\u010dky: Vy\u0159\u00edzn\u011bte si na sklenici tenk\u00e9 \u010d\u00e1rky (nap\u0159. 50 ml, 100 ml, 150 ml), aby si u\u017eivatel\u00e9 mohli snadno zkontrolovat, kolik oleje spot\u0159ebovali.<\/li>\n<li>Barva rozpra\u0161ovac\u00ed hlavy: Zm\u011bna barvy rozpra\u0161ovac\u00ed pumpy, kter\u00e1 se v\u00e1m nejv\u00edce l\u00edb\u00ed (nap\u0159\u00edklad \u010dern\u00e1, b\u00edl\u00e1 nebo st\u0159\u00edbrn\u00e1), je velmi jednoduch\u00fd, ale efektivn\u00ed zp\u016fsob, jak z\u00edskat produkt, kter\u00fd na trhu vizu\u00e1ln\u011b zaujme.<\/li>\n<\/ul>\n<p>Posu\u0148te sv\u00e9 obaly na olej a ocet na novou \u00farove\u0148 s na\u0161imi \u0161pi\u010dkov\u00fdmi d\u00e1vkova\u010di olivov\u00e9ho oleje. Z\u00edskejte konkurenceschopn\u00e9 velkoobchodn\u00ed ceny kontaktov\u00e1n\u00edm n\u00e1s, p\u016fvodn\u00edho v\u00fdrobce, a za\u010dn\u011bte s hled\u00e1n\u00edm perfektn\u00edch sklen\u011bn\u00fdch obal\u016f je\u0161t\u011b dnes.<\/p>","protected":false},"excerpt":{"rendered":"<p>Olive oil mister bottles with threaded top design. Durable glass oil spray bottles for cooking, kitchens, and wholesale customization.<\/p>","protected":false},"featured_media":25634,"template":"","meta":[],"product_brand":[],"product_cat":[126,123,122],"product_tag":[],"class_list":{"0":"post-22320","1":"product","2":"type-product","3":"status-publish","4":"has-post-thumbnail","6":"product_cat-olive-oil-bottles","7":"product_cat-custom-glass-bottles","8":"product_cat-custom-glass-packaging","10":"first","11":"instock","12":"shipping-taxable","13":"product-type-simple"},"jetpack_sharing_enabled":true,"_links":{"self":[{"href":"https:\/\/yebodaglass.com\/cs\/wp-json\/wp\/v2\/product\/22320","targetHints":{"allow":["GET"]}}],"collection":[{"href":"https:\/\/yebodaglass.com\/cs\/wp-json\/wp\/v2\/product"}],"about":[{"href":"https:\/\/yebodaglass.com\/cs\/wp-json\/wp\/v2\/types\/product"}],"version-history":[{"count":5,"href":"https:\/\/yebodaglass.com\/cs\/wp-json\/wp\/v2\/product\/22320\/revisions"}],"predecessor-version":[{"id":25609,"href":"https:\/\/yebodaglass.com\/cs\/wp-json\/wp\/v2\/product\/22320\/revisions\/25609"}],"wp:featuredmedia":[{"embeddable":true,"href":"https:\/\/yebodaglass.com\/cs\/wp-json\/wp\/v2\/media\/25634"}],"wp:attachment":[{"href":"https:\/\/yebodaglass.com\/cs\/wp-json\/wp\/v2\/media?parent=22320"}],"wp:term":[{"taxonomy":"product_brand","embeddable":true,"href":"https:\/\/yebodaglass.com\/cs\/wp-json\/wp\/v2\/product_brand?post=22320"},{"taxonomy":"product_cat","embeddable":true,"href":"https:\/\/yebodaglass.com\/cs\/wp-json\/wp\/v2\/product_cat?post=22320"},{"taxonomy":"product_tag","embeddable":true,"href":"https:\/\/yebodaglass.com\/cs\/wp-json\/wp\/v2\/product_tag?post=22320"}],"curies":[{"name":"wp","href":"https:\/\/api.w.org\/{rel}","templated":true}]}}