{"id":22277,"date":"2025-10-11T16:41:58","date_gmt":"2025-10-11T08:41:58","guid":{"rendered":"https:\/\/yebodaglass.com\/?post_type=product&#038;p=22277"},"modified":"2025-10-11T17:35:40","modified_gmt":"2025-10-11T09:35:40","slug":"wholesale-glass-olive-oil-spray-bottle-with-metal-press-pump","status":"publish","type":"product","link":"https:\/\/yebodaglass.com\/cs\/wholesale-glass-olive-oil-spray-bottle-with-metal-press-pump\/","title":{"rendered":"Velkoobchodn\u00ed 100ml sklen\u011bn\u00e1 l\u00e1hev s rozpra\u0161ova\u010dem olivov\u00e9ho oleje s kovov\u00fdm lisovac\u00edm \u010derpadlem"},"content":{"rendered":"<p>Tato sklen\u011bn\u00e1 lahvi\u010dka s rozpra\u0161ova\u010dem na olivov\u00fd olej o objemu 100 ml m\u00e1 elegantn\u00ed v\u00e1lcovit\u00fd tvar s \u010dir\u00fdm sklen\u011bn\u00fdm t\u011blem a st\u0159\u00edbrn\u00fdm kovov\u00fdm mechanismem rozpra\u0161ov\u00e1n\u00ed oleje. Odr\u00e1\u017e\u00ed dokonalou kombinaci modern\u00ed estetiky a va\u0161ich kulin\u00e1\u0159sk\u00fdch praktick\u00fdch pot\u0159eb.<\/p>\n<h2>Vlastnosti produktu<\/h2>\n<ul>\n<li><strong>\u0160t\u00edhl\u00fd v\u00e1lcov\u00fd design:<\/strong> \u0160t\u00edhl\u00e9 v\u00e1lcovit\u00e9 t\u011blo se nejen snadno uchop\u00ed, ale tak\u00e9 skv\u011ble \u0161et\u0159\u00ed m\u00edsto ve va\u0161\u00ed kuchyni, proto\u017ee jej lze skladovat kdekoli.<\/li>\n<li><strong>Mechanismus kovov\u00e9ho st\u0159\u00edk\u00e1n\u00ed:<\/strong> Horn\u00ed rozpra\u0161ovac\u00ed mechanismus ze st\u0159\u00edbrn\u00e9ho kovu nejen p\u0159isp\u00edv\u00e1 k estetice, ale je tak\u00e9 hlavn\u00edm d\u016fvodem pro rovnom\u011brn\u00e9 rozlo\u017een\u00ed post\u0159iku.<\/li>\n<li><strong>Pr\u016fhledn\u00e9 sklo:<\/strong> Pr\u016fhledn\u00e9 sklo umo\u017e\u0148uje kompletn\u00ed kontrolu zb\u00fdvaj\u00edc\u00edho oleje v lahvi\u010dce.<\/li>\n<\/ul>\n<h2>Kl\u00ed\u010dov\u00e9 specifikace<\/h2>\n<table style=\"border-collapse: collapse; margin-left: auto; margin-right: auto; width: 510.77pt;\" border=\"0\" width=\"681\" cellspacing=\"0\" cellpadding=\"0\">\n<tbody>\n<tr style=\"height: 13.50pt;\">\n<td style=\"height: 13.50pt; width: 99.75pt;\" width=\"133\" height=\"18\">Funkce<\/td>\n<td style=\"width: 411.00pt;\" width=\"548\">Specifikace<\/td>\n<\/tr>\n<tr style=\"height: 13.50pt;\">\n<td style=\"height: 13.50pt;\" height=\"18\">Kapacita<\/td>\n<td>100ml<\/td>\n<\/tr>\n<tr style=\"height: 13.50pt;\">\n<td style=\"height: 13.50pt;\" height=\"18\">Rozm\u011bry<\/td>\n<td>4,0 \u00d7 18,5 cm (pr\u016fm\u011br \u00d7 v\u00fd\u0161ka)<\/td>\n<\/tr>\n<tr style=\"height: 13.50pt;\">\n<td style=\"height: 13.50pt;\" height=\"18\">Materi\u00e1l<\/td>\n<td>T\u011blo z \u010dir\u00e9ho skla, \u010derpadlo z nerezov\u00e9 oceli<\/td>\n<\/tr>\n<tr style=\"height: 13.50pt;\">\n<td style=\"height: 13.50pt;\" height=\"18\">Tvar<\/td>\n<td>Rovn\u00fd v\u00e1lec<\/td>\n<\/tr>\n<tr style=\"height: 13.50pt;\">\n<td style=\"height: 13.50pt;\" height=\"18\">Mo\u017enosti v\u00edka<\/td>\n<td>Rozpra\u0161ova\u010d olivov\u00e9ho oleje s pumpi\u010dkou a jemnou mlhou, pln\u00fd uz\u00e1v\u011br<\/td>\n<\/tr>\n<tr style=\"height: 13.50pt;\">\n<td style=\"height: 13.50pt;\" height=\"18\">Nejlep\u0161\u00ed pro<\/td>\n<td>Olej, ocet, spreje na va\u0159en\u00ed<\/td>\n<\/tr>\n<tr style=\"height: 13.50pt;\">\n<td style=\"height: 13.50pt;\" height=\"18\">Ide\u00e1ln\u00ed pou\u017eit\u00ed<\/td>\n<td>Rozpra\u0161ova\u010d na olivov\u00fd olej, n\u00e1doby na olej a ocet, \u00falo\u017en\u00fd prostor v kuchyni<\/td>\n<\/tr>\n<\/tbody>\n<\/table>\n<h2>P\u0159\u00edb\u011bh \u00fasp\u011bchu: Efektivita a pos\u00edlen\u00ed zna\u010dky<\/h2>\n<p>Region\u00e1ln\u00ed \u0159et\u011bzec prodejc\u016f olivov\u00e9ho oleje vy\u0159e\u0161il dva probl\u00e9my velmi jednoduch\u00fdm a efektivn\u00edm zp\u016fsobem: p\u0159el\u00e9v\u00e1n\u00ed a rozb\u00edjen\u00ed plastov\u00fdch lahv\u00ed s rozpra\u0161ova\u010dem, a to p\u0159echodem na na\u0161e lahve s rozpra\u0161ova\u010dem na olej. Tryska na vylep\u0161en\u00e9 lahvi s rozpra\u0161ova\u010dem na olivov\u00fd olej drasticky sni\u017euje spot\u0159ebu oleje o 30 %, co\u017e n\u00e1sledn\u011b zna\u010dn\u011b minimalizuje pl\u00fdtv\u00e1n\u00ed; a z\u00e1rove\u0148 je lahev s rozpra\u0161ova\u010dem na olej \u0159e\u0161en\u00edm probl\u00e9mu s rozbit\u00edm. Tato zm\u011bna nejen urychluje pr\u00e1ci v kuchyni, ale sofistikovan\u00fd design si z\u00edskal i ty nejpozitivn\u011bj\u0161\u00ed koment\u00e1\u0159e z\u00e1kazn\u00edk\u016f, kte\u0159\u00ed uv\u00e1d\u011bj\u00ed, \u017ee zna\u010dka vyza\u0159uje pr\u00e9miov\u00fd vzhled. \u0158et\u011bzec prodejc\u016f olej\u016f na va\u0159en\u00ed v sou\u010dasn\u00e9 dob\u011b objedn\u00e1v\u00e1 tyto sklen\u011bn\u00e9 lahve s rozpra\u0161ova\u010dem na olej \u010dty\u0159ikr\u00e1t ro\u010dn\u011b a dokonce je za\u010dal doporu\u010dovat sv\u00e9mu dodavateli olivov\u00e9ho oleje. Tato drobn\u00e1 zm\u011bna p\u0159inesla z\u00e1sadn\u00ed rozd\u00edl v jejich hospod\u00e1\u0159sk\u00e9m v\u00fdsledku!<\/p>\n<h2>N\u00e1vrhy na p\u0159izp\u016fsoben\u00ed<\/h2>\n<ul>\n<li>Leptan\u00e1 loga zna\u010dek: Vytvo\u0159te si decentn\u00ed leptan\u00e9 logo nebo design na \u010dir\u00e9 sklo \u2013 ide\u00e1ln\u00ed pro velkoobchodn\u00ed klienty, kte\u0159\u00ed cht\u011bj\u00ed, aby byla jejich zna\u010dka na kuchy\u0148sk\u00e9m n\u00e1\u010din\u00ed viditeln\u011bj\u0161\u00ed.<\/li>\n<li>Matn\u00e1 povrchov\u00e1 \u00faprava skla: Sklo pot\u0159ete matnou povrchovou \u00fapravou, aby bylo m\u00e9n\u011b n\u00e1chyln\u00e9 k otisk\u016fm prst\u016f a l\u00e1hev si udr\u017eela \u010distotu i p\u0159i \u010dast\u00e9m pou\u017e\u00edv\u00e1n\u00ed v ru\u0161n\u00e9 kuchyni.<\/li>\n<li>Vyryt\u00e9 m\u011brn\u00e9 zna\u010dky: Um\u00edst\u011bte na sklen\u011bnou n\u00e1dobku mal\u00e9 vyryt\u00e9 \u010d\u00e1ry, nap\u0159. 50 ml, 100 ml, aby u\u017eivatel\u00e9 mohli sledovat spot\u0159ebu oleje a proces dopl\u0148ov\u00e1n\u00ed.<\/li>\n<\/ul>","protected":false},"excerpt":{"rendered":"<p>Pr\u016fhledn\u00e1 sklen\u011bn\u00e1 lahvi\u010dka na olivov\u00fd olej s rozpra\u0161ova\u010dem a st\u0159\u00edbrnou pumpi\u010dkou. Modern\u00ed design, rychl\u00e9 dod\u00e1n\u00ed, vzorky zdarma a mo\u017enost zak\u00e1zkov\u00e9ho servisu.<\/p>","protected":false},"featured_media":22279,"template":"","meta":[],"product_brand":[],"product_cat":[122,123,126],"product_tag":[],"class_list":{"0":"post-22277","1":"product","2":"type-product","3":"status-publish","4":"has-post-thumbnail","6":"product_cat-custom-glass-packaging","7":"product_cat-custom-glass-bottles","8":"product_cat-olive-oil-bottles","10":"first","11":"instock","12":"shipping-taxable","13":"product-type-simple"},"jetpack_sharing_enabled":true,"_links":{"self":[{"href":"https:\/\/yebodaglass.com\/cs\/wp-json\/wp\/v2\/product\/22277","targetHints":{"allow":["GET"]}}],"collection":[{"href":"https:\/\/yebodaglass.com\/cs\/wp-json\/wp\/v2\/product"}],"about":[{"href":"https:\/\/yebodaglass.com\/cs\/wp-json\/wp\/v2\/types\/product"}],"version-history":[{"count":4,"href":"https:\/\/yebodaglass.com\/cs\/wp-json\/wp\/v2\/product\/22277\/revisions"}],"predecessor-version":[{"id":22286,"href":"https:\/\/yebodaglass.com\/cs\/wp-json\/wp\/v2\/product\/22277\/revisions\/22286"}],"wp:featuredmedia":[{"embeddable":true,"href":"https:\/\/yebodaglass.com\/cs\/wp-json\/wp\/v2\/media\/22279"}],"wp:attachment":[{"href":"https:\/\/yebodaglass.com\/cs\/wp-json\/wp\/v2\/media?parent=22277"}],"wp:term":[{"taxonomy":"product_brand","embeddable":true,"href":"https:\/\/yebodaglass.com\/cs\/wp-json\/wp\/v2\/product_brand?post=22277"},{"taxonomy":"product_cat","embeddable":true,"href":"https:\/\/yebodaglass.com\/cs\/wp-json\/wp\/v2\/product_cat?post=22277"},{"taxonomy":"product_tag","embeddable":true,"href":"https:\/\/yebodaglass.com\/cs\/wp-json\/wp\/v2\/product_tag?post=22277"}],"curies":[{"name":"wp","href":"https:\/\/api.w.org\/{rel}","templated":true}]}}