{"id":22245,"date":"2025-10-15T09:36:05","date_gmt":"2025-10-15T01:36:05","guid":{"rendered":"https:\/\/yebodaglass.com\/?post_type=product&#038;p=22245"},"modified":"2026-03-19T18:12:33","modified_gmt":"2026-03-19T10:12:33","slug":"clear-mason-glass-jars-with-handles-bulk","status":"publish","type":"product","link":"https:\/\/yebodaglass.com\/cs\/produkt\/clear-mason-glass-jars-with-handles-bulk\/","title":{"rendered":"Sklenice Mason s uchy o objemu 40 ml \u2013 600 ml, \u010dir\u00e9, velkoobchod"},"content":{"rendered":"<p>Tyto sklen\u011bn\u00e9 d\u00f3zy s uchy jsou vyrobeny z pr\u016fhledn\u00e9ho v\u00e1lcovit\u00e9ho t\u011bla s hladk\u00fdm zaoblen\u00fdm bo\u010dn\u00edm uchem, tak\u017ee je lze snadno uchopit, i kdy\u017e je d\u00f3za pln\u00e1. L\u00e1hev m\u00e1 standardn\u00ed z\u00e1vitov\u00e9 hrdlo s mo\u017enost\u00ed pou\u017eit\u00ed kovov\u00e9ho \u0161roubu na hrdlo se zlat\u00fdm nebo st\u0159\u00edbrn\u00fdm uchycen\u00edm.<\/p>\n<h2>Vlastnosti produktu<\/h2>\n<ul>\n<li><strong>Design bo\u010dn\u00ed rukojeti:<\/strong> Sklenice m\u00e1 pr\u016fhlednou sklen\u011bnou rukoje\u0165 navr\u017eenou tak, aby byla pohodln\u00e1 a tepeln\u011b odoln\u00e1, tak\u017ee se s n\u00ed snadno manipuluje a p\u0159en\u00e1\u0161\u00ed, co\u017e zvy\u0161uje jej\u00ed pou\u017eitelnost.<\/li>\n<li><strong>R\u016fzn\u00e9 mo\u017enosti velikosti:<\/strong> Dod\u00e1v\u00e1 se v r\u016fzn\u00fdch velikostech, v\u010detn\u011b mini, mal\u00e9, st\u0159edn\u00ed a velk\u00e9, v z\u00e1vislosti na pot\u0159eb\u011b uspokojit specifick\u00e9 pot\u0159eby, v\u010detn\u011b mal\u00fdch porc\u00ed, n\u00e1poj\u016f v jednom n\u00e1poji a serv\u00edrov\u00e1n\u00ed pro celou rodinu.<\/li>\n<li><strong>Vysoce pr\u016fhledn\u00e9 sklo:<\/strong> Vysok\u00e1 \u00farove\u0148 \u010dirosti vysoce pr\u016fhledn\u00e9ho skla vhodn\u00e9ho pro potraviny je kombinac\u00ed estetiky i prakti\u010dnosti, proto\u017ee umo\u017e\u0148uje jasn\u011b vid\u011bt obsah.<\/li>\n<\/ul>\n<h2>Kl\u00ed\u010dov\u00e9 specifikace<\/h2>\n<table style=\"border-collapse: collapse; width: 80%; margin-left: auto; margin-right: auto;\" border=\"0\" width=\"288\" cellspacing=\"0\" cellpadding=\"0\">\n<tbody>\n<tr style=\"height: 13.50pt;\">\n<td style=\"height: 13.5pt; width: 54pt; text-align: center;\" width=\"72\" height=\"18\">Model<\/td>\n<td style=\"width: 54pt; text-align: center;\" width=\"72\">Kapacita (ml)<\/td>\n<td style=\"width: 54pt; text-align: center;\" width=\"72\">Velikost (cm)<\/td>\n<td style=\"width: 54pt; text-align: center;\" width=\"72\">Mo\u017enosti barev<\/td>\n<\/tr>\n<tr style=\"height: 13.50pt;\">\n<td style=\"height: 13.5pt; text-align: center;\" align=\"right\" height=\"18\">63004054<\/td>\n<td style=\"text-align: center;\" align=\"right\">40<\/td>\n<td style=\"text-align: center;\">4.9&#215;3.6&#215;6.1<\/td>\n<td class=\"et2\" style=\"text-align: center;\" rowspan=\"7\">Vymazat (Vlastn\u00ed)<\/td>\n<\/tr>\n<tr style=\"height: 13.50pt;\">\n<td style=\"height: 13.5pt; text-align: center;\" align=\"right\" height=\"18\">63013055<\/td>\n<td style=\"text-align: center;\" align=\"right\">130<\/td>\n<td style=\"text-align: center;\">7.4&#215;5.4&#215;8.4<\/td>\n<\/tr>\n<tr style=\"height: 13.50pt;\">\n<td style=\"height: 13.5pt; text-align: center;\" align=\"right\" height=\"18\">63020056<\/td>\n<td style=\"text-align: center;\" align=\"right\">200<\/td>\n<td style=\"text-align: center;\">8,4\u00d76,0x10,3<\/td>\n<\/tr>\n<tr style=\"height: 13.50pt;\">\n<td style=\"height: 13.5pt; text-align: center;\" align=\"right\" height=\"18\">63030057<\/td>\n<td style=\"text-align: center;\" align=\"right\">300<\/td>\n<td style=\"text-align: center;\">\u2014<\/td>\n<\/tr>\n<tr style=\"height: 13.50pt;\">\n<td style=\"height: 13.5pt; text-align: center;\" align=\"right\" height=\"18\">63040058<\/td>\n<td style=\"text-align: center;\" align=\"right\">400<\/td>\n<td style=\"text-align: center;\">\u2014<\/td>\n<\/tr>\n<tr style=\"height: 13.50pt;\">\n<td style=\"height: 13.5pt; text-align: center;\" align=\"right\" height=\"18\">63048059<\/td>\n<td style=\"text-align: center;\" align=\"right\">480<\/td>\n<td style=\"text-align: center;\">10.7&#215;7.8&#215;13.2<\/td>\n<\/tr>\n<tr style=\"height: 13.50pt;\">\n<td style=\"height: 13.5pt; text-align: center;\" align=\"right\" height=\"18\">63060060<\/td>\n<td style=\"text-align: center;\" align=\"right\">600<\/td>\n<td style=\"text-align: center;\">12.4&#215;8.8&#215;14.5<\/td>\n<\/tr>\n<\/tbody>\n<\/table>\n<h2>P\u0159\u00edb\u011bh \u00fasp\u011bchu<\/h2>\n<p>Jeden z \u0159et\u011bzc\u016f d\u017eusov\u00fdch bar\u016f v ji\u017en\u00ed Kalifornii si vybral na\u0161i 470ml zava\u0159ovac\u00ed sklenici s uchem a laserov\u011b ji ohodnotil. Tyto sklenice na m\u00edru m\u011bly obrovsk\u00fd \u00fasp\u011bch: nejen\u017ee zam\u011bstnanc\u016fm umo\u017enily udr\u017eet recepty na stejn\u00e9 \u00farovni, co\u017e jim u\u0161et\u0159ilo 10 procent n\u00e1klad\u016f na ingredience, ale tak\u00e9 d\u00edky uch\u016fm se snadno p\u0159emis\u0165ovaly, a v d\u016fsledku toho se sn\u00ed\u017eilo rozlit\u00ed o 25 procent. \u0158et\u011bzec byl velmi \u00fasp\u011b\u0161n\u00fd a pot\u00e9 si objednal 250 000 sklenic jako hlavn\u00ed balen\u00ed sv\u00fdch maloobchodn\u00edch a nov\u00fdch p\u0159edplatn\u00fdch produkt\u016f.<\/p>\n<h2>Sklen\u011bn\u00e9 n\u00e1doby Mason s p\u0159izp\u016fsoben\u00edm rukojeti<\/h2>\n<ul>\n<li>Materi\u00e1l a styl rukojeti - Rukojeti mohou b\u00fdt ze skla stejn\u00e9 barvy jako n\u00e1doba, z barevn\u00e9ho smaltu nebo pota\u017een\u00e9 materi\u00e1lem, jako je juta nebo k\u016f\u017ee.<\/li>\n<li>Funkce v\u00edka: v\u00edka na n\u00e1poje se dod\u00e1vaj\u00ed v r\u016fzn\u00fdch stylech, v\u010detn\u011b odkl\u00e1p\u011bc\u00edch br\u010dkov\u00fdch v\u00ed\u010dek, v\u00ed\u010dek s otvory v br\u010dk\u00e1ch nebo vlo\u017eek do \u0161ejkr\u016f na sal\u00e1ty.<\/li>\n<li>\u00daprava velikosti: Lze dodat i zak\u00e1zkov\u00e9 velikosti, kter\u00e9 vyhov\u00ed specifick\u00fdm pot\u0159eb\u00e1m trhu (nap\u0159. 350ml sklenice na k\u00e1vu, 940ml sklenice na limon\u00e1du).<\/li>\n<\/ul>","protected":false},"excerpt":{"rendered":"<p>Stylov\u00e1 zava\u0159ovac\u00ed sklenice s rukojet\u00ed z \u010dir\u00e9ho skla a kovov\u00fdm v\u00ed\u010dkem. Zava\u0159ovac\u00ed sklenice s rukojet\u00ed ide\u00e1ln\u00ed na n\u00e1poje, dezerty a skladov\u00e1n\u00ed. Vzorky zdarma.<\/p>","protected":false},"featured_media":25529,"template":"","meta":[],"product_brand":[],"product_cat":[124,122,125],"product_tag":[],"class_list":{"0":"post-22245","1":"product","2":"type-product","3":"status-publish","4":"has-post-thumbnail","6":"product_cat-custom-glass-jars","7":"product_cat-custom-glass-packaging","8":"product_cat-mason-glass-jars","10":"first","11":"instock","12":"shipping-taxable","13":"product-type-simple"},"jetpack_sharing_enabled":true,"_links":{"self":[{"href":"https:\/\/yebodaglass.com\/cs\/wp-json\/wp\/v2\/product\/22245","targetHints":{"allow":["GET"]}}],"collection":[{"href":"https:\/\/yebodaglass.com\/cs\/wp-json\/wp\/v2\/product"}],"about":[{"href":"https:\/\/yebodaglass.com\/cs\/wp-json\/wp\/v2\/types\/product"}],"version-history":[{"count":5,"href":"https:\/\/yebodaglass.com\/cs\/wp-json\/wp\/v2\/product\/22245\/revisions"}],"predecessor-version":[{"id":25532,"href":"https:\/\/yebodaglass.com\/cs\/wp-json\/wp\/v2\/product\/22245\/revisions\/25532"}],"wp:featuredmedia":[{"embeddable":true,"href":"https:\/\/yebodaglass.com\/cs\/wp-json\/wp\/v2\/media\/25529"}],"wp:attachment":[{"href":"https:\/\/yebodaglass.com\/cs\/wp-json\/wp\/v2\/media?parent=22245"}],"wp:term":[{"taxonomy":"product_brand","embeddable":true,"href":"https:\/\/yebodaglass.com\/cs\/wp-json\/wp\/v2\/product_brand?post=22245"},{"taxonomy":"product_cat","embeddable":true,"href":"https:\/\/yebodaglass.com\/cs\/wp-json\/wp\/v2\/product_cat?post=22245"},{"taxonomy":"product_tag","embeddable":true,"href":"https:\/\/yebodaglass.com\/cs\/wp-json\/wp\/v2\/product_tag?post=22245"}],"curies":[{"name":"wp","href":"https:\/\/api.w.org\/{rel}","templated":true}]}}