{"id":22238,"date":"2025-10-11T13:14:08","date_gmt":"2025-10-11T05:14:08","guid":{"rendered":"https:\/\/yebodaglass.com\/?post_type=product&#038;p=22238"},"modified":"2026-03-26T14:45:20","modified_gmt":"2026-03-26T06:45:20","slug":"rectangular-amber-glass-olive-oil-bottles-for-cooking-bulk","status":"publish","type":"product","link":"https:\/\/yebodaglass.com\/cs\/produkt\/rectangular-amber-glass-olive-oil-bottles-for-cooking-bulk\/","title":{"rendered":"250ml 500ml 750ml obd\u00e9ln\u00edkov\u00e9 lahve z jantarov\u00e9ho skla na olivov\u00fd olej pro va\u0159en\u00ed ve velk\u00e9m"},"content":{"rendered":"<p>Jedn\u00e1 se o lahve na olivov\u00fd olej z jantarov\u00e9ho skla, kter\u00e9 maj\u00ed \u0161t\u00edhl\u00fd tvar a obd\u00e9ln\u00edkov\u00fd tvar, co\u017e je dobr\u00e1 ochrana proti degradaci kvalitn\u00edho olivov\u00e9ho oleje sv\u011btlem. L\u00e1hve jsou v\u0161ech velikost\u00ed a maj\u00ed bezpe\u010dn\u00fd a spolehliv\u00fd \u010dern\u00fd \u0161roubovac\u00ed uz\u00e1v\u011br.<\/p>\n<h2>Vlastnosti produktu<\/h2>\n<ul>\n<li><strong>T\u011blov\u00e1 jantarov\u00e1 sv\u011bteln\u00e1 lahvi\u010dka:<\/strong> Jantarov\u00e9 sklo je extr\u00e9mn\u011b pr\u016fhledn\u00e9 a toto pr\u016fhledn\u00e9 sklo \u00fa\u010dinn\u011b odr\u00e1\u017e\u00ed UV z\u00e1\u0159en\u00ed, co\u017e prodlu\u017euje trvanlivost oleje.<\/li>\n<li><strong>Zaoblen\u00fd \u010dtvercov\u00fd tvar l\u00e1hve:<\/strong> Zaoblen\u00fd \u010dtvercov\u00fd tvar lahv\u00ed se snadno dr\u017e\u00ed, neklou\u017ee, a proto se snadno stohuj\u00ed.<\/li>\n<li><strong>\u010cern\u00fd t\u011bsnic\u00ed \u0161roubovac\u00ed uz\u00e1v\u011br:<\/strong> \u010cern\u00fd \u0161roubovac\u00ed uz\u00e1v\u011br nab\u00edz\u00ed velmi dobr\u00e9 t\u011bsnic\u00ed \u00fa\u010dinky, \u010d\u00edm\u017e zabra\u0148uje \u00faniku a odpa\u0159ov\u00e1n\u00ed oleje.<\/li>\n<\/ul>\n<h2>Kl\u00ed\u010dov\u00e9 specifikace<\/h2>\n<table style=\"border-collapse: collapse; margin-left: auto; margin-right: auto; width: 642.77pt;\" border=\"0\" width=\"857\" cellspacing=\"0\" cellpadding=\"0\">\n<tbody>\n<tr style=\"height: 13.50pt;\">\n<td style=\"height: 13.50pt; width: 99.75pt;\" width=\"133\" height=\"18\">Funkce<\/td>\n<td style=\"width: 543.00pt;\" width=\"724\">Specifikace<\/td>\n<\/tr>\n<tr style=\"height: 13.50pt;\">\n<td style=\"height: 13.50pt;\" height=\"18\">Rozm\u011bry<\/td>\n<td>4,7 \u00d7 4,7 \u00d7 21 cm (250 ml), 5,8 \u00d7 5,8 \u00d7 26,4 cm (500 ml), 6,5 \u00d7 6,5 \u00d7 30,2 cm (750 ml)<\/td>\n<\/tr>\n<tr style=\"height: 13.50pt;\">\n<td style=\"height: 13.50pt;\" height=\"18\">Velikost krku<\/td>\n<td>z\u00e1vit 19 mm * 30 mm<\/td>\n<\/tr>\n<tr style=\"height: 13.50pt;\">\n<td style=\"height: 13.50pt;\" height=\"18\">Materi\u00e1l<\/td>\n<td>Jantarov\u00e9 sklo s UV ochranou<\/td>\n<\/tr>\n<tr style=\"height: 13.50pt;\">\n<td style=\"height: 13.50pt;\" height=\"18\">Tvar<\/td>\n<td>Obd\u00e9ln\u00edkov\u00e9 (\u010dtvercov\u00e9 sklo)<\/td>\n<\/tr>\n<tr style=\"height: 13.50pt;\">\n<td style=\"height: 13.50pt;\" height=\"18\">Nejlep\u0161\u00ed pro<\/td>\n<td>Olivov\u00fd olej, ocet, oleje na va\u0159en\u00ed, marin\u00e1dy<\/td>\n<\/tr>\n<tr style=\"height: 13.50pt;\">\n<td style=\"height: 13.50pt;\" height=\"18\">Ide\u00e1ln\u00ed pou\u017eit\u00ed<\/td>\n<td>Lahve na olej na va\u0159en\u00ed, n\u00e1doby na olej a ocet, velkoobchodn\u00ed pln\u011bn\u00ed do lahv\u00ed, skladov\u00e1n\u00ed v kuchyni<\/td>\n<\/tr>\n<\/tbody>\n<\/table>\n<h2>P\u0159\u00edpadov\u00e1 studie \u00fasp\u011bchu: Luxusn\u00ed zna\u010dka italsk\u00e9ho dovozce olivov\u00e9ho oleje<\/h2>\n<p>Na\u0161e 500ml lahve na olivov\u00fd olej z jantarov\u00e9ho skla vybral italsk\u00fd dovozce olivov\u00e9ho oleje na z\u00e1padn\u00edm pob\u0159e\u017e\u00ed USA a design vintage s\u00edtotiskov\u00fdch etiket a odoln\u00fdch vlo\u017eek byl upraven na m\u00edru. Ochrana proti UV z\u00e1\u0159en\u00ed byla nezbytn\u00e1, prodlou\u017eila optim\u00e1ln\u00ed trvanlivost olivov\u00e9ho oleje o 6 m\u011bs\u00edc\u016f a tak\u00e9 zv\u00fd\u0161ila prodej o 65 procent. Dovozce byl natolik spokojen\u00fd, \u017ee si objednal dal\u0161\u00edch 500 000 lahv\u00ed z nov\u00e9 \u0159ady olivov\u00e9ho oleje s p\u0159\u00edchut\u00ed lan\u00fd\u017e\u016f a chilli.<\/p>\n<h2>Doporu\u010den\u00ed pro p\u0159izp\u016fsoben\u00ed<\/h2>\n<ul>\n<li><strong>Lept\u00e1n\u00ed log:<\/strong> Nejlep\u0161\u00edm zp\u016fsobem, jak dodat zna\u010dce eleganci, je vyryt\u00ed loga va\u0161\u00ed zna\u010dky na \u010dtvercov\u00e9 sklo. To je ide\u00e1ln\u00ed pro velkoobchodn\u00ed z\u00e1kazn\u00edky, kte\u0159\u00ed cht\u011bj\u00ed zv\u00fd\u0161it pov\u011bdom\u00ed o zna\u010dce.<\/li>\n<li><strong>Barevn\u00e9 odst\u00edny skla:<\/strong> Pokud chcete m\u00edt na va\u0159en\u00ed netradi\u010dn\u00ed jantarov\u00e9 lahve na olej, pak je tou spr\u00e1vnou cestou zm\u011bnit sou\u010dasnou zelenou barvu na tmav\u0161\u00ed nebo sv\u011btlej\u0161\u00ed odst\u00edn zelen\u00e9, kter\u00fd bude p\u0159izp\u016fsoben barv\u00e1m va\u0161\u00ed zna\u010dky.<\/li>\n<li><strong>Zn\u00e1mky z promoce:<\/strong> Aby se u\u017eivatel\u016fm usnadnilo nal\u00e9v\u00e1n\u00ed p\u0159esn\u00e9ho mno\u017estv\u00ed tekutiny, lze na sklenici s olejem na va\u0159en\u00ed vygrav\u00edrovat objemov\u00e9 odstupy, co\u017e ji \u010din\u00ed ide\u00e1ln\u00ed do kuchyn\u011b.<\/li>\n<li><strong>Matn\u00fd povrch:<\/strong> Sklen\u011bn\u00fd povrch je opat\u0159en matn\u00fdm povrchem, kter\u00fd je odoln\u00fd proti otisk\u016fm prst\u016f a l\u00e1hev si zachov\u00e1v\u00e1 sv\u016fj jemn\u00fd a elegantn\u00ed charakter \u2013 tato vlastnost je ur\u010dena p\u0159edev\u0161\u00edm pro trh s vynikaj\u00edc\u00edm olivov\u00fdm olejem.<\/li>\n<\/ul>","protected":false},"excerpt":{"rendered":"<p>Pr\u00e9miov\u00e9 obd\u00e9ln\u00edkov\u00e9 lahve na olivov\u00fd olej z jantarov\u00e9ho skla na va\u0159en\u00ed s \u010dern\u00fdmi uz\u00e1v\u011bry. Odoln\u00e9 a stylov\u00e9 lahve na olej na va\u0159en\u00ed. Prodej p\u0159\u00edmo od v\u00fdrobce, rychl\u00e9 dod\u00e1n\u00ed.<\/p>","protected":false},"featured_media":25637,"template":"","meta":[],"product_brand":[],"product_cat":[126,123,122],"product_tag":[],"class_list":{"0":"post-22238","1":"product","2":"type-product","3":"status-publish","4":"has-post-thumbnail","6":"product_cat-olive-oil-bottles","7":"product_cat-custom-glass-bottles","8":"product_cat-custom-glass-packaging","10":"first","11":"instock","12":"shipping-taxable","13":"product-type-simple"},"jetpack_sharing_enabled":true,"_links":{"self":[{"href":"https:\/\/yebodaglass.com\/cs\/wp-json\/wp\/v2\/product\/22238","targetHints":{"allow":["GET"]}}],"collection":[{"href":"https:\/\/yebodaglass.com\/cs\/wp-json\/wp\/v2\/product"}],"about":[{"href":"https:\/\/yebodaglass.com\/cs\/wp-json\/wp\/v2\/types\/product"}],"version-history":[{"count":5,"href":"https:\/\/yebodaglass.com\/cs\/wp-json\/wp\/v2\/product\/22238\/revisions"}],"predecessor-version":[{"id":25573,"href":"https:\/\/yebodaglass.com\/cs\/wp-json\/wp\/v2\/product\/22238\/revisions\/25573"}],"wp:featuredmedia":[{"embeddable":true,"href":"https:\/\/yebodaglass.com\/cs\/wp-json\/wp\/v2\/media\/25637"}],"wp:attachment":[{"href":"https:\/\/yebodaglass.com\/cs\/wp-json\/wp\/v2\/media?parent=22238"}],"wp:term":[{"taxonomy":"product_brand","embeddable":true,"href":"https:\/\/yebodaglass.com\/cs\/wp-json\/wp\/v2\/product_brand?post=22238"},{"taxonomy":"product_cat","embeddable":true,"href":"https:\/\/yebodaglass.com\/cs\/wp-json\/wp\/v2\/product_cat?post=22238"},{"taxonomy":"product_tag","embeddable":true,"href":"https:\/\/yebodaglass.com\/cs\/wp-json\/wp\/v2\/product_tag?post=22238"}],"curies":[{"name":"wp","href":"https:\/\/api.w.org\/{rel}","templated":true}]}}