{"id":22237,"date":"2025-10-11T13:14:04","date_gmt":"2025-10-11T05:14:04","guid":{"rendered":"https:\/\/yebodaglass.com\/?post_type=product&#038;p=22237"},"modified":"2025-10-11T16:34:58","modified_gmt":"2025-10-11T08:34:58","slug":"bulk-stainless-steel-oil-glass-container-with-glass-base","status":"publish","type":"product","link":"https:\/\/yebodaglass.com\/cs\/bulk-stainless-steel-oil-glass-container-with-glass-base\/","title":{"rendered":"Sklen\u011bn\u00e1 n\u00e1doba na olej z nerezov\u00e9 oceli se sklen\u011bn\u00fdm dnem \u2013 200 ml 300 ml 500 ml"},"content":{"rendered":"<p>Tyto sklen\u011bn\u00e9 n\u00e1doby na olej jsou vybaveny speci\u00e1ln\u00edm nal\u00e9vac\u00edm hrdlem a jsou vyrobeny z \u010dir\u00e9ho skla se st\u0159\u00edbrn\u00fdmi kovov\u00fdmi detaily. Jsou k dispozici v r\u016fzn\u00fdch velikostech.<\/p>\n<h2>Vlastnosti produktu<\/h2>\n<ul>\n<li><strong>Modern\u00ed, minimalistick\u00fd design:<\/strong> Spojen\u00ed skla a kovu se svou jednoduchost\u00ed dob\u0159e hod\u00ed do jak\u00e9hokoli stylu kuchyn\u011b, a proto je tento p\u0159edm\u011bt dokonalou kombinac\u00ed kr\u00e1sy a u\u017eite\u010dnosti.<\/li>\n<li><strong>Vyhrazen\u00fd nal\u00e9vac\u00ed v\u00fdlevkov\u00fd otvor:<\/strong> Jsou k dispozici v r\u016fzn\u00fdch stylech kovov\u00fdch nal\u00e9vac\u00edch hubi\u010dek, kter\u00e9 nejen p\u0159esn\u011b \u0159\u00edd\u00ed tok nal\u00e9van\u00e9 tekutiny, ale tak\u00e9 sni\u017euj\u00ed rozlit\u00ed a maxim\u00e1ln\u011b zvy\u0161uj\u00ed u\u017eivatelskou p\u0159\u00edv\u011btivost.<\/li>\n<li><strong>Kombinace skla a kovu:<\/strong> Spodn\u00ed polovina lahve je z \u010dir\u00e9ho skla, aby bylo mo\u017en\u00e9 snadno vid\u011bt zb\u00fdvaj\u00edc\u00ed hladinu oleje, zat\u00edmco horn\u00ed polovina je kovov\u00e1, co\u017e dod\u00e1v\u00e1 lahvi vzhled kvality a odolnosti.<\/li>\n<\/ul>\n<h2>Kl\u00ed\u010dov\u00e9 specifikace<\/h2>\n<table style=\"border-collapse: collapse; margin-left: auto; margin-right: auto; width: 642.77pt;\" border=\"0\" width=\"857\" cellspacing=\"0\" cellpadding=\"0\">\n<tbody>\n<tr style=\"height: 13.50pt;\">\n<td style=\"height: 13.50pt; width: 99.75pt;\" width=\"133\" height=\"18\">Funkce<\/td>\n<td style=\"width: 543.00pt;\" width=\"724\">Specifikace<\/td>\n<\/tr>\n<tr style=\"height: 13.50pt;\">\n<td style=\"height: 13.50pt;\" height=\"18\">Rozm\u011bry<\/td>\n<td>3,0 \u00d7 6,5 \u00d7 15,0 cm (200 ml), 3,0 \u00d7 6,5 \u00d7 21,0 cm (300 ml), 3,0 \u00d7 7,4 \u00d7 24,7 cm (500 ml)<\/td>\n<\/tr>\n<tr style=\"height: 13.50pt;\">\n<td style=\"height: 13.50pt;\" height=\"18\">Materi\u00e1l<\/td>\n<td>T\u011blo z \u010dir\u00e9ho skla, v\u00fdtok z nerezov\u00e9 oceli<\/td>\n<\/tr>\n<tr style=\"height: 13.50pt;\">\n<td style=\"height: 13.50pt;\" height=\"18\">Mo\u017enosti v\u00edka<\/td>\n<td>V\u00fdklopn\u00fd nerezov\u00fd v\u00fdlevkov\u00fd uz\u00e1v\u011br, pln\u00fd uz\u00e1v\u011br<\/td>\n<\/tr>\n<tr style=\"height: 13.50pt;\">\n<td style=\"height: 13.50pt;\" height=\"18\">Nejlep\u0161\u00ed pro<\/td>\n<td>Olivov\u00fd olej, ocet, dresinky, sady oleje a octa<\/td>\n<\/tr>\n<tr style=\"height: 13.50pt;\">\n<td style=\"height: 13.50pt;\" height=\"18\">Ide\u00e1ln\u00ed pou\u017eit\u00ed<\/td>\n<td>L\u00e1hev na olej z nerezov\u00e9 oceli, \u00falo\u017en\u00fd prostor v kuchyni, velkoobchodn\u00ed prodej sklen\u011bn\u00e9 n\u00e1doby na olej<\/td>\n<\/tr>\n<\/tbody>\n<\/table>\n<h2>P\u0159\u00edb\u011bh \u00fasp\u011bchu: Transformativn\u00ed volba pro cateringov\u00fd pr\u016fmysl<\/h2>\n<p>St\u0159edn\u011b velk\u00e1 cateringov\u00e1 spole\u010dnost byla zklam\u00e1na neust\u00e1l\u00fdm pou\u017e\u00edv\u00e1n\u00edm net\u011bsn\u00edc\u00edch a k\u0159ehk\u00fdch lahv\u00ed na olej. Po p\u0159echodu na na\u0161e velkoobjemov\u00e9 sklen\u011bn\u00e9 lahve na olej se v\u0161echno zm\u011bnilo. Zaprv\u00e9, lahve z nerezov\u00e9 oceli byly pevn\u00e9, proto\u017ee po\u010det prasknut\u00ed se sn\u00ed\u017eil o 40 %. Zadruh\u00e9, p\u0159esn\u00e9 nal\u00e9vac\u00ed hrdlo umo\u017e\u0148uje kucha\u0159\u016fm snadno p\u0159id\u00e1vat olej nebo ocet, tak\u017ee se b\u011bhem procesu \u010di\u0161t\u011bn\u00ed dos\u00e1hlo zna\u010dn\u00fdch \u00faspor \u010dasu. Spot\u0159ebitel\u00e9 byli nav\u00edc na\u0161tvan\u00ed na modern\u00ed vzhled lahv\u00ed, a v d\u016fsledku toho se opakovan\u00e9 n\u00e1kupy zv\u00fd\u0161ily o 25 %. N\u011bkte\u0159\u00ed z nich n\u00e1m dokonce \u0159\u00edkaj\u00ed, \u017ee si cht\u011bj\u00ed po\u0159\u00eddit v\u00edce lahv\u00ed do sv\u00fdch domov\u016f! V sou\u010dasn\u00e9 dob\u011b n\u00e1\u0161 cateringov\u00fd t\u00fdm objedn\u00e1v\u00e1 hromadn\u011b ka\u017ed\u00e9 \u010dtvrtlet\u00ed.<\/p>\n<h2>N\u00e1pady na p\u0159izp\u016fsoben\u00ed<\/h2>\n<p>Chcete, aby va\u0161e sklen\u011bn\u00e1 l\u00e1hev na olej p\u016fsobila jedine\u010dn\u011b? Vyzkou\u0161ejte tyto prom\u011bny!<\/p>\n<ul>\n<li>Barevn\u00e9 odst\u00edny skla: Odst\u00edn\u011bte \u010dir\u00e9 sklo do jemn\u011b zelen\u00e9 nebo modr\u00e9 barvy (m\u00edsto oby\u010dejn\u00e9ho \u010dir\u00e9ho), aby odpov\u00eddalo barv\u00e1m zna\u010dek lahv\u00ed od olivov\u00e9ho oleje.<\/li>\n<li>Matn\u00e1 loga: Vytvo\u0159te na skle matnou plochu pro loga va\u0161ich klient\u016f \u2013 vypad\u00e1 to pr\u00e9miov\u011b a neloupe se to jako samolepky.<\/li>\n<li>Laserem grav\u00edrovan\u00e9 plnic\u00ed \u010d\u00e1ry \u2013 Vypaluj\u00ed zna\u010dky v ml do sklenice. Pom\u00e1haj\u00ed p\u0159i lahvov\u00e1n\u00ed a poskytuj\u00ed u\u017eivatel\u016fm p\u0159esnou kontrolu.<\/li>\n<\/ul>\n<p>Jste p\u0159ipraveni vylep\u0161it sv\u016fj v\u00fdb\u011br lahv\u00ed na olej? Kontaktujte n\u00e1s je\u0161t\u011b dnes a proberte s n\u00e1mi svou hromadnou objedn\u00e1vku nebo pot\u0159eby \u00faprav \u2013 jsme tu, abychom v\u00e1m pomohli usp\u011bt!<\/p>","protected":false},"excerpt":{"rendered":"<p>Modern\u00ed sklen\u011bn\u00e1 n\u00e1doba na olej s v\u00edkem a hubi\u010dkou z nerezov\u00e9 oceli. Odoln\u00e1, p\u0159izp\u016fsobiteln\u00e1 a ide\u00e1ln\u00ed pro branding kuchyn\u011b. Mo\u017enost mno\u017estevn\u00edch slev.<\/p>","protected":false},"featured_media":22262,"template":"","meta":[],"product_brand":[],"product_cat":[122,123,126],"product_tag":[],"class_list":{"0":"post-22237","1":"product","2":"type-product","3":"status-publish","4":"has-post-thumbnail","6":"product_cat-custom-glass-packaging","7":"product_cat-custom-glass-bottles","8":"product_cat-olive-oil-bottles","10":"first","11":"instock","12":"shipping-taxable","13":"product-type-simple"},"jetpack_sharing_enabled":true,"_links":{"self":[{"href":"https:\/\/yebodaglass.com\/cs\/wp-json\/wp\/v2\/product\/22237","targetHints":{"allow":["GET"]}}],"collection":[{"href":"https:\/\/yebodaglass.com\/cs\/wp-json\/wp\/v2\/product"}],"about":[{"href":"https:\/\/yebodaglass.com\/cs\/wp-json\/wp\/v2\/types\/product"}],"version-history":[{"count":5,"href":"https:\/\/yebodaglass.com\/cs\/wp-json\/wp\/v2\/product\/22237\/revisions"}],"predecessor-version":[{"id":22270,"href":"https:\/\/yebodaglass.com\/cs\/wp-json\/wp\/v2\/product\/22237\/revisions\/22270"}],"wp:featuredmedia":[{"embeddable":true,"href":"https:\/\/yebodaglass.com\/cs\/wp-json\/wp\/v2\/media\/22262"}],"wp:attachment":[{"href":"https:\/\/yebodaglass.com\/cs\/wp-json\/wp\/v2\/media?parent=22237"}],"wp:term":[{"taxonomy":"product_brand","embeddable":true,"href":"https:\/\/yebodaglass.com\/cs\/wp-json\/wp\/v2\/product_brand?post=22237"},{"taxonomy":"product_cat","embeddable":true,"href":"https:\/\/yebodaglass.com\/cs\/wp-json\/wp\/v2\/product_cat?post=22237"},{"taxonomy":"product_tag","embeddable":true,"href":"https:\/\/yebodaglass.com\/cs\/wp-json\/wp\/v2\/product_tag?post=22237"}],"curies":[{"name":"wp","href":"https:\/\/api.w.org\/{rel}","templated":true}]}}