{"id":22236,"date":"2025-10-11T17:47:19","date_gmt":"2025-10-11T09:47:19","guid":{"rendered":"https:\/\/yebodaglass.com\/?post_type=product&#038;p=22236"},"modified":"2026-03-19T15:32:24","modified_gmt":"2026-03-19T07:32:24","slug":"cylindrical-clear-small-glass-mason-jars-bulk","status":"publish","type":"product","link":"https:\/\/yebodaglass.com\/cs\/produkt\/cylindrical-clear-small-glass-mason-jars-bulk\/","title":{"rendered":"100ml \u2013 480ml v\u00e1lcov\u00e9 \u010dir\u00e9 sklen\u011bn\u00e9 zava\u0159ovac\u00ed sklenice Mason ve velk\u00e9m"},"content":{"rendered":"<p>Jedn\u00e1 se o mal\u00e9 sklen\u011bn\u00e9 d\u00f3zy Mason, kter\u00e9 jsou hladk\u00e9 a maj\u00ed rovn\u00e9 st\u011bny a jsou vyrobeny z \u010dir\u00e9ho skla. Pln\u011bn\u00ed a uzav\u00edr\u00e1n\u00ed je snadn\u00e9 a pohodln\u00e9 d\u00edky \u0161irok\u00e9mu hrdlu a rovnom\u011brn\u00e9mu z\u00e1vitu. Tyto d\u00f3zy lze pou\u017e\u00edt se st\u0159\u00edbrn\u00fdmi, zlat\u00fdmi nebo \u010dern\u00fdmi kovov\u00fdmi \u0161roubovac\u00edmi uz\u00e1v\u011bry.<\/p>\n<h2>Vlastnosti produktu<\/h2>\n<ul>\n<li><strong>\u0160irok\u00fd z\u00e1vitov\u00fd design:<\/strong> D\u00edky \u0161irok\u00e9mu hrdlu, kter\u00e9 lze pou\u017e\u00edt s n\u00e1stroji, jako jsou l\u017ei\u010dky na med, se snadno pln\u00ed, nab\u00edr\u00e1 a \u010dist\u00ed.<\/li>\n<li><strong>V\u00edcebarevn\u00e9 kovov\u00e9 krytky:<\/strong> R\u016fzn\u00e9 produkty lze snadno rozli\u0161it d\u00edky r\u016fzn\u00fdm povrchov\u00fdm \u00faprav\u00e1m kovov\u00fdch krytek (st\u0159\u00edbrn\u00e1, zlat\u00e1, \u010dern\u00e1), co\u017e vytv\u00e1\u0159\u00ed dojem vysok\u00e9 pr\u00e9miovosti.<\/li>\n<li><strong>K\u0159i\u0161\u0165\u00e1lov\u011b \u010dist\u00e9 sklo displeje:<\/strong> Sklo je tak pr\u016fhledn\u00e9, \u017ee je mo\u017en\u00e9 vid\u011bt obsah, jako je zlatav\u00fd med a barevn\u00e9 ko\u0159en\u00ed, a b\u00fdt ohromen jejich kr\u00e1sou.<\/li>\n<\/ul>\n<h2><strong data-spm-anchor-id=\"5176.28103460.0.i18.29ab2e31DydezZ\">Kl\u00ed\u010dov\u00e9 specifikace <\/strong><\/h2>\n<table style=\"border-collapse: collapse; width: 80%; margin-left: auto; margin-right: auto;\" border=\"0\" width=\"288\" cellspacing=\"0\" cellpadding=\"0\">\n<tbody>\n<tr style=\"height: 13.50pt;\">\n<td style=\"height: 13.5pt; width: 54pt; text-align: center;\" width=\"72\" height=\"18\">Model<\/td>\n<td style=\"width: 54pt; text-align: center;\" width=\"72\">Kapacita (ml)<\/td>\n<td style=\"width: 54pt; text-align: center;\" width=\"72\">Velikost (cm)<\/td>\n<td style=\"width: 54pt; text-align: center;\" width=\"72\">Mo\u017enosti barev<\/td>\n<\/tr>\n<tr style=\"height: 13.50pt;\">\n<td style=\"height: 13.5pt; text-align: center;\" align=\"right\" height=\"18\">63010050<\/td>\n<td style=\"text-align: center;\" align=\"right\">100<\/td>\n<td style=\"text-align: center;\">7.4&#215;4.2<\/td>\n<td class=\"et2\" style=\"text-align: center;\" rowspan=\"4\">Vymazat (Vlastn\u00ed)<\/td>\n<\/tr>\n<tr style=\"height: 13.50pt;\">\n<td style=\"height: 13.5pt; text-align: center;\" align=\"right\" height=\"18\">63028051<\/td>\n<td style=\"text-align: center;\" align=\"right\">280<\/td>\n<td style=\"text-align: center;\">7.4&#215;9.5<\/td>\n<\/tr>\n<tr style=\"height: 13.50pt;\">\n<td style=\"height: 13.5pt; text-align: center;\" align=\"right\" height=\"18\">63035052<\/td>\n<td style=\"text-align: center;\" align=\"right\">350<\/td>\n<td style=\"text-align: center;\">7.4&#215;12.0<\/td>\n<\/tr>\n<tr style=\"height: 13.50pt;\">\n<td style=\"height: 13.5pt; text-align: center;\" align=\"right\" height=\"18\">63048053<\/td>\n<td style=\"text-align: center;\" align=\"right\">480<\/td>\n<td style=\"text-align: center;\">7.4&#215;15.0<\/td>\n<\/tr>\n<\/tbody>\n<\/table>\n<h2>P\u0159\u00edb\u011bh \u00fasp\u011bchu: Roz\u0161\u00ed\u0159en\u00ed v\u010del\u00ed farmy ve Vermontu o d\u00e1rkovou \u0159adu<\/h2>\n<p>Na\u0161i malou sklenici na med vybrala rodinn\u00e1 v\u010dela\u0159sk\u00e1 farma ve Vermontu a jej\u00ed t\u011blo z jantarov\u00e9ho skla bylo upraveno na m\u00edru. Tyto sklenice vyroben\u00e9 na m\u00edru m\u011bly obrovsk\u00fd \u00fasp\u011bch: jantarov\u00e9 sklo poskytovalo dostate\u010dnou ochranu proti UV z\u00e1\u0159en\u00ed, aby se spot\u0159ebitel\u00e9 o 30 procent v\u00edce zamysleli nad kvalitou produktu, samotn\u00e9 sklo bylo k\u0159i\u0161\u0165\u00e1lov\u011b \u010dist\u00e9 a prodej luxusn\u00edch d\u00e1rkov\u00fdch produkt\u016f se zv\u00fd\u0161il o polovinu. To byl \u00fasp\u011bch v\u010dela\u0159e, kter\u00fd si objednal dal\u0161\u00edch 550 000 sklenic na balen\u00ed sez\u00f3nn\u00edho medu k prodeji do butik\u016f v Nov\u00e9 Anglii.<\/p>\n<h2>P\u0159izp\u016fsoben\u00ed mal\u00fdch sklen\u011bn\u00fdch zava\u0159ovac\u00edch sklenic<\/h2>\n<ul>\n<li>Barvy skla: Dod\u00e1vaj\u00ed se bu\u010f v oby\u010dejn\u00fdch sklen\u011bn\u00fdch d\u00f3z\u00e1ch (tradi\u010dn\u00ed \u010dir\u00e9), jantarov\u00fdch sklen\u011bn\u00fdch d\u00f3z\u00e1ch a modr\u00fdch sklen\u011bn\u00fdch d\u00f3z\u00e1ch (vhodn\u00e9 pro v\u00fdrobky citliv\u00e9 na sv\u011btlo).<\/li>\n<li>Materi\u00e1l v\u00edka Roz\u0161\u00ed\u0159en\u00ed: V\u00edko m\u016f\u017ee b\u00fdt v m\u011bd\u011bn\u00e9m, r\u016f\u017eovo-zlat\u00e9m nebo matn\u00e9m proveden\u00ed.<\/li>\n<li>\u00daprava velikosti: D\u00f3zy lze upravit na t\u0159i a\u017e \u010dty\u0159i velikosti a pou\u017e\u00edt je jako kompletn\u00ed d\u00e1rkov\u00e9 sady nebo \u00falo\u017en\u00e9 sady.<\/li>\n<\/ul>","protected":false},"excerpt":{"rendered":"<p>Pr\u016fhledn\u00e9 mal\u00e9 sklen\u011bn\u00e9 zava\u0159ovac\u00ed sklenice s \u0161irok\u00fdm hrdlem pro snadn\u00e9 pln\u011bn\u00ed. Zava\u0159ovac\u00ed sklenice na med, ide\u00e1ln\u00ed pro skladov\u00e1n\u00ed v kuchyni a maloobchodn\u00ed balen\u00ed. Dod\u00e1v\u00e1 se p\u0159\u00edmo z tov\u00e1rny.<\/p>","protected":false},"featured_media":25525,"template":"","meta":[],"product_brand":[],"product_cat":[122,124,125],"product_tag":[],"class_list":{"0":"post-22236","1":"product","2":"type-product","3":"status-publish","4":"has-post-thumbnail","6":"product_cat-custom-glass-packaging","7":"product_cat-custom-glass-jars","8":"product_cat-mason-glass-jars","10":"first","11":"instock","12":"shipping-taxable","13":"product-type-simple"},"jetpack_sharing_enabled":true,"_links":{"self":[{"href":"https:\/\/yebodaglass.com\/cs\/wp-json\/wp\/v2\/product\/22236","targetHints":{"allow":["GET"]}}],"collection":[{"href":"https:\/\/yebodaglass.com\/cs\/wp-json\/wp\/v2\/product"}],"about":[{"href":"https:\/\/yebodaglass.com\/cs\/wp-json\/wp\/v2\/types\/product"}],"version-history":[{"count":5,"href":"https:\/\/yebodaglass.com\/cs\/wp-json\/wp\/v2\/product\/22236\/revisions"}],"predecessor-version":[{"id":25526,"href":"https:\/\/yebodaglass.com\/cs\/wp-json\/wp\/v2\/product\/22236\/revisions\/25526"}],"wp:featuredmedia":[{"embeddable":true,"href":"https:\/\/yebodaglass.com\/cs\/wp-json\/wp\/v2\/media\/25525"}],"wp:attachment":[{"href":"https:\/\/yebodaglass.com\/cs\/wp-json\/wp\/v2\/media?parent=22236"}],"wp:term":[{"taxonomy":"product_brand","embeddable":true,"href":"https:\/\/yebodaglass.com\/cs\/wp-json\/wp\/v2\/product_brand?post=22236"},{"taxonomy":"product_cat","embeddable":true,"href":"https:\/\/yebodaglass.com\/cs\/wp-json\/wp\/v2\/product_cat?post=22236"},{"taxonomy":"product_tag","embeddable":true,"href":"https:\/\/yebodaglass.com\/cs\/wp-json\/wp\/v2\/product_tag?post=22236"}],"curies":[{"name":"wp","href":"https:\/\/api.w.org\/{rel}","templated":true}]}}