{"id":22178,"date":"2025-10-10T17:32:34","date_gmt":"2025-10-10T09:32:34","guid":{"rendered":"https:\/\/yebodaglass.com\/?post_type=product&#038;p=22178"},"modified":"2026-03-19T14:42:13","modified_gmt":"2026-03-19T06:42:13","slug":"clear-wide-mouth-mason-jar-with-lid-bulk","status":"publish","type":"product","link":"https:\/\/yebodaglass.com\/cs\/produkt\/clear-wide-mouth-mason-jar-with-lid-bulk\/","title":{"rendered":"220ml \u2013 480ml Pr\u016fhledn\u00e1 sklenice Mason s \u0161irok\u00fdm hrdlem a v\u00ed\u010dkem"},"content":{"rendered":"<p>Tato d\u00f3ze Mason s \u0161irok\u00fdm hrdlem a elegantn\u00edm, ploch\u00fdm, pr\u016fhledn\u00fdm sklen\u011bn\u00fdm t\u011blem a \u0161irok\u00fdm hrdlem je dopln\u011bna v\u00fdrazn\u00fdmi a atraktivn\u00edmi kovov\u00fdmi v\u00ed\u010dky v \u010derven\u00e9, \u010dern\u00e9, m\u011bd\u011bn\u00e9 a zlat\u00e9 barv\u011b. Obsah je jasn\u011b viditeln\u00fd skrz pr\u016fhledn\u00e9 t\u011blo.<\/p>\n<h2>Vlastnosti produktu<\/h2>\n<ul>\n<li><strong>Klasick\u00e1 sklen\u011bn\u00e1 d\u00f3za s rovn\u00fdmi stranami:<\/strong> Jedn\u00e1 se o z\u00e1kladn\u00ed v\u00e1lcovit\u00fd tvar, odoln\u00fd a robustn\u00ed, snadno se \u010dist\u00ed a poskytuje jasn\u00fd vzhled produktu uvnit\u0159.<\/li>\n<li><strong>Vym\u011bniteln\u00e1 barevn\u00e1 kovov\u00e1 v\u00ed\u010dka:<\/strong> \u0160roubovac\u00ed uz\u00e1v\u011bry se prod\u00e1vaj\u00ed v \u010derven\u00e9, \u010dern\u00e9, m\u011bd\u011bn\u00e9 nebo zlat\u00e9 barv\u011b, aby zajistily t\u011bsn\u00e9 uchycen\u00ed a jedine\u010dn\u00e9 p\u0159izp\u016fsoben\u00ed.<\/li>\n<li><strong>K\u0159i\u0161\u0165\u00e1lov\u011b \u010dist\u00e9 sklo displeje:<\/strong> D\u00edky vysoce pr\u016fhledn\u00e9mu sklu jsou tyto sklenice ide\u00e1ln\u00ed pro maloobchod, proto\u017ee kvalita produktu a barva jsou skrz sklo dokonale viditeln\u00e9.<\/li>\n<\/ul>\n<h2><strong data-spm-anchor-id=\"5176.28103460.0.i28.29ab2e31SnOOuR\">Kl\u00ed\u010dov\u00e9 specifikace<\/strong><\/h2>\n<table style=\"border-collapse: collapse; width: 80%; margin-left: auto; margin-right: auto;\" border=\"0\" width=\"360\" cellspacing=\"0\" cellpadding=\"0\">\n<tbody>\n<tr style=\"height: 13.50pt;\">\n<td style=\"height: 13.5pt; width: 54pt; text-align: center;\" width=\"72\" height=\"18\">Model<\/td>\n<td style=\"width: 54pt; text-align: center;\" width=\"72\">Kapacita (ml)<\/td>\n<td style=\"width: 54pt; text-align: center;\" width=\"72\">Velikost (cm)<\/td>\n<td style=\"width: 54pt; text-align: center;\" width=\"72\">Mo\u017enosti barev<\/td>\n<td style=\"width: 54pt; text-align: center;\" width=\"72\">Tvar<\/td>\n<\/tr>\n<tr style=\"height: 13.50pt;\">\n<td style=\"height: 13.5pt; text-align: center;\" align=\"right\" height=\"18\">63022046<\/td>\n<td style=\"text-align: center;\" align=\"right\">220<\/td>\n<td style=\"text-align: center;\">9.3&#215;5.2<\/td>\n<td class=\"et2\" style=\"text-align: center;\" rowspan=\"4\">Vymazat (Vlastn\u00ed)<\/td>\n<td class=\"et2\" style=\"text-align: center;\" rowspan=\"4\">Short and fat round bottle<\/td>\n<\/tr>\n<tr style=\"height: 13.50pt;\">\n<td style=\"height: 13.5pt; text-align: center;\" align=\"right\" height=\"18\">63028047<\/td>\n<td style=\"text-align: center;\" align=\"right\">280<\/td>\n<td style=\"text-align: center;\">9.3&#215;6.6<\/td>\n<\/tr>\n<tr style=\"height: 13.50pt;\">\n<td style=\"height: 13.5pt; text-align: center;\" align=\"right\" height=\"18\">63037048<\/td>\n<td style=\"text-align: center;\" align=\"right\">370<\/td>\n<td style=\"text-align: center;\">9.3&#215;8.0<\/td>\n<\/tr>\n<tr style=\"height: 13.50pt;\">\n<td style=\"height: 13.5pt; text-align: center;\" align=\"right\" height=\"18\">63048049<\/td>\n<td style=\"text-align: center;\" align=\"right\">480<\/td>\n<td style=\"text-align: center;\">9.3&#215;9.6<\/td>\n<\/tr>\n<\/tbody>\n<\/table>\n<h2>P\u0159\u00edpad \u00fasp\u011bchu<\/h2>\n<p>Na\u0161e 225ml sklen\u011bn\u00e9 zava\u0159ovac\u00ed sklenice s v\u00ed\u010dky si vybrala texask\u00e1 spole\u010dnost vyr\u00e1b\u011bj\u00edc\u00ed p\u00e1liv\u00e9 om\u00e1\u010dky, kter\u00e1 n\u00e1sledn\u011b navrhla s\u00edtotisk t\u011bla sklenice ve starom\u00f3dn\u00edm stylu s matn\u011b \u010dern\u00fdm v\u00edkem. Tento luxusn\u00ed designov\u00fd obal se stal obrovsk\u00fdm hitem: d\u00edky sv\u00e9mu vysok\u00e9mu vzhledu, kter\u00fd se snadno odkl\u00e1d\u00e1, vstoupil do 500 nov\u00fdch butikov\u00fdch obchod\u016f s potravinami a v\u00fdrazn\u00fd design sklenic vygeneroval o 300 procent v\u00edce obsahu generovan\u00e9ho u\u017eivateli na soci\u00e1ln\u00edch s\u00edt\u00edch. Na z\u00e1klad\u011b tohoto \u00fasp\u011bchu provedli dal\u0161\u00ed objedn\u00e1vku 200 000 sklenic sv\u00e9 nov\u00e9 \u0159ady pikantn\u00edch nakl\u00e1dan\u00fdch okurek a n\u00e1pojov\u00fdch sm\u011bs\u00ed.<\/p>\n<h2>Doporu\u010den\u00ed pro \u00fapravu sklen\u011bn\u00fdch zava\u0159ovac\u00edch sklenic s v\u00ed\u010dky<\/h2>\n<ul>\n<li>P\u0159\u00edm\u00fd potisk skla: Tiskn\u011bte na sklo celobarevnou permanentn\u00ed grafiku, loga nebo nutri\u010dn\u00ed informace a dos\u00e1hn\u011bte tak prvot\u0159\u00eddn\u00edho vzhledu bez etiket.<\/li>\n<li>Vyv\u00fd\u0161en\u00e9 zna\u010den\u00ed: Zna\u010dky Vyv\u00fd\u0161en\u00e9 stupnice (hrnky, unce, mililitry) se z\u00edskaj\u00ed a p\u0159idaj\u00ed na bok sklenice, aby je bylo mo\u017en\u00e9 snadno znovu pou\u017e\u00edt v kuchyni.<\/li>\n<li>Speci\u00e1ln\u00ed p\u0159\u00edslu\u0161enstv\u00ed k v\u00ed\u010dk\u016fm: Zajist\u011bte v\u00ed\u010dka, kter\u00e1 mohou prom\u011bnit sklenici ve t\u0159epa\u010dku, nal\u00e9vac\u00ed hrdlo, v\u00ed\u010dko na pit\u00ed nebo fermenta\u010dn\u00ed ventil.<\/li>\n<\/ul>","protected":false},"excerpt":{"rendered":"<p>Pr\u00e9miov\u00e1 sklen\u011bn\u00e1 d\u00f3za s \u0161irok\u00fdm hrdlem a v\u00edkem se siln\u00fdm t\u011bsn\u011bn\u00edm. Sklen\u011bn\u00e9 d\u00f3zy s v\u00edky ide\u00e1ln\u00ed pro skladov\u00e1n\u00ed ve velk\u00e9m i pro maloobchodn\u00ed balen\u00ed. Skladem.<\/p>","protected":false},"featured_media":25520,"template":"","meta":[],"product_brand":[],"product_cat":[122,124,125],"product_tag":[],"class_list":{"0":"post-22178","1":"product","2":"type-product","3":"status-publish","4":"has-post-thumbnail","6":"product_cat-custom-glass-packaging","7":"product_cat-custom-glass-jars","8":"product_cat-mason-glass-jars","10":"first","11":"instock","12":"shipping-taxable","13":"product-type-simple"},"jetpack_sharing_enabled":true,"_links":{"self":[{"href":"https:\/\/yebodaglass.com\/cs\/wp-json\/wp\/v2\/product\/22178","targetHints":{"allow":["GET"]}}],"collection":[{"href":"https:\/\/yebodaglass.com\/cs\/wp-json\/wp\/v2\/product"}],"about":[{"href":"https:\/\/yebodaglass.com\/cs\/wp-json\/wp\/v2\/types\/product"}],"version-history":[{"count":5,"href":"https:\/\/yebodaglass.com\/cs\/wp-json\/wp\/v2\/product\/22178\/revisions"}],"predecessor-version":[{"id":25523,"href":"https:\/\/yebodaglass.com\/cs\/wp-json\/wp\/v2\/product\/22178\/revisions\/25523"}],"wp:featuredmedia":[{"embeddable":true,"href":"https:\/\/yebodaglass.com\/cs\/wp-json\/wp\/v2\/media\/25520"}],"wp:attachment":[{"href":"https:\/\/yebodaglass.com\/cs\/wp-json\/wp\/v2\/media?parent=22178"}],"wp:term":[{"taxonomy":"product_brand","embeddable":true,"href":"https:\/\/yebodaglass.com\/cs\/wp-json\/wp\/v2\/product_brand?post=22178"},{"taxonomy":"product_cat","embeddable":true,"href":"https:\/\/yebodaglass.com\/cs\/wp-json\/wp\/v2\/product_cat?post=22178"},{"taxonomy":"product_tag","embeddable":true,"href":"https:\/\/yebodaglass.com\/cs\/wp-json\/wp\/v2\/product_tag?post=22178"}],"curies":[{"name":"wp","href":"https:\/\/api.w.org\/{rel}","templated":true}]}}