{"id":22177,"date":"2025-10-10T16:03:50","date_gmt":"2025-10-10T08:03:50","guid":{"rendered":"https:\/\/yebodaglass.com\/?post_type=product&#038;p=22177"},"modified":"2025-10-17T16:27:52","modified_gmt":"2025-10-17T08:27:52","slug":"bulk-glass-olive-oil-dispensers-with-scale-and-metal-lid","status":"publish","type":"product","link":"https:\/\/yebodaglass.com\/cs\/bulk-glass-olive-oil-dispensers-with-scale-and-metal-lid\/","title":{"rendered":"D\u00e1vkova\u010d olivov\u00e9ho oleje ze skla s v\u00e1hou a kovov\u00fdmi v\u00ed\u010dky \u2013 270 ml, 300 ml, 450 ml"},"content":{"rendered":"<p>Tyto d\u00e1vkova\u010de olivov\u00e9ho oleje jsou vyrobeny z \u010dir\u00e9ho skla s jasn\u011b vyti\u0161t\u011bn\u00fdmi stupnicemi a dod\u00e1vaj\u00ed se s r\u016fzn\u00fdmi stylov\u00fdmi kovov\u00fdmi uz\u00e1v\u011bry. Jsou k dispozici v r\u016fzn\u00fdch velikostech, jsou kr\u00e1sn\u00e9 i praktick\u00e9 a vynik\u00e1 zlatav\u00fd olej uvnit\u0159.<\/p>\n<h2>Vlastnosti produktu<\/h2>\n<ul>\n<li><strong>Odstup\u0148ovan\u00fd design:<\/strong> Odstup\u0148ovan\u00fd design umo\u017e\u0148uje p\u0159esn\u00e9 ovl\u00e1d\u00e1n\u00ed nal\u00e9v\u00e1n\u00ed, co\u017e je ide\u00e1ln\u00ed pro kvantitativn\u00ed pou\u017eit\u00ed oleje.<\/li>\n<li><strong>R\u016fzn\u00e9 styly v\u00ed\u010dek:<\/strong> K dispozici jsou r\u016fzn\u00e9 kovov\u00e9 krytky r\u016fzn\u00fdch styl\u016f, abyste si mohli vybrat tu, kter\u00e1 odpov\u00edd\u00e1 va\u0161emu interi\u00e9ru a va\u0161emu vkusu a z\u00e1rove\u0148 pevn\u011b dr\u017e\u00ed z\u00e1mek.<\/li>\n<li><strong>R\u016fzn\u00e9 dostupn\u00e9 velikosti:<\/strong> T\u0159i lahve maj\u00ed r\u016fzn\u00e9 velikosti, co\u017e znamen\u00e1, \u017ee si m\u016f\u017eete vybrat velikost, kter\u00e1 odpov\u00edd\u00e1 va\u0161emu pou\u017eit\u00ed, co\u017e je skv\u011bl\u00e9 pro ka\u017edodenn\u00ed pou\u017eit\u00ed doma nebo pro malos\u00e9riovou v\u00fdrobu.<\/li>\n<\/ul>\n<h2>Kl\u00ed\u010dov\u00e9 specifikace<\/h2>\n<table style=\"border-collapse: collapse; margin-left: auto; margin-right: auto; width: 642.77pt;\" border=\"0\" width=\"857\" cellspacing=\"0\" cellpadding=\"0\">\n<tbody>\n<tr style=\"height: 13.50pt;\">\n<td style=\"height: 13.50pt; width: 99.75pt;\" width=\"133\" height=\"18\">Funkce<\/td>\n<td style=\"width: 543.00pt;\" width=\"724\">Specifikace<\/td>\n<\/tr>\n<tr style=\"height: 13.50pt;\">\n<td style=\"height: 13.50pt;\" height=\"18\">Rozm\u011bry<\/td>\n<td>6 x 15,6 cm (270 ml), 6,7 x 14,5 cm (300 ml), 6,5 x 19,8 cm (450 ml)<\/td>\n<\/tr>\n<tr style=\"height: 13.50pt;\">\n<td style=\"height: 13.50pt;\" height=\"18\">Materi\u00e1l<\/td>\n<td>Vysoce \u010dir\u00e9 sklo<\/td>\n<\/tr>\n<tr style=\"height: 13.50pt;\">\n<td style=\"height: 13.50pt;\" height=\"18\">Mo\u017enosti v\u00edka<\/td>\n<td>Pevn\u00fd uz\u00e1v\u011br, nal\u00e9vac\u00ed hrdlo, kovov\u00e9 \u0161roubovac\u00ed v\u00ed\u010dko<\/td>\n<\/tr>\n<tr style=\"height: 13.50pt;\">\n<td style=\"height: 13.50pt;\" height=\"18\">Nejlep\u0161\u00ed pro<\/td>\n<td>Olivov\u00fd olej, ocet, dresinky, oleje s p\u0159\u00edchut\u00ed<\/td>\n<\/tr>\n<tr style=\"height: 13.50pt;\">\n<td style=\"height: 13.50pt;\" height=\"18\">Ide\u00e1ln\u00ed pou\u017eit\u00ed<\/td>\n<td>D\u00e1vkova\u010d olivov\u00e9ho oleje, d\u00e1vkova\u010d sklen\u011bn\u00fdch lahv\u00ed na olej, sady na olej a ocet, velkoobchodn\u00ed st\u00e1\u010den\u00ed do lahv\u00ed<\/td>\n<\/tr>\n<\/tbody>\n<\/table>\n<h2>P\u0159\u00edb\u011bh \u00fasp\u011bchu<\/h2>\n<p>Mal\u00fd producent olivov\u00e9ho oleje prod\u00e1val sv\u016fj olej ve standardn\u00edch kulat\u00fdch sklen\u011bn\u00fdch lahv\u00edch. Jejich produkt byl vysoce kvalitn\u00ed, ale z\u00e1kazn\u00edci \u0159\u00edkali, \u017ee \u201eho pou\u017eili p\u0159\u00edli\u0161 mnoho\u201c nebo \u201enemohli kontrolovat nal\u00e9v\u00e1n\u00ed\u201c. P\u0159e\u0161li na tento d\u00e1vkova\u010d olivov\u00e9ho oleje s odm\u011brkami. Stejn\u00fd olej. Nov\u00e1 lahev. Najednou u\u017eivatel\u00e9 chv\u00e1lili \u201echytr\u00fd design\u201c. Jeden napsal: \u201eKone\u010dn\u011b jsem p\u0159estal p\u0159el\u00e9vat sal\u00e1ty.\u201c Kucha\u0159sk\u00e1 \u0161kola je za\u010dala pou\u017e\u00edvat ve v\u00fduce \u2013 studenti se mohli p\u0159esn\u011b \u0159\u00eddit recepty.<\/p>\n<h2>N\u00e1pady na p\u0159izp\u016fsoben\u00ed sklen\u011bn\u00fdch lahv\u00ed na olej<\/h2>\n<ul>\n<li>Mo\u017enosti t\u00f3novan\u00e9ho skla \u2013 Pou\u017eijte jantarov\u00e9 nebo zelen\u00e9 sklo k ochran\u011b citliv\u00fdch olej\u016f p\u0159ed UV z\u00e1\u0159en\u00edm.<\/li>\n<li>Logo grav\u00edrovan\u00e9 laserem \u2013 Vypalte svou zna\u010dku do skla pod rysku. Trval\u00e9. Profesion\u00e1ln\u00ed.<\/li>\n<li>Texturovan\u00e1 z\u00e1kladna \u2013 P\u0159idejte na spodn\u00ed \u010d\u00e1st m\u0159\u00ed\u017ekov\u00fd nebo vlnit\u00fd vzor. Zlep\u0161uje p\u0159ilnavost a zabra\u0148uje klouz\u00e1n\u00ed na mokr\u00fdch desk\u00e1ch.<\/li>\n<li>Antistatick\u00fd povlak \u2013 Sni\u017euje hromad\u011bn\u00ed prachu na povrchu skla a zaru\u010duje tak \u010dist\u0161\u00ed vzhled v pr\u016fb\u011bhu \u010dasu.<\/li>\n<\/ul>\n<p>Tyto \u00fapravy nejsou jen kosmetick\u00e9 drobnosti. Prom\u011bn\u00ed va\u0161e sklen\u011bn\u00e9 lahve od oleje ve vysoce v\u00fdkonn\u00e9 d\u00e1vkova\u010de \u2013 funk\u010dn\u00ed, zna\u010dkov\u00e9 a vyroben\u00e9 pro velkoobchodn\u00ed prodej.<\/p>","protected":false},"excerpt":{"rendered":"<p>Odoln\u00fd sklen\u011bn\u00fd d\u00e1vkova\u010d olivov\u00e9ho oleje s odstup\u0148ovan\u00fdm zna\u010den\u00edm a kovov\u00fdm v\u00edkem. Elegantn\u00ed a praktick\u00fd design, velkoobchodn\u00ed dod\u00e1vky, ide\u00e1ln\u00ed pro pou\u017eit\u00ed v kuchyni a restauraci.<\/p>","protected":false},"featured_media":22190,"template":"","meta":[],"product_brand":[],"product_cat":[122,123,126],"product_tag":[],"class_list":{"0":"post-22177","1":"product","2":"type-product","3":"status-publish","4":"has-post-thumbnail","6":"product_cat-custom-glass-packaging","7":"product_cat-custom-glass-bottles","8":"product_cat-olive-oil-bottles","10":"first","11":"instock","12":"shipping-taxable","13":"product-type-simple"},"jetpack_sharing_enabled":true,"_links":{"self":[{"href":"https:\/\/yebodaglass.com\/cs\/wp-json\/wp\/v2\/product\/22177","targetHints":{"allow":["GET"]}}],"collection":[{"href":"https:\/\/yebodaglass.com\/cs\/wp-json\/wp\/v2\/product"}],"about":[{"href":"https:\/\/yebodaglass.com\/cs\/wp-json\/wp\/v2\/types\/product"}],"version-history":[{"count":5,"href":"https:\/\/yebodaglass.com\/cs\/wp-json\/wp\/v2\/product\/22177\/revisions"}],"predecessor-version":[{"id":22460,"href":"https:\/\/yebodaglass.com\/cs\/wp-json\/wp\/v2\/product\/22177\/revisions\/22460"}],"wp:featuredmedia":[{"embeddable":true,"href":"https:\/\/yebodaglass.com\/cs\/wp-json\/wp\/v2\/media\/22190"}],"wp:attachment":[{"href":"https:\/\/yebodaglass.com\/cs\/wp-json\/wp\/v2\/media?parent=22177"}],"wp:term":[{"taxonomy":"product_brand","embeddable":true,"href":"https:\/\/yebodaglass.com\/cs\/wp-json\/wp\/v2\/product_brand?post=22177"},{"taxonomy":"product_cat","embeddable":true,"href":"https:\/\/yebodaglass.com\/cs\/wp-json\/wp\/v2\/product_cat?post=22177"},{"taxonomy":"product_tag","embeddable":true,"href":"https:\/\/yebodaglass.com\/cs\/wp-json\/wp\/v2\/product_tag?post=22177"}],"curies":[{"name":"wp","href":"https:\/\/api.w.org\/{rel}","templated":true}]}}