{"id":22150,"date":"2025-10-10T17:26:27","date_gmt":"2025-10-10T09:26:27","guid":{"rendered":"https:\/\/yebodaglass.com\/?post_type=product&#038;p=22150"},"modified":"2026-03-20T15:31:19","modified_gmt":"2026-03-20T07:31:19","slug":"cylindrical-mason-glass-jars-with-lids-bulk","status":"publish","type":"product","link":"https:\/\/yebodaglass.com\/cs\/produkt\/cylindrical-mason-glass-jars-with-lids-bulk\/","title":{"rendered":"V\u00e1lcov\u00e9 sklen\u011bn\u00e9 d\u00f3zy Mason s v\u00ed\u010dky o objemu 70 ml \u2013 380 ml, voln\u011b lo\u017een\u00e9"},"content":{"rendered":"<p>Jedn\u00e1 se o sklen\u011bn\u00e9 d\u00f3zy Mason s v\u00ed\u010dky z k\u0159i\u0161\u0165\u00e1lov\u011b \u010dir\u00e9ho skla, v\u00e1lcovit\u00e9ho tvaru a le\u0161t\u011bn\u00e9ho st\u0159\u00edbrn\u00e9ho kovov\u00e9ho v\u00ed\u010dka. D\u00edky mo\u017enosti personalizace lze jejich otev\u0159en\u00e9 n\u00e1doby snadno ozna\u010dit a zobrazit s obsahem.<\/p>\n<h2>Vlastnosti produktu<\/h2>\n<ul>\n<li><strong>Jednoduch\u00fd v\u00e1lcov\u00fd tvar:<\/strong> V\u00e1lcov\u00e9 korpusy s ploch\u00fdm dnem jsou rovn\u00e9 nebo \u0161irok\u00e9, aby poskytovaly stabilitu a snadno se stohovaly, a tak\u00e9 maj\u00ed velmi minimalistick\u00fd vzhled.<\/li>\n<li><strong>Matn\u00e9 st\u0159\u00edbrn\u00e9 kovov\u00e9 v\u00edko:<\/strong> Matn\u00e1 kovov\u00e1 ploch\u00e1 st\u0159\u00edbrn\u00e1 v\u00ed\u010dka t\u011bsn\u00ed a maj\u00ed elegantn\u00ed, modern\u00ed vzhled.<\/li>\n<li><strong>\u010cir\u00e9 sklo s vysokou pr\u016fhlednost\u00ed:<\/strong> Perfektn\u00ed typ \u010dir\u00e9ho skla v\u00e1m umo\u017en\u00ed snadno vid\u011bt, co je uvnit\u0159, a tak\u00e9 sledovat skladovan\u00e9 z\u00e1soby.<\/li>\n<\/ul>\n<h2>Kl\u00ed\u010dov\u00e9 specifikace<\/h2>\n<table style=\"border-collapse: collapse; width: 80%; margin-left: auto; margin-right: auto;\" border=\"0\" width=\"360\" cellspacing=\"0\" cellpadding=\"0\">\n<tbody>\n<tr style=\"height: 13.50pt;\">\n<td style=\"height: 13.5pt; width: 54pt; text-align: center;\" width=\"72\" height=\"18\">Model<\/td>\n<td style=\"width: 54pt; text-align: center;\" width=\"72\">Kapacita (ml)<\/td>\n<td style=\"width: 54pt; text-align: center;\" width=\"72\">Tvar<\/td>\n<td style=\"width: 54pt; text-align: center;\" width=\"72\">Velikost (cm)<\/td>\n<td style=\"width: 54pt; text-align: center;\" width=\"72\">Mo\u017enosti barev<\/td>\n<\/tr>\n<tr style=\"height: 13.50pt;\">\n<td style=\"height: 13.5pt; text-align: center;\" align=\"right\" height=\"18\">63007040<\/td>\n<td style=\"text-align: center;\" align=\"right\">70<\/td>\n<td class=\"et2\" style=\"text-align: center;\" rowspan=\"6\">Rovn\u00e1 kulat\u00e1 l\u00e1hev<\/td>\n<td style=\"text-align: center;\">6.1&#215;4.5<\/td>\n<td class=\"et2\" style=\"text-align: center;\" rowspan=\"6\">Vymazat (Vlastn\u00ed)<\/td>\n<\/tr>\n<tr style=\"height: 13.50pt;\">\n<td style=\"height: 13.5pt; text-align: center;\" align=\"right\" height=\"18\">63015041<\/td>\n<td style=\"text-align: center;\" align=\"right\">150<\/td>\n<td style=\"text-align: center;\">6.1&#215;8.1<\/td>\n<\/tr>\n<tr style=\"height: 13.50pt;\">\n<td style=\"height: 13.5pt; text-align: center;\" align=\"right\" height=\"18\">63020042<\/td>\n<td style=\"text-align: center;\" align=\"right\">200<\/td>\n<td style=\"text-align: center;\">6.1&#215;10.0<\/td>\n<\/tr>\n<tr style=\"height: 13.50pt;\">\n<td style=\"height: 13.5pt; text-align: center;\" align=\"right\" height=\"18\">63024043<\/td>\n<td style=\"text-align: center;\" align=\"right\">240<\/td>\n<td style=\"text-align: center;\">6.1&#215;12.1<\/td>\n<\/tr>\n<tr style=\"height: 13.50pt;\">\n<td style=\"height: 13.5pt; text-align: center;\" align=\"right\" height=\"18\">63028044<\/td>\n<td style=\"text-align: center;\" align=\"right\">280<\/td>\n<td style=\"text-align: center;\">6.1&#215;13.7<\/td>\n<\/tr>\n<tr style=\"height: 13.50pt;\">\n<td style=\"height: 13.5pt; text-align: center;\" align=\"right\" height=\"18\">63038045<\/td>\n<td style=\"text-align: center;\" align=\"right\">380<\/td>\n<td style=\"text-align: center;\">6.1&#215;17.3<\/td>\n<\/tr>\n<\/tbody>\n<\/table>\n<h2>P\u0159\u00edpadov\u00e1 studie \u00fasp\u011bchu: Zak\u00e1zkov\u00e1 objedn\u00e1vka celost\u00e1tn\u00edho \u0159et\u011bzce prodejc\u016f zdrav\u00e9 v\u00fd\u017eivy<\/h2>\n<p>Jeden z velk\u00fdch obchod\u016f se zdravou v\u00fd\u017eivou si vybral na\u0161i zak\u00e1zkovou sklenici Mason s laserov\u011b grav\u00edrovan\u00fdmi stupnicemi a kovov\u00fdmi v\u00ed\u010dky. V\u00fdsledky tohoto syst\u00e9mu p\u0159izp\u016fsoben\u00ed byly zna\u010dn\u00e9: po\u010det stupnic v oblasti \u010dir\u00e9ho skla sn\u00ed\u017eil o 20 procent po\u010det z\u00e1m\u011bn a rozlit\u00ed v oblasti sypk\u00fdch potravin. Stohov\u00e1n\u00ed a rovnom\u011brnost sklenic zv\u00fd\u0161ily hustotu v reg\u00e1lech o 15 %. D\u00edky tomuto v\u00fdkonu si objednali dal\u0161\u00edch 300 000 sklenic do sv\u00fdch jednotn\u00fdch odd\u011blen\u00ed sypk\u00fdch potravin v supermarketech po cel\u00e9 zemi.<\/p>\n<h2>Doporu\u010den\u00ed pro p\u0159izp\u016fsoben\u00ed sklen\u011bn\u00e9 n\u00e1doby Mason s v\u00ed\u010dky<\/h2>\n<ul>\n<li>Lept\u00e1n\u00ed\/tisk na sklo na zak\u00e1zku: Vylepte si logo, vzor nebo plo\u0161n\u00fd design na sklo pomoc\u00ed laseru a vytvo\u0159te tak trvalou a luxusn\u00ed zna\u010dku na va\u0161ich zava\u0159ovac\u00edch sklenic\u00edch na zak\u00e1zku.<\/li>\n<li>Materi\u00e1l a povrchov\u00e1 \u00faprava v\u00edka: Povrchov\u00e9 \u00fapravy a materi\u00e1ly: Povrchov\u00e9 \u00fapravy a materi\u00e1ly dostupn\u00e9 v \u0159ad\u011b ploch\u00fdch v\u00ed\u010dek, v\u010detn\u011b bambusov\u00e9ho materi\u00e1lu, matn\u00e9ho \u010dern\u00e9ho plastu, m\u011bdi nebo r\u016f\u017eov\u00e9ho zlata.<\/li>\n<li>\u010ctvercov\u00fd\/\u0161estihrann\u00fd design \u010ctvercov\u00e9 nebo \u0161estihrann\u00e9 d\u00f3zy Mason jsou navr\u017eeny v modern\u00edch prostorov\u011b efektivn\u00edch \u010dtvercov\u00fdch nebo \u0161estihrann\u00fdch tvarech s v\u00ed\u010dky a nejl\u00e9pe se um\u00edst\u00ed na police.<\/li>\n<\/ul>","protected":false},"excerpt":{"rendered":"<p>Pr\u00e9miov\u00e9 zava\u0159ovac\u00ed sklenice Mason a zava\u0159ovac\u00ed d\u00f3zy Mason s v\u00ed\u010dky na m\u00edru. \u0160irok\u00e9 hrdlo a velkoobchodn\u00ed skladov\u00e1n\u00ed potravin na med, om\u00e1\u010dky a ko\u0159en\u00ed. Velikosti na m\u00edru. Balen\u00ed p\u0159ipraven\u00e9 k pou\u017eit\u00ed.<\/p>","protected":false},"featured_media":25542,"template":"","meta":[],"product_brand":[],"product_cat":[125,124,122],"product_tag":[],"class_list":{"0":"post-22150","1":"product","2":"type-product","3":"status-publish","4":"has-post-thumbnail","6":"product_cat-mason-glass-jars","7":"product_cat-custom-glass-jars","8":"product_cat-custom-glass-packaging","10":"first","11":"instock","12":"shipping-taxable","13":"product-type-simple"},"jetpack_sharing_enabled":true,"_links":{"self":[{"href":"https:\/\/yebodaglass.com\/cs\/wp-json\/wp\/v2\/product\/22150","targetHints":{"allow":["GET"]}}],"collection":[{"href":"https:\/\/yebodaglass.com\/cs\/wp-json\/wp\/v2\/product"}],"about":[{"href":"https:\/\/yebodaglass.com\/cs\/wp-json\/wp\/v2\/types\/product"}],"version-history":[{"count":5,"href":"https:\/\/yebodaglass.com\/cs\/wp-json\/wp\/v2\/product\/22150\/revisions"}],"predecessor-version":[{"id":25543,"href":"https:\/\/yebodaglass.com\/cs\/wp-json\/wp\/v2\/product\/22150\/revisions\/25543"}],"wp:featuredmedia":[{"embeddable":true,"href":"https:\/\/yebodaglass.com\/cs\/wp-json\/wp\/v2\/media\/25542"}],"wp:attachment":[{"href":"https:\/\/yebodaglass.com\/cs\/wp-json\/wp\/v2\/media?parent=22150"}],"wp:term":[{"taxonomy":"product_brand","embeddable":true,"href":"https:\/\/yebodaglass.com\/cs\/wp-json\/wp\/v2\/product_brand?post=22150"},{"taxonomy":"product_cat","embeddable":true,"href":"https:\/\/yebodaglass.com\/cs\/wp-json\/wp\/v2\/product_cat?post=22150"},{"taxonomy":"product_tag","embeddable":true,"href":"https:\/\/yebodaglass.com\/cs\/wp-json\/wp\/v2\/product_tag?post=22150"}],"curies":[{"name":"wp","href":"https:\/\/api.w.org\/{rel}","templated":true}]}}