{"id":22112,"date":"2025-10-10T17:24:25","date_gmt":"2025-10-10T09:24:25","guid":{"rendered":"https:\/\/yebodaglass.com\/?post_type=product&#038;p=22112"},"modified":"2026-03-20T13:59:59","modified_gmt":"2026-03-20T05:59:59","slug":"clear-glass-mason-jars-with-diamond-pattern-bulk","status":"publish","type":"product","link":"https:\/\/yebodaglass.com\/cs\/produkt\/clear-glass-mason-jars-with-diamond-pattern-bulk\/","title":{"rendered":"Sklen\u011bn\u00e9 zava\u0159ovac\u00ed sklenice Mason s diamantov\u00fdm vzorem o objemu 120 \u2013 620 ml"},"content":{"rendered":"<p>Tyto sklen\u011bn\u00e9 d\u00f3zy jsou kombinac\u00ed n\u00e1dhern\u00e9ho skla s diamantov\u00fdm vzorem a \u010dir\u00e9ho skla s hladk\u00fdm sklem a tradi\u010dn\u00edmi st\u0159\u00edbrn\u00fdmi kovov\u00fdmi \u0161roubovac\u00edmi uz\u00e1v\u011bry. Dod\u00e1vaj\u00ed se v r\u016fzn\u00fdch velikostech a jsou dekorativn\u00ed i praktick\u00e9.<\/p>\n<h2>Vlastnosti produktu<\/h2>\n<ul>\n<li><strong>Textura s diamantov\u00fdm pro\u0161\u00edv\u00e1n\u00edm:<\/strong> Na skle je reli\u00e9fn\u00ed diamantov\u00fd vzor, \u200b\u200bkter\u00fd mu dod\u00e1v\u00e1 vizu\u00e1ln\u00ed atraktivitu, zlep\u0161uje \u00fachop a vytv\u00e1\u0159\u00ed kr\u00e1sn\u00fd lom sv\u011btla.<\/li>\n<li><strong>Klasick\u00fd design se \u0161irok\u00fdmi \u00fasty:<\/strong> D\u00edky tomuto designu se tak\u00e9 snadno pln\u00ed, nab\u00edr\u00e1 a \u010dist\u00ed sklenice, tak\u017ee j\u00e1dro sklenice je docela u\u017eite\u010dn\u00e9.<\/li>\n<li><strong>R\u016fzn\u00e9 kapacity:<\/strong> Nab\u00edz\u00ed r\u016fzn\u00e9 velikosti od mini a\u017e po velk\u00e9, aby vyhovovaly r\u016fzn\u00fdm po\u017eadavk\u016fm, od mal\u00fdch porcov\u00e1n\u00ed a denn\u00edho skladov\u00e1n\u00ed a\u017e po velkokapacitn\u00ed organizace.<\/li>\n<\/ul>\n<h2><strong data-spm-anchor-id=\"5176.28103460.0.i9.29ab2e316PlIRp\">Kl\u00ed\u010dov\u00e9 specifikace<\/strong><\/h2>\n<table style=\"border-collapse: collapse; width: 80%; margin-left: auto; margin-right: auto;\" border=\"0\" width=\"288\" cellspacing=\"0\" cellpadding=\"0\">\n<tbody>\n<tr style=\"height: 13.50pt;\">\n<td style=\"height: 13.5pt; width: 54pt; text-align: center;\" width=\"72\" height=\"18\">Model<\/td>\n<td style=\"width: 54pt; text-align: center;\" width=\"72\">Kapacita (ml)<\/td>\n<td style=\"width: 54pt; text-align: center;\" width=\"72\">Velikost (cm)<\/td>\n<td style=\"width: 54pt; text-align: center;\" width=\"72\">Styl<\/td>\n<\/tr>\n<tr style=\"height: 13.50pt;\">\n<td style=\"height: 13.5pt; text-align: center;\" align=\"right\" height=\"18\">63012026<\/td>\n<td style=\"text-align: center;\" align=\"right\">120<\/td>\n<td style=\"text-align: center;\">6.4&#215;5.5&#215;6.9<\/td>\n<td class=\"et2\" style=\"text-align: center;\" rowspan=\"7\">\u010cir\u00fd, Vlastn\u00ed (s diamantov\u00fdm vzorem)<\/td>\n<\/tr>\n<tr style=\"height: 13.50pt;\">\n<td style=\"height: 13.50pt; text-align: center;\" align=\"right\" height=\"18\">63020027<\/td>\n<td style=\"text-align: center;\" align=\"right\">200<\/td>\n<td style=\"text-align: center;\">6.5&#215;8.7&#215;6.9<\/td>\n<\/tr>\n<tr style=\"height: 13.50pt;\">\n<td style=\"height: 13.50pt; text-align: center;\" align=\"right\" height=\"18\">63027028<\/td>\n<td style=\"text-align: center;\" align=\"right\">270<\/td>\n<td style=\"text-align: center;\">7.5&#215;8.4&#215;8.5<\/td>\n<\/tr>\n<tr style=\"height: 13.50pt;\">\n<td style=\"height: 13.50pt; text-align: center;\" align=\"right\" height=\"18\">63050029<\/td>\n<td style=\"text-align: center;\" align=\"right\">430<\/td>\n<td style=\"text-align: center;\">7.3&#215;11.7&#215;8.5<\/td>\n<\/tr>\n<tr style=\"height: 13.50pt;\">\n<td style=\"height: 13.50pt; text-align: center;\" align=\"right\" height=\"18\">63025030<\/td>\n<td style=\"text-align: center;\" align=\"right\">250<\/td>\n<td style=\"text-align: center;\">6.3&#215;10.5&#215;6.9<\/td>\n<\/tr>\n<tr style=\"height: 13.50pt;\">\n<td style=\"height: 13.50pt; text-align: center;\" align=\"right\" height=\"18\">63035031<\/td>\n<td style=\"text-align: center;\" align=\"right\">350<\/td>\n<td style=\"text-align: center;\">6.6&#215;13.3&#215;6.9<\/td>\n<\/tr>\n<tr style=\"height: 13.50pt;\">\n<td style=\"height: 13.50pt; text-align: center;\" align=\"right\" height=\"18\">63062032<\/td>\n<td style=\"text-align: center;\" align=\"right\">620<\/td>\n<td style=\"text-align: center;\">7.7&#215;16.2&#215;8.5<\/td>\n<\/tr>\n<\/tbody>\n<\/table>\n<h2>P\u0159\u00edb\u011bh \u00fasp\u011bchu Spole\u010dnost s d\u00e1rkov\u00fdmi ko\u0161i ze St\u0159edoz\u00e1padu Nejprod\u00e1van\u011bj\u0161\u00ed produkt<\/h2>\n<p>Na\u0161e zava\u0159ovac\u00ed sklenice Mason s diamantov\u00fdm vzorem byly vybr\u00e1ny spole\u010dnost\u00ed vyr\u00e1b\u011bj\u00edc\u00ed d\u00e1rkov\u00e9 ko\u0161e ze St\u0159edoz\u00e1padu a byly vyrobeny ve sv\u011btle jantarov\u00e9 barv\u011b. Textura skla dod\u00e1v\u00e1 v\u00fdrobku atmosf\u00e9ru ru\u010dn\u00ed pr\u00e1ce a zvy\u0161uje cenu o 40 %. Pevn\u00e1 a t\u011b\u017ek\u00e1 sklen\u011bn\u00e1 hmota se prom\u00edt\u00e1 do m\u00edry rozbit\u00ed p\u0159i p\u0159eprav\u011b ni\u017e\u0161\u00ed ne\u017e 0,3. D\u00e1rkov\u00e1 sada byla tak \u00fasp\u011b\u0161n\u00e1, \u017ee si spole\u010dnost objednala dal\u0161\u00edch 850 000 zava\u0159ovac\u00edch sklenic, aby mohla sv\u00e9 d\u00e1rkov\u00e9 sady znovu vyr\u00e1b\u011bt a pou\u017e\u00edvat je v n\u00e1sleduj\u00edc\u00edch dvou sv\u00e1te\u010dn\u00edch obdob\u00edch.<\/p>\n<h2>Alternativy p\u0159izp\u016fsoben\u00ed ve sklen\u011bn\u00fdch zava\u0159ovac\u00edch sklenic\u00edch<\/h2>\n<ul>\n<li>Varianty vzor\u016f: reli\u00e9fn\u00ed vzory se dod\u00e1vaj\u00ed v r\u016fzn\u00fdch variant\u00e1ch, jako je vo\u0161tina, pro\u0161\u00edvan\u00e9 nebo vlnit\u00e9 vzory.<\/li>\n<li>Povrchov\u00e1 \u00faprava v\u00edka: K dispozici jsou i dal\u0161\u00ed povrchov\u00e9 \u00fapravy v\u00edka, jako je m\u011bd\u011bn\u00e1, zlat\u00e1, \u010dern\u00e1 nebo matn\u00e1.<\/li>\n<li>S\u00edtotisk: Nechte si na sklo vytisknout \u010d\u00e1ry m\u011b\u0159\u00edtka, ozdobn\u00e9 okraje nebo rustik\u00e1ln\u00ed ilustrace.<\/li>\n<\/ul>","protected":false},"excerpt":{"rendered":"<p>Pr\u016fhledn\u00e9 sklen\u011bn\u00e9 zava\u0159ovac\u00ed sklenice s klasick\u00fdmi reli\u00e9fn\u00edmi vzory a pevn\u00fdmi v\u00ed\u010dky. Praktick\u00e9 zava\u0159ovac\u00ed sklenice pro skladov\u00e1n\u00ed a balen\u00ed potravin. Dod\u00e1v\u00e1 se p\u0159\u00edmo od v\u00fdrobce.<\/p>","protected":false},"featured_media":25534,"template":"","meta":[],"product_brand":[],"product_cat":[125,124,122],"product_tag":[],"class_list":{"0":"post-22112","1":"product","2":"type-product","3":"status-publish","4":"has-post-thumbnail","6":"product_cat-mason-glass-jars","7":"product_cat-custom-glass-jars","8":"product_cat-custom-glass-packaging","10":"first","11":"instock","12":"shipping-taxable","13":"product-type-simple"},"jetpack_sharing_enabled":true,"_links":{"self":[{"href":"https:\/\/yebodaglass.com\/cs\/wp-json\/wp\/v2\/product\/22112","targetHints":{"allow":["GET"]}}],"collection":[{"href":"https:\/\/yebodaglass.com\/cs\/wp-json\/wp\/v2\/product"}],"about":[{"href":"https:\/\/yebodaglass.com\/cs\/wp-json\/wp\/v2\/types\/product"}],"version-history":[{"count":5,"href":"https:\/\/yebodaglass.com\/cs\/wp-json\/wp\/v2\/product\/22112\/revisions"}],"predecessor-version":[{"id":25536,"href":"https:\/\/yebodaglass.com\/cs\/wp-json\/wp\/v2\/product\/22112\/revisions\/25536"}],"wp:featuredmedia":[{"embeddable":true,"href":"https:\/\/yebodaglass.com\/cs\/wp-json\/wp\/v2\/media\/25534"}],"wp:attachment":[{"href":"https:\/\/yebodaglass.com\/cs\/wp-json\/wp\/v2\/media?parent=22112"}],"wp:term":[{"taxonomy":"product_brand","embeddable":true,"href":"https:\/\/yebodaglass.com\/cs\/wp-json\/wp\/v2\/product_brand?post=22112"},{"taxonomy":"product_cat","embeddable":true,"href":"https:\/\/yebodaglass.com\/cs\/wp-json\/wp\/v2\/product_cat?post=22112"},{"taxonomy":"product_tag","embeddable":true,"href":"https:\/\/yebodaglass.com\/cs\/wp-json\/wp\/v2\/product_tag?post=22112"}],"curies":[{"name":"wp","href":"https:\/\/api.w.org\/{rel}","templated":true}]}}