{"id":22104,"date":"2025-10-10T15:01:45","date_gmt":"2025-10-10T07:01:45","guid":{"rendered":"https:\/\/yebodaglass.com\/?post_type=product&#038;p=22104"},"modified":"2026-03-26T15:44:18","modified_gmt":"2026-03-26T07:44:18","slug":"wholesale-green-oil-olive-bottles-with-cylindrical-shape","status":"publish","type":"product","link":"https:\/\/yebodaglass.com\/cs\/wholesale-green-oil-olive-bottles-with-cylindrical-shape\/","title":{"rendered":"Velkoobchodn\u00ed lahve na zelen\u00fd olivov\u00fd olej v\u00e1lcovit\u00e9ho tvaru \u2013 250 ml 500 ml 750 ml"},"content":{"rendered":"<p>Tato l\u00e1hev na olivov\u00fd olej m\u00e1 rovn\u00fd v\u00e1lcovit\u00fd tvar, je \u0161t\u00edhl\u00e1 a bez polom\u011bru. T\u011blo l\u00e1hve je vyrobeno z tmav\u011b olivov\u011b zelen\u00e9ho skla, kter\u00e9 poskytuje dobrou ochranu p\u0159ed sv\u011btlem. Hrdlo je z\u00e1vitov\u00e9 a m\u00e1 \u0161roubovac\u00ed uz\u00e1v\u011br, kter\u00fd je bu\u010f zlat\u00fd, nebo \u010dern\u00fd.<\/p>\n<h2>Vlastnosti produktu<\/h2>\n<ul>\n<li><strong>Jednotka UV ochrany:<\/strong> Zelen\u00e9 sklo lahv\u00ed od oleje chr\u00e1n\u00ed olivov\u00fd olej uvnit\u0159, proto\u017ee zabra\u0148uje blednut\u00ed a \u017eluknut\u00ed v d\u016fsledku slune\u010dn\u00edho z\u00e1\u0159en\u00ed, a t\u00edm umo\u017e\u0148uje oleji del\u0161\u00ed trvanlivost.<\/li>\n<li><strong>\u0160t\u00edhl\u00fd v\u00e1lcov\u00fd tvar:<\/strong> \u0160t\u00edhl\u00fd v\u00e1lcovit\u00fd tvar nejen \u0161et\u0159\u00ed m\u00edsto, ale tak\u00e9 se s n\u00edm snadno manipuluje a v d\u016fsledku toho je snaz\u0161\u00ed kontrolovat tok tekutiny p\u0159i jej\u00edm nal\u00e9v\u00e1n\u00ed.<\/li>\n<li><strong>V\u00edce velikost\u00ed:<\/strong> Nab\u00edz\u00edme lahve r\u016fzn\u00fdch velikost\u00ed, abychom uspokojili va\u0161e ka\u017edodenn\u00ed pot\u0159eby v mal\u00e9m i velk\u00e9m objemu.<\/li>\n<\/ul>\n<h2>Kl\u00ed\u010dov\u00e9 specifikace<\/h2>\n<table style=\"border-collapse: collapse; margin-left: auto; margin-right: auto; width: 448.52pt;\" border=\"0\" width=\"598\" cellspacing=\"0\" cellpadding=\"0\">\n<tbody>\n<tr style=\"height: 13.50pt;\">\n<td style=\"height: 13.50pt; width: 92.25pt;\" width=\"123\" height=\"18\">Funkce<\/td>\n<td style=\"width: 356.25pt;\" width=\"475\">Specifikace<\/td>\n<\/tr>\n<tr style=\"height: 13.50pt;\">\n<td style=\"height: 13.50pt;\" height=\"18\">Rozm\u011bry<\/td>\n<td>5,0 \u00d7 23,2 cm (250 ml), 6,1 \u00d7 28 cm (500 ml), 6,9 \u00d7 30,9 cm (750 ml)<\/td>\n<\/tr>\n<tr style=\"height: 13.50pt;\">\n<td style=\"height: 13.50pt;\" height=\"18\">Velikost krku<\/td>\n<td>Z\u00e1vit 19x30 mm<\/td>\n<\/tr>\n<tr style=\"height: 13.50pt;\">\n<td style=\"height: 13.50pt;\" height=\"18\">Materi\u00e1l<\/td>\n<td>Zelen\u00e9 sklo s UV ochranou<\/td>\n<\/tr>\n<tr style=\"height: 13.50pt;\">\n<td style=\"height: 13.50pt;\" height=\"18\">Tvar<\/td>\n<td>Vysok\u00e1 v\u00e1lcov\u00e1 (kulat\u00e9 sklo)<\/td>\n<\/tr>\n<tr style=\"height: 13.50pt;\">\n<td style=\"height: 13.50pt;\" height=\"18\">Nejlep\u0161\u00ed pro<\/td>\n<td>Olivov\u00fd olej, olej na va\u0159en\u00ed, dresinky<\/td>\n<\/tr>\n<\/tbody>\n<\/table>\n<h2>P\u0159\u00edpad \u00fasp\u011bchu<\/h2>\n<p>Jeden z rodinn\u00fdch v\u00fdrobc\u016f olivov\u00e9ho oleje ve \u0160pan\u011blsku si vybral na\u0161i 750ml zelenou l\u00e1hev na olej se zlat\u00fdm uz\u00e1v\u011brem, na kter\u00e9m je laserem vyryto datum sklizn\u011b a k\u00f3d \u0161ar\u017ee. Sklen\u011bn\u00e9 t\u011blo s UV odolnost\u00ed v kombinaci s p\u0159esn\u00fdm k\u00f3dem \u0161ar\u017ee jim umo\u017enilo minimalizovat ztr\u00e1ty z pro\u0161l\u00fdch z\u00e1sob o 42 procent a vysoce kvalitn\u00ed balen\u00ed jim tak\u00e9 p\u0159ineslo o 20 procent vy\u0161\u0161\u00ed zisk z exportu. V\u00fdrobce objednal 200 000 lahv\u00ed sv\u00e9 nov\u00e9 s\u00e9rie olivov\u00e9ho oleje pro ranou sklize\u0148, co\u017e se uk\u00e1zalo jako \u00fasp\u011b\u0161n\u00e9, co\u017e vedlo k v\u011bt\u0161\u00edmu po\u010dtu objedn\u00e1vek.<\/p>\n<h2>Tipy pro \u00fapravu sklen\u011bn\u00fdch lahv\u00ed od olivov\u00e9ho oleje<\/h2>\n<ul>\n<li>Matn\u00e1 l\u00e1hev \u2013 Cel\u00fd povrch op\u00edskujte pro jemn\u00fd matn\u00fd povrch. Zachov\u00e1v\u00e1 zelenou barvu, ale dod\u00e1v\u00e1 j\u00ed modern\u00ed a texturovan\u00fd vzhled.<\/li>\n<li>Texturovan\u00e9 dno \u2013 Um\u00edst\u011bte soust\u0159edn\u00e9 krou\u017eky nebo vzor se slune\u010dn\u00edmi paprsky na dno lahve, \u010d\u00edm\u017e vytvo\u0159\u00edte vzor, \u200b\u200bkter\u00fd p\u016fsob\u00ed bohat\u011b a texturovan\u011b a z\u00e1rove\u0148 j\u00ed dod\u00e1 jedine\u010dn\u00fd vzhled.<\/li>\n<li>Zkosen\u00e9 rameno \u2013 Tvo\u0159\u00ed \u0161ikmou k\u0159ivku od hrdla k t\u011blu n\u00e1doby. Tento jednoduch\u00fd prvek dod\u00e1v\u00e1 n\u00e1dech p\u016fvabu a z\u00e1rove\u0148 dokonale propou\u0161t\u00ed sv\u011btlo.<\/li>\n<li>Laserov\u00e9 grav\u00edrov\u00e1n\u00ed \u2013 Vyu\u017eijte p\u0159esn\u00fd laser a vylepte logo sv\u00e9 zna\u010dky nebo jak\u00fdkoli obr\u00e1zek p\u0159\u00edmo do skla.<\/li>\n<\/ul>","protected":false},"excerpt":{"rendered":"<p>Tmav\u011b zelen\u00e9 sklen\u011bn\u00e9 lahve na olivov\u00fd olej se \u0161roubovac\u00edm uz\u00e1v\u011brem, kter\u00e9 chr\u00e1n\u00ed kvalitu oleje. Ide\u00e1ln\u00ed pro olivov\u00fd olej, olej na va\u0159en\u00ed a gurm\u00e1nsk\u00e9 oleje. Dod\u00e1vka p\u0159\u00edmo od v\u00fdrobce.<\/p>","protected":false},"featured_media":25642,"template":"","meta":[],"product_brand":[],"product_cat":[126,123,122],"product_tag":[],"class_list":{"0":"post-22104","1":"product","2":"type-product","3":"status-publish","4":"has-post-thumbnail","6":"product_cat-olive-oil-bottles","7":"product_cat-custom-glass-bottles","8":"product_cat-custom-glass-packaging","10":"first","11":"instock","12":"shipping-taxable","13":"product-type-simple"},"jetpack_sharing_enabled":true,"_links":{"self":[{"href":"https:\/\/yebodaglass.com\/cs\/wp-json\/wp\/v2\/product\/22104","targetHints":{"allow":["GET"]}}],"collection":[{"href":"https:\/\/yebodaglass.com\/cs\/wp-json\/wp\/v2\/product"}],"about":[{"href":"https:\/\/yebodaglass.com\/cs\/wp-json\/wp\/v2\/types\/product"}],"version-history":[{"count":5,"href":"https:\/\/yebodaglass.com\/cs\/wp-json\/wp\/v2\/product\/22104\/revisions"}],"predecessor-version":[{"id":25556,"href":"https:\/\/yebodaglass.com\/cs\/wp-json\/wp\/v2\/product\/22104\/revisions\/25556"}],"wp:featuredmedia":[{"embeddable":true,"href":"https:\/\/yebodaglass.com\/cs\/wp-json\/wp\/v2\/media\/25642"}],"wp:attachment":[{"href":"https:\/\/yebodaglass.com\/cs\/wp-json\/wp\/v2\/media?parent=22104"}],"wp:term":[{"taxonomy":"product_brand","embeddable":true,"href":"https:\/\/yebodaglass.com\/cs\/wp-json\/wp\/v2\/product_brand?post=22104"},{"taxonomy":"product_cat","embeddable":true,"href":"https:\/\/yebodaglass.com\/cs\/wp-json\/wp\/v2\/product_cat?post=22104"},{"taxonomy":"product_tag","embeddable":true,"href":"https:\/\/yebodaglass.com\/cs\/wp-json\/wp\/v2\/product_tag?post=22104"}],"curies":[{"name":"wp","href":"https:\/\/api.w.org\/{rel}","templated":true}]}}