{"id":22079,"date":"2025-10-09T16:44:16","date_gmt":"2025-10-09T08:44:16","guid":{"rendered":"https:\/\/yebodaglass.com\/?post_type=product&#038;p=22079"},"modified":"2026-03-26T15:22:44","modified_gmt":"2026-03-26T07:22:44","slug":"wholesale-clear-olive-oil-bottle-for-kitchen","status":"publish","type":"product","link":"https:\/\/yebodaglass.com\/cs\/wholesale-clear-olive-oil-bottle-for-kitchen\/","title":{"rendered":"Velkoobchodn\u00ed pr\u016fhledn\u00e1 l\u00e1hev na olivov\u00fd olej do kuchyn\u011b 250ml 500ml 750ml 1000ml"},"content":{"rendered":"<p>Jedn\u00e1 se o \u010dir\u00e9 lahve na olivov\u00fd olej s hladk\u00fdm a dlouh\u00fdm v\u00e1lcov\u00fdm tvarem, vyroben\u00e9 z k\u0159i\u0161\u0165\u00e1lov\u011b \u010dir\u00e9ho skla, kter\u00e9 se dod\u00e1vaj\u00ed v r\u016fzn\u00fdch velikostech s \u010dern\u00fdmi nebo zelen\u00fdmi \u0161roubovac\u00edmi uz\u00e1v\u011bry.<\/p>\n<h2>Vlastnosti produktu<\/h2>\n<ul>\n<li><strong>R\u016fzn\u00e9 mo\u017enosti kapacity:<\/strong> K dispozici jsou 4 velikosti v\u00fd\u0161ky, aby bylo mo\u017en\u00e9 splnit r\u016fzn\u00e9 po\u017eadavky, jako je testov\u00e1n\u00ed mal\u00fdch vzork\u016f, ka\u017edodenn\u00ed pln\u011bn\u00ed v dom\u00e1cnostech a komer\u010dn\u00edch\/restaura\u010dn\u00edch prostor\u00e1ch.<\/li>\n<li><strong>\u0158e\u0161en\u00ed s dvoubarevn\u00fdm \u0161roubovac\u00edm uz\u00e1v\u011brem:<\/strong> M\u00e1 \u010dern\u00e9 a zelen\u00e9 \u0161roubovac\u00ed uz\u00e1v\u011bry pro zaji\u0161t\u011bn\u00ed skv\u011bl\u00e9ho ut\u011bsn\u011bn\u00ed.<\/li>\n<li><strong>Tvar lahve: Tenk\u00fd v\u00e1lcov\u00fd<\/strong> \u0160t\u00edhl\u00fd v\u00e1lcovit\u00fd tvar lahve nab\u00edz\u00ed dobr\u00fd \u00fachop pro snadn\u00e9 nal\u00e9v\u00e1n\u00ed a z\u00e1rove\u0148 \u0161et\u0159\u00ed m\u00edsto p\u0159i skladov\u00e1n\u00ed a p\u0159eprav\u011b.<\/li>\n<\/ul>\n<h2 style=\"text-align: left;\">Kl\u00ed\u010dov\u00e9 specifikace<\/h2>\n<table class=\"aligncenter\" style=\"border-collapse: collapse; width: 534.02pt;\" border=\"0\" width=\"712\" cellspacing=\"0\" cellpadding=\"0\">\n<tbody>\n<tr style=\"height: 13.50pt;\">\n<td style=\"height: 13.50pt; width: 69.75pt;\" width=\"93\" height=\"18\">Funkce<\/td>\n<td style=\"width: 464.25pt;\" width=\"619\">Specifikace<\/td>\n<\/tr>\n<tr style=\"height: 13.50pt;\">\n<td style=\"height: 13.50pt;\" height=\"18\">Rozm\u011bry<\/td>\n<td>5\u00d723,2 cm (250 ml), 6,1\u00d728 cm (500 ml), 6,9\u00d731,2 cm (750 ml), 7,8\u00d732,5 cm (1000 ml)<\/td>\n<\/tr>\n<tr style=\"height: 13.50pt;\">\n<td style=\"height: 13.50pt;\" height=\"18\">Velikost krku<\/td>\n<td>19\u00d730 mm (standardn\u00ed z\u00e1vit)<\/td>\n<\/tr>\n<tr style=\"height: 13.50pt;\">\n<td style=\"height: 13.50pt;\" height=\"18\">Materi\u00e1l<\/td>\n<td>\u010cir\u00e9 sklo<\/td>\n<\/tr>\n<tr style=\"height: 13.50pt;\">\n<td style=\"height: 13.50pt;\" height=\"18\">Tvar<\/td>\n<td>V\u00e1lcov\u00fd<\/td>\n<\/tr>\n<tr style=\"height: 13.50pt;\">\n<td style=\"height: 13.50pt;\" height=\"18\">Mo\u017enosti v\u00edka<\/td>\n<td>Pevn\u00fd \u0161roubovac\u00ed uz\u00e1v\u011br, nal\u00e9vac\u00ed hrdlo, d\u00e1vkova\u010d s pumpi\u010dkou<\/td>\n<\/tr>\n<tr style=\"height: 13.50pt;\">\n<td style=\"height: 13.50pt;\" height=\"18\">Nejlep\u0161\u00ed pro<\/td>\n<td>Olivov\u00fd olej, ocet, om\u00e1\u010dky<\/td>\n<\/tr>\n<\/tbody>\n<\/table>\n<h2>P\u0159\u00edb\u011bh \u00fasp\u011bchu<\/h2>\n<p>Na\u0161e lahve na olej do kuchyn\u011b byly vybr\u00e1ny kalifornskou olivovou farmou a opat\u0159eny speci\u00e1ln\u00edmi uz\u00e1v\u011bry se zapu\u0161t\u011bn\u00fdmi sklen\u011bn\u00fdmi nal\u00e9vac\u00edmi hrdly. Personalizovan\u00e9 lahve dodaly bezchybnou hodnotu: k\u0159i\u0161\u0165\u00e1lov\u011b \u010dist\u00e9 sklo dokonale zobrazovalo kvalitn\u00ed barvu olivov\u00e9ho oleje a farm\u00e1\u0159i uvedli, \u017ee to p\u0159isp\u011blo ke zv\u00fd\u0161en\u00ed impulzivn\u00edch n\u00e1kup\u016f na farm\u00e1\u0159sk\u00fdch trz\u00edch o 25 procent. Rozlit\u00ed zp\u016fsoben\u00e9 nal\u00e9vac\u00edmi hrdly se v pr\u016fm\u011bru sn\u00ed\u017eilo o 30 procent. Na z\u00e1klad\u011b tohoto \u00fasp\u011bchu si farm\u00e1\u0159i ned\u00e1vno objednali dal\u0161\u00edch 120 000 lahv\u00ed sv\u00e9 nov\u00e9 \u0159ady ochucen\u00fdch olej\u016f a spojili se s jedn\u00edm z luxusn\u00edch hotelov\u00fdch \u0159et\u011bzc\u016f, aby vydali d\u00e1rkov\u00e9 sady.<\/p>\n<h2>P\u0159izp\u016fsoben\u00ed lahv\u00ed s pr\u016fhledn\u00fdm olivov\u00fdm olejem<\/h2>\n<ul>\n<li>Matn\u00fd kyselinov\u00fd wash \u2013 Dod\u00e1v\u00e1 cel\u00e9mu povrchu jemn\u00fd, matn\u00fd povrch. P\u016fsob\u00ed draze a zakr\u00fdv\u00e1 otisky prst\u016f.<\/li>\n<li>P\u00edskov\u00e1n\u00ed loga \u2013 Vylepte si sv\u016fj embl\u00e9m do p\u0159edn\u00edho panelu. Je to trval\u00e9 a sv\u011bd\u010d\u00ed o pr\u00e9miov\u00e9m \u0159emesln\u00e9m zpracov\u00e1n\u00ed.<\/li>\n<li>Kontrola hloubky odst\u00ednu \u2013 Pro extra ochranu p\u0159ed UV z\u00e1\u0159en\u00edm a v\u00fdrazn\u011bj\u0161\u00ed vzhled zvolte tmav\u0161\u00ed odst\u00edn ne\u017e standardn\u00ed zelenou.<\/li>\n<\/ul>\n<p>Jsme v\u00fdrobce. To znamen\u00e1, \u017ee za tyto \u00fapravy neplat\u00edte nic nav\u00edc. Zabudujeme je do va\u0161\u00ed velkoobchodn\u00ed s\u00e9rie od prvn\u00edho dne.<\/p>","protected":false},"excerpt":{"rendered":"<p>Pr\u00e9miov\u00e9 \u010dir\u00e9 lahve na olivov\u00fd olej vyroben\u00e9 z vysoce pr\u016fhledn\u00e9ho skla. Ide\u00e1ln\u00ed do kuchyn\u00ed a pro skladov\u00e1n\u00ed potravin. Rychl\u00e9 dod\u00e1n\u00ed a velkoobchodn\u00ed ceny.<\/p>","protected":false},"featured_media":25640,"template":"","meta":[],"product_brand":[],"product_cat":[126,123,122],"product_tag":[],"class_list":{"0":"post-22079","1":"product","2":"type-product","3":"status-publish","4":"has-post-thumbnail","6":"product_cat-olive-oil-bottles","7":"product_cat-custom-glass-bottles","8":"product_cat-custom-glass-packaging","10":"first","11":"instock","12":"shipping-taxable","13":"product-type-simple"},"jetpack_sharing_enabled":true,"_links":{"self":[{"href":"https:\/\/yebodaglass.com\/cs\/wp-json\/wp\/v2\/product\/22079","targetHints":{"allow":["GET"]}}],"collection":[{"href":"https:\/\/yebodaglass.com\/cs\/wp-json\/wp\/v2\/product"}],"about":[{"href":"https:\/\/yebodaglass.com\/cs\/wp-json\/wp\/v2\/types\/product"}],"version-history":[{"count":5,"href":"https:\/\/yebodaglass.com\/cs\/wp-json\/wp\/v2\/product\/22079\/revisions"}],"predecessor-version":[{"id":25569,"href":"https:\/\/yebodaglass.com\/cs\/wp-json\/wp\/v2\/product\/22079\/revisions\/25569"}],"wp:featuredmedia":[{"embeddable":true,"href":"https:\/\/yebodaglass.com\/cs\/wp-json\/wp\/v2\/media\/25640"}],"wp:attachment":[{"href":"https:\/\/yebodaglass.com\/cs\/wp-json\/wp\/v2\/media?parent=22079"}],"wp:term":[{"taxonomy":"product_brand","embeddable":true,"href":"https:\/\/yebodaglass.com\/cs\/wp-json\/wp\/v2\/product_brand?post=22079"},{"taxonomy":"product_cat","embeddable":true,"href":"https:\/\/yebodaglass.com\/cs\/wp-json\/wp\/v2\/product_cat?post=22079"},{"taxonomy":"product_tag","embeddable":true,"href":"https:\/\/yebodaglass.com\/cs\/wp-json\/wp\/v2\/product_tag?post=22079"}],"curies":[{"name":"wp","href":"https:\/\/api.w.org\/{rel}","templated":true}]}}