{"id":22032,"date":"2025-10-09T11:57:30","date_gmt":"2025-10-09T03:57:30","guid":{"rendered":"https:\/\/yebodaglass.com\/?post_type=product&#038;p=22032"},"modified":"2026-03-26T14:47:01","modified_gmt":"2026-03-26T06:47:01","slug":"wholesale-clear-olive-oil-dispenser-bottles-with-square-base-150ml-250ml-500ml","status":"publish","type":"product","link":"https:\/\/yebodaglass.com\/cs\/wholesale-clear-olive-oil-dispenser-bottles-with-square-base-150ml-250ml-500ml\/","title":{"rendered":"Velkoobchodn\u00ed pr\u016fhledn\u00e9 lahve na olivov\u00fd olej s hranat\u00fdm dnem \u2013 150 ml 250 ml 500 ml"},"content":{"rendered":"<p>It is a functional as well as a modern glass framed set of oil dispensers bottles in a transparent square shape. Constructed of glass of extreme clarity, the bottle is designed with clean straight lines and the profile of bare squares with minimalist appearance, rich in a premium and professional look that will suit retail and hospitality venues.<\/p>\n<h2>Vlastnosti produktu<\/h2>\n<ul>\n<li><strong>K dispozici v n\u011bkolika velikostech a kapacit\u00e1ch:<\/strong> Velk\u00e9, st\u0159edn\u00ed a mal\u00e9, aby vyhovovaly po\u017eadavk\u016fm mnoha situac\u00ed, nap\u0159\u00edklad p\u0159i va\u0159en\u00ed doma s rodinou, v komer\u010dn\u00ed restauraci nebo na cest\u00e1ch.<\/li>\n<li><strong>Samot\u011bsn\u00edc\u00ed nal\u00e9vac\u00ed hrdlo:<\/strong> Jedn\u00e1 se o model s pru\u017einov\u00fdm ventilem, kter\u00fd umo\u017e\u0148uje kontrolovan\u00e9 nal\u00e9v\u00e1n\u00ed p\u0159i naklon\u011bn\u00ed a automaticky se uzav\u00edr\u00e1, aby se zabr\u00e1nilo \u00fanik\u016fm a prosakov\u00e1n\u00ed.<\/li>\n<li><strong>Tvar l\u00e1hve se zaoblen\u00fdm \u010dtvercov\u00fdm tvarem:<\/strong> Bottles of this shape have another advantage, the square shape makes the bottle a comfortable and non-slip grip and also they can be stacked and save the space in the kitchen store.<\/li>\n<\/ul>\n<h2 style=\"text-align: left;\">Kl\u00ed\u010dov\u00e9 specifikace<\/h2>\n<table class=\"aligncenter\" style=\"border-collapse: collapse; width: 429.77pt;\" border=\"0\" width=\"573\" cellspacing=\"0\" cellpadding=\"0\">\n<tbody>\n<tr style=\"height: 13.50pt;\">\n<td style=\"height: 13.50pt; width: 69.75pt;\" width=\"93\" height=\"18\">Funkce<\/td>\n<td style=\"width: 360.00pt;\" width=\"480\">Specifikace<\/td>\n<\/tr>\n<tr style=\"height: 13.50pt;\">\n<td style=\"height: 13.50pt;\" height=\"18\">Rozm\u011bry<\/td>\n<td>4,8 \u00d7 4,8 \u00d7 15,8 cm (150 ml), 4,7 \u00d7 4,7 \u00d7 21 cm (250 ml), 5,8 \u00d7 5,8 \u00d7 26,1 cm (500 ml)<\/td>\n<\/tr>\n<tr style=\"height: 13.50pt;\">\n<td style=\"height: 13.50pt;\" height=\"18\">Velikost krku<\/td>\n<td>17\u00d729mm<\/td>\n<\/tr>\n<tr style=\"height: 13.50pt;\">\n<td style=\"height: 13.50pt;\" height=\"18\">Materi\u00e1l<\/td>\n<td>Lead-free Soda-lime Transparent Glass<\/td>\n<\/tr>\n<tr style=\"height: 13.50pt;\">\n<td style=\"height: 13.50pt;\" height=\"18\">Tvar<\/td>\n<td>Square base<\/td>\n<\/tr>\n<tr style=\"height: 13.50pt;\">\n<td style=\"height: 13.50pt;\" height=\"18\">Nejlep\u0161\u00ed pro<\/td>\n<td>Olivov\u00fd olej, ocet, dresinky, gurm\u00e1nsk\u00e9 oleje<\/td>\n<\/tr>\n<tr style=\"height: 13.50pt;\">\n<td style=\"height: 13.50pt;\" height=\"18\">Ide\u00e1ln\u00ed pou\u017eit\u00ed<\/td>\n<td>Velkoobchodn\u00ed balen\u00ed, \u0159emesln\u00e9 pln\u011bn\u00ed do lahv\u00ed, maloobchodn\u00ed kuchy\u0148sk\u00e9 sety<\/td>\n<\/tr>\n<\/tbody>\n<\/table>\n<h2>P\u0159\u00edb\u011bh \u00fasp\u011bchu<\/h2>\n<p>N\u00e1\u0161 500ml d\u00e1vkova\u010d olivov\u00e9ho oleje, s\u00edtotiskem poti\u0161t\u011bn\u00e9 stupnice a nerezov\u00e1 nal\u00e9vac\u00ed hubice byly vybr\u00e1ny a upraveny spole\u010dnost\u00ed zab\u00fdvaj\u00edc\u00ed se cateringov\u00fdmi pot\u0159ebami na St\u0159edoz\u00e1pad\u011b. Automatick\u00e1 nal\u00e9vac\u00ed hubice pom\u016f\u017ee u\u0161et\u0159it 15 procent oleje pl\u00fdtvaj\u00edc\u00edho v kuchyni. Pr\u016fhledn\u00e1 konstrukce umo\u017e\u0148uje rychlou kontrolu z\u00e1sob a doba obnoven\u00ed produktu se tak zkr\u00e1t\u00ed o 15 procent. D\u00edky vynikaj\u00edc\u00edmu v\u00fdkonu si spole\u010dnost objednala dal\u0161\u00edch 75 000 lahv\u00ed sv\u00e9 nov\u00e9 \u0159ady luxusn\u00edch olej\u016f pro osobn\u00ed pot\u0159ebu, kter\u00e9 jsou distribuov\u00e1ny do luxusn\u00edch restaurac\u00ed.<\/p>\n<h2>Tipy pro p\u0159izp\u016fsoben\u00ed va\u0161eho d\u00e1vkova\u010de oleje<\/h2>\n<ul>\n<li>Povrchov\u00e1 \u00faprava z matn\u00e9ho skla \u2013 Matn\u00fd lept dod\u00e1v\u00e1 jemn\u00fd, luxusn\u00ed vzhled a zakr\u00fdv\u00e1 drobn\u00e9 otisky prst\u016f.<\/li>\n<li>Mo\u017enost t\u00f3novan\u00e9ho skla \u2013 Vyzkou\u0161ejte jantarov\u00e9 nebo hn\u011bd\u00e9 sklo pro ochranu olej\u016f citliv\u00fdch na sv\u011btlo.<\/li>\n<li>Vlastn\u00ed barva d\u00e1vkova\u010de \u2013 Vym\u011b\u0148te zlatou za \u010dernou, st\u0159\u00edbrnou nebo kart\u00e1\u010dovanou m\u011bd\u011bnou pro slad\u011bn\u00ed se zna\u010dkou.<\/li>\n<li>Logo grav\u00edrovan\u00e9 laserem \u2013 Trvale ozna\u010dte sv\u00e9 logo nebo objemov\u00e9 linky p\u0159\u00edmo na sklen\u011bnou lahev.<\/li>\n<\/ul>\n<p>Tato vylep\u0161en\u00ed zachov\u00e1vaj\u00ed z\u00e1kladn\u00ed \u0159emesln\u00e9 zpracov\u00e1n\u00ed a funk\u010dnost \u2013 ale z\u00e1rove\u0148 v\u00e1m dodaj\u00ed nezam\u011bniteln\u011b jedine\u010dn\u00fd vzhled lahv\u00ed s d\u00e1vkova\u010dem olivov\u00e9ho oleje.<\/p>","protected":false},"excerpt":{"rendered":"<p>D\u00e1vkova\u010d olivov\u00e9ho oleje z \u010dir\u00e9ho skla s hranat\u00fdm dnem. Elegantn\u00ed design, ide\u00e1ln\u00ed pro hromadn\u00e9 objedn\u00e1vky a zak\u00e1zkov\u00e9 brandingy. Vzorky zdarma a rychl\u00e9 dod\u00e1n\u00ed k dispozici.<\/p>","protected":false},"featured_media":25639,"template":"","meta":[],"product_brand":[],"product_cat":[126,123,122],"product_tag":[],"class_list":{"0":"post-22032","1":"product","2":"type-product","3":"status-publish","4":"has-post-thumbnail","6":"product_cat-olive-oil-bottles","7":"product_cat-custom-glass-bottles","8":"product_cat-custom-glass-packaging","10":"first","11":"instock","12":"shipping-taxable","13":"product-type-simple"},"jetpack_sharing_enabled":true,"_links":{"self":[{"href":"https:\/\/yebodaglass.com\/cs\/wp-json\/wp\/v2\/product\/22032","targetHints":{"allow":["GET"]}}],"collection":[{"href":"https:\/\/yebodaglass.com\/cs\/wp-json\/wp\/v2\/product"}],"about":[{"href":"https:\/\/yebodaglass.com\/cs\/wp-json\/wp\/v2\/types\/product"}],"version-history":[{"count":5,"href":"https:\/\/yebodaglass.com\/cs\/wp-json\/wp\/v2\/product\/22032\/revisions"}],"predecessor-version":[{"id":25614,"href":"https:\/\/yebodaglass.com\/cs\/wp-json\/wp\/v2\/product\/22032\/revisions\/25614"}],"wp:featuredmedia":[{"embeddable":true,"href":"https:\/\/yebodaglass.com\/cs\/wp-json\/wp\/v2\/media\/25639"}],"wp:attachment":[{"href":"https:\/\/yebodaglass.com\/cs\/wp-json\/wp\/v2\/media?parent=22032"}],"wp:term":[{"taxonomy":"product_brand","embeddable":true,"href":"https:\/\/yebodaglass.com\/cs\/wp-json\/wp\/v2\/product_brand?post=22032"},{"taxonomy":"product_cat","embeddable":true,"href":"https:\/\/yebodaglass.com\/cs\/wp-json\/wp\/v2\/product_cat?post=22032"},{"taxonomy":"product_tag","embeddable":true,"href":"https:\/\/yebodaglass.com\/cs\/wp-json\/wp\/v2\/product_tag?post=22032"}],"curies":[{"name":"wp","href":"https:\/\/api.w.org\/{rel}","templated":true}]}}