{"id":22031,"date":"2025-10-09T11:57:24","date_gmt":"2025-10-09T03:57:24","guid":{"rendered":"https:\/\/yebodaglass.com\/?post_type=product&#038;p=22031"},"modified":"2025-10-09T14:54:29","modified_gmt":"2025-10-09T06:54:29","slug":"wholesale-unique-olive-oil-dispensers-with-glass-handle-100ml-250ml-500ml","status":"publish","type":"product","link":"https:\/\/yebodaglass.com\/cs\/wholesale-unique-olive-oil-dispensers-with-glass-handle-100ml-250ml-500ml\/","title":{"rendered":"Velkoobchodn\u00ed unik\u00e1tn\u00ed d\u00e1vkova\u010de olivov\u00e9ho oleje se sklen\u011bnou rukojet\u00ed \u2013 100ml 250ml 500ml"},"content":{"rendered":"<div data-elementor-type=\"product-post\" data-elementor-id=\"22031\" class=\"elementor elementor-22031\" data-elementor-settings=\"{&quot;ha_cmc_init_switcher&quot;:&quot;no&quot;}\" data-elementor-post-type=\"product\">\n\t\t\t\t<div class=\"elementor-element elementor-element-7cc6e53 e-flex e-con-boxed e-con e-parent\" data-id=\"7cc6e53\" data-element_type=\"container\" data-e-type=\"container\" data-settings=\"{&quot;_ha_eqh_enable&quot;:false}\">\n\t\t\t\t\t<div class=\"e-con-inner\">\n\t\t\t\t<div class=\"elementor-element elementor-element-b9ffd68 elementor-widget elementor-widget-text-editor\" data-id=\"b9ffd68\" data-element_type=\"widget\" data-e-type=\"widget\" data-widget_type=\"text-editor.default\">\n\t\t\t\t<div class=\"elementor-widget-container\">\n\t\t\t\t\t\t\t\t\t<p>Tyto sklen\u011bn\u00e9 d\u00e1vkova\u010de oleje se vyzna\u010duj\u00ed unik\u00e1tn\u00edm zak\u0159iven\u00fdm t\u011blem a snadno uchopiteln\u00fdmi sklen\u011bn\u00fdmi rukoje\u0165mi a jsou vyrobeny z \u010dir\u00e9ho skla. Jejich styl a pou\u017eit\u00ed jdou ruku v ruce, a proto jsou perfektn\u00edm dopl\u0148kem va\u0161\u00ed kuchyn\u011b.<\/p><h2>Vlastnosti produktu<\/h2><ul><li><strong>S rukojet\u00ed:<\/strong> Mal\u00e1 sklen\u011bn\u00e1 rukoje\u0165 pro snadn\u00e9 uvoln\u011bn\u00ed a nal\u00e9v\u00e1n\u00ed je v\u017edycky tou pravou rukojet\u00ed, tak\u017ee u\u017eivateli u\u0161et\u0159\u00edte starosti s odhalov\u00e1n\u00edm oleje.<\/li><li><strong>Bez odkap\u00e1v\u00e1n\u00ed:<\/strong> D\u00edky p\u0159esn\u00e9mu \u0161roubovac\u00edmu uz\u00e1v\u011bru tyto lahvi\u010dky s esenci\u00e1ln\u00edm olejem zaru\u010duj\u00ed, \u017ee tekutina bude poka\u017ed\u00e9 plynule vyt\u00e9kat. Jsou p\u0159esn\u011b to, co pot\u0159ebujete pro co nejjednodu\u0161\u0161\u00ed pou\u017eit\u00ed ko\u0159enek nebo j\u00eddeln\u00edho stolu.<\/li><li><strong>\u010cir\u00e9 sklo:<\/strong> D\u00edky pr\u016fhledn\u00e9mu sklu m\u016f\u017eete letmo vid\u011bt zb\u00fdvaj\u00edc\u00ed olej v lahvi\u010dce, tak\u017ee dopl\u0148ov\u00e1n\u00ed je bezprobl\u00e9mov\u00e9.<\/li><\/ul>\t\t\t\t\t\t\t\t<\/div>\n\t\t\t\t<\/div>\n\t\t\t\t<div class=\"elementor-element elementor-element-920ae84 elementor-widget elementor-widget-text-editor\" data-id=\"920ae84\" data-element_type=\"widget\" data-e-type=\"widget\" data-widget_type=\"text-editor.default\">\n\t\t\t\t<div class=\"elementor-widget-container\">\n\t\t\t\t\t\t\t\t\t<h2 style=\"text-align: center;\">Kl\u00ed\u010dov\u00e9 specifikace:<\/h2><table class=\"aligncenter\" style=\"border-collapse: collapse; width: 470.27pt;\" border=\"0\" width=\"627\" cellspacing=\"0\" cellpadding=\"0\"><tbody><tr style=\"height: 13.50pt;\"><td style=\"height: 13.50pt; width: 86.25pt;\" width=\"115\" height=\"18\">Funkce<\/td><td style=\"width: 384.00pt;\" width=\"512\">Specifikace<\/td><\/tr><tr style=\"height: 13.50pt;\"><td style=\"height: 13.50pt;\" height=\"18\">Rozm\u011bry<\/td><td>5,4 \u00d7 13,9 cm (100 ml), 7,1 \u00d7 17,3 cm (250 ml), 8,8 \u00d7 21,9 cm (500 ml)<\/td><\/tr><tr style=\"height: 13.50pt;\"><td style=\"height: 13.50pt;\" height=\"18\">Materi\u00e1l<\/td><td>Vysoce \u010dir\u00e9 sklo<\/td><\/tr><tr style=\"height: 13.50pt;\"><td style=\"height: 13.50pt;\" height=\"18\">Tvar<\/td><td>Z\u00fa\u017een\u00fd kulat\u00fd tvar s integrovanou rukojet\u00ed<\/td><\/tr><tr style=\"height: 13.50pt;\"><td style=\"height: 13.50pt;\" height=\"18\">Typ v\u00edka<\/td><td>Pevn\u00e9 \u0161roubovac\u00ed v\u00edko<\/td><\/tr><tr style=\"height: 13.50pt;\"><td style=\"height: 13.50pt;\" height=\"18\">Nejlep\u0161\u00ed pro<\/td><td>Olivov\u00fd olej, ocet, dresinky, gurm\u00e1nsk\u00e9 oleje<\/td><\/tr><\/tbody><\/table><h2>Pravdiv\u00fd p\u0159\u00edb\u011bh<\/h2><p>V\u00fdrobce mal\u00e9ho mno\u017estv\u00ed za studena lisovan\u00e9ho olivov\u00e9ho oleje, kter\u00fd prod\u00e1val p\u0159ev\u00e1\u017en\u011b na farm\u00e1\u0159sk\u00fdch trz\u00edch, vlastnil vysoce kvalitn\u00ed olivov\u00fd olej, ale jeho obal p\u0159ipom\u00ednal jen dal\u0161\u00ed sklen\u011bnou lahev v reg\u00e1lu. Rozhodl se pro tento unik\u00e1tn\u00ed d\u00e1vkova\u010d olivov\u00e9ho oleje. Stejn\u00fd olivov\u00fd olej, jin\u00e1 lahev. Po n\u011bkolika m\u011bs\u00edc\u00edch se z\u00e1kazn\u00edci za\u010dali zmi\u0148ovat o \u201etom s rukojet\u00ed\u201c. Vypadal stylov\u011bji, ovl\u00e1dal se pohodln\u011bji a p\u0159i nal\u00e9v\u00e1n\u00ed se olej nerozl\u00e9val, tak\u017ee se lidem l\u00edbil.<\/p><h2>D\u00e1vkova\u010de oleje ze skla na zak\u00e1zku<\/h2><ul><li>Matn\u00e1 rukoje\u0165 \u2013 Rukoje\u0165 je jedin\u00e1 \u010d\u00e1st s p\u00edskovanou \u00fapravou, kter\u00e1 zaji\u0161\u0165uje jemn\u00fd a protiskluzov\u00fd \u00fachop, jen\u017e p\u011bkn\u011b kontrastuje s pr\u016fhlednou lahv\u00ed.<\/li><li>Vyryt\u00e9 zna\u010den\u00ed \u2013 V bl\u00edzkosti hrdla lahve je p\u0159id\u00e1na mal\u00e1 zna\u010dka, kter\u00e1 ozna\u010duje ide\u00e1ln\u00ed hladinu napln\u011bn\u00ed. Vypad\u00e1 profesion\u00e1ln\u011b a p\u016fsob\u00ed elegantn\u011b.<\/li><li>Spodn\u00ed reli\u00e9f \u2013 Va\u0161e logo nebo p\u0159\u00edb\u011bh zna\u010dky je vyra\u017een na spodn\u00ed stran\u011b lahve. Ikony se stanou viditeln\u00fdmi, kdy\u017e je lahev t\u00e9m\u011b\u0159 pr\u00e1zdn\u00e1, tak\u017ee va\u0161e zna\u010dka je p\u0159\u00edmo p\u0159ed va\u0161imi z\u00e1kazn\u00edky.<\/li><\/ul>\t\t\t\t\t\t\t\t<\/div>\n\t\t\t\t<\/div>\n\t\t\t\t\t<\/div>\n\t\t\t\t<\/div>\n\t\t\t\t<\/div>","protected":false},"excerpt":{"rendered":"<p>Unik\u00e1tn\u00ed sklen\u011bn\u00e9 d\u00e1vkova\u010de olivov\u00e9ho oleje s diskr\u00e9tn\u00ed rukojet\u00ed, pr\u00e9miov\u00fdm vzhledem, ide\u00e1ln\u00ed pro kuchy\u0148sk\u00e9 zna\u010dky. Mo\u017enost individu\u00e1ln\u00edho v\u00fdb\u011bru s bezplatn\u00fdmi vzorky a mno\u017estevn\u00edmi slevami.<\/p>","protected":false},"featured_media":22060,"template":"","meta":[],"product_brand":[],"product_cat":[122,123,126],"product_tag":[],"class_list":{"0":"post-22031","1":"product","2":"type-product","3":"status-publish","4":"has-post-thumbnail","6":"product_cat-custom-glass-packaging","7":"product_cat-custom-glass-bottles","8":"product_cat-olive-oil-bottles","10":"first","11":"instock","12":"shipping-taxable","13":"product-type-simple"},"jetpack_sharing_enabled":true,"_links":{"self":[{"href":"https:\/\/yebodaglass.com\/cs\/wp-json\/wp\/v2\/product\/22031","targetHints":{"allow":["GET"]}}],"collection":[{"href":"https:\/\/yebodaglass.com\/cs\/wp-json\/wp\/v2\/product"}],"about":[{"href":"https:\/\/yebodaglass.com\/cs\/wp-json\/wp\/v2\/types\/product"}],"version-history":[{"count":5,"href":"https:\/\/yebodaglass.com\/cs\/wp-json\/wp\/v2\/product\/22031\/revisions"}],"predecessor-version":[{"id":22078,"href":"https:\/\/yebodaglass.com\/cs\/wp-json\/wp\/v2\/product\/22031\/revisions\/22078"}],"wp:featuredmedia":[{"embeddable":true,"href":"https:\/\/yebodaglass.com\/cs\/wp-json\/wp\/v2\/media\/22060"}],"wp:attachment":[{"href":"https:\/\/yebodaglass.com\/cs\/wp-json\/wp\/v2\/media?parent=22031"}],"wp:term":[{"taxonomy":"product_brand","embeddable":true,"href":"https:\/\/yebodaglass.com\/cs\/wp-json\/wp\/v2\/product_brand?post=22031"},{"taxonomy":"product_cat","embeddable":true,"href":"https:\/\/yebodaglass.com\/cs\/wp-json\/wp\/v2\/product_cat?post=22031"},{"taxonomy":"product_tag","embeddable":true,"href":"https:\/\/yebodaglass.com\/cs\/wp-json\/wp\/v2\/product_tag?post=22031"}],"curies":[{"name":"wp","href":"https:\/\/api.w.org\/{rel}","templated":true}]}}