{"id":22002,"date":"2025-10-09T17:33:25","date_gmt":"2025-10-09T09:33:25","guid":{"rendered":"https:\/\/yebodaglass.com\/?post_type=product&#038;p=22002"},"modified":"2026-03-19T13:42:18","modified_gmt":"2026-03-19T05:42:18","slug":"empty-clear-mason-jar-with-lid-wholesale","status":"publish","type":"product","link":"https:\/\/yebodaglass.com\/cs\/produkt\/empty-clear-mason-jar-with-lid-wholesale\/","title":{"rendered":"Velkoobchodn\u00ed prodej pr\u00e1zdn\u00e9 pr\u016fhledn\u00e9 sklenice Mason s v\u00ed\u010dkem 70ml \u2013 280ml"},"content":{"rendered":"<p>Tato d\u00f3za s v\u00ed\u010dkem m\u00e1 klasick\u00fd v\u00e1lcovit\u00fd tvar, je vyrobena z \u010dir\u00e9ho skla a m\u00e1 velmi \u0161irok\u00fd otvor, kter\u00fd se snadno \u010dist\u00ed. Jej\u00ed v\u00ed\u010dko je opat\u0159eno b\u011b\u017en\u00fdm z\u00e1vitem pro snadn\u00e9 stohov\u00e1n\u00ed. Dod\u00e1v\u00e1 se v r\u016fzn\u00fdch velikostech s barevn\u00fdmi kovov\u00fdmi \u0161roubovac\u00edmi uz\u00e1v\u011bry a je k dispozici v \u010dern\u00e9, zlat\u00e9, st\u0159\u00edbrn\u00e9 a \u010derven\u00e9 barv\u011b.<\/p>\n<h2>Vlastnosti produktu<\/h2>\n<ul>\n<li><strong>Klasick\u00fd v\u00e1lcov\u00fd design:<\/strong> Sklen\u011bn\u00fd v\u00e1lec je jednoduch\u00fd v\u00e1lec se \u0161irok\u00fdm hrdlem, kter\u00fd se snadno \u010dist\u00ed, pln\u00ed a pou\u017e\u00edv\u00e1.<\/li>\n<li><strong>Vym\u011bniteln\u00e9 barevn\u00e9 krytky:<\/strong> Maj\u00ed \u010dern\u00e9, zlat\u00e9, st\u0159\u00edbrn\u00e9 nebo \u010derven\u00e9 kovov\u00e9 \u0161roubovac\u00ed uz\u00e1v\u011bry, tak\u017ee \u0161roubovac\u00ed v\u00ed\u010dko je pevn\u011b ut\u011bsn\u011bno a st\u00e1le p\u016fsob\u00ed elegantn\u011b.<\/li>\n<li><strong>R\u016fzn\u00e9 velikosti:<\/strong> Od mini a\u017e po st\u0159edn\u011b velkou kapacitu, pro v\u0161echny pot\u0159eby, od \u00faschovy ko\u0159en\u00ed a\u017e po n\u011bkolik velk\u00fdch balen\u00ed potravin.<\/li>\n<\/ul>\n<h2><strong data-spm-anchor-id=\"5176.28103460.0.i15.29ab2e31JfkVXT\">Kl\u00ed\u010dov\u00e9 specifikace <\/strong><\/h2>\n<table style=\"border-collapse: collapse; width: 80%; margin-left: auto; margin-right: auto;\" border=\"0\" width=\"288\" cellspacing=\"0\" cellpadding=\"0\">\n<tbody>\n<tr style=\"height: 13.50pt;\">\n<td style=\"height: 13.5pt; width: 54pt; text-align: center;\" width=\"72\" height=\"18\">Produkt<\/td>\n<td style=\"width: 54pt; text-align: center;\" width=\"72\">Kapacita (ml)<\/td>\n<td style=\"width: 54pt; text-align: center;\" width=\"72\">Velikost (cm)<\/td>\n<td style=\"width: 54pt; text-align: center;\" width=\"72\">Mo\u017enosti barev<\/td>\n<\/tr>\n<tr style=\"height: 13.50pt;\">\n<td style=\"height: 13.5pt; text-align: center;\" align=\"right\" height=\"18\">63007014<\/td>\n<td style=\"text-align: center;\" align=\"right\">70<\/td>\n<td style=\"text-align: center;\">4.7&#215;4.5&#215;6.7<\/td>\n<td class=\"et2\" rowspan=\"6\">Vymazat (Vlastn\u00ed)<\/td>\n<\/tr>\n<tr style=\"height: 13.50pt;\">\n<td style=\"height: 13.5pt; text-align: center;\" align=\"right\" height=\"18\">63007015<\/td>\n<td style=\"text-align: center;\" align=\"right\">70<\/td>\n<td style=\"text-align: center;\">6.5&#215;4.5&#215;6.7<\/td>\n<\/tr>\n<tr style=\"height: 13.50pt;\">\n<td style=\"height: 13.5pt; text-align: center;\" align=\"right\" height=\"18\">63012016<\/td>\n<td style=\"text-align: center;\" align=\"right\">120<\/td>\n<td style=\"text-align: center;\">5.4&#215;6.15&#215;6.6<\/td>\n<\/tr>\n<tr style=\"height: 13.50pt;\">\n<td style=\"height: 13.5pt; text-align: center;\" align=\"right\" height=\"18\">63012517<\/td>\n<td style=\"text-align: center;\" align=\"right\">125<\/td>\n<td style=\"text-align: center;\">6.3&#215;5.6&#215;6.9<\/td>\n<\/tr>\n<tr style=\"height: 13.50pt;\">\n<td style=\"height: 13.5pt; text-align: center;\" align=\"right\" height=\"18\">63020018<\/td>\n<td style=\"text-align: center;\" align=\"right\">200<\/td>\n<td style=\"text-align: center;\">6.0&#215;8.6&#215;6.9<\/td>\n<\/tr>\n<tr style=\"height: 13.50pt;\">\n<td style=\"height: 13.5pt; text-align: center;\" align=\"right\" height=\"18\">63028019<\/td>\n<td style=\"text-align: center;\" align=\"right\">280<\/td>\n<td style=\"text-align: center;\">7.5&#215;8.4&#215;8.5<\/td>\n<\/tr>\n<\/tbody>\n<\/table>\n<h2>P\u0159\u00edb\u011bh \u00fasp\u011bchu<\/h2>\n<p>Jedna z velk\u00fdch kanadsk\u00fdch spole\u010dnost\u00ed vyr\u00e1b\u011bj\u00edc\u00edch \u0159emesln\u00e9 potraviny si vybrala na\u0161i zava\u0159ovac\u00ed sklenici s v\u00edkem a personalizovala ji rustik\u00e1ln\u00edm kv\u011btinov\u00fdm s\u00edtotiskem. Jedn\u00e1 se o zak\u00e1zkov\u00e9 sklenice, kter\u00e9 se na trhu setkaly s \u00fasp\u011bchem: jejich luxusn\u00ed vzhled zv\u00fd\u0161il maloobchodn\u00ed cenu d\u017eem\u016f o \u010dtvrtinu a velmi rozpoznateln\u00e9 sklenice zv\u00fd\u0161ily pov\u011bdom\u00ed o zna\u010dce v maloobchodn\u00edch prodejn\u00e1ch o t\u0159etinu, tvrd\u00ed spole\u010dnost. Na z\u00e1klad\u011b tohoto \u00fasp\u011bchu si tak\u00e9 objednala dal\u0161\u00edch 250 000 sklenic pro svou novou \u0159adu n\u00e1pojov\u00fdch sirup\u016f a uzav\u0159ela smlouvu s celost\u00e1tn\u00edm \u0159et\u011bzcem supermarket\u016f.<\/p>\n<h2>N\u00e1vrhy na p\u0159izp\u016fsoben\u00ed zava\u0159ovac\u00ed sklenice Mason<\/h2>\n<ul>\n<li>Povrchov\u00e9 \u00fapravy a barvy krou\u017ek\u016f na lahve: Nab\u00edz\u00ed v\u011bt\u0161\u00ed v\u00fdb\u011br barev a vzor\u016f spir\u00e1lov\u00fdch krou\u017ek\u016f na lahve na m\u00edru v matn\u00e9m\/leskl\u00e9m proveden\u00ed.<\/li>\n<li>\u00daprava uz\u00e1v\u011br\u016f lahv\u00ed: Na ploch\u00e9 kovov\u00e9 uz\u00e1v\u011bry lahv\u00ed se tisknou vlastn\u00ed potisky, loga nebo vzory.<\/li>\n<li>Reli\u00e9fn\u00ed m\u0159\u00ed\u017eky: Vyryjte jemn\u00e9 reli\u00e9fn\u00ed stupnice (hrnky, mililitry, unce) na bok sklenice a sklenice bude u\u017eite\u010dn\u011bj\u0161\u00ed ne\u017e kdy d\u0159\u00edve.<\/li>\n<li>Vlastn\u00ed velikosti: Existuj\u00ed vlastn\u00ed velikosti n\u011bkter\u00fdch produkt\u016f (nap\u0159. vysok\u00e9, \u00fazk\u00e9 lahve na skladov\u00e1n\u00ed medu).<\/li>\n<\/ul>","protected":false},"excerpt":{"rendered":"<p>Zava\u0159ovac\u00ed sklenice r\u016fzn\u00fdch velikost\u00ed s v\u00edkem vyroben\u00fdm z vysoce kvalitn\u00edho skla. Zava\u0159ovac\u00ed sklenice ide\u00e1ln\u00ed pro zava\u0159ov\u00e1n\u00ed, skladov\u00e1n\u00ed a balen\u00ed. Dod\u00e1v\u00e1 se p\u0159\u00edmo od v\u00fdrobce. Rychl\u00e9 dod\u00e1n\u00ed.<\/p>","protected":false},"featured_media":25516,"template":"","meta":[],"product_brand":[],"product_cat":[122,124,125],"product_tag":[],"class_list":{"0":"post-22002","1":"product","2":"type-product","3":"status-publish","4":"has-post-thumbnail","6":"product_cat-custom-glass-packaging","7":"product_cat-custom-glass-jars","8":"product_cat-mason-glass-jars","10":"first","11":"instock","12":"shipping-taxable","13":"product-type-simple"},"jetpack_sharing_enabled":true,"_links":{"self":[{"href":"https:\/\/yebodaglass.com\/cs\/wp-json\/wp\/v2\/product\/22002","targetHints":{"allow":["GET"]}}],"collection":[{"href":"https:\/\/yebodaglass.com\/cs\/wp-json\/wp\/v2\/product"}],"about":[{"href":"https:\/\/yebodaglass.com\/cs\/wp-json\/wp\/v2\/types\/product"}],"version-history":[{"count":5,"href":"https:\/\/yebodaglass.com\/cs\/wp-json\/wp\/v2\/product\/22002\/revisions"}],"predecessor-version":[{"id":25518,"href":"https:\/\/yebodaglass.com\/cs\/wp-json\/wp\/v2\/product\/22002\/revisions\/25518"}],"wp:featuredmedia":[{"embeddable":true,"href":"https:\/\/yebodaglass.com\/cs\/wp-json\/wp\/v2\/media\/25516"}],"wp:attachment":[{"href":"https:\/\/yebodaglass.com\/cs\/wp-json\/wp\/v2\/media?parent=22002"}],"wp:term":[{"taxonomy":"product_brand","embeddable":true,"href":"https:\/\/yebodaglass.com\/cs\/wp-json\/wp\/v2\/product_brand?post=22002"},{"taxonomy":"product_cat","embeddable":true,"href":"https:\/\/yebodaglass.com\/cs\/wp-json\/wp\/v2\/product_cat?post=22002"},{"taxonomy":"product_tag","embeddable":true,"href":"https:\/\/yebodaglass.com\/cs\/wp-json\/wp\/v2\/product_tag?post=22002"}],"curies":[{"name":"wp","href":"https:\/\/api.w.org\/{rel}","templated":true}]}}