{"id":21965,"date":"2025-10-08T15:17:10","date_gmt":"2025-10-08T07:17:10","guid":{"rendered":"https:\/\/yebodaglass.com\/?post_type=product&#038;p=21965"},"modified":"2026-03-26T15:55:16","modified_gmt":"2026-03-26T07:55:16","slug":"wholesale-green-oil-olive-bottles-with-square-bases","status":"publish","type":"product","link":"https:\/\/yebodaglass.com\/cs\/wholesale-green-oil-olive-bottles-with-square-bases\/","title":{"rendered":"Velkoobchodn\u00ed lahve na zelen\u00fd olivov\u00fd olej s hranat\u00fdm dnem \u2013 500ml 750ml 1000ml"},"content":{"rendered":"<p>Tyto lahve na zelen\u00fd olivov\u00fd olej maj\u00ed velmi elegantn\u00ed zaoblen\u00fd \u010dtvercov\u00fd tvar a jsou vyrobeny z tmav\u00e9ho olivov\u00e9ho skla, kter\u00e9 zabra\u0148uje znehodnocen\u00ed olivov\u00e9ho oleje vlivem sv\u011btla. Maj\u00ed \u010dern\u00e9, zlat\u00e9 nebo zelen\u00e9 \u0161roubovac\u00ed uz\u00e1v\u011bry a jsou k dispozici v n\u011bkolika velikostech.<\/p>\n<h2>Vlastnosti produktu<\/h2>\n<ul>\n<li><strong>P\u0159irozen\u011b chr\u00e1n\u00ed p\u0159ed UV z\u00e1\u0159en\u00edm:<\/strong> Zelen\u00e9 sklo funguje jako opalovac\u00ed kr\u00e9m, kter\u00fd udr\u017euje tekutinu dlouhodob\u011b. Ve srovn\u00e1n\u00ed s oby\u010dejn\u00fdm sklem zachov\u00e1v\u00e1 olivov\u00fd olej \u010derstvost po dlouhou dobu, tak\u017ee je ide\u00e1ln\u00ed pro citliv\u00e9, vysoce kvalitn\u00ed olivov\u00e9 oleje.<\/li>\n<li><strong>Velikost obd\u00e9ln\u00edku:<\/strong> Obd\u00e9ln\u00edkov\u00fd tvar lahve usnad\u0148uje jej\u00ed vystaven\u00ed a skladov\u00e1n\u00ed a z\u00e1rove\u0148 umo\u017e\u0148uje jasn\u011b vid\u011bt z\u016fstatek.<\/li>\n<li><strong>Znovu naplniteln\u00e9:<\/strong> Tyto znovu naplniteln\u00e9 sklen\u011bn\u00e9 lahve na olivov\u00fd olej jsou pevn\u00e9 a odoln\u00e9. Restaurace a prodejny je miluj\u00ed pro jejich odolnost.<\/li>\n<\/ul>\n<h2 style=\"text-align: left;\">Kl\u00ed\u010dov\u00e9 specifikace<\/h2>\n<table class=\"aligncenter\" style=\"border-collapse: collapse; width: 429.77pt;\" border=\"0\" width=\"573\" cellspacing=\"0\" cellpadding=\"0\">\n<tbody>\n<tr style=\"height: 13.50pt;\">\n<td style=\"height: 13.50pt; width: 69.75pt;\" width=\"93\" height=\"18\">Funkce<\/td>\n<td style=\"width: 360.00pt;\" width=\"480\">Specifikace<\/td>\n<\/tr>\n<tr style=\"height: 13.50pt;\">\n<td style=\"height: 13.50pt;\" height=\"18\">Rozm\u011bry<\/td>\n<td>5,8 \u00d7 5,8 \u00d7 26,4 cm (500 ml), 6,5 \u00d7 6,5 \u00d7 30,2 cm (750 ml), 7,4 \u00d7 7,4 \u00d7 30 cm (1000 ml)<\/td>\n<\/tr>\n<tr style=\"height: 13.50pt;\">\n<td style=\"height: 13.50pt;\" height=\"18\">Velikost krku<\/td>\n<td>19\u00d730 mm (standardn\u00ed z\u00e1vit)<\/td>\n<\/tr>\n<tr style=\"height: 13.50pt;\">\n<td style=\"height: 13.50pt;\" height=\"18\">Materi\u00e1l<\/td>\n<td>Zelen\u00e9 sklo (k dispozici je varianta s tmav\u00fdm sklem)<\/td>\n<\/tr>\n<tr style=\"height: 13.50pt;\">\n<td style=\"height: 13.50pt;\" height=\"18\">Tvar<\/td>\n<td>\u010ctvercov\u00fd \/ obd\u00e9ln\u00edkov\u00fd hranol<\/td>\n<\/tr>\n<tr style=\"height: 13.50pt;\">\n<td style=\"height: 13.50pt;\" height=\"18\">Mo\u017enosti v\u00edka<\/td>\n<td>Pevn\u00fd \u0161roubovac\u00ed uz\u00e1v\u011br, nal\u00e9vac\u00ed hrdlo, d\u00e1vkova\u010d s pumpi\u010dkou<\/td>\n<\/tr>\n<tr style=\"height: 13.50pt;\">\n<td style=\"height: 13.50pt;\" height=\"18\">Nejlep\u0161\u00ed pro<\/td>\n<td>Olivov\u00fd olej, ocet, om\u00e1\u010dky, kuchy\u0148sk\u00e9 \u00falo\u017en\u00e9 prostory<\/td>\n<\/tr>\n<\/tbody>\n<\/table>\n<h2>P\u0159\u00edb\u011bh \u00fasp\u011bchu: Kalifornsk\u00fd v\u00fdrobce olivov\u00e9ho oleje, exportn\u00ed divize<\/h2>\n<p>Na\u0161e 750ml lahve na zelen\u00fd olivov\u00fd olej si vybral \u0161pi\u010dkov\u00fd kalifornsk\u00fd v\u00fdrobce olivov\u00e9ho oleje, kter\u00fd je navrhl s\u00edtotiskem se zlatou f\u00f3li\u00ed a \u010dern\u00fdm v\u00fdlevn\u00fdm hrdlem proti odkap\u00e1v\u00e1n\u00ed. Tyto sklen\u011bn\u00e9 lahve s UV povlakem tak\u00e9 \u00fa\u010dinn\u011b zachovaly kvalitu olivov\u00e9ho oleje p\u0159i p\u0159eprav\u011b na dlouh\u00e9 vzd\u00e1lenosti, co\u017e pomohlo sn\u00ed\u017eit po\u010det hl\u00e1\u0161en\u00ed o znehodnocen\u00ed o 40 %. Lahve pro\u0161ly testem mezin\u00e1rodn\u00ed p\u0159epravy s \u00fasp\u011b\u0161nost\u00ed 99,9 procenta. Na z\u00e1klad\u011b p\u016fsobiv\u00e9ho v\u00fdkonu si v\u00fdrobce objednal dal\u0161\u00edch 200 000 lahv\u00ed sv\u00fdch nov\u00fdch ochucen\u00fdch a louhovan\u00fdch olivov\u00fdch olej\u016f.<\/p>\n<h2>N\u00e1pady na p\u0159izp\u016fsoben\u00ed<\/h2>\n<ul>\n<li>Matn\u00fd kyselinov\u00fd wash \u2013 Dod\u00e1v\u00e1 cel\u00e9mu povrchu jemn\u00fd, matn\u00fd povrch. P\u016fsob\u00ed draze a zakr\u00fdv\u00e1 otisky prst\u016f.<\/li>\n<li>P\u00edskov\u00e1n\u00ed loga \u2013 Vylepte si sv\u016fj embl\u00e9m do p\u0159edn\u00edho panelu. Je to trval\u00e9 a sv\u011bd\u010d\u00ed o pr\u00e9miov\u00e9m \u0159emesln\u00e9m zpracov\u00e1n\u00ed.<\/li>\n<li>Kontrola hloubky odst\u00ednu \u2013 Pro extra ochranu p\u0159ed UV z\u00e1\u0159en\u00edm a v\u00fdrazn\u011bj\u0161\u00ed vzhled zvolte tmav\u0161\u00ed odst\u00edn ne\u017e standardn\u00ed zelenou.<\/li>\n<\/ul>","protected":false},"excerpt":{"rendered":"<p>Klasick\u00e9 \u010dtvercov\u00e9 sklen\u011bn\u00e9 lahve na olivov\u00fd olej ze zelen\u00e9ho skla s \u010dern\u00fdmi, zlat\u00fdmi nebo zelen\u00fdmi \u0161roubovac\u00edmi uz\u00e1v\u011bry. Ide\u00e1ln\u00ed pro ochranu kvality oleje. P\u0159\u00edmo z v\u00fdroby, rychl\u00e9 dod\u00e1n\u00ed.<\/p>","protected":false},"featured_media":25644,"template":"","meta":[],"product_brand":[],"product_cat":[126,123,122],"product_tag":[],"class_list":{"0":"post-21965","1":"product","2":"type-product","3":"status-publish","4":"has-post-thumbnail","6":"product_cat-olive-oil-bottles","7":"product_cat-custom-glass-bottles","8":"product_cat-custom-glass-packaging","10":"first","11":"instock","12":"shipping-taxable","13":"product-type-simple"},"jetpack_sharing_enabled":true,"_links":{"self":[{"href":"https:\/\/yebodaglass.com\/cs\/wp-json\/wp\/v2\/product\/21965","targetHints":{"allow":["GET"]}}],"collection":[{"href":"https:\/\/yebodaglass.com\/cs\/wp-json\/wp\/v2\/product"}],"about":[{"href":"https:\/\/yebodaglass.com\/cs\/wp-json\/wp\/v2\/types\/product"}],"version-history":[{"count":5,"href":"https:\/\/yebodaglass.com\/cs\/wp-json\/wp\/v2\/product\/21965\/revisions"}],"predecessor-version":[{"id":25561,"href":"https:\/\/yebodaglass.com\/cs\/wp-json\/wp\/v2\/product\/21965\/revisions\/25561"}],"wp:featuredmedia":[{"embeddable":true,"href":"https:\/\/yebodaglass.com\/cs\/wp-json\/wp\/v2\/media\/25644"}],"wp:attachment":[{"href":"https:\/\/yebodaglass.com\/cs\/wp-json\/wp\/v2\/media?parent=21965"}],"wp:term":[{"taxonomy":"product_brand","embeddable":true,"href":"https:\/\/yebodaglass.com\/cs\/wp-json\/wp\/v2\/product_brand?post=21965"},{"taxonomy":"product_cat","embeddable":true,"href":"https:\/\/yebodaglass.com\/cs\/wp-json\/wp\/v2\/product_cat?post=21965"},{"taxonomy":"product_tag","embeddable":true,"href":"https:\/\/yebodaglass.com\/cs\/wp-json\/wp\/v2\/product_tag?post=21965"}],"curies":[{"name":"wp","href":"https:\/\/api.w.org\/{rel}","templated":true}]}}