{"id":21951,"date":"2025-10-08T18:01:24","date_gmt":"2025-10-08T10:01:24","guid":{"rendered":"https:\/\/yebodaglass.com\/?post_type=product&#038;p=21951"},"modified":"2026-03-20T15:03:01","modified_gmt":"2026-03-20T07:03:01","slug":"empty-glass-mason-jar-storage-containers-bulk","status":"publish","type":"product","link":"https:\/\/yebodaglass.com\/cs\/produkt\/empty-glass-mason-jar-storage-containers-bulk\/","title":{"rendered":"Pr\u00e1zdn\u00e9 sklen\u011bn\u00e9 zava\u0159ovac\u00ed n\u00e1doby Mason o objemu 150 ml \u2013 1100 ml, velkoobchod"},"content":{"rendered":"<p>Tyto sklen\u011bn\u00e9 zava\u0159ovac\u00ed n\u00e1doby jsou vyrobeny z k\u0159i\u0161\u0165\u00e1lov\u011b \u010dir\u00e9ho skla a maj\u00ed neobvykl\u00fd, zaoblen\u00fd tvar s m\u00edrn\u011b vyv\u00fd\u0161en\u00fdm st\u0159edem, kter\u00fd se zu\u017euje k hrdlu a dnu. Maj\u00ed pravideln\u00e9 z\u00e1vitov\u00e9 hrdlo a kovov\u00fd \u0161roubovac\u00ed uz\u00e1v\u011br zlat\u00e9 barvy.<\/p>\n<h2>Vlastnosti produktu<\/h2>\n<ul>\n<li><strong>Pr\u016fhledn\u00e9 sklo:<\/strong> Sklo je k\u0159i\u0161\u0165\u00e1lov\u011b \u010dist\u00e9, tak\u017ee je snadno vid\u011bt obsah a produkt by byl atraktivn\u011bj\u0161\u00ed pro potravin\u00e1\u0159sk\u00fd a \u0159emesln\u00fd pr\u016fmysl.<\/li>\n<li><strong>Jednotn\u00e1 zlat\u00e1 \u010depice:<\/strong> Odpov\u00eddaj\u00edc\u00ed zlatav\u00fd \u0161roubovac\u00ed uz\u00e1v\u011br je vyroben z kovu, zaji\u0161\u0165uje pevn\u00e9 uchycen\u00ed a dod\u00e1v\u00e1 ob\u011bma styl\u016fm ucelen\u00fd a luxusn\u00ed vzhled.<\/li>\n<li><strong>N\u011bkolik velikost\u00ed:<\/strong> Je k dispozici v r\u016fzn\u00fdch velikostech, od mini a\u017e po obrovsk\u00e9, v z\u00e1vislosti na \u00falo\u017en\u00e9m prostoru vzorku a\u017e po velk\u00fd \u00falo\u017en\u00fd prostor.<\/li>\n<\/ul>\n<h2><strong data-spm-anchor-id=\"5176.28103460.0.i8.29ab2e31Xe3rbZ\">Kl\u00ed\u010dov\u00e9 specifikace<\/strong><\/h2>\n<table style=\"border-collapse: collapse; width: 80%; margin-left: auto; margin-right: auto;\" border=\"0\" width=\"363\" cellspacing=\"0\" cellpadding=\"0\">\n<tbody>\n<tr style=\"height: 13.50pt;\">\n<td class=\"et2\" style=\"height: 13.5pt; width: 56.25pt; text-align: center;\" width=\"75\" height=\"18\">Produkt<\/td>\n<td class=\"et2\" style=\"width: 54pt; text-align: center;\" width=\"72\">Kapacita (ml)<\/td>\n<td class=\"et2\" style=\"width: 54pt; text-align: center;\" width=\"72\">Velikost (cm)<\/td>\n<td class=\"et2\" style=\"width: 54pt; text-align: center;\" width=\"72\">Mo\u017enosti barev<\/td>\n<\/tr>\n<tr style=\"height: 13.50pt;\">\n<td class=\"et2\" style=\"height: 13.5pt; text-align: center;\" height=\"18\">63015008<\/td>\n<td class=\"et2\" style=\"text-align: center;\">150<\/td>\n<td class=\"et2\" style=\"text-align: center;\">6.1&#215;6.1&#215;8.2<\/td>\n<td class=\"et2\" style=\"text-align: center;\" rowspan=\"6\">\u010cir\u00fd nebo vlastn\u00ed (vy\u0159ez\u00e1van\u00e1 textura)<\/td>\n<\/tr>\n<tr style=\"height: 13.50pt;\">\n<td class=\"et2\" style=\"height: 13.5pt; text-align: center;\" height=\"18\">63030009<\/td>\n<td class=\"et2\" style=\"text-align: center;\">300<\/td>\n<td class=\"et2\" style=\"text-align: center;\">8.1&#215;8.1&#215;8.9<\/td>\n<\/tr>\n<tr style=\"height: 13.50pt;\">\n<td class=\"et2\" style=\"height: 13.5pt; text-align: center;\" height=\"18\">63038010<\/td>\n<td class=\"et2\" style=\"text-align: center;\">380<\/td>\n<td class=\"et2\" style=\"text-align: center;\">9,0\u00d79,0x9,6<\/td>\n<\/tr>\n<tr style=\"height: 13.50pt;\">\n<td class=\"et2\" style=\"height: 13.5pt; text-align: center;\" height=\"18\">63050011<\/td>\n<td class=\"et2\" style=\"text-align: center;\">500<\/td>\n<td class=\"et2\" style=\"text-align: center;\">8.2&#215;8.2&#215;13.0<\/td>\n<\/tr>\n<tr style=\"height: 13.50pt;\">\n<td class=\"et2\" style=\"height: 13.5pt; text-align: center;\" height=\"18\">63103012<\/td>\n<td class=\"et2\" style=\"text-align: center;\">1030<\/td>\n<td class=\"et2\" style=\"text-align: center;\">9.9&#215;9.9&#215;16.7<\/td>\n<\/tr>\n<tr style=\"height: 13.50pt;\">\n<td class=\"et2\" style=\"height: 13.5pt; text-align: center;\" height=\"18\">63110013<\/td>\n<td class=\"et2\" style=\"text-align: center;\">1100<\/td>\n<td class=\"et2\" style=\"text-align: center;\">9.7&#215;9.7&#215;17.5<\/td>\n<\/tr>\n<\/tbody>\n<\/table>\n<h2>P\u0159\u00edb\u011bh \u00fasp\u011bchu<\/h2>\n<p>Jeden z v\u00fdrobc\u016f medu v Utahu si vybral na\u0161i sklen\u011bnou n\u00e1dobu Mason a vyrobil ji sv\u011btle jantarov\u00e9 barvy s potiskem vzoru pl\u00e1stve. Tradi\u010dn\u00ed vzhled n\u00e1doby zlep\u0161il image jejich zna\u010dky jako\u017eto d\u011bdictv\u00ed, co\u017e znamenalo 60% n\u00e1r\u016fst online prodeje, a s\u00edtotiskem poti\u0161t\u011bn\u00fd vzor pl\u00e1stve na n\u00e1dob\u011b se zv\u00fd\u0161ila zm\u00ednka o n\u00ed na soci\u00e1ln\u00edch s\u00edt\u00edch o 300 procent. V\u00fdrobce si objednal dal\u0161\u00ed objedn\u00e1vku 720 000 sklenic medu d\u00edky sv\u00e9mu mimo\u0159\u00e1dn\u00e9mu \u00fasp\u011bchu v prodeji medu jednomu z n\u00e1rodn\u00edch \u0159et\u011bzc\u016f biopotravin.<\/p>\n<h2>P\u0159izp\u016fsoben\u00ed \u00falo\u017en\u00fdch kontejner\u016f Mason Jar<\/h2>\n<ul>\n<li>Ra\u017eba: Na ramena sklenic lze p\u0159idat texturovan\u00e9 vzory (nap\u0159. klasy p\u0161enice, v\u010dely).<\/li>\n<li>Zv\u00fd\u0161en\u00e9 objemov\u00e9 zna\u010dky: Zv\u011bt\u0161ete jednotliv\u00e9 zv\u00fd\u0161en\u00e9 objemy (unce, \u0161\u00e1lky, mililitry) na stran\u011b sklenice nebo lahve, aby byla v\u0161estrann\u011bj\u0161\u00ed.<\/li>\n<li>Design \u010dtvercov\u00fdch zava\u0159ovac\u00edch sklenic: Navrhn\u011bte \u010dtvercov\u00e9 zava\u0159ovac\u00ed sklenice Mason, kter\u00e9 \u0161et\u0159\u00ed m\u00edsto a maximalizuj\u00ed um\u00edst\u011bn\u00ed na poli\u010dk\u00e1ch a p\u0159epravn\u00ed kontejnery.<\/li>\n<\/ul>","protected":false},"excerpt":{"rendered":"<p>Pr\u00e9miov\u00e9 sklen\u011bn\u00e9 zava\u0159ovac\u00ed n\u00e1doby Mason s odoln\u00fdm sklen\u011bn\u00fdm t\u011blem a kovov\u00fdmi v\u00edky. Ide\u00e1ln\u00ed pro skladov\u00e1n\u00ed potravin, n\u00e1poj\u016f a balen\u00ed. Mo\u017enost rychl\u00e9ho dod\u00e1n\u00ed.<\/p>","protected":false},"featured_media":25538,"template":"","meta":[],"product_brand":[],"product_cat":[125,124,122],"product_tag":[],"class_list":{"0":"post-21951","1":"product","2":"type-product","3":"status-publish","4":"has-post-thumbnail","6":"product_cat-mason-glass-jars","7":"product_cat-custom-glass-jars","8":"product_cat-custom-glass-packaging","10":"first","11":"instock","12":"shipping-taxable","13":"product-type-simple"},"jetpack_sharing_enabled":true,"_links":{"self":[{"href":"https:\/\/yebodaglass.com\/cs\/wp-json\/wp\/v2\/product\/21951","targetHints":{"allow":["GET"]}}],"collection":[{"href":"https:\/\/yebodaglass.com\/cs\/wp-json\/wp\/v2\/product"}],"about":[{"href":"https:\/\/yebodaglass.com\/cs\/wp-json\/wp\/v2\/types\/product"}],"version-history":[{"count":5,"href":"https:\/\/yebodaglass.com\/cs\/wp-json\/wp\/v2\/product\/21951\/revisions"}],"predecessor-version":[{"id":25540,"href":"https:\/\/yebodaglass.com\/cs\/wp-json\/wp\/v2\/product\/21951\/revisions\/25540"}],"wp:featuredmedia":[{"embeddable":true,"href":"https:\/\/yebodaglass.com\/cs\/wp-json\/wp\/v2\/media\/25538"}],"wp:attachment":[{"href":"https:\/\/yebodaglass.com\/cs\/wp-json\/wp\/v2\/media?parent=21951"}],"wp:term":[{"taxonomy":"product_brand","embeddable":true,"href":"https:\/\/yebodaglass.com\/cs\/wp-json\/wp\/v2\/product_brand?post=21951"},{"taxonomy":"product_cat","embeddable":true,"href":"https:\/\/yebodaglass.com\/cs\/wp-json\/wp\/v2\/product_cat?post=21951"},{"taxonomy":"product_tag","embeddable":true,"href":"https:\/\/yebodaglass.com\/cs\/wp-json\/wp\/v2\/product_tag?post=21951"}],"curies":[{"name":"wp","href":"https:\/\/api.w.org\/{rel}","templated":true}]}}