{"id":21914,"date":"2025-10-08T18:02:42","date_gmt":"2025-10-08T10:02:42","guid":{"rendered":"https:\/\/yebodaglass.com\/?post_type=product&#038;p=21914"},"modified":"2026-03-20T16:27:24","modified_gmt":"2026-03-20T08:27:24","slug":"clear-mason-glass-jars-with-lids-bulk","status":"publish","type":"product","link":"https:\/\/yebodaglass.com\/cs\/produkt\/clear-mason-glass-jars-with-lids-bulk\/","title":{"rendered":"Sklenice z \u010dir\u00e9ho skla Mason s v\u00ed\u010dkem o objemu 150 ml \u2013 1000 ml, voln\u011b lo\u017een\u00e9"},"content":{"rendered":"<p>Tyto sklen\u011bn\u00e9 d\u00f3zy Mason maj\u00ed origin\u00e1ln\u00ed zaoblen\u00fd \u010dtvercov\u00fd tvar, jsou vyrobeny z k\u0159i\u0161\u0165\u00e1lov\u011b \u010dir\u00e9ho skla a maj\u00ed okouzluj\u00edc\u00ed ocelov\u00fd \u0161roubovac\u00ed uz\u00e1v\u011br ve st\u0159\u00edbrn\u00e9 barv\u011b. \u0160iroko\u00fahl\u00e1 konstrukce m\u00e1 standardn\u00ed \u0161roubovac\u00ed uz\u00e1v\u011br a ploch\u00e9 matn\u011b st\u0159\u00edbrn\u00e9 kovov\u00e9 t\u011bsn\u011bn\u00ed.<\/p>\n<h2>Vlastnosti produktu<\/h2>\n<ul>\n<li><strong>Klasick\u00fd vintage tvar:<\/strong> \u010ctvercov\u00fd, rovn\u00fd v\u00e1lcov\u00fd tvar je stejn\u00fd jako klasick\u00fd tvar zedn\u00edka a vytv\u00e1\u0159ej\u00ed kombinaci vintage kr\u00e1sy, snadno se s n\u00edm manipuluje, je snadno pou\u017eiteln\u00fd a snadno rozpoznateln\u00fd.<\/li>\n<li><strong>V\u00edcekapacitn\u00ed proveden\u00ed:<\/strong> Dod\u00e1v\u00e1 se v mini, b\u011b\u017en\u00e9 a vysok\u00e9 verzi, aby vyhovovala r\u016fzn\u00fdm po\u017eadavk\u016fm na mal\u00e9 porce, denn\u00ed skladov\u00e1n\u00ed a velkokapacitn\u00ed skladov\u00e1n\u00ed.<\/li>\n<li><strong>N\u011bkolik variant kovov\u00fdch v\u00ed\u010dek:<\/strong> M\u00e1 ploch\u00e9 v\u00edko nebo v\u00edko s odv\u011btr\u00e1van\u00fdm otvorem, oboj\u00ed ve st\u0159\u00edbrn\u00e9 barv\u011b, a poskytuje mu jak vynikaj\u00edc\u00ed t\u011bsnic\u00ed vlastnosti, tak flexibilitu pro \u010detn\u00e9 pot\u0159eby konzervace a pou\u017eit\u00ed.<\/li>\n<\/ul>\n<h2><strong data-spm-anchor-id=\"5176.28103460.0.i14.29ab2e31M0MCxV\">Kl\u00ed\u010dov\u00e9 specifikace<\/strong><\/h2>\n<table style=\"border-collapse: collapse; width: 80%; margin-left: auto; margin-right: auto;\" border=\"0\" width=\"360\" cellspacing=\"0\" cellpadding=\"0\">\n<tbody>\n<tr style=\"height: 13.50pt;\">\n<td style=\"height: 13.5pt; width: 54pt; text-align: center;\" width=\"72\" height=\"18\">Produkt<\/td>\n<td style=\"width: 54pt; text-align: center;\" width=\"72\">Kapacita (ml)<\/td>\n<td style=\"width: 54pt; text-align: center;\" width=\"72\">Velikost (cm)<\/td>\n<td style=\"width: 54pt; text-align: center;\" width=\"72\">Mo\u017enosti barev<\/td>\n<\/tr>\n<tr style=\"height: 13.50pt;\">\n<td style=\"height: 13.5pt; text-align: center;\" align=\"right\" height=\"18\">63015001<\/td>\n<td style=\"text-align: center;\" align=\"right\">150<\/td>\n<td style=\"text-align: center;\">7.8&#215;7.8&#215;5.1<\/td>\n<td class=\"et2\" style=\"text-align: center;\" rowspan=\"7\">Vymazat (Vlastn\u00ed)<\/td>\n<\/tr>\n<tr style=\"height: 13.50pt;\">\n<td style=\"height: 13.5pt; text-align: center;\" align=\"right\" height=\"18\">63025002<\/td>\n<td style=\"text-align: center;\" align=\"right\">250<\/td>\n<td style=\"text-align: center;\">7.8&#215;7.8&#215;8.0<\/td>\n<\/tr>\n<tr style=\"height: 13.50pt;\">\n<td style=\"height: 13.5pt; text-align: center;\" align=\"right\" height=\"18\">63038003<\/td>\n<td style=\"text-align: center;\" align=\"right\">380<\/td>\n<td style=\"text-align: center;\">7.5&#215;7.5&#215;12.0<\/td>\n<\/tr>\n<tr style=\"height: 13.50pt;\">\n<td style=\"height: 13.5pt; text-align: center;\" align=\"right\" height=\"18\">63050004<\/td>\n<td style=\"text-align: center;\" align=\"right\">500<\/td>\n<td style=\"text-align: center;\">8.2&#215;8.2&#215;12.7<\/td>\n<\/tr>\n<tr style=\"height: 13.50pt;\">\n<td style=\"height: 13.5pt; text-align: center;\" align=\"right\" height=\"18\">63075005<\/td>\n<td style=\"text-align: center;\" align=\"right\">750<\/td>\n<td style=\"text-align: center;\">8.6&#215;8.6&#215;16.3<\/td>\n<\/tr>\n<tr style=\"height: 13.50pt;\">\n<td style=\"height: 13.5pt; text-align: center;\" align=\"right\" height=\"18\">63085006<\/td>\n<td style=\"text-align: center;\" align=\"right\">850<\/td>\n<td style=\"text-align: center;\">\u2014<\/td>\n<\/tr>\n<tr style=\"height: 13.50pt;\">\n<td style=\"height: 13.5pt; text-align: center;\" align=\"right\" height=\"18\">63100007<\/td>\n<td style=\"text-align: center;\" align=\"right\">1000<\/td>\n<td style=\"text-align: center;\">9.7&#215;9.7&#215;17.5<\/td>\n<\/tr>\n<\/tbody>\n<\/table>\n<h2>P\u0159\u00edb\u011bh \u00fasp\u011bchu<\/h2>\n<p>Jeden z portlandsk\u00fdch pra\u017e\u00edren k\u00e1vy si vybral na\u0161e v\u00edce\u00fa\u010delov\u00e9 zava\u0159ovac\u00ed sklenice a personalizovan\u00e9 d\u00f3zy s motivy k\u00e1vov\u00fdch zrn. Pr\u016fhledn\u00e9 sklenice tak\u00e9 poskytovaly perfektn\u00ed prezentaci k\u00e1vov\u00fdch zrn, co\u017e vedlo k n\u00e1r\u016fstu prodej\u016f o 35 % a opakovan\u00fdch n\u00e1kup\u016f o 62 %. Samotn\u00e9 balen\u00ed peka\u0159e natolik uspokojilo, \u017ee si n\u00e1sledn\u011b objednal dal\u0161\u00ed 250 000 sklen\u011bn\u00fdch d\u00f3z, kter\u00e9 ladily s jeho novou \u0159adou ko\u0159en\u00ed a \u010dajov\u00fdch n\u00e1poj\u016f.<\/p>\n<h2>Alternativy k p\u0159izp\u016fsoben\u00ed sklenice Mason<\/h2>\n<ul>\n<li>Design \u010dtvercov\u00fdch sklenic: Navrhn\u011bte prostorov\u011b efektivn\u00ed \u010dtvercov\u00e9 sklenice Mason pro zv\u00fd\u0161en\u00ed efektivity vystaven\u00ed v reg\u00e1lech v maloobchod\u011b a dom\u00e1c\u00edch sp\u00ed\u017e\u00edch.<\/li>\n<li>Ra\u017eba: Na ramena sklenice vyra\u017ete nebo vyrazte ozdobn\u00e9 inici\u00e1ly nebo vzory.<\/li>\n<li>Materi\u00e1l v\u00edka: M\u00edsto plastov\u00fdch, korkov\u00fdch nebo bambusov\u00fdch v\u00ed\u010dek lze pou\u017e\u00edt kovov\u00e1 v\u00edka.<\/li>\n<\/ul>","protected":false},"excerpt":{"rendered":"<p>Sklen\u011bn\u00e9 d\u00f3zy Mason pro skladov\u00e1n\u00ed s \u0161irok\u00fdm hrdlem a odoln\u00fdmi v\u00edky. Ide\u00e1ln\u00ed pro balen\u00ed a organizaci. Velkoobchodn\u00ed slevy a p\u0159\u00edm\u00fd servis od v\u00fdrobce.<\/p>","protected":false},"featured_media":25546,"template":"","meta":[],"product_brand":[],"product_cat":[125,124,122],"product_tag":[],"class_list":{"0":"post-21914","1":"product","2":"type-product","3":"status-publish","4":"has-post-thumbnail","6":"product_cat-mason-glass-jars","7":"product_cat-custom-glass-jars","8":"product_cat-custom-glass-packaging","10":"first","11":"instock","12":"shipping-taxable","13":"product-type-simple"},"jetpack_sharing_enabled":true,"_links":{"self":[{"href":"https:\/\/yebodaglass.com\/cs\/wp-json\/wp\/v2\/product\/21914","targetHints":{"allow":["GET"]}}],"collection":[{"href":"https:\/\/yebodaglass.com\/cs\/wp-json\/wp\/v2\/product"}],"about":[{"href":"https:\/\/yebodaglass.com\/cs\/wp-json\/wp\/v2\/types\/product"}],"version-history":[{"count":5,"href":"https:\/\/yebodaglass.com\/cs\/wp-json\/wp\/v2\/product\/21914\/revisions"}],"predecessor-version":[{"id":25545,"href":"https:\/\/yebodaglass.com\/cs\/wp-json\/wp\/v2\/product\/21914\/revisions\/25545"}],"wp:featuredmedia":[{"embeddable":true,"href":"https:\/\/yebodaglass.com\/cs\/wp-json\/wp\/v2\/media\/25546"}],"wp:attachment":[{"href":"https:\/\/yebodaglass.com\/cs\/wp-json\/wp\/v2\/media?parent=21914"}],"wp:term":[{"taxonomy":"product_brand","embeddable":true,"href":"https:\/\/yebodaglass.com\/cs\/wp-json\/wp\/v2\/product_brand?post=21914"},{"taxonomy":"product_cat","embeddable":true,"href":"https:\/\/yebodaglass.com\/cs\/wp-json\/wp\/v2\/product_cat?post=21914"},{"taxonomy":"product_tag","embeddable":true,"href":"https:\/\/yebodaglass.com\/cs\/wp-json\/wp\/v2\/product_tag?post=21914"}],"curies":[{"name":"wp","href":"https:\/\/api.w.org\/{rel}","templated":true}]}}