{"id":21833,"date":"2025-09-29T11:46:29","date_gmt":"2025-09-29T03:46:29","guid":{"rendered":"https:\/\/yebodaglass.com\/?post_type=product&#038;p=21833"},"modified":"2025-10-09T18:01:44","modified_gmt":"2025-10-09T10:01:44","slug":"custom-olive-oil-bottles-high-quality-glass-oil-bottles-for-wholesale","status":"publish","type":"product","link":"https:\/\/yebodaglass.com\/cs\/custom-olive-oil-bottles-high-quality-glass-oil-bottles-for-wholesale\/","title":{"rendered":"Sklen\u011bn\u00e9 lahve na olivov\u00fd olej o objemu 60\u20131000 ml z \u010dir\u00e9ho skla \u2013 hranat\u00e9 lahve se \u0161roubovac\u00edm v\u00ed\u010dkem"},"content":{"rendered":"<div data-elementor-type=\"product-post\" data-elementor-id=\"21833\" class=\"elementor elementor-21833\" data-elementor-settings=\"{&quot;ha_cmc_init_switcher&quot;:&quot;no&quot;}\" data-elementor-post-type=\"product\">\n\t\t\t\t<div class=\"elementor-element elementor-element-7cc6e53 e-flex e-con-boxed e-con e-parent\" data-id=\"7cc6e53\" data-element_type=\"container\" data-e-type=\"container\" data-settings=\"{&quot;_ha_eqh_enable&quot;:false}\">\n\t\t\t\t\t<div class=\"e-con-inner\">\n\t\t\t\t<div class=\"elementor-element elementor-element-b9ffd68 elementor-widget elementor-widget-text-editor\" data-id=\"b9ffd68\" data-element_type=\"widget\" data-e-type=\"widget\" data-widget_type=\"text-editor.default\">\n\t\t\t\t<div class=\"elementor-widget-container\">\n\t\t\t\t\t\t\t\t\t<p>Jako\u017eto v\u00fdznamn\u00fd v\u00fdrobce a dodavatel pr\u00e9miov\u00fdch sklen\u011bn\u00fdch obal\u016f ch\u00e1peme pot\u0159ebu vysoce kvalitn\u00edch lahv\u00ed na olivov\u00fd olej na m\u00edru, kter\u00e9 pozvednou zna\u010dku va\u0161eho oleje. Na\u0161e kurz nab\u00edz\u00ed v\u0161estrannost pro velkoobchodn\u00ed i hromadn\u00e9 objedn\u00e1vky a je navr\u017een tak, aby demonstroval \u010distotu va\u0161eho olivov\u00e9ho oleje z \u010dir\u00e9ho skla. A\u0165 u\u017e pot\u0159ebujete standardn\u00ed lahev na olej nebo zcela zak\u00e1zkov\u00e9 \u0159e\u0161en\u00ed, na\u0161e sklen\u011bn\u00e9 lahve jsou k dispozici v mnoha velikostech, aby vyhovovaly ka\u017ed\u00e9mu pou\u017eit\u00ed.<\/p><h2>Vlastnosti produktu<\/h2><ul><li><strong>\u010ctvercov\u00fd modern\u00ed design<\/strong>Modern\u00ed velikost t\u0159\u00eddy zvy\u0161uje atraktivitu reg\u00e1l\u016f a \u0161et\u0159\u00ed m\u00edsto, tak\u017ee je ide\u00e1ln\u00ed pro maloobchod.<\/li><li><strong>\u010cir\u00e9 sklo potravin\u00e1\u0159sk\u00e9 kvality<\/strong>Vyrobeno z vysoce kvalitn\u00edho skla na lahve na olej, co\u017e z\u00e1kazn\u00edk\u016fm umo\u017e\u0148uje vid\u011bt bohatou barvu, konstruk\u010dn\u00ed v\u00edru a chu\u0165 va\u0161eho olivov\u00e9ho oleje.<\/li><li><strong>Bezpe\u010dn\u00fd \u0161roubovac\u00ed krk<\/strong>Kompatibiln\u00ed s r\u016fzn\u00fdmi variantami v\u00edka, v\u010detn\u011b kovov\u00e9ho nebo plastov\u00e9ho, zaji\u0161\u0165uje nepropustnou n\u00e1dobu na olivov\u00fd olej pro snadn\u00e9 vlo\u017een\u00ed.<\/li><li><strong>V\u00edce mo\u017enost\u00ed kapacity<\/strong>Pro velk\u00e9 objemy o objemu 1000 ml pro hromadn\u00e9 pou\u017eit\u00ed a mal\u00e9 60ml lahve pro vzorky nab\u00edz\u00edme flexibilitu pro spln\u011bn\u00ed rozmanit\u00fdch po\u017eadavk\u016f.<\/li><\/ul>\t\t\t\t\t\t\t\t<\/div>\n\t\t\t\t<\/div>\n\t\t\t\t<div class=\"elementor-element elementor-element-920ae84 elementor-widget elementor-widget-text-editor\" data-id=\"920ae84\" data-element_type=\"widget\" data-e-type=\"widget\" data-widget_type=\"text-editor.default\">\n\t\t\t\t<div class=\"elementor-widget-container\">\n\t\t\t\t\t\t\t\t\t<h2>Kl\u00ed\u010dov\u00e9 specifikace:<\/h2><table border=\"0\" width=\"100%\" cellspacing=\"0\" cellpadding=\"0\"><tbody><tr><td class=\"et2\" style=\"text-align: center;\" colspan=\"4\" width=\"100%\" height=\"18\"><strong>\u010ctvercov\u00e1 l\u00e1hev na olivov\u00fd olej z \u010dir\u00e9ho skla se \u0161roubovac\u00edm hrdlem<\/strong><\/td><\/tr><tr><td class=\"et2\" style=\"text-align: left;\" height=\"24\"><strong>Model<\/strong><\/td><td class=\"et2\" style=\"text-align: left;\"><strong>Kapacita\/ml<\/strong><\/td><td class=\"et2\" style=\"text-align: left;\"><strong>velikost\/cm<\/strong><\/td><td class=\"et2\" style=\"text-align: left;\"><strong>vnit\u0159n\u00ed\/vn\u011bj\u0161\u00ed pr\u016fm\u011bry\/mm<\/strong><\/td><\/tr><tr><td class=\"et2\" style=\"text-align: center;\" height=\"24\">11006001<\/td><td class=\"et2\">60<\/td><td class=\"et2\">3.5*3.5*12.4<\/td><td class=\"et2\">9.5*18<\/td><\/tr><tr><td class=\"et2\" style=\"text-align: center;\" height=\"18\">11010002<\/td><td class=\"et2\">100<\/td><td class=\"et2\">4.1*4.1*14.0<\/td><td class=\"et2\">13.5*24<\/td><\/tr><tr><td class=\"et2\" style=\"text-align: center;\" height=\"18\">11010003<\/td><td class=\"et2\">100<\/td><td class=\"et2\">4.3*4.3*14.0<\/td><td class=\"et2\">13.5*24<\/td><\/tr><tr><td class=\"et2\" style=\"text-align: center;\" height=\"20\">11015004<\/td><td class=\"et2\">150<\/td><td class=\"et2\">4.9*4.9*15.6<\/td><td class=\"et2\">19*30<\/td><\/tr><tr><td class=\"et2\" style=\"text-align: center;\" height=\"20\">11025005<\/td><td class=\"et2\">250<\/td><td class=\"et2\">4.7*4.7*21.0<\/td><td class=\"et2\">19*30<\/td><\/tr><tr><td class=\"et2\" style=\"text-align: center;\" height=\"20\">11050006<\/td><td class=\"et2\">500<\/td><td class=\"et2\">5.8*5.8*26.4<\/td><td class=\"et2\">19*30<\/td><\/tr><tr><td class=\"et2\" style=\"text-align: center;\" height=\"20\">11075007<\/td><td class=\"et2\">750<\/td><td class=\"et2\">6.5*6.5*30.2<\/td><td class=\"et2\">19*30<\/td><\/tr><tr><td class=\"et2\" style=\"text-align: center;\" height=\"20\">11100008<\/td><td class=\"et2\">1000<\/td><td class=\"et2\">7.4*7.4*30<\/td><td class=\"et2\">19*30<\/td><\/tr><\/tbody><\/table><p>Mo\u017enosti p\u0159\u00edslu\u0161enstv\u00ed: Ka\u017ed\u00e1 l\u00e1hev je dod\u00e1v\u00e1na se \u0161roubovac\u00edm hrdlem kompatibiln\u00edm s r\u016fzn\u00fdmi typy v\u00ed\u010dek (kovov\u00fdmi nebo plastov\u00fdmi), vnit\u0159n\u00edmi t\u011bsn\u011bn\u00edmi, nal\u00e9vac\u00edmi hrdly (d\u00e1vkova\u010d oleje) a vn\u011bj\u0161\u00edmi f\u00f3liemi. Mo\u017enosti p\u0159izp\u016fsoben\u00ed zahrnuj\u00ed barevn\u00e9 varianty v\u00ed\u010dek nebo etiket.<\/p><h2>P\u0159\u00edpadov\u00e1 studie:<\/h2><p>Jeden z na\u0161ich klient\u016f, pr\u00e9miov\u00e1 zna\u010dka olej\u016f, zaznamenal 30% n\u00e1r\u016fst online prodej\u016f pot\u00e9, co p\u0159e\u0161el na na\u0161e lahve na olivov\u00fd olej na zak\u00e1zku. Objednal si velk\u00e9 mno\u017estv\u00ed 500ml \u010dtvercov\u00e9 sklen\u011bn\u00e9 lahve na olivov\u00fd olej s v\u00ed\u010dkem na zak\u00e1zku a d\u00e1vkova\u010dem oleje. Pr\u016fhledn\u00fd sklen\u011bn\u00fd obal pomohl zd\u016fraznit kvalitu jejich produktu a na\u0161e spolehliv\u00e1 doprava zajistila v\u010dasn\u00e9 dod\u00e1n\u00ed b\u011bhem jejich v\u00e1no\u010dn\u00ed kampan\u011b.<\/p><h2>Tipy pro p\u0159izp\u016fsoben\u00ed<\/h2><p>Pro zna\u010dky, kter\u00e9 cht\u011bj\u00ed vyniknout, doporu\u010dujeme p\u0159izp\u016fsobit barvu v\u00ed\u010dka tak, aby odpov\u00eddala va\u0161emu brandingu, nebo p\u0159idat speci\u00e1ln\u00ed d\u00e1vkova\u010d oleje pro kontrolovan\u00e9 nal\u00e9v\u00e1n\u00ed. Hromadn\u00e9 objedn\u00e1vky zahrnuj\u00ed velkoobchodn\u00ed slevy a nab\u00edz\u00edme bezplatn\u00fd vzorov\u00fd program pro vyzkou\u0161en\u00ed sklen\u011bn\u00e9 lahve na olej s v\u00ed\u010dkem p\u0159ed objedn\u00e1n\u00edm. Na\u0161e zak\u00e1zkov\u00e9 slu\u017eby zahrnuj\u00ed potisk loga a \u00fapravu velikosti \u2013 sta\u010d\u00ed n\u00e1s kontaktovat s va\u0161imi pot\u0159ebami.<\/p><p><strong>Informace o objedn\u00e1vce<\/strong>Objednejte si je\u0161t\u011b dnes a z\u00edskejte rychl\u00e9 doru\u010den\u00ed. Tyto sklen\u011bn\u00e9 lahve na olivov\u00fd olej jsou k dispozici v pr\u016fhledn\u00e9 povrchov\u00e9 \u00faprav\u011b, kter\u00e1 je ide\u00e1ln\u00ed pro jak\u00e9koli pou\u017eit\u00ed lahv\u00ed na olej.<\/p>\t\t\t\t\t\t\t\t<\/div>\n\t\t\t\t<\/div>\n\t\t\t\t\t<\/div>\n\t\t\t\t<\/div>\n\t\t\t\t<\/div>","protected":false},"excerpt":{"rendered":"<p>Objevte pr\u00e9miov\u00e9 lahve na olivov\u00fd olej na m\u00edru a sklen\u011bn\u00e9 lahve na olej s v\u00ed\u010dky pro va\u0161i zna\u010dku. Velkoobchodn\u00ed ceny, hromadn\u00e9 objedn\u00e1vky a bezplatn\u00e9 vzorky k dispozici.<\/p>","protected":false},"featured_media":21837,"template":"","meta":[],"product_brand":[],"product_cat":[122,123],"product_tag":[],"class_list":{"0":"post-21833","1":"product","2":"type-product","3":"status-publish","4":"has-post-thumbnail","6":"product_cat-custom-glass-packaging","7":"product_cat-custom-glass-bottles","9":"first","10":"instock","11":"shipping-taxable","12":"product-type-simple"},"jetpack_sharing_enabled":true,"_links":{"self":[{"href":"https:\/\/yebodaglass.com\/cs\/wp-json\/wp\/v2\/product\/21833","targetHints":{"allow":["GET"]}}],"collection":[{"href":"https:\/\/yebodaglass.com\/cs\/wp-json\/wp\/v2\/product"}],"about":[{"href":"https:\/\/yebodaglass.com\/cs\/wp-json\/wp\/v2\/types\/product"}],"version-history":[{"count":5,"href":"https:\/\/yebodaglass.com\/cs\/wp-json\/wp\/v2\/product\/21833\/revisions"}],"predecessor-version":[{"id":21848,"href":"https:\/\/yebodaglass.com\/cs\/wp-json\/wp\/v2\/product\/21833\/revisions\/21848"}],"wp:featuredmedia":[{"embeddable":true,"href":"https:\/\/yebodaglass.com\/cs\/wp-json\/wp\/v2\/media\/21837"}],"wp:attachment":[{"href":"https:\/\/yebodaglass.com\/cs\/wp-json\/wp\/v2\/media?parent=21833"}],"wp:term":[{"taxonomy":"product_brand","embeddable":true,"href":"https:\/\/yebodaglass.com\/cs\/wp-json\/wp\/v2\/product_brand?post=21833"},{"taxonomy":"product_cat","embeddable":true,"href":"https:\/\/yebodaglass.com\/cs\/wp-json\/wp\/v2\/product_cat?post=21833"},{"taxonomy":"product_tag","embeddable":true,"href":"https:\/\/yebodaglass.com\/cs\/wp-json\/wp\/v2\/product_tag?post=21833"}],"curies":[{"name":"wp","href":"https:\/\/api.w.org\/{rel}","templated":true}]}}