{"id":17341,"date":"2025-07-18T12:13:20","date_gmt":"2025-07-18T04:13:20","guid":{"rendered":"https:\/\/yebodaglass.com\/?post_type=product&#038;p=17341"},"modified":"2026-03-25T13:47:20","modified_gmt":"2026-03-25T05:47:20","slug":"wholesale-32-oz-clear-glass-swing-top-bottles","status":"publish","type":"product","link":"https:\/\/yebodaglass.com\/cs\/wholesale-32-oz-clear-glass-swing-top-bottles\/","title":{"rendered":"Velkoobchodn\u00ed lahve s \u010dir\u00fdm sklen\u011bn\u00fdm v\u00ed\u010dkem o objemu 32 oz"},"content":{"rendered":"<p>N\u00e1\u0161 sortiment \u010dir\u00fdch sklen\u011bn\u00fdch lahv\u00ed o objemu 32oz s v\u00fdklopn\u00fdm uz\u00e1v\u011brem zahrnuje robustn\u00ed \u0161roubovac\u00ed uz\u00e1v\u011br, kter\u00fd vytv\u00e1\u0159\u00ed vzduchot\u011bsn\u00e9 t\u011bsn\u011bn\u00ed a zabra\u0148uje \u00faniku! Tyto sklen\u011bn\u00e9 lahve udr\u017e\u00ed v\u00e1\u0161 obsah \u010derstv\u00fd a v dobr\u00e9m stavu. A\u0165 u\u017e jste amat\u00e9r nebo profesion\u00e1ln\u00ed v\u00fdrobce, na\u0161e sklen\u011bn\u00e9 lahve se \u0161roubovac\u00edm uz\u00e1v\u011brem jsou stylov\u00fdm a praktick\u00fdm \u0159e\u0161en\u00edm pro skladov\u00e1n\u00ed a vystavov\u00e1n\u00ed \u0161irok\u00e9 \u0161k\u00e1ly tekutin.<\/p>\n<h2>\u00da\u010dastn\u00edci<\/h2>\n<ul>\n<li style=\"text-align: left;\"><strong>\u0160roubovac\u00ed uz\u00e1v\u011br:<\/strong> Gumov\u00e1 z\u00e1tka je pevn\u011b upevn\u011bna dr\u00e1t\u011bnou s\u00ed\u0165ovinou a tvo\u0159\u00ed tak odoln\u00e9 opakovan\u011b pou\u017eiteln\u00e9 t\u011bsn\u011bn\u00ed.<\/li>\n<li style=\"text-align: left;\"><strong>Vysoce \u010dir\u00e9 sklo:<\/strong> P\u0159es sklen\u011bn\u00e9 t\u011blo jasn\u011b uvid\u00edte barvu a mno\u017estv\u00ed sycen\u00ed va\u0161eho n\u00e1poje.<\/li>\n<li style=\"text-align: left;\"><strong>Dlouhotrvaj\u00edc\u00ed kovov\u00e9 kov\u00e1n\u00ed:<\/strong> Keramicko-plastov\u00e1 z\u00e1tka a kovov\u00e9 dr\u00e1t\u011bn\u00e9 pletivo jsou odoln\u00e9 a lze je pou\u017e\u00edvat opakovan\u011b po dlouhou dobu.<\/li>\n<\/ul>\n<h2 style=\"text-align: left;\">Kl\u00ed\u010dov\u00e9 specifikace<\/h2>\n<table class=\"aligncenter\" style=\"border-collapse: collapse; width: 565.52pt;\" border=\"0\" width=\"754\" cellspacing=\"0\" cellpadding=\"0\">\n<tbody>\n<tr style=\"height: 13.50pt;\">\n<td style=\"height: 13.50pt; width: 121.50pt;\" width=\"162\" height=\"18\">Specifikace<\/td>\n<td style=\"width: 444.00pt;\" width=\"592\">Podrobnosti<\/td>\n<\/tr>\n<tr style=\"height: 13.50pt;\">\n<td style=\"height: 13.50pt;\" height=\"18\">Kapacita<\/td>\n<td>32 oz\/1000ml<\/td>\n<\/tr>\n<tr style=\"height: 13.50pt;\">\n<td style=\"height: 13.50pt;\" height=\"18\">Vidrio de alta calidad<\/td>\n<td>19,3 cm \u00d7 19,3 cm \u00d7 30,4 cm (D \u00d7 \u0160 \u00d7 V) \/ 4 kusy v krabici<\/td>\n<\/tr>\n<tr style=\"height: 13.50pt;\">\n<td style=\"height: 13.50pt;\" height=\"18\">Materi\u00e1l<\/td>\n<td>Bezolovnat\u00e9 sklo<\/td>\n<\/tr>\n<tr style=\"height: 13.50pt;\">\n<td style=\"height: 13.50pt;\" height=\"18\">Typ v\u00edka<\/td>\n<td>Odklopn\u00fd uz\u00e1v\u011br s b\u00edlou z\u00e1tkou, \u010derven\u00fdm gumov\u00fdm t\u011bsn\u011bn\u00edm a kovovou dr\u00e1t\u011bnou svorkou<\/td>\n<\/tr>\n<tr style=\"height: 13.50pt;\">\n<td style=\"height: 13.50pt;\" height=\"18\">Doporu\u010den\u00e9 pou\u017eit\u00ed<\/td>\n<td>Ide\u00e1ln\u00ed pro skladov\u00e1n\u00ed dom\u00e1c\u00edch n\u00e1poj\u016f, olej\u016f, octa, om\u00e1\u010dek a \u0159emesln\u00fdch pot\u0159eb<\/td>\n<\/tr>\n<\/tbody>\n<\/table>\n<h2>P\u0159\u00edb\u011bh \u00fasp\u011bchu<\/h2>\n<p>Na\u0161i 946ml sklen\u011bnou l\u00e1hev s v\u00fdklopn\u00fdm uz\u00e1v\u011brem, zak\u00e1zkov\u011b s\u00edtotiskov\u00fdmi etiketami ve stylu Art Deco a zak\u00e1zkov\u011b barevn\u00fdmi (zelen\u00fdmi) gumov\u00fdmi t\u011bsn\u011bn\u00edmi vybrala spole\u010dnost vyr\u00e1b\u011bj\u00edc\u00ed \u0159emesln\u00e9 limon\u00e1dy ze St\u0159edoz\u00e1padu. Perlivost je zaji\u0161t\u011bna klipem, kter\u00fd zcela uzav\u00edr\u00e1 uz\u00e1v\u011br s integritou 99,8 %. Uz\u00e1v\u011br je vyroben ze speci\u00e1ln\u00edho zelen\u00e9ho skla, kter\u00e9 st\u00e1\u010d\u00edrnu stoj\u00ed 1 dolar nav\u00edc za l\u00e1hev. Spole\u010dnost byla nesm\u00edrn\u011b \u00fasp\u011b\u0161n\u00e1 a pot\u00e9 objednala 150 000 lahv\u00ed sv\u00e9ho nov\u011b vyroben\u00e9ho \u0159emesln\u00e9ho koktejlov\u00e9ho \u0161ejkru a \u0159ady pitn\u00e9ho octa.<\/p>\n<h2>Sklen\u011bn\u00e9 lahve s oto\u010dn\u00fdm v\u00edkem na m\u00edru<\/h2>\n<ul>\n<li>Materi\u00e1ly spon a dr\u00e1t\u016f: Kovov\u00e9 komponenty jsou dod\u00e1v\u00e1ny z pozinkovan\u00e9 oceli, \u010dern\u00e9, m\u011bd\u011bn\u00e9 nebo mosazn\u00e9.<\/li>\n<li>Barvy z\u00e1tek a t\u011bsn\u011bn\u00ed do lahv\u00ed: Z\u00e1tky do lahv\u00ed (keramick\u00e9 nebo plastov\u00e9) a t\u011bsn\u011bn\u00ed libovoln\u00e9 barvy.<\/li>\n<li>Rozsah velikost\u00ed: K dispozici budou 4 velikosti lahv\u00ed: 8 oz, 16 oz, 25 oz a 32 oz.<\/li>\n<\/ul>","protected":false},"excerpt":{"rendered":"<p>Sklen\u011bn\u00e9 lahve s v\u00fdklopn\u00fdm v\u00edkem, vzduchot\u011bsn\u00fdm uz\u00e1v\u011brem a odoln\u00fdm sklen\u011bn\u00fdm designem. Ide\u00e1ln\u00ed pro perliv\u00e9 n\u00e1poje a d\u017eusy. K dispozici jsou vzorky zdarma pro otestov\u00e1n\u00ed kvality.<\/p>","protected":false},"featured_media":17359,"template":"","meta":[],"product_brand":[],"product_cat":[81,80,20],"product_tag":[],"class_list":{"0":"post-17341","1":"product","2":"type-product","3":"status-publish","4":"has-post-thumbnail","6":"product_cat-flip-top-bottles","7":"product_cat-glass-bottles","8":"product_cat-glass-containers","10":"first","11":"instock","12":"shipping-taxable","13":"product-type-grouped"},"jetpack_sharing_enabled":true,"_links":{"self":[{"href":"https:\/\/yebodaglass.com\/cs\/wp-json\/wp\/v2\/product\/17341","targetHints":{"allow":["GET"]}}],"collection":[{"href":"https:\/\/yebodaglass.com\/cs\/wp-json\/wp\/v2\/product"}],"about":[{"href":"https:\/\/yebodaglass.com\/cs\/wp-json\/wp\/v2\/types\/product"}],"version-history":[{"count":5,"href":"https:\/\/yebodaglass.com\/cs\/wp-json\/wp\/v2\/product\/17341\/revisions"}],"predecessor-version":[{"id":25600,"href":"https:\/\/yebodaglass.com\/cs\/wp-json\/wp\/v2\/product\/17341\/revisions\/25600"}],"wp:featuredmedia":[{"embeddable":true,"href":"https:\/\/yebodaglass.com\/cs\/wp-json\/wp\/v2\/media\/17359"}],"wp:attachment":[{"href":"https:\/\/yebodaglass.com\/cs\/wp-json\/wp\/v2\/media?parent=17341"}],"wp:term":[{"taxonomy":"product_brand","embeddable":true,"href":"https:\/\/yebodaglass.com\/cs\/wp-json\/wp\/v2\/product_brand?post=17341"},{"taxonomy":"product_cat","embeddable":true,"href":"https:\/\/yebodaglass.com\/cs\/wp-json\/wp\/v2\/product_cat?post=17341"},{"taxonomy":"product_tag","embeddable":true,"href":"https:\/\/yebodaglass.com\/cs\/wp-json\/wp\/v2\/product_tag?post=17341"}],"curies":[{"name":"wp","href":"https:\/\/api.w.org\/{rel}","templated":true}]}}