{"id":17310,"date":"2025-07-18T10:36:56","date_gmt":"2025-07-18T02:36:56","guid":{"rendered":"https:\/\/yebodaglass.com\/?post_type=product&#038;p=17310"},"modified":"2025-09-15T11:20:29","modified_gmt":"2025-09-15T03:20:29","slug":"clear-16-oz-flip-top-bottles-in-bulk","status":"publish","type":"product","link":"https:\/\/yebodaglass.com\/cs\/clear-16-oz-flip-top-bottles-in-bulk\/","title":{"rendered":"Pr\u016fhledn\u00e9 lahve s odkl\u00e1p\u011bc\u00edm v\u00edkem o objemu 16 oz ve velk\u00e9m"},"content":{"rendered":"<div data-elementor-type=\"wp-post\" data-elementor-id=\"17310\" class=\"elementor elementor-17310\" data-elementor-settings=\"{&quot;ha_cmc_init_switcher&quot;:&quot;no&quot;}\" data-elementor-post-type=\"product\">\n\t\t\t\t<div class=\"elementor-element elementor-element-bb0d695 e-flex e-con-boxed e-con e-parent\" data-id=\"bb0d695\" data-element_type=\"container\" data-e-type=\"container\" data-settings=\"{&quot;_ha_eqh_enable&quot;:false}\">\n\t\t\t\t\t<div class=\"e-con-inner\">\n\t\t\t\t<div class=\"elementor-element elementor-element-732f179 elementor-widget elementor-widget-text-editor\" data-id=\"732f179\" data-element_type=\"widget\" data-e-type=\"widget\" data-widget_type=\"text-editor.default\">\n\t\t\t\t<div class=\"elementor-widget-container\">\n\t\t\t\t\t\t\t\t\t<p>Na\u0161e lahve s odkl\u00e1p\u011bc\u00edm v\u00ed\u010dkem o objemu 500 ml (16 oz) jsou navr\u017eeny pro bezpe\u010dn\u00e9 a odoln\u00e9 uz\u00e1v\u011bry. Jsou vyrobeny z vysoce kvalitn\u00edho \u010dir\u00e9ho skla, tak\u017ee m\u00e1te jasn\u011b vid\u011bt obsah. Zu\u0161lecht\u011bn\u00fd ocelov\u00fd uz\u00e1v\u011br s \u010derven\u00fdm gumov\u00fdm t\u011bsn\u011bn\u00edm bezpe\u010dn\u011b uzamkne lahev a zachov\u00e1v\u00e1 tak dobr\u00e9 ut\u011bsn\u011bn\u00ed i p\u0159i pou\u017eit\u00ed sycen\u00fdch n\u00e1poj\u016f.<\/p>\t\t\t\t\t\t\t\t<\/div>\n\t\t\t\t<\/div>\n\t\t\t\t<div class=\"elementor-element elementor-element-54c8d6c elementor-widget elementor-widget-heading\" data-id=\"54c8d6c\" data-element_type=\"widget\" data-e-type=\"widget\" data-widget_type=\"heading.default\">\n\t\t\t\t<div class=\"elementor-widget-container\">\n\t\t\t\t\t<h2 class=\"elementor-heading-title elementor-size-default\">Kl\u00ed\u010dov\u00e9 specifikace<\/h2>\t\t\t\t<\/div>\n\t\t\t\t<\/div>\n\t\t\t\t<div class=\"elementor-element elementor-element-14509d8 elementor-widget elementor-widget-text-editor\" data-id=\"14509d8\" data-element_type=\"widget\" data-e-type=\"widget\" data-widget_type=\"text-editor.default\">\n\t\t\t\t<div class=\"elementor-widget-container\">\n\t\t\t\t\t\t\t\t\t<table class=\"aligncenter\" style=\"border-collapse: collapse; width: 485.27pt;\" border=\"0\" width=\"647\" cellspacing=\"0\" cellpadding=\"0\"><tbody><tr style=\"height: 13.50pt;\"><td class=\"et2\" style=\"height: 13.50pt; width: 107.25pt;\" width=\"143\" height=\"18\">Specifikace<\/td><td class=\"et2\" style=\"width: 378.00pt;\" width=\"504\">Podrobnosti<\/td><\/tr><tr style=\"height: 13.50pt;\"><td class=\"et2\" style=\"height: 13.50pt; width: 107.25pt;\" width=\"143\" height=\"18\">Kapacita<\/td><td class=\"et2\" style=\"width: 378.00pt;\" width=\"504\">16 oz\/500ml<\/td><\/tr><tr style=\"height: 13.50pt;\"><td class=\"et2\" style=\"height: 13.50pt; width: 107.25pt;\" width=\"143\" height=\"18\">Vidrio de alta calidad<\/td><td class=\"et2\" style=\"width: 378.00pt;\" width=\"504\">9,3 \u00d7 6,3 \u00d7 10,6 palce\/6 kus\u016f v krabici<\/td><\/tr><tr style=\"height: 13.50pt;\"><td class=\"et2\" style=\"height: 13.50pt; width: 107.25pt;\" width=\"143\" height=\"18\">Materi\u00e1l<\/td><td class=\"et2\" style=\"width: 378.00pt;\" width=\"504\">Bezolovnat\u00e9 sklo<\/td><\/tr><tr style=\"height: 27.00pt;\"><td class=\"et2\" style=\"height: 27.00pt; width: 107.25pt;\" width=\"143\" height=\"36\">Popis lahve<\/td><td class=\"et2\" style=\"width: 378.00pt;\" width=\"504\">Pr\u016fhledn\u00e1 sklen\u011bn\u00e1 l\u00e1hev s \u00fazk\u00fdm hrdlem, zu\u017euj\u00edc\u00edmi se rameny a v\u00e1lcovit\u00fdm t\u011blem<\/td><\/tr><tr style=\"height: 27.00pt;\"><td class=\"et2\" style=\"height: 27.00pt; width: 107.25pt;\" width=\"143\" height=\"36\">T\u011bsnic\u00ed v\u00fdkon<\/td><td class=\"et2\" style=\"width: 378.00pt;\" width=\"504\">Bezpe\u010dn\u00e9 a vzduchot\u011bsn\u00e9 uzav\u0159en\u00ed pro zachov\u00e1n\u00ed \u010derstvosti<\/td><\/tr><\/tbody><\/table>\t\t\t\t\t\t\t\t<\/div>\n\t\t\t\t<\/div>\n\t\t\t\t\t<\/div>\n\t\t\t\t<\/div>\n\t\t<div class=\"elementor-element elementor-element-55e31eb e-flex e-con-boxed e-con e-parent\" data-id=\"55e31eb\" data-element_type=\"container\" data-e-type=\"container\" data-settings=\"{&quot;_ha_eqh_enable&quot;:false}\">\n\t\t\t\t\t<div class=\"e-con-inner\">\n\t\t\t\t<div class=\"elementor-element elementor-element-fc0900e elementor-widget elementor-widget-heading\" data-id=\"fc0900e\" data-element_type=\"widget\" data-e-type=\"widget\" data-widget_type=\"heading.default\">\n\t\t\t\t<div class=\"elementor-widget-container\">\n\t\t\t\t\t<h2 class=\"elementor-heading-title elementor-size-default\">\u00da\u010dastn\u00edci<\/h2>\t\t\t\t<\/div>\n\t\t\t\t<\/div>\n\t\t\t\t\t<\/div>\n\t\t\t\t<\/div>\n\t\t<div class=\"elementor-element elementor-element-723cd80 e-flex e-con-boxed e-con e-parent\" data-id=\"723cd80\" data-element_type=\"container\" data-e-type=\"container\" data-settings=\"{&quot;_ha_eqh_enable&quot;:false}\">\n\t\t\t\t\t<div class=\"e-con-inner\">\n\t\t<div class=\"elementor-element elementor-element-bf4cb81 e-con-full e-flex e-con e-child\" data-id=\"bf4cb81\" data-element_type=\"container\" data-e-type=\"container\" data-settings=\"{&quot;_ha_eqh_enable&quot;:false}\">\n\t\t\t\t<div class=\"elementor-element elementor-element-202a3f6 elementor-widget elementor-widget-image\" data-id=\"202a3f6\" data-element_type=\"widget\" data-e-type=\"widget\" data-widget_type=\"image.default\">\n\t\t\t\t<div class=\"elementor-widget-container\">\n\t\t\t\t\t\t\t\t\t\t\t\t\t\t\t<img decoding=\"async\" src=\"https:\/\/yebodaglass.com\/wp-content\/uploads\/elementor\/thumbs\/500ml-\u573a\u666f\u56fe-\u62f7\u8d1d_\u526f\u672c-\u62f7\u8d1d-12-r8x8o0auzi7sairwp89eg4jh2d1pxp211p30q4t0gw.webp\" title=\"YEBODA 16 oz lahve s odkl\u00e1p\u011bc\u00edm v\u00edkem ve velk\u00e9m\" alt=\"YEBODA 16 oz lahve s odkl\u00e1p\u011bc\u00edm v\u00edkem ve velk\u00e9m\" loading=\"lazy\" \/>\t\t\t\t\t\t\t\t\t\t\t\t\t\t\t<\/div>\n\t\t\t\t<\/div>\n\t\t\t\t<div class=\"elementor-element elementor-element-fc1fd2d elementor-widget elementor-widget-text-editor\" data-id=\"fc1fd2d\" data-element_type=\"widget\" data-e-type=\"widget\" data-widget_type=\"text-editor.default\">\n\t\t\t\t<div class=\"elementor-widget-container\">\n\t\t\t\t\t\t\t\t\t<p>Vzduchot\u011bsn\u00fd uz\u00e1v\u011br s oto\u010dn\u00fdm v\u00ed\u010dkem: Vybaven stabiln\u00edm oto\u010dn\u00fdm v\u00ed\u010dkem, kter\u00e9 zaji\u0161\u0165uje ut\u011bsn\u011bn\u00ed proti \u00faniku, ide\u00e1ln\u00ed pro uchov\u00e1v\u00e1n\u00ed kapaliny.<\/p>\t\t\t\t\t\t\t\t<\/div>\n\t\t\t\t<\/div>\n\t\t\t\t<\/div>\n\t\t<div class=\"elementor-element elementor-element-73418b7 e-con-full e-flex e-con e-child\" data-id=\"73418b7\" data-element_type=\"container\" data-e-type=\"container\" data-settings=\"{&quot;_ha_eqh_enable&quot;:false}\">\n\t\t\t\t<div class=\"elementor-element elementor-element-490e976 elementor-widget elementor-widget-image\" data-id=\"490e976\" data-element_type=\"widget\" data-e-type=\"widget\" data-widget_type=\"image.default\">\n\t\t\t\t<div class=\"elementor-widget-container\">\n\t\t\t\t\t\t\t\t\t\t\t\t\t\t\t<img decoding=\"async\" src=\"https:\/\/yebodaglass.com\/wp-content\/uploads\/elementor\/thumbs\/89-\u62f7\u8d1d-r8x8nzd0so6hywt9upurvms0gz6cpzyapkfj8uuen4.webp\" title=\"YEBODA 16 oz lahve s odkl\u00e1p\u011bc\u00edm v\u00edkem ve velk\u00e9m\" alt=\"YEBODA 16 oz lahve s odkl\u00e1p\u011bc\u00edm v\u00edkem ve velk\u00e9m\" loading=\"lazy\" \/>\t\t\t\t\t\t\t\t\t\t\t\t\t\t\t<\/div>\n\t\t\t\t<\/div>\n\t\t\t\t<div class=\"elementor-element elementor-element-28d6163 elementor-widget elementor-widget-text-editor\" data-id=\"28d6163\" data-element_type=\"widget\" data-e-type=\"widget\" data-widget_type=\"text-editor.default\">\n\t\t\t\t<div class=\"elementor-widget-container\">\n\t\t\t\t\t\t\t\t\t<p>Zjednodu\u0161en\u00fd design s \u00fazk\u00fdm hrdlem: \u0160t\u00edhl\u00e9 hrdlo a zu\u017euj\u00edc\u00ed se tvar usnad\u0148uj\u00ed a zvl\u00e1daj\u00ed nal\u00e9v\u00e1n\u00ed a z\u00e1rove\u0148 dod\u00e1vaj\u00ed lahvi elegantn\u00ed vzhled.<\/p>\t\t\t\t\t\t\t\t<\/div>\n\t\t\t\t<\/div>\n\t\t\t\t<\/div>\n\t\t\t\t\t<\/div>\n\t\t\t\t<\/div>\n\t\t<div class=\"elementor-element elementor-element-523cc7f e-flex e-con-boxed e-con e-parent\" data-id=\"523cc7f\" data-element_type=\"container\" data-e-type=\"container\" data-settings=\"{&quot;_ha_eqh_enable&quot;:false}\">\n\t\t\t\t\t<div class=\"e-con-inner\">\n\t\t<div class=\"elementor-element elementor-element-744006f e-con-full e-flex e-con e-child\" data-id=\"744006f\" data-element_type=\"container\" data-e-type=\"container\" data-settings=\"{&quot;_ha_eqh_enable&quot;:false}\">\n\t\t\t\t<div class=\"elementor-element elementor-element-9ce8179 elementor-widget elementor-widget-image\" data-id=\"9ce8179\" data-element_type=\"widget\" data-e-type=\"widget\" data-widget_type=\"image.default\">\n\t\t\t\t<div class=\"elementor-widget-container\">\n\t\t\t\t\t\t\t\t\t\t\t\t\t\t\t<img decoding=\"async\" src=\"https:\/\/yebodaglass.com\/wp-content\/uploads\/elementor\/thumbs\/36-r8x8nyf6lu57naun07g5b50jvlaziaukdfs1rkvstc.jpg\" title=\"YEBODA 16 oz lahve s odkl\u00e1p\u011bc\u00edm v\u00edkem ve velk\u00e9m\" alt=\"YEBODA 16 oz lahve s odkl\u00e1p\u011bc\u00edm v\u00edkem ve velk\u00e9m\" loading=\"lazy\" \/>\t\t\t\t\t\t\t\t\t\t\t\t\t\t\t<\/div>\n\t\t\t\t<\/div>\n\t\t\t\t<div class=\"elementor-element elementor-element-78c6605 elementor-widget elementor-widget-text-editor\" data-id=\"78c6605\" data-element_type=\"widget\" data-e-type=\"widget\" data-widget_type=\"text-editor.default\">\n\t\t\t\t<div class=\"elementor-widget-container\">\n\t\t\t\t\t\t\t\t\t<p>Odoln\u00e9 \u010dir\u00e9 sklo: Vyrobeno z tlust\u00e9ho, pr\u016fhledn\u00e9ho skla, kter\u00e9 je pevn\u00e9 a z\u00e1rove\u0148 umo\u017e\u0148uje neru\u0161en\u00fd v\u00fdhled na obsah.<\/p>\t\t\t\t\t\t\t\t<\/div>\n\t\t\t\t<\/div>\n\t\t\t\t<\/div>\n\t\t<div class=\"elementor-element elementor-element-8519877 e-con-full e-flex e-con e-child\" data-id=\"8519877\" data-element_type=\"container\" data-e-type=\"container\" data-settings=\"{&quot;_ha_eqh_enable&quot;:false}\">\n\t\t\t\t<div class=\"elementor-element elementor-element-7d08a07 elementor-widget elementor-widget-image\" data-id=\"7d08a07\" data-element_type=\"widget\" data-e-type=\"widget\" data-widget_type=\"image.default\">\n\t\t\t\t<div class=\"elementor-widget-container\">\n\t\t\t\t\t\t\t\t\t\t\t\t\t\t\t<img decoding=\"async\" src=\"https:\/\/yebodaglass.com\/wp-content\/uploads\/elementor\/thumbs\/897-r8x8o26jd6acxqp6e92nl42e94sgd39hpydzooq84g.jpg\" title=\"YEBODA 16 oz lahve s odkl\u00e1p\u011bc\u00edm v\u00edkem ve velk\u00e9m\" alt=\"YEBODA 16 oz lahve s odkl\u00e1p\u011bc\u00edm v\u00edkem ve velk\u00e9m\" loading=\"lazy\" \/>\t\t\t\t\t\t\t\t\t\t\t\t\t\t\t<\/div>\n\t\t\t\t<\/div>\n\t\t\t\t<div class=\"elementor-element elementor-element-dca6cea elementor-widget elementor-widget-text-editor\" data-id=\"dca6cea\" data-element_type=\"widget\" data-e-type=\"widget\" data-widget_type=\"text-editor.default\">\n\t\t\t\t<div class=\"elementor-widget-container\">\n\t\t\t\t\t\t\t\t\t<p>V\u0161estrann\u00e9 a opakovan\u011b pou\u017eiteln\u00e9: Ide\u00e1ln\u00ed pro skladov\u00e1n\u00ed dom\u00e1c\u00edch tekutin, om\u00e1\u010dek nebo olej\u016f a opakovan\u011b pou\u017eiteln\u00e9 pro udr\u017eiteln\u00e9 b\u011b\u017en\u00e9 pou\u017eit\u00ed.<\/p>\t\t\t\t\t\t\t\t<\/div>\n\t\t\t\t<\/div>\n\t\t\t\t<\/div>\n\t\t\t\t\t<\/div>\n\t\t\t\t<\/div>\n\t\t<div class=\"elementor-element elementor-element-88b472e e-con-full e-flex e-con e-parent\" data-id=\"88b472e\" data-element_type=\"container\" data-e-type=\"container\" data-settings=\"{&quot;_ha_eqh_enable&quot;:false}\">\n\t\t\t\t<div class=\"elementor-element elementor-element-3582c55 elementor-widget elementor-widget-text-editor\" data-id=\"3582c55\" data-element_type=\"widget\" data-e-type=\"widget\" data-widget_type=\"text-editor.default\">\n\t\t\t\t<div class=\"elementor-widget-container\">\n\t\t\t\t\t\t\t\t\t<p>\u00a0 \u00a0 \u00a0 \u00a0 \u00a0 \u00a0 \u00a0 \u00a0 \u00a0 \u00a0 \u00a0 \u00a0 <img fetchpriority=\"high\" decoding=\"async\" class=\"alignnone wp-image-16229\" src=\"https:\/\/yebodaglass.com\/wp-content\/uploads\/2025\/07\/d1ad5ea8ed4fd82e283a3a35878dd5c.png\" alt=\"\" width=\"240\" height=\"240\" srcset=\"https:\/\/yebodaglass.com\/wp-content\/uploads\/2025\/07\/d1ad5ea8ed4fd82e283a3a35878dd5c.png 220w, https:\/\/yebodaglass.com\/wp-content\/uploads\/2025\/07\/d1ad5ea8ed4fd82e283a3a35878dd5c-100x100.png 100w, https:\/\/yebodaglass.com\/wp-content\/uploads\/2025\/07\/d1ad5ea8ed4fd82e283a3a35878dd5c-150x150.png 150w, https:\/\/yebodaglass.com\/wp-content\/uploads\/2025\/07\/d1ad5ea8ed4fd82e283a3a35878dd5c-12x12.png 12w\" sizes=\"(max-width: 240px) 100vw, 240px\" \/>\u00a0 \u00a0 \u00a0 \u00a0 \u00a0<img decoding=\"async\" class=\"alignnone wp-image-16228\" src=\"https:\/\/yebodaglass.com\/wp-content\/uploads\/2025\/07\/4679f61166f64c6045dbc74c130db9a.png\" alt=\"\" width=\"240\" height=\"240\" srcset=\"https:\/\/yebodaglass.com\/wp-content\/uploads\/2025\/07\/4679f61166f64c6045dbc74c130db9a.png 220w, https:\/\/yebodaglass.com\/wp-content\/uploads\/2025\/07\/4679f61166f64c6045dbc74c130db9a-100x100.png 100w, https:\/\/yebodaglass.com\/wp-content\/uploads\/2025\/07\/4679f61166f64c6045dbc74c130db9a-150x150.png 150w, https:\/\/yebodaglass.com\/wp-content\/uploads\/2025\/07\/4679f61166f64c6045dbc74c130db9a-12x12.png 12w\" sizes=\"(max-width: 240px) 100vw, 240px\" \/>\u00a0 \u00a0 \u00a0 \u00a0 \u00a0 <img decoding=\"async\" class=\"alignnone wp-image-16230\" src=\"https:\/\/yebodaglass.com\/wp-content\/uploads\/2025\/07\/e59283ab6cb2ed3c93ba4f8a33db2ff.png\" alt=\"\" width=\"240\" height=\"240\" srcset=\"https:\/\/yebodaglass.com\/wp-content\/uploads\/2025\/07\/e59283ab6cb2ed3c93ba4f8a33db2ff.png 220w, https:\/\/yebodaglass.com\/wp-content\/uploads\/2025\/07\/e59283ab6cb2ed3c93ba4f8a33db2ff-100x100.png 100w, https:\/\/yebodaglass.com\/wp-content\/uploads\/2025\/07\/e59283ab6cb2ed3c93ba4f8a33db2ff-150x150.png 150w, https:\/\/yebodaglass.com\/wp-content\/uploads\/2025\/07\/e59283ab6cb2ed3c93ba4f8a33db2ff-12x12.png 12w\" sizes=\"(max-width: 240px) 100vw, 240px\" \/>\u00a0 \u00a0 \u00a0 <img loading=\"lazy\" decoding=\"async\" class=\"alignnone wp-image-16227\" src=\"https:\/\/yebodaglass.com\/wp-content\/uploads\/2025\/07\/8b499cc8b9c63806f1b8b3d5aa03275.png\" alt=\"\" width=\"240\" height=\"240\" srcset=\"https:\/\/yebodaglass.com\/wp-content\/uploads\/2025\/07\/8b499cc8b9c63806f1b8b3d5aa03275.png 220w, https:\/\/yebodaglass.com\/wp-content\/uploads\/2025\/07\/8b499cc8b9c63806f1b8b3d5aa03275-100x100.png 100w, https:\/\/yebodaglass.com\/wp-content\/uploads\/2025\/07\/8b499cc8b9c63806f1b8b3d5aa03275-150x150.png 150w, https:\/\/yebodaglass.com\/wp-content\/uploads\/2025\/07\/8b499cc8b9c63806f1b8b3d5aa03275-12x12.png 12w\" sizes=\"(max-width: 240px) 100vw, 240px\" \/><\/p>\t\t\t\t\t\t\t\t<\/div>\n\t\t\t\t<\/div>\n\t\t\t\t<\/div>\n\t\t<div class=\"elementor-element elementor-element-792eb8c e-flex e-con-boxed e-con e-parent\" data-id=\"792eb8c\" data-element_type=\"container\" data-e-type=\"container\" data-settings=\"{&quot;_ha_eqh_enable&quot;:false}\">\n\t\t\t\t\t<div class=\"e-con-inner\">\n\t\t\t\t<div class=\"elementor-element elementor-element-ceb50a8 elementor-widget elementor-widget-image\" data-id=\"ceb50a8\" data-element_type=\"widget\" data-e-type=\"widget\" data-widget_type=\"image.default\">\n\t\t\t\t<div class=\"elementor-widget-container\">\n\t\t\t\t\t\t\t\t\t\t\t\t\t\t\t<img decoding=\"async\" src=\"https:\/\/yebodaglass.com\/wp-content\/uploads\/elementor\/thumbs\/flip-top-glass-bottles-2-r8e0rx6jsox8qb5sfklaelf6ftu44jofu43yfg9vhc.webp\" title=\"Hled\u00e1te vysoce kvalitn\u00ed lahve s odkl\u00e1p\u011bc\u00edm v\u00ed\u010dkem pro va\u0161e dom\u00e1c\u00ed v\u00fdtvory? Tato lahev s odkl\u00e1p\u011bc\u00edm v\u00ed\u010dkem o objemu 113 ml je vyrobena z \u010dir\u00e9ho, odoln\u00e9ho skla a m\u00e1 bezpe\u010dn\u00fd uz\u00e1v\u011br s gumov\u00fdm t\u011bsn\u011bn\u00edm a dr\u00e1t\u011bnou svorkou. Jej\u00ed \u00fazk\u00e9 hrdlo a kulat\u00e9 rameno usnad\u0148uj\u00ed a p\u0159esn\u011b nal\u00e9vaj\u00ed, zat\u00edmco pr\u016fhledn\u00e9 t\u011blo v\u00e1m umo\u017e\u0148uje jasn\u011b vid\u011bt obsah uvnit\u0159. Je ide\u00e1ln\u00ed pro skladov\u00e1n\u00ed dom\u00e1c\u00edch n\u00e1poj\u016f, olej\u016f na va\u0159en\u00ed, v\u00edna, octa, om\u00e1\u010dek a dal\u0161\u00edch.\" alt=\"Hled\u00e1te vysoce kvalitn\u00ed lahve s odkl\u00e1p\u011bc\u00edm v\u00ed\u010dkem pro va\u0161e dom\u00e1c\u00ed v\u00fdtvory? Tato lahev s odkl\u00e1p\u011bc\u00edm v\u00ed\u010dkem o objemu 113 ml je vyrobena z \u010dir\u00e9ho, odoln\u00e9ho skla a m\u00e1 bezpe\u010dn\u00fd uz\u00e1v\u011br s gumov\u00fdm t\u011bsn\u011bn\u00edm a dr\u00e1t\u011bnou svorkou. Jej\u00ed \u00fazk\u00e9 hrdlo a kulat\u00e9 rameno usnad\u0148uj\u00ed a p\u0159esn\u011b nal\u00e9vaj\u00ed, zat\u00edmco pr\u016fhledn\u00e9 t\u011blo v\u00e1m umo\u017e\u0148uje jasn\u011b vid\u011bt obsah uvnit\u0159. Je ide\u00e1ln\u00ed pro skladov\u00e1n\u00ed dom\u00e1c\u00edch n\u00e1poj\u016f, olej\u016f na va\u0159en\u00ed, v\u00edna, octa, om\u00e1\u010dek a dal\u0161\u00edch.\" loading=\"lazy\" \/>\t\t\t\t\t\t\t\t\t\t\t\t\t\t\t<\/div>\n\t\t\t\t<\/div>\n\t\t\t\t<div class=\"elementor-element elementor-element-b2907c6 elementor-widget elementor-widget-text-editor\" data-id=\"b2907c6\" data-element_type=\"widget\" data-e-type=\"widget\" data-widget_type=\"text-editor.default\">\n\t\t\t\t<div class=\"elementor-widget-container\">\n\t\t\t\t\t\t\t\t\t<h2>Osobn\u00ed pou\u017eit\u00ed:<\/h2><p>P\u0159esn\u011b to, co pot\u0159ebujete pro dom\u00e1c\u00ed va\u0159en\u00ed piva, pln\u011bn\u00ed kombuchy nebo skladov\u00e1n\u00ed \u010derstv\u00fdch d\u017eus\u016f \u010di perliv\u00e9 vody. Tyto sklen\u011bn\u00e9 lahve s odkl\u00e1p\u011bc\u00edm v\u00ed\u010dkem a robustn\u00edm designem pom\u00e1haj\u00ed udr\u017eet n\u00e1poje \u010derstv\u00e9 a uzam\u010den\u00e9.<\/p><h2>Obchodn\u00ed vyu\u017eit\u00ed:<\/h2><p>Tyto lahve s odkl\u00e1p\u011bc\u00edm v\u00edkem jsou skv\u011bl\u00fdm form\u00e1tem pro \u0159emesln\u00e9 pivovary, zna\u010dky kombuchy, kav\u00e1rny a v\u00fdrobce n\u00e1poj\u016f.<\/p>\t\t\t\t\t\t\t\t<\/div>\n\t\t\t\t<\/div>\n\t\t\t\t\t<\/div>\n\t\t\t\t<\/div>\n\t\t\t\t<\/div>","protected":false},"excerpt":{"rendered":"<p data-start=\"133\" data-end=\"310\">Pr\u016fhledn\u00e9 lahve s odkl\u00e1p\u011bc\u00edm v\u00edkem o objemu 473 ml, velkoobchod. Odoln\u00e1 sklen\u011bn\u00e1 lahev s odkl\u00e1p\u011bc\u00edm v\u00edkem a vzduchot\u011bsn\u00fdm uz\u00e1v\u011brem \u2013 ide\u00e1ln\u00ed pro kombuchu, pivo, d\u017eusy a dom\u00e1c\u00ed va\u0159en\u00ed piva.<\/p>","protected":false},"featured_media":17326,"template":"","meta":[],"product_brand":[],"product_cat":[80,81,20],"product_tag":[],"class_list":{"0":"post-17310","1":"product","2":"type-product","3":"status-publish","4":"has-post-thumbnail","6":"product_cat-glass-bottles","7":"product_cat-flip-top-bottles","8":"product_cat-glass-containers","10":"first","11":"instock","12":"shipping-taxable","13":"product-type-grouped"},"jetpack_sharing_enabled":true,"_links":{"self":[{"href":"https:\/\/yebodaglass.com\/cs\/wp-json\/wp\/v2\/product\/17310","targetHints":{"allow":["GET"]}}],"collection":[{"href":"https:\/\/yebodaglass.com\/cs\/wp-json\/wp\/v2\/product"}],"about":[{"href":"https:\/\/yebodaglass.com\/cs\/wp-json\/wp\/v2\/types\/product"}],"version-history":[{"count":5,"href":"https:\/\/yebodaglass.com\/cs\/wp-json\/wp\/v2\/product\/17310\/revisions"}],"predecessor-version":[{"id":20953,"href":"https:\/\/yebodaglass.com\/cs\/wp-json\/wp\/v2\/product\/17310\/revisions\/20953"}],"wp:featuredmedia":[{"embeddable":true,"href":"https:\/\/yebodaglass.com\/cs\/wp-json\/wp\/v2\/media\/17326"}],"wp:attachment":[{"href":"https:\/\/yebodaglass.com\/cs\/wp-json\/wp\/v2\/media?parent=17310"}],"wp:term":[{"taxonomy":"product_brand","embeddable":true,"href":"https:\/\/yebodaglass.com\/cs\/wp-json\/wp\/v2\/product_brand?post=17310"},{"taxonomy":"product_cat","embeddable":true,"href":"https:\/\/yebodaglass.com\/cs\/wp-json\/wp\/v2\/product_cat?post=17310"},{"taxonomy":"product_tag","embeddable":true,"href":"https:\/\/yebodaglass.com\/cs\/wp-json\/wp\/v2\/product_tag?post=17310"}],"curies":[{"name":"wp","href":"https:\/\/api.w.org\/{rel}","templated":true}]}}