{"id":17170,"date":"2025-07-15T15:21:45","date_gmt":"2025-07-15T07:21:45","guid":{"rendered":"https:\/\/yebodaglass.com\/?post_type=product&#038;p=17170"},"modified":"2026-03-05T13:19:39","modified_gmt":"2026-03-05T05:19:39","slug":"yeboda-32oz-amber-glass-swing-top-beer-bottles-wholesale","status":"publish","type":"product","link":"https:\/\/yebodaglass.com\/cs\/produkt\/yeboda-32oz-amber-glass-swing-top-beer-bottles-wholesale\/","title":{"rendered":"YEBODA 32oz jantarov\u00e9 sklen\u011bn\u00e9 lahve s v\u00fdkyvn\u00fdm v\u00edkem velkoobchodn\u00ed prodej"},"content":{"rendered":"<p>Tato l\u00e1hev z jantarov\u00e9ho skla m\u00e1 vysok\u00fd a tradi\u010dn\u00ed tvar se zaoblen\u00fdmi rameny a dlouh\u00fdm v\u00e1lcov\u00fdm t\u011blem a pojme 1000 ml tekutiny. Pivn\u00ed lahve s odkl\u00e1p\u011bc\u00edm v\u00edkem maj\u00ed siln\u00fd odkl\u00e1p\u011bc\u00ed uz\u00e1v\u011br vyroben\u00fd z nerezov\u00e9ho dr\u00e1t\u011bn\u00e9ho uz\u00e1v\u011bru, pevn\u00e9 gumov\u00e9\/silikonov\u00e9 t\u011bsn\u011bn\u00ed a keramickou z\u00e1tku, kter\u00e1 se zacvakne a vytvo\u0159\u00ed pevn\u00fd kryt. Samotn\u00e1 l\u00e1hev je vyrobena z jantarov\u00e9ho skla, kter\u00e9 d\u00edky ochran\u011b p\u0159ed UV z\u00e1\u0159en\u00edm zabra\u0148uje oxidaci n\u00e1poje a udr\u017euje ho \u010derstv\u00fd. Tyto pivn\u00ed lahve s odkl\u00e1p\u011bc\u00edm v\u00edkem jsou obl\u00edben\u00e9 v dom\u00e1c\u00edm va\u0159en\u00ed piva, kombuch\u011b, sodov\u00fdch pivovarech a speci\u00e1ln\u00edch n\u00e1poj\u00edch, v\u00fdrob\u011b octa a v\u00edna, stejn\u011b jako v balen\u00ed speci\u00e1ln\u00edch n\u00e1poj\u016f. Opakovan\u011b pou\u017eiteln\u00e9 lahve s odkl\u00e1p\u011bc\u00edm v\u00edkem umo\u017e\u0148uj\u00ed opakovan\u00e9 otev\u00edr\u00e1n\u00ed a zav\u00edr\u00e1n\u00ed bez ztr\u00e1ty sycen\u00fdch nealkoholick\u00fdch n\u00e1poj\u016f, co\u017e je praktick\u00e9 jak v komer\u010dn\u00edm, tak v dom\u00e1c\u00edm prost\u0159ed\u00ed.<\/p>\n<h2>Kl\u00ed\u010dov\u00e9 specifikace<\/h2>\n<table style=\"border-collapse: collapse; width: 80%; margin-left: auto; margin-right: auto;\" border=\"0\" width=\"80%\" cellspacing=\"0\" cellpadding=\"0\">\n<tbody>\n<tr style=\"height: 13.50pt;\">\n<td style=\"height: 13.50pt; width: 144.75pt;\" width=\"193\" height=\"18\"><strong>Specifikace<\/strong><\/td>\n<td style=\"width: 546.75pt;\" width=\"729\"><strong>Podrobnosti<\/strong><\/td>\n<\/tr>\n<tr style=\"height: 13.50pt;\">\n<td style=\"height: 13.50pt;\" height=\"18\">Kapacita<\/td>\n<td>32 oz\/1000ml<\/td>\n<\/tr>\n<tr style=\"height: 13.50pt;\">\n<td style=\"height: 13.50pt;\" height=\"18\">Vidrio de alta calidad<\/td>\n<td>7,3 \u00d7 7,3 \u00d7 12 palc\u016f<\/td>\n<\/tr>\n<tr style=\"height: 13.50pt;\">\n<td style=\"height: 13.50pt;\" height=\"18\">Materi\u00e1l<\/td>\n<td>Bezolovnat\u00e9 sodnov\u00e1penat\u00e9 sklo, v\u00fdklopn\u00e1 deska z nerezov\u00e9 oceli, silikonov\u00e9 t\u011bsn\u011bn\u00ed<\/td>\n<\/tr>\n<tr style=\"height: 13.50pt;\">\n<td style=\"height: 13.50pt;\" height=\"18\">Obal<\/td>\n<td>4 lahve v balen\u00ed<\/td>\n<\/tr>\n<tr style=\"height: 13.50pt;\">\n<td style=\"height: 13.50pt;\" height=\"18\">Barva<\/td>\n<td>Jantarov\u00e1 (ochrana proti UV z\u00e1\u0159en\u00ed)<\/td>\n<\/tr>\n<tr style=\"height: 13.50pt;\">\n<td style=\"height: 13.50pt;\" height=\"18\">Uzav\u0159en\u00ed<\/td>\n<td>Mechanick\u00e1 v\u00fdklopn\u00e1\/oto\u010dn\u00e1 st\u0159echa s t\u011bsn\u011bn\u00edm<\/td>\n<\/tr>\n<tr style=\"height: 13.50pt;\">\n<td style=\"height: 13.50pt;\" height=\"18\">Opakovatelnost<\/td>\n<td>Pln\u011b opakovan\u011b pou\u017eiteln\u00e9<\/td>\n<\/tr>\n<tr style=\"height: 13.50pt;\">\n<td style=\"height: 13.50pt;\" height=\"18\">V\u00fdrobce<\/td>\n<td>V\u00fdrobce a dodavatel sklen\u011bn\u00fdch lahv\u00ed OEM<\/td>\n<\/tr>\n<tr style=\"height: 13.50pt;\">\n<td style=\"height: 13.50pt;\" height=\"18\">P\u0159izp\u016fsoben\u00ed<\/td>\n<td>Mo\u017enosti loga, balen\u00ed a vlastn\u00edho uzav\u0159en\u00ed<\/td>\n<\/tr>\n<\/tbody>\n<\/table>\n<h2>Kl\u00ed\u010dov\u00e9 vlastnosti produktu<\/h2>\n<ul>\n<li><strong>Siln\u00e9 t\u011bsn\u011bn\u00ed proti karbonizaci<\/strong>Syst\u00e9m uz\u00e1v\u011bru z nerezov\u00e9 oceli ez cap obsahuje t\u011bsn\u011b p\u0159il\u00e9haj\u00edc\u00ed gumov\u00e9 t\u011bsn\u011bn\u00ed, kter\u00e9 zaji\u0161\u0165uje t\u011bsn\u00e9 ut\u011bsn\u011bn\u00ed a pom\u00e1h\u00e1 zachovat perlivost n\u00e1poje.<\/li>\n<li><strong>Jantarov\u00e9 sklo s UV ochranou<\/strong>Lahve vyroben\u00e9 z jantarov\u00e9ho skla filtruj\u00ed UV z\u00e1\u0159en\u00ed na rozd\u00edl od \u010dir\u00e9ho skla nebo pr\u016fhledn\u00fdch n\u00e1dob o objemu 2 oz a zachov\u00e1vaj\u00ed stabilitu chuti piva, kombuchy a sody.<\/li>\n<li><strong>Pohodl\u00ed opakovan\u011b pou\u017eiteln\u00e9ho odkl\u00e1p\u011bc\u00edho v\u00edka<\/strong>Konstrukce lahve je navr\u017eena tak, aby byla velmi pohodln\u00e1, proto\u017ee umo\u017e\u0148uje snadn\u00e9 otev\u00edr\u00e1n\u00ed a zav\u00edr\u00e1n\u00ed bez nutnosti sund\u00e1v\u00e1n\u00ed v\u00ed\u010dka, \u010d\u00edm\u017e se st\u00e1v\u00e1 odolnou lahv\u00ed s opakovan\u011b pou\u017eiteln\u00fdm v\u00ed\u010dkem, kterou lze pou\u017e\u00edvat v dlouh\u00e9m cyklu va\u0159en\u00ed.<\/li>\n<\/ul>\n<h2>P\u0159\u00edpadov\u00e1 studie \u00fasp\u011bchu z\u00e1kazn\u00edka<\/h2>\n<p>Jeden z majitel\u016f zna\u010dky \u0159emesln\u00fdch n\u00e1poj\u016f v N\u011bmecku, kter\u00e1 pou\u017e\u00edvala tradi\u010dn\u00ed lahve ve stylu Grolsch, si s na\u0161\u00ed spole\u010dnost\u00ed vyr\u00e1b\u011bj\u00edc\u00ed sklen\u011bn\u00e9 lahve po\u0159\u00eddil 10 000 kus\u016f sklen\u011bn\u00fdch lahv\u00ed s v\u00fdklopn\u00fdm v\u00edkem o objemu 32 oz. Z\u00e1kazn\u00edk pot\u0159eboval zak\u00e1zkov\u00e9 balen\u00ed, zna\u010dkov\u00e9 kartony a vylep\u0161en\u00e1 silikonov\u00e1 t\u011bsn\u011bn\u00ed, aby byla zaji\u0161t\u011bna vy\u0161\u0161\u00ed odolnost proti oxidu uhli\u010dit\u00e9mu v jejich malos\u00e9riov\u00e9 \u0159ad\u011b kombuchy. Na z\u00e1klad\u011b trhu byl produkt prod\u00e1v\u00e1n ve specializovan\u00fdch prodejn\u00e1ch n\u00e1poj\u016f a prost\u0159ednictv\u00edm online prodejen. Jantarov\u00e9 balen\u00ed s v\u00fdklopn\u00fdm v\u00edkem prom\u011bnilo tento n\u00e1poj v luxusn\u00ed ru\u010dn\u011b vyr\u00e1b\u011bn\u00fd n\u00e1poj b\u011bhem pouh\u00fdch \u0161esti m\u011bs\u00edc\u016f. Zna\u010dka uvedla, \u017ee opakovan\u00e9 objedn\u00e1vky vzrostly o 35 procent a z\u00e1kazn\u00edk si objednal druh\u00fd velkoobchodn\u00ed prodej 35 000 kus\u016f pivn\u00edch lahv\u00ed s v\u00edkem a p\u0159\u00edslu\u0161enstv\u00ed k \u00faklidu.<\/p>\n<h2>Doporu\u010den\u00ed pro individualizaci odb\u011bratel\u016f B2B<\/h2>\n<ol>\n<li><strong>Branding a dekorace lahv\u00ed<\/strong>: Na horn\u00ed \u010d\u00e1st t\u011bla sklen\u011bn\u00e9 lahve lze nan\u00e9st vlastn\u00ed logo, ra\u017eovac\u00ed ra\u017ebu nebo etiketu, aby se zv\u00fd\u0161ila identita zna\u010dky obal\u016f kombuchy, sody nebo \u0159emesln\u00e9ho piva.<\/li>\n<li><strong>Mo\u017enosti uz\u00e1v\u011br\u016f a t\u011bsn\u011bn\u00ed<\/strong>Zlep\u0161ete po\u017eadavky na n\u00e1poje s pou\u017eit\u00edm z\u00e1tky, gumy nebo silikonov\u00e9ho t\u011bsnic\u00edho materi\u00e1lu, jako je pivo s vysok\u00fdm obsahem oxidu uhli\u010dit\u00e9ho nebo n\u00e1poje s fermentovanou oxidac\u00ed uhli\u010ditou.<\/li>\n<li><strong>\u0158e\u0161en\u00ed pro maloobchodn\u00ed balen\u00ed<\/strong>Navrhn\u011bte zna\u010dkov\u00e9 obaly (kartony po 4 \/ 6 kusech) pro pou\u017eit\u00ed v maloobchod\u011b. Toto je typick\u00e1 strategie pro lahve Grolsch, v\u00fdrobu v\u00edna a distribuci \u0159emesln\u00fdch n\u00e1poj\u016f.<\/li>\n<\/ol>","protected":false},"excerpt":{"rendered":"<p>Velkoobchodn\u00ed prodej 946 ml pivn\u00ed lahve s v\u00fdklopn\u00fdm v\u00edkem vyroben\u00e9 z jantarov\u00e9ho skla s UV ochranou a t\u011bsn\u011bn\u00edm. Ide\u00e1ln\u00ed pro pivo, kombuchu a sodu. V\u00fdrobce origin\u00e1ln\u00edch d\u00edl\u016f (OEM).<\/p>","protected":false},"featured_media":17180,"template":"","meta":[],"product_brand":[],"product_cat":[81,80,20],"product_tag":[],"class_list":{"0":"post-17170","1":"product","2":"type-product","3":"status-publish","4":"has-post-thumbnail","6":"product_cat-flip-top-bottles","7":"product_cat-glass-bottles","8":"product_cat-glass-containers","10":"first","11":"instock","12":"shipping-taxable","13":"product-type-grouped"},"jetpack_sharing_enabled":true,"_links":{"self":[{"href":"https:\/\/yebodaglass.com\/cs\/wp-json\/wp\/v2\/product\/17170","targetHints":{"allow":["GET"]}}],"collection":[{"href":"https:\/\/yebodaglass.com\/cs\/wp-json\/wp\/v2\/product"}],"about":[{"href":"https:\/\/yebodaglass.com\/cs\/wp-json\/wp\/v2\/types\/product"}],"version-history":[{"count":6,"href":"https:\/\/yebodaglass.com\/cs\/wp-json\/wp\/v2\/product\/17170\/revisions"}],"predecessor-version":[{"id":25272,"href":"https:\/\/yebodaglass.com\/cs\/wp-json\/wp\/v2\/product\/17170\/revisions\/25272"}],"wp:featuredmedia":[{"embeddable":true,"href":"https:\/\/yebodaglass.com\/cs\/wp-json\/wp\/v2\/media\/17180"}],"wp:attachment":[{"href":"https:\/\/yebodaglass.com\/cs\/wp-json\/wp\/v2\/media?parent=17170"}],"wp:term":[{"taxonomy":"product_brand","embeddable":true,"href":"https:\/\/yebodaglass.com\/cs\/wp-json\/wp\/v2\/product_brand?post=17170"},{"taxonomy":"product_cat","embeddable":true,"href":"https:\/\/yebodaglass.com\/cs\/wp-json\/wp\/v2\/product_cat?post=17170"},{"taxonomy":"product_tag","embeddable":true,"href":"https:\/\/yebodaglass.com\/cs\/wp-json\/wp\/v2\/product_tag?post=17170"}],"curies":[{"name":"wp","href":"https:\/\/api.w.org\/{rel}","templated":true}]}}