{"id":17145,"date":"2025-07-15T14:55:46","date_gmt":"2025-07-15T06:55:46","guid":{"rendered":"https:\/\/yebodaglass.com\/?post_type=product&#038;p=17145"},"modified":"2025-09-15T11:25:13","modified_gmt":"2025-09-15T03:25:13","slug":"18-oz-glass-water-bottles-with-metal-lids-in-bulk","status":"publish","type":"product","link":"https:\/\/yebodaglass.com\/cs\/18-oz-glass-water-bottles-with-metal-lids-in-bulk\/","title":{"rendered":"18 oz sklen\u011bn\u00e9 lahve na vodu s kovov\u00fdmi v\u00ed\u010dky ve velk\u00e9m"},"content":{"rendered":"<div data-elementor-type=\"wp-post\" data-elementor-id=\"17145\" class=\"elementor elementor-17145\" data-elementor-settings=\"{&quot;ha_cmc_init_switcher&quot;:&quot;no&quot;}\" data-elementor-post-type=\"product\">\n\t\t\t\t<div class=\"elementor-element elementor-element-bb0d695 e-flex e-con-boxed e-con e-parent\" data-id=\"bb0d695\" data-element_type=\"container\" data-e-type=\"container\" data-settings=\"{&quot;_ha_eqh_enable&quot;:false}\">\n\t\t\t\t\t<div class=\"e-con-inner\">\n\t\t\t\t<div class=\"elementor-element elementor-element-732f179 elementor-widget elementor-widget-text-editor\" data-id=\"732f179\" data-element_type=\"widget\" data-e-type=\"widget\" data-widget_type=\"text-editor.default\">\n\t\t\t\t<div class=\"elementor-widget-container\">\n\t\t\t\t\t\t\t\t\t<p>Tato l\u00e1hev na vodu z \u010dir\u00e9ho skla o objemu 18 oz m\u00e1 st\u0159\u00edbrn\u00fd kovov\u00fd uz\u00e1v\u011br a je k dispozici v r\u016fzn\u00fdch l\u00e1tkov\u00fdch obalech. Pouzdro \u00fa\u010dinn\u011b chr\u00e1n\u00ed sklen\u011bnou l\u00e1hev p\u0159ed rozbit\u00edm, zat\u00edmco \u0161\u0148\u016frka na uchycen\u00ed zaji\u0161\u0165uje pohodln\u00e9 no\u0161en\u00ed, a\u0165 u\u017e v ta\u0161ce nebo na z\u00e1p\u011bst\u00ed. Tato sportovn\u00ed l\u00e1hev na vodu je na\u0161\u00edm nejprod\u00e1van\u011bj\u0161\u00edm modelem v Severn\u00ed Americe. Nab\u00edz\u00edme \u0159adu mo\u017enost\u00ed p\u0159izp\u016fsoben\u00ed a \u0159e\u0161en\u00ed balen\u00ed.<\/p>\t\t\t\t\t\t\t\t<\/div>\n\t\t\t\t<\/div>\n\t\t\t\t<div class=\"elementor-element elementor-element-54c8d6c elementor-widget elementor-widget-heading\" data-id=\"54c8d6c\" data-element_type=\"widget\" data-e-type=\"widget\" data-widget_type=\"heading.default\">\n\t\t\t\t<div class=\"elementor-widget-container\">\n\t\t\t\t\t<h2 class=\"elementor-heading-title elementor-size-default\">Kl\u00ed\u010dov\u00e9 specifikace<\/h2>\t\t\t\t<\/div>\n\t\t\t\t<\/div>\n\t\t\t\t<div class=\"elementor-element elementor-element-14509d8 elementor-widget elementor-widget-text-editor\" data-id=\"14509d8\" data-element_type=\"widget\" data-e-type=\"widget\" data-widget_type=\"text-editor.default\">\n\t\t\t\t<div class=\"elementor-widget-container\">\n\t\t\t\t\t\t\t\t\t<table style=\"border-collapse: collapse; margin-left: auto; margin-right: auto; width: 928.52pt;\" border=\"0\" width=\"1238\" cellspacing=\"0\" cellpadding=\"0\"><tbody><tr style=\"height: 13.50pt;\"><td style=\"height: 13.50pt; width: 144.75pt;\" width=\"193\" height=\"18\">Specifikace<\/td><td style=\"width: 783.75pt;\" width=\"1045\">Podrobnosti<\/td><\/tr><tr style=\"height: 13.50pt;\"><td style=\"height: 13.50pt;\" height=\"18\">Kapacita<\/td><td>18oz\/500ml<\/td><\/tr><tr style=\"height: 13.50pt;\"><td style=\"height: 13.50pt;\" height=\"18\">R\u00e1\u017ee<\/td><td>1,5 palce<\/td><\/tr><tr style=\"height: 13.50pt;\"><td style=\"height: 13.50pt;\" height=\"18\">Pr\u016fm\u011br t\u011bla lahve<\/td><td>2,6 palce<\/td><\/tr><tr style=\"height: 13.50pt;\"><td style=\"height: 13.50pt;\" height=\"18\">V\u00fd\u0161ka lahve<\/td><td>9,6 palce<\/td><\/tr><tr style=\"height: 13.50pt;\"><td style=\"height: 13.50pt;\" height=\"18\">Materi\u00e1l<\/td><td>Vysoce odoln\u00e9 borosilik\u00e1tov\u00e9 sklo (t\u011blo lahve); nerezov\u00e1 ocel (uz\u00e1v\u011br lahve); l\u00e1tka (obal)<\/td><\/tr><tr style=\"height: 13.50pt;\"><td style=\"height: 13.50pt;\" height=\"18\">Obal<\/td><td>6 kus\u016f v kartonu<\/td><\/tr><tr style=\"height: 13.50pt;\"><td style=\"height: 13.50pt;\" height=\"18\">T\u011bsnic\u00ed v\u00fdkon<\/td><td>Dobr\u00e9 ut\u011bsn\u011bn\u00ed, p\u0159i p\u0159evr\u00e1cen\u00ed nedoch\u00e1z\u00ed k \u00faniku<\/td><\/tr><tr style=\"height: 13.50pt;\"><td style=\"height: 13.50pt;\" height=\"18\">Teplotn\u00ed odolnost<\/td><td>Odoln\u00e9 v\u016f\u010di vysok\u00fdm teplot\u00e1m 150 \u00b0C a n\u00edzk\u00fdm teplot\u00e1m \u201310 \u00b0C<\/td><\/tr><tr style=\"height: 13.50pt;\"><td style=\"height: 13.50pt;\" height=\"18\">Funkce ruk\u00e1vu<\/td><td>Ka\u017ed\u00e1 lahev m\u00e1 odpov\u00eddaj\u00edc\u00ed l\u00e1tkov\u00fd obal (barvy: fialov\u00e1, zelen\u00e1, \u0161ed\u00e1, \u010derven\u00e1, \u010dern\u00e1) s uchem, kter\u00fd kombinuje prakti\u010dnost a styl.<\/td><\/tr><\/tbody><\/table>\t\t\t\t\t\t\t\t<\/div>\n\t\t\t\t<\/div>\n\t\t\t\t\t<\/div>\n\t\t\t\t<\/div>\n\t\t<div class=\"elementor-element elementor-element-55e31eb e-flex e-con-boxed e-con e-parent\" data-id=\"55e31eb\" data-element_type=\"container\" data-e-type=\"container\" data-settings=\"{&quot;_ha_eqh_enable&quot;:false}\">\n\t\t\t\t\t<div class=\"e-con-inner\">\n\t\t\t\t<div class=\"elementor-element elementor-element-fc0900e elementor-widget elementor-widget-heading\" data-id=\"fc0900e\" data-element_type=\"widget\" data-e-type=\"widget\" data-widget_type=\"heading.default\">\n\t\t\t\t<div class=\"elementor-widget-container\">\n\t\t\t\t\t<h2 class=\"elementor-heading-title elementor-size-default\">\u00da\u010dastn\u00edci<\/h2>\t\t\t\t<\/div>\n\t\t\t\t<\/div>\n\t\t\t\t\t<\/div>\n\t\t\t\t<\/div>\n\t\t<div class=\"elementor-element elementor-element-723cd80 e-flex e-con-boxed e-con e-parent\" data-id=\"723cd80\" data-element_type=\"container\" data-e-type=\"container\" data-settings=\"{&quot;_ha_eqh_enable&quot;:false}\">\n\t\t\t\t\t<div class=\"e-con-inner\">\n\t\t<div class=\"elementor-element elementor-element-bf4cb81 e-con-full e-flex e-con e-child\" data-id=\"bf4cb81\" data-element_type=\"container\" data-e-type=\"container\" data-settings=\"{&quot;_ha_eqh_enable&quot;:false}\">\n\t\t\t\t<div class=\"elementor-element elementor-element-202a3f6 elementor-widget elementor-widget-image\" data-id=\"202a3f6\" data-element_type=\"widget\" data-e-type=\"widget\" data-widget_type=\"image.default\">\n\t\t\t\t<div class=\"elementor-widget-container\">\n\t\t\t\t\t\t\t\t\t\t\t\t\t\t\t<img decoding=\"async\" src=\"https:\/\/yebodaglass.com\/wp-content\/uploads\/elementor\/thumbs\/6-\u62f7\u8d1d-r8s8sm51b9w2lsn8g7drc635mxfr2m6yrh3xitxpcw.webp\" title=\"18 oz sklen\u011bn\u00e9 lahve na vodu s kovov\u00fdmi v\u00ed\u010dky ve velk\u00e9m\" alt=\"18 oz sklen\u011bn\u00e9 lahve na vodu s kovov\u00fdmi v\u00ed\u010dky ve velk\u00e9m\" loading=\"lazy\" \/>\t\t\t\t\t\t\t\t\t\t\t\t\t\t\t<\/div>\n\t\t\t\t<\/div>\n\t\t\t\t<div class=\"elementor-element elementor-element-fc1fd2d elementor-widget elementor-widget-text-editor\" data-id=\"fc1fd2d\" data-element_type=\"widget\" data-e-type=\"widget\" data-widget_type=\"text-editor.default\">\n\t\t\t\t<div class=\"elementor-widget-container\">\n\t\t\t\t\t\t\t\t\t<p>Pr\u016fhlednost: Pr\u016fhledn\u00e1 sklen\u011bn\u00e1 tkanina umo\u017e\u0148uje dobrou viditelnost obsahu lahve, \u010d\u00edm\u017e vytv\u00e1\u0159\u00ed p\u0159irozen\u00fd a nedot\u010den\u00fd z\u00e1\u017eitek a umo\u017e\u0148uje snadnou kontrolu hladiny vody.<\/p>\t\t\t\t\t\t\t\t<\/div>\n\t\t\t\t<\/div>\n\t\t\t\t<\/div>\n\t\t<div class=\"elementor-element elementor-element-73418b7 e-con-full e-flex e-con e-child\" data-id=\"73418b7\" data-element_type=\"container\" data-e-type=\"container\" data-settings=\"{&quot;_ha_eqh_enable&quot;:false}\">\n\t\t\t\t<div class=\"elementor-element elementor-element-490e976 elementor-widget elementor-widget-image\" data-id=\"490e976\" data-element_type=\"widget\" data-e-type=\"widget\" data-widget_type=\"image.default\">\n\t\t\t\t<div class=\"elementor-widget-container\">\n\t\t\t\t\t\t\t\t\t\t\t\t\t\t\t<img decoding=\"async\" src=\"https:\/\/yebodaglass.com\/wp-content\/uploads\/elementor\/thumbs\/7-\u62f7\u8d1d-1-r8s8so0poxyn90ki5870h5m2tp6hi0effqewhdux0g.webp\" title=\"18 oz sklen\u011bn\u00e9 lahve na vodu s kovov\u00fdmi v\u00ed\u010dky ve velk\u00e9m\" alt=\"18 oz sklen\u011bn\u00e9 lahve na vodu s kovov\u00fdmi v\u00ed\u010dky ve velk\u00e9m\" loading=\"lazy\" \/>\t\t\t\t\t\t\t\t\t\t\t\t\t\t\t<\/div>\n\t\t\t\t<\/div>\n\t\t\t\t<div class=\"elementor-element elementor-element-28d6163 elementor-widget elementor-widget-text-editor\" data-id=\"28d6163\" data-element_type=\"widget\" data-e-type=\"widget\" data-widget_type=\"text-editor.default\">\n\t\t\t\t<div class=\"elementor-widget-container\">\n\t\t\t\t\t\t\t\t\t<p>Teplotn\u00ed odolnost a vyv\u00e1\u017eenost: L\u00e1hev odol\u00e1 nadm\u011brn\u00fdm teplot\u00e1m okolo 150 \u00b0C a n\u00edzk\u00fdm teplot\u00e1m okolo -10 \u00b0C, a tak se p\u0159izp\u016fsob\u00ed r\u016fzn\u00fdm prost\u0159ed\u00edm a sc\u00e9n\u00e1\u0159\u016fm pou\u017eit\u00ed.<\/p>\t\t\t\t\t\t\t\t<\/div>\n\t\t\t\t<\/div>\n\t\t\t\t<\/div>\n\t\t\t\t\t<\/div>\n\t\t\t\t<\/div>\n\t\t<div class=\"elementor-element elementor-element-d5c6ee3 e-flex e-con-boxed e-con e-parent\" data-id=\"d5c6ee3\" data-element_type=\"container\" data-e-type=\"container\" data-settings=\"{&quot;_ha_eqh_enable&quot;:false}\">\n\t\t\t\t\t<div class=\"e-con-inner\">\n\t\t<div class=\"elementor-element elementor-element-886f509 e-con-full e-flex e-con e-child\" data-id=\"886f509\" data-element_type=\"container\" data-e-type=\"container\" data-settings=\"{&quot;_ha_eqh_enable&quot;:false}\">\n\t\t\t\t<div class=\"elementor-element elementor-element-7036805 elementor-widget elementor-widget-image\" data-id=\"7036805\" data-element_type=\"widget\" data-e-type=\"widget\" data-widget_type=\"image.default\">\n\t\t\t\t<div class=\"elementor-widget-container\">\n\t\t\t\t\t\t\t\t\t\t\t\t\t\t\t<img decoding=\"async\" src=\"https:\/\/yebodaglass.com\/wp-content\/uploads\/elementor\/thumbs\/17-\u62f7\u8d1d-r8s8spwe2m17w8hru909m5500gx7xelw3zpvfxs4o0.webp\" title=\"Sklen\u011bn\u00e9 lahve na vodu s kovov\u00fdmi v\u00ed\u010dky ve velk\u00e9m\" alt=\"Sklen\u011bn\u00e9 lahve na vodu s kovov\u00fdmi v\u00ed\u010dky ve velk\u00e9m\" loading=\"lazy\" \/>\t\t\t\t\t\t\t\t\t\t\t\t\t\t\t<\/div>\n\t\t\t\t<\/div>\n\t\t\t\t<div class=\"elementor-element elementor-element-05721bf elementor-widget elementor-widget-text-editor\" data-id=\"05721bf\" data-element_type=\"widget\" data-e-type=\"widget\" data-widget_type=\"text-editor.default\">\n\t\t\t\t<div class=\"elementor-widget-container\">\n\t\t\t\t\t\t\t\t\t<p>Spolehliv\u00e9 ut\u011bsn\u011bn\u00ed: Vynikaj\u00edc\u00ed ut\u011bsn\u011bn\u00ed, \u017e\u00e1dn\u00fd \u00fanik ani p\u0159i p\u0159evr\u00e1cen\u00ed, \u00fasp\u011b\u0161n\u011b zabra\u0148uje rozlit\u00ed obsahu<\/p>\t\t\t\t\t\t\t\t<\/div>\n\t\t\t\t<\/div>\n\t\t\t\t<\/div>\n\t\t<div class=\"elementor-element elementor-element-826245e e-con-full e-flex e-con e-child\" data-id=\"826245e\" data-element_type=\"container\" data-e-type=\"container\" data-settings=\"{&quot;_ha_eqh_enable&quot;:false}\">\n\t\t\t\t<div class=\"elementor-element elementor-element-65bbe9c elementor-widget elementor-widget-image\" data-id=\"65bbe9c\" data-element_type=\"widget\" data-e-type=\"widget\" data-widget_type=\"image.default\">\n\t\t\t\t<div class=\"elementor-widget-container\">\n\t\t\t\t\t\t\t\t\t\t\t\t\t\t\t<img decoding=\"async\" src=\"https:\/\/yebodaglass.com\/wp-content\/uploads\/elementor\/thumbs\/23-\u62f7\u8d1d-r8s8squ89g2i7ugeorew6mwglusl53pmg4dcx7qqhs.webp\" title=\"Per esaltare l&#039;estetica autunnale, \u00e8 possibile posizionare le candele all&#039;interno del barattolo utilizzando chicchi di popcorn o altri materiali di riempimento.\" alt=\"Per esaltare l&#039;estetica autunnale, \u00e8 possibile posizionare le candele all&#039;interno del barattolo utilizzando chicchi di popcorn o altri materiali di riempimento.\" loading=\"lazy\" \/>\t\t\t\t\t\t\t\t\t\t\t\t\t\t\t<\/div>\n\t\t\t\t<\/div>\n\t\t\t\t<div class=\"elementor-element elementor-element-0d5e45d elementor-widget elementor-widget-text-editor\" data-id=\"0d5e45d\" data-element_type=\"widget\" data-e-type=\"widget\" data-widget_type=\"text-editor.default\">\n\t\t\t\t<div class=\"elementor-widget-container\">\n\t\t\t\t\t\t\t\t\t<p>L\u00e1hev je vybavena speci\u00e1ln\u00edm \u010distic\u00edm kart\u00e1\u010dkem a v\u00ed\u010dkem z nerezov\u00e9 oceli 304, kter\u00e9 umo\u017e\u0148uje hloubkov\u00e9 \u010di\u0161t\u011bn\u00ed l\u00e1hve bez zanech\u00e1n\u00ed jak\u00fdchkoli odum\u0159el\u00fdch roh\u016f. Hladk\u00fd sklen\u011bn\u00fd materi\u00e1l dok\u00e1\u017ee odstranit i ty nejodoln\u011bj\u0161\u00ed skvrny a po opl\u00e1chnut\u00ed \u010distou vodou ji ud\u011bl\u00e1 jako novou. \u010ci\u0161t\u011bn\u00ed je snadn\u00e9 a efektivn\u00ed.<\/p>\t\t\t\t\t\t\t\t<\/div>\n\t\t\t\t<\/div>\n\t\t\t\t<\/div>\n\t\t\t\t\t<\/div>\n\t\t\t\t<\/div>\n\t\t<div class=\"elementor-element elementor-element-88b472e e-con-full e-flex e-con e-parent\" data-id=\"88b472e\" data-element_type=\"container\" data-e-type=\"container\" data-settings=\"{&quot;_ha_eqh_enable&quot;:false}\">\n\t\t\t\t<div class=\"elementor-element elementor-element-3582c55 elementor-widget elementor-widget-text-editor\" data-id=\"3582c55\" data-element_type=\"widget\" data-e-type=\"widget\" data-widget_type=\"text-editor.default\">\n\t\t\t\t<div class=\"elementor-widget-container\">\n\t\t\t\t\t\t\t\t\t<p>\u00a0 \u00a0 \u00a0 \u00a0 \u00a0 \u00a0 \u00a0 \u00a0 \u00a0 \u00a0 \u00a0 \u00a0 <img fetchpriority=\"high\" decoding=\"async\" class=\"alignnone wp-image-16229\" src=\"https:\/\/yebodaglass.com\/wp-content\/uploads\/2025\/07\/d1ad5ea8ed4fd82e283a3a35878dd5c.png\" alt=\"\" width=\"240\" height=\"240\" srcset=\"https:\/\/yebodaglass.com\/wp-content\/uploads\/2025\/07\/d1ad5ea8ed4fd82e283a3a35878dd5c.png 220w, https:\/\/yebodaglass.com\/wp-content\/uploads\/2025\/07\/d1ad5ea8ed4fd82e283a3a35878dd5c-100x100.png 100w, https:\/\/yebodaglass.com\/wp-content\/uploads\/2025\/07\/d1ad5ea8ed4fd82e283a3a35878dd5c-150x150.png 150w, https:\/\/yebodaglass.com\/wp-content\/uploads\/2025\/07\/d1ad5ea8ed4fd82e283a3a35878dd5c-12x12.png 12w\" sizes=\"(max-width: 240px) 100vw, 240px\" \/>\u00a0 \u00a0 \u00a0 \u00a0 \u00a0<img decoding=\"async\" class=\"alignnone wp-image-16228\" src=\"https:\/\/yebodaglass.com\/wp-content\/uploads\/2025\/07\/4679f61166f64c6045dbc74c130db9a.png\" alt=\"\" width=\"240\" height=\"240\" srcset=\"https:\/\/yebodaglass.com\/wp-content\/uploads\/2025\/07\/4679f61166f64c6045dbc74c130db9a.png 220w, https:\/\/yebodaglass.com\/wp-content\/uploads\/2025\/07\/4679f61166f64c6045dbc74c130db9a-100x100.png 100w, https:\/\/yebodaglass.com\/wp-content\/uploads\/2025\/07\/4679f61166f64c6045dbc74c130db9a-150x150.png 150w, https:\/\/yebodaglass.com\/wp-content\/uploads\/2025\/07\/4679f61166f64c6045dbc74c130db9a-12x12.png 12w\" sizes=\"(max-width: 240px) 100vw, 240px\" \/>\u00a0 \u00a0 \u00a0 \u00a0 \u00a0 <img decoding=\"async\" class=\"alignnone wp-image-16230\" src=\"https:\/\/yebodaglass.com\/wp-content\/uploads\/2025\/07\/e59283ab6cb2ed3c93ba4f8a33db2ff.png\" alt=\"\" width=\"240\" height=\"240\" srcset=\"https:\/\/yebodaglass.com\/wp-content\/uploads\/2025\/07\/e59283ab6cb2ed3c93ba4f8a33db2ff.png 220w, https:\/\/yebodaglass.com\/wp-content\/uploads\/2025\/07\/e59283ab6cb2ed3c93ba4f8a33db2ff-100x100.png 100w, https:\/\/yebodaglass.com\/wp-content\/uploads\/2025\/07\/e59283ab6cb2ed3c93ba4f8a33db2ff-150x150.png 150w, https:\/\/yebodaglass.com\/wp-content\/uploads\/2025\/07\/e59283ab6cb2ed3c93ba4f8a33db2ff-12x12.png 12w\" sizes=\"(max-width: 240px) 100vw, 240px\" \/>\u00a0 \u00a0 \u00a0 <img loading=\"lazy\" decoding=\"async\" class=\"alignnone wp-image-16227\" src=\"https:\/\/yebodaglass.com\/wp-content\/uploads\/2025\/07\/8b499cc8b9c63806f1b8b3d5aa03275.png\" alt=\"\" width=\"240\" height=\"240\" srcset=\"https:\/\/yebodaglass.com\/wp-content\/uploads\/2025\/07\/8b499cc8b9c63806f1b8b3d5aa03275.png 220w, https:\/\/yebodaglass.com\/wp-content\/uploads\/2025\/07\/8b499cc8b9c63806f1b8b3d5aa03275-100x100.png 100w, https:\/\/yebodaglass.com\/wp-content\/uploads\/2025\/07\/8b499cc8b9c63806f1b8b3d5aa03275-150x150.png 150w, https:\/\/yebodaglass.com\/wp-content\/uploads\/2025\/07\/8b499cc8b9c63806f1b8b3d5aa03275-12x12.png 12w\" sizes=\"(max-width: 240px) 100vw, 240px\" \/><\/p>\t\t\t\t\t\t\t\t<\/div>\n\t\t\t\t<\/div>\n\t\t\t\t<\/div>\n\t\t<div class=\"elementor-element elementor-element-792eb8c e-flex e-con-boxed e-con e-parent\" data-id=\"792eb8c\" data-element_type=\"container\" data-e-type=\"container\" data-settings=\"{&quot;_ha_eqh_enable&quot;:false}\">\n\t\t\t\t\t<div class=\"e-con-inner\">\n\t\t\t\t<div class=\"elementor-element elementor-element-ceb50a8 elementor-widget elementor-widget-image\" data-id=\"ceb50a8\" data-element_type=\"widget\" data-e-type=\"widget\" data-widget_type=\"image.default\">\n\t\t\t\t<div class=\"elementor-widget-container\">\n\t\t\t\t\t\t\t\t\t\t\t\t\t\t\t<img decoding=\"async\" src=\"https:\/\/yebodaglass.com\/wp-content\/uploads\/elementor\/thumbs\/5-\u62f7\u8d1d-r8s91r4jraefhbdd35l6kv2hjse7woh0opfvhodwv4.webp\" title=\"Per esaltare l&#039;estetica autunnale, \u00e8 possibile posizionare le candele all&#039;interno del barattolo utilizzando chicchi di popcorn o altri materiali di riempimento.\" alt=\"Per esaltare l&#039;estetica autunnale, \u00e8 possibile posizionare le candele all&#039;interno del barattolo utilizzando chicchi di popcorn o altri materiali di riempimento.\" loading=\"lazy\" \/>\t\t\t\t\t\t\t\t\t\t\t\t\t\t\t<\/div>\n\t\t\t\t<\/div>\n\t\t\t\t<div class=\"elementor-element elementor-element-b2907c6 elementor-widget elementor-widget-text-editor\" data-id=\"b2907c6\" data-element_type=\"widget\" data-e-type=\"widget\" data-widget_type=\"text-editor.default\">\n\t\t\t\t<div class=\"elementor-widget-container\">\n\t\t\t\t\t\t\t\t\t<h2>Pro osoby:<\/h2><p>Tyto sklen\u011bn\u00e9 lahve na vodu o objemu 18 oz jsou ide\u00e1ln\u00ed pro va\u0161e ka\u017edodenn\u00ed hygienick\u00e9 pot\u0159eby! A\u0165 u\u017e si je berete s sebou do posilovny, do kancel\u00e1\u0159e, do \u0161koly nebo na turistiku, tato sklen\u011bn\u00e1 lahev na vodu je ide\u00e1ln\u00ed volbou pro va\u0161e zdrav\u00ed a pohodu. Je bezpe\u010dn\u00e1, netoxick\u00e1, snadno se \u010dist\u00ed a p\u0159edstavuje stylovou a odolnou variantu plastov\u00fdch lahv\u00ed.<\/p><h2>Pro firmy:<\/h2><p>Ide\u00e1ln\u00ed \u0159e\u0161en\u00ed pro hromadn\u00e9 n\u00e1kupy! Vhodn\u00e9 jako firemn\u00ed d\u00e1rek, levn\u00fd d\u00e1rek pro kazatele, d\u00e1rek pro hosty v hotelech a l\u00e1zn\u00edch, maloobchodn\u00ed zbo\u017e\u00ed pro kav\u00e1rny a restaurace nebo jako benefit pro zdrav\u00e9 pracovn\u00ed prost\u0159ed\u00ed. Spolehliv\u00ed lid\u00e9 posiluj\u00ed image va\u0161\u00ed zna\u010dky.<\/p>\t\t\t\t\t\t\t\t<\/div>\n\t\t\t\t<\/div>\n\t\t\t\t\t<\/div>\n\t\t\t\t<\/div>\n\t\t\t\t<\/div>","protected":false},"excerpt":{"rendered":"<p>Hromadn\u00fd n\u00e1kup sklen\u011bn\u00fdch lahv\u00ed na vodu o objemu 18 oz s nepropustn\u00fdm kovov\u00fdm v\u00ed\u010dkem. Ekologick\u00e9, odoln\u00e9 a ide\u00e1ln\u00ed pro podniky, akce nebo maloobchod.<\/p>","protected":false},"featured_media":17160,"template":"","meta":[],"product_brand":[],"product_cat":[80,89,20],"product_tag":[],"class_list":{"0":"post-17145","1":"product","2":"type-product","3":"status-publish","4":"has-post-thumbnail","6":"product_cat-glass-bottles","7":"product_cat-sports-water-bottles","8":"product_cat-glass-containers","10":"first","11":"instock","12":"shipping-taxable","13":"product-type-grouped"},"jetpack_sharing_enabled":true,"_links":{"self":[{"href":"https:\/\/yebodaglass.com\/cs\/wp-json\/wp\/v2\/product\/17145","targetHints":{"allow":["GET"]}}],"collection":[{"href":"https:\/\/yebodaglass.com\/cs\/wp-json\/wp\/v2\/product"}],"about":[{"href":"https:\/\/yebodaglass.com\/cs\/wp-json\/wp\/v2\/types\/product"}],"version-history":[{"count":5,"href":"https:\/\/yebodaglass.com\/cs\/wp-json\/wp\/v2\/product\/17145\/revisions"}],"predecessor-version":[{"id":20957,"href":"https:\/\/yebodaglass.com\/cs\/wp-json\/wp\/v2\/product\/17145\/revisions\/20957"}],"wp:featuredmedia":[{"embeddable":true,"href":"https:\/\/yebodaglass.com\/cs\/wp-json\/wp\/v2\/media\/17160"}],"wp:attachment":[{"href":"https:\/\/yebodaglass.com\/cs\/wp-json\/wp\/v2\/media?parent=17145"}],"wp:term":[{"taxonomy":"product_brand","embeddable":true,"href":"https:\/\/yebodaglass.com\/cs\/wp-json\/wp\/v2\/product_brand?post=17145"},{"taxonomy":"product_cat","embeddable":true,"href":"https:\/\/yebodaglass.com\/cs\/wp-json\/wp\/v2\/product_cat?post=17145"},{"taxonomy":"product_tag","embeddable":true,"href":"https:\/\/yebodaglass.com\/cs\/wp-json\/wp\/v2\/product_tag?post=17145"}],"curies":[{"name":"wp","href":"https:\/\/api.w.org\/{rel}","templated":true}]}}