{"id":17101,"date":"2025-07-15T11:16:30","date_gmt":"2025-07-15T03:16:30","guid":{"rendered":"https:\/\/yebodaglass.com\/?post_type=product&#038;p=17101"},"modified":"2026-03-10T13:16:58","modified_gmt":"2026-03-10T05:16:58","slug":"square-swing-top-airtight-storage-jars-with-glass-lid","status":"publish","type":"product","link":"https:\/\/yebodaglass.com\/cs\/produkt\/square-swing-top-airtight-storage-jars-with-glass-lid\/","title":{"rendered":"Vzduchot\u011bsn\u00e9 sklenice s hranat\u00fdm v\u00fdklopn\u00fdm v\u00edkem a sklen\u011bn\u00fdm v\u00edkem 500-1500ml"},"content":{"rendered":"<p>Tato \u0159ada vzduchot\u011bsn\u00fdch d\u00f3z se vyzna\u010duje prostorov\u011b \u00fasporn\u00fdm \u010dtvercov\u00fdm sklen\u011bn\u00fdm t\u011blem s kulat\u00fdm sklen\u011bn\u00fdm v\u00edkem a je navr\u017eena pro modern\u00ed kuchy\u0148sk\u00e9 \u00falo\u017en\u00e9 prostory a organizaci. D\u00f3ze je vyrobena z prvot\u0159\u00eddn\u00edho \u010dir\u00e9ho skla, tak\u017ee umo\u017e\u0148uje snadn\u00fd v\u00fdhled na obsah a z\u00e1rove\u0148 si zachov\u00e1v\u00e1 elegantn\u00ed vzhled vhodn\u00fd do reg\u00e1l\u016f v obchodech a prosklen\u00fdch kuchyn\u00ed. Syst\u00e9m upev\u0148ovac\u00edch dr\u00e1t\u011bn\u00fdch klip\u016f s nerezov\u00fdmi v\u00edky a silikonov\u00fdm t\u011bsn\u011bn\u00edm vytv\u00e1\u0159\u00ed spolehliv\u00e9 vzduchot\u011bsn\u00e9 uzav\u0159en\u00ed, d\u00edky \u010demu\u017e je ide\u00e1ln\u00ed pro skladov\u00e1n\u00ed potravin, such\u00e9ho zbo\u017e\u00ed, t\u011bstovin, obilovin, su\u0161enek, om\u00e1\u010dek nebo nakl\u00e1dan\u00fdch pokrm\u016f.<\/p>\n<p>Ve srovn\u00e1n\u00ed s plastov\u00fdmi n\u00e1dobami nab\u00edzej\u00ed tyto vzduchot\u011bsn\u00e9 sklen\u011bn\u00e9 d\u00f3zy odoln\u011bj\u0161\u00ed a opakovan\u011b pou\u017eiteln\u00e9 \u0159e\u0161en\u00ed pro skladov\u00e1n\u00ed sklen\u011bn\u00fdch potravin v dom\u00e1c\u00edch i komer\u010dn\u00edch kuchyn\u00edch. D\u00edky \u0161irok\u00e9mu hrdlu ve tvaru kamene se d\u00f3za dob\u0159e hod\u00ed i jako sklen\u011bn\u00e1 zava\u0159ovac\u00ed d\u00f3za, sklen\u011bn\u00e1 d\u00f3za na su\u0161enky nebo sklen\u011bn\u00e1 d\u00f3za na skladov\u00e1n\u00ed.<\/p>\n<h2>Kl\u00ed\u010dov\u00e9 specifikace<\/h2>\n<table style=\"border-collapse: collapse; width: 80%; margin-left: auto; margin-right: auto;\" border=\"0\" width=\"80%\" cellspacing=\"0\" cellpadding=\"0\">\n<tbody>\n<tr style=\"height: 13.50pt;\">\n<td style=\"height: 13.50pt; width: 123.00pt;\" width=\"164\" height=\"18\">Specifikace<\/td>\n<td style=\"width: 543.00pt;\" width=\"724\">Podrobnosti<\/td>\n<\/tr>\n<tr style=\"height: 13.50pt;\">\n<td style=\"height: 13.50pt;\" height=\"18\">Typ produktu<\/td>\n<td>Vzduchot\u011bsn\u00e9 skladovac\u00ed d\u00f3zy s oto\u010dn\u00fdm v\u00edkem<\/td>\n<\/tr>\n<tr style=\"height: 13.50pt;\">\n<td style=\"height: 13.50pt;\" height=\"18\">Materi\u00e1l<\/td>\n<td>Bezolovnat\u00e9 sodno-v\u00e1penat\u00e9 \u010dir\u00e9 sklo + nerezov\u00e1 ocelov\u00e1 spona + silikonov\u00e9 t\u011bsn\u011bn\u00ed<\/td>\n<\/tr>\n<tr style=\"height: 13.50pt;\">\n<td style=\"height: 13.50pt;\" height=\"18\">Typ v\u00edka<\/td>\n<td>Sklen\u011bn\u00e9 v\u00edko s upevn\u011bn\u00edm pomoc\u00ed dr\u00e1t\u011bn\u00e9 spony (svorkov\u00e9 v\u00edko)<\/td>\n<\/tr>\n<tr style=\"height: 13.50pt;\">\n<td style=\"height: 13.50pt;\" height=\"18\">Tvar<\/td>\n<td>\u010ctvercov\u00e9 t\u011blo sklen\u011bn\u00e9 n\u00e1doby s kulat\u00fdm v\u00ed\u010dkem<\/td>\n<\/tr>\n<tr style=\"height: 13.50pt;\">\n<td style=\"height: 13.50pt;\" height=\"18\">Pr\u016fm\u011br \u00fast\u00ed<\/td>\n<td>95 mm \u0161irok\u00e1 \u00fasta<\/td>\n<\/tr>\n<tr style=\"height: 54.00pt;\">\n<td style=\"height: 54.00pt;\" height=\"72\">Mo\u017enosti kapacity<\/td>\n<td class=\"et2\" style=\"width: 543.00pt;\" width=\"724\">16 oz \/ 500 ml (6 balen\u00ed)<br \/>\n750 ml (4 balen\u00ed)<br \/>\n32 oz \/ 1000 ml (3 balen\u00ed)<br \/>\n48 oz \/ 1500 ml (2 balen\u00ed)<\/td>\n<\/tr>\n<tr style=\"height: 13.50pt;\">\n<td style=\"height: 13.50pt;\" height=\"18\">T\u011bsnic\u00ed syst\u00e9m<\/td>\n<td>Vzduchot\u011bsn\u00e9 v\u00ed\u010dka se silikonov\u00fdm t\u011bsn\u011bn\u00edm<\/td>\n<\/tr>\n<tr style=\"height: 13.50pt;\">\n<td style=\"height: 13.50pt;\" height=\"18\">Aplikace<\/td>\n<td>N\u00e1doby na skladov\u00e1n\u00ed potravin, zava\u0159ovac\u00ed sklenice, n\u00e1doby do sp\u00ed\u017ee, n\u00e1doby na om\u00e1\u010dky a such\u00e9 potraviny<\/td>\n<\/tr>\n<tr style=\"height: 13.50pt;\">\n<td style=\"height: 13.50pt;\" height=\"18\">Obal<\/td>\n<td>K dispozici pro hromadn\u00e9, velkoobchodn\u00ed balen\u00ed a balen\u00ed ve sklenic\u00edch<\/td>\n<\/tr>\n<tr style=\"height: 13.50pt;\">\n<td style=\"height: 13.50pt;\" height=\"18\">V\u00fdrobn\u00ed<\/td>\n<td>P\u0159\u00edm\u00e9 dod\u00e1vky od v\u00fdrobce s rychl\u00fdm dod\u00e1n\u00edm a podporou zak\u00e1zkov\u00e9ho z\u00edsk\u00e1v\u00e1n\u00ed<\/td>\n<\/tr>\n<\/tbody>\n<\/table>\n<h2>Kl\u00ed\u010dov\u00e9 vlastnosti<\/h2>\n<h3>Vzduchot\u011bsn\u00e9 uz\u00e1v\u011bry pro dlouhotrvaj\u00edc\u00ed sv\u011b\u017eest<\/h3>\n<p>Sklen\u011bn\u00e9 d\u00f3zy s vzduchot\u011bsn\u00fdm v\u00edkem pou\u017e\u00edvaj\u00ed silikonov\u00e9 t\u011bsn\u011bn\u00ed a nerezovou oto\u010dnou horn\u00ed sponu k vytvo\u0159en\u00ed vzduchot\u011bsn\u00e9ho prost\u0159ed\u00ed pro skladov\u00e1n\u00ed potravin, kter\u00e9 zachov\u00e1v\u00e1 \u010derstvost a zabra\u0148uje vniknut\u00ed vlhkosti nebo vzduchu.<\/p>\n<h3>Prostorov\u011b \u00fasporn\u00fd \u010dtvercov\u00fd design<\/h3>\n<p>Zaprv\u00e9, \u010dtvercov\u00e9 t\u011blo umo\u017e\u0148uje t\u011bsn\u011bj\u0161\u00ed balen\u00ed a efektivn\u011bj\u0161\u00ed skladovac\u00ed \u0159e\u0161en\u00ed v reg\u00e1lech sp\u00ed\u017e\u00ed a maloobchodn\u00edch obalech na rozd\u00edl od kulat\u00fdch sklen\u011bn\u00fdch d\u00f3z.<\/p>\n<h3>\u0160irok\u00e1 \u00fasta pro snadn\u00e9 pln\u011bn\u00ed a \u010di\u0161t\u011bn\u00ed<\/h3>\n<p>D\u00edky \u0161irok\u00e9mu hrdlu (95 mm) se tyto sklen\u011bn\u00e9 n\u00e1doby na potraviny snadno pln\u00ed, nab\u00edraj\u00ed a \u010dist\u00ed, co\u017e je ide\u00e1ln\u00ed pro om\u00e1\u010dky, t\u011bstoviny, obiloviny a sva\u010diny.<\/p>\n<h2>\u00dasp\u011b\u0161n\u00fd B2B p\u0159\u00edpad<\/h2>\n<p>N\u011bmeck\u00e1 zna\u010dka specializovan\u00fdch potravin, kter\u00e1 vyr\u00e1b\u00ed bio om\u00e1\u010dky na t\u011bstoviny, sh\u00e1n\u011bla pro svou pr\u00e9miovou maloobchodn\u00ed \u0159adu vzduchot\u011bsn\u00e9 skladovac\u00ed d\u00f3zy. Spole\u010dnost p\u016fsob\u00ed jako st\u0159edn\u011b velk\u00fd v\u00fdrobce a distributor potravin, kter\u00fd z\u00e1sobuje supermarkety a online platformy s potravinami.<\/p>\n<p>Objednali si hromadn\u011b sklen\u011bn\u00e9 d\u00f3zy s v\u00fdklopn\u00fdm v\u00edkem o objemu 940 ml a 1820 ml a po\u017eadovali n\u011bkolik mo\u017enost\u00ed na m\u00edru, v\u010detn\u011b:<\/p>\n<ul>\n<li>Tisk loga priv\u00e1tn\u00ed zna\u010dky na sklen\u011bnou n\u00e1dobu<\/li>\n<li>Vlastn\u00ed barevn\u00fd n\u00e1t\u011br na upevn\u011bn\u00ed dr\u00e1t\u011bn\u00fdch klip\u016f<\/li>\n<li>Sada obal\u016f pro skladov\u00e1n\u00ed potravin p\u0159ipraven\u00fdch k maloobchodn\u00edmu prodeji<\/li>\n<\/ul>\n<p>Pr\u00e9miov\u00e9 postaven\u00ed zna\u010dky a viditelnost produkt\u016f v reg\u00e1lech se po uveden\u00ed na trh zlep\u0161ily d\u00edky sklen\u011bn\u00fdm d\u00f3z\u00e1m s v\u00ed\u010dkem. Jejich \u0159ada om\u00e1\u010dek vyk\u00e1zala 35% n\u00e1r\u016fst tr\u017eeb za \u0161est m\u011bs\u00edc\u016f a jejich klient provedl dv\u011b n\u00e1sledn\u00e9 velkoobchodn\u00ed objedn\u00e1vky s \u010d\u00edm d\u00e1l v\u011bt\u0161\u00edm po\u010dtem vyroben\u00fdch d\u00f3z, v\u010detn\u011b nakl\u00e1dan\u00e9 zeleniny a t\u011bstovin, kter\u00e9 se prod\u00e1vaj\u00ed p\u0159ev\u00e1\u017en\u011b su\u0161en\u00e9.<\/p>\n<h2>N\u00e1vrhy na p\u0159izp\u016fsoben\u00ed pro B2B aplikace<\/h2>\n<ol>\n<li><strong>Priv\u00e1tn\u00ed zna\u010dka<\/strong>Pro majitele zna\u010dek prod\u00e1vaj\u00edc\u00ed balen\u00e9 potraviny nebo skladovac\u00ed sklen\u011bn\u00e9 n\u00e1doby do sp\u00ed\u017ee m\u016f\u017eete p\u0159idat potisk loga, ra\u017ebu nebo etiketov\u00e1n\u00ed a vytvo\u0159it tak zak\u00e1zkov\u00e9 sklen\u011bn\u00e9 d\u00f3zy s v\u00edkem.<\/li>\n<li><strong>Sady maloobchodn\u00edch obal\u016f<\/strong>Vyv\u00edjejte balen\u00ed sad n\u00e1dob na potraviny nebo sklenic pro zna\u010dky elektronick\u00e9ho obchodov\u00e1n\u00ed, kter\u00e9 prod\u00e1vaj\u00ed nejlep\u0161\u00ed n\u00e1doby na potraviny pro organizaci kuchyn\u011b.<\/li>\n<li><strong>Funk\u010dn\u00ed p\u0159izp\u016fsoben\u00ed v\u00edka<\/strong>Upravte barvu t\u011bsn\u011bn\u00ed, up\u00ednac\u00edch v\u00ed\u010dek nebo povrchov\u00fdch \u00faprav kovov\u00fdch klip\u016f, abyste odli\u0161ili sv\u00e9 sklen\u011bn\u00e9 n\u00e1doby se sklen\u011bn\u00fdmi v\u00ed\u010dky v maloobchod\u011b a specializovan\u00fdch prodejn\u00e1ch potravin.<\/li>\n<\/ol>","protected":false},"excerpt":{"rendered":"<p>Bulk airtight storage jars from a reliable manufacturer. Durable swing top glass jars with airtight lids for food storage, wholesale sourcing, and custom branding.<\/p>","protected":false},"featured_media":25330,"template":"","meta":[],"product_brand":[],"product_cat":[87,134,124,122,20,83],"product_tag":[],"class_list":{"0":"post-17101","1":"product","2":"type-product","3":"status-publish","4":"has-post-thumbnail","6":"product_cat-food-storage-jars","7":"product_cat-airtight-jars","8":"product_cat-custom-glass-jars","9":"product_cat-custom-glass-packaging","10":"product_cat-glass-containers","11":"product_cat-glass-jars","13":"first","14":"instock","15":"shipping-taxable","16":"product-type-grouped"},"jetpack_sharing_enabled":true,"_links":{"self":[{"href":"https:\/\/yebodaglass.com\/cs\/wp-json\/wp\/v2\/product\/17101","targetHints":{"allow":["GET"]}}],"collection":[{"href":"https:\/\/yebodaglass.com\/cs\/wp-json\/wp\/v2\/product"}],"about":[{"href":"https:\/\/yebodaglass.com\/cs\/wp-json\/wp\/v2\/types\/product"}],"version-history":[{"count":5,"href":"https:\/\/yebodaglass.com\/cs\/wp-json\/wp\/v2\/product\/17101\/revisions"}],"predecessor-version":[{"id":25321,"href":"https:\/\/yebodaglass.com\/cs\/wp-json\/wp\/v2\/product\/17101\/revisions\/25321"}],"wp:featuredmedia":[{"embeddable":true,"href":"https:\/\/yebodaglass.com\/cs\/wp-json\/wp\/v2\/media\/25330"}],"wp:attachment":[{"href":"https:\/\/yebodaglass.com\/cs\/wp-json\/wp\/v2\/media?parent=17101"}],"wp:term":[{"taxonomy":"product_brand","embeddable":true,"href":"https:\/\/yebodaglass.com\/cs\/wp-json\/wp\/v2\/product_brand?post=17101"},{"taxonomy":"product_cat","embeddable":true,"href":"https:\/\/yebodaglass.com\/cs\/wp-json\/wp\/v2\/product_cat?post=17101"},{"taxonomy":"product_tag","embeddable":true,"href":"https:\/\/yebodaglass.com\/cs\/wp-json\/wp\/v2\/product_tag?post=17101"}],"curies":[{"name":"wp","href":"https:\/\/api.w.org\/{rel}","templated":true}]}}