{"id":17070,"date":"2025-07-15T10:20:04","date_gmt":"2025-07-15T02:20:04","guid":{"rendered":"https:\/\/yebodaglass.com\/?post_type=product&#038;p=17070"},"modified":"2025-09-15T12:39:03","modified_gmt":"2025-09-15T04:39:03","slug":"wholesale-round-17oz-25oz-34oz-50oz-glass-jars-with-airtight-lids-for-food-storage","status":"publish","type":"product","link":"https:\/\/yebodaglass.com\/cs\/wholesale-round-17oz-25oz-34oz-50oz-glass-jars-with-airtight-lids-for-food-storage\/","title":{"rendered":"Velkoobchodn\u00ed kulat\u00e9 sklen\u011bn\u00e9 n\u00e1doby o objemu 16 oz, 24 oz, 32 oz a 48 oz s vzduchot\u011bsn\u00fdmi v\u00edky pro skladov\u00e1n\u00ed potravin"},"content":{"rendered":"<div data-elementor-type=\"wp-post\" data-elementor-id=\"17070\" class=\"elementor elementor-17070\" data-elementor-settings=\"{&quot;ha_cmc_init_switcher&quot;:&quot;no&quot;}\" data-elementor-post-type=\"product\">\n\t\t\t\t<div class=\"elementor-element elementor-element-bb0d695 e-flex e-con-boxed e-con e-parent\" data-id=\"bb0d695\" data-element_type=\"container\" data-e-type=\"container\" data-settings=\"{&quot;_ha_eqh_enable&quot;:false}\">\n\t\t\t\t\t<div class=\"e-con-inner\">\n\t\t\t\t<div class=\"elementor-element elementor-element-732f179 elementor-widget elementor-widget-text-editor\" data-id=\"732f179\" data-element_type=\"widget\" data-e-type=\"widget\" data-widget_type=\"text-editor.default\">\n\t\t\t\t<div class=\"elementor-widget-container\">\n\t\t\t\t\t\t\t\t\t<p>V\u00edtejte u kulat\u00fdch sklen\u011bn\u00fdch d\u00f3z s vzduchot\u011bsn\u00fdm v\u00edkem, na\u0161\u00ed chytr\u00e9 velkoobchodn\u00ed volb\u011b z jednoho m\u00edsta. Nab\u00edz\u00edme \u010dty\u0159i klasick\u00e9 tvary: 473 ml, 697 ml, 946 ml a 1727 ml, v\u0161echny vysoce kvalitn\u00ed d\u00f3zy jsou vybaveny vzduchot\u011bsn\u00fdmi v\u00edky. Zav\u00e1zali jsme se poskytovat v\u00e1m bezpe\u010dn\u00e1, vlhkost odoln\u00e1 a dlouhotrvaj\u00edc\u00ed \u0159e\u0161en\u00ed pro skladov\u00e1n\u00ed potravin. A\u0165 u\u017e se sna\u017e\u00edte o \u010dist\u00fd a organizovan\u00fd domov, nebo pot\u0159ebujete spolehliv\u00fd a efektivn\u00ed komer\u010dn\u00ed zdroj, m\u011bl by se jednat o vysoce kvalitn\u00ed a esteticky p\u0159\u00edjemn\u00fd produkt. Poskytujeme tak\u00e9 zak\u00e1zkov\u00e9 slu\u017eby, kter\u00e9 v\u00e1m pomohou vytvo\u0159it jedine\u010dn\u00fd image zna\u010dky.<\/p>\t\t\t\t\t\t\t\t<\/div>\n\t\t\t\t<\/div>\n\t\t\t\t<div class=\"elementor-element elementor-element-54c8d6c elementor-widget elementor-widget-heading\" data-id=\"54c8d6c\" data-element_type=\"widget\" data-e-type=\"widget\" data-widget_type=\"heading.default\">\n\t\t\t\t<div class=\"elementor-widget-container\">\n\t\t\t\t\t<h2 class=\"elementor-heading-title elementor-size-default\">Kl\u00ed\u010dov\u00e9 specifikace<\/h2>\t\t\t\t<\/div>\n\t\t\t\t<\/div>\n\t\t\t\t<div class=\"elementor-element elementor-element-14509d8 elementor-widget elementor-widget-text-editor\" data-id=\"14509d8\" data-element_type=\"widget\" data-e-type=\"widget\" data-widget_type=\"text-editor.default\">\n\t\t\t\t<div class=\"elementor-widget-container\">\n\t\t\t\t\t\t\t\t\t<table class=\"aligncenter\" style=\"border-collapse: collapse; width: 609.77pt;\" border=\"0\" width=\"813\" cellspacing=\"0\" cellpadding=\"0\"><tbody><tr style=\"height: 13.50pt;\"><td class=\"et2\" style=\"height: 13.50pt; width: 126.00pt;\" width=\"168\" height=\"18\">Specifikace<\/td><td class=\"et2\" style=\"width: 483.75pt;\" width=\"645\">Podrobnosti<\/td><\/tr><tr style=\"height: 27.00pt;\"><td class=\"et2\" style=\"height: 27.00pt; width: 126.00pt;\" width=\"168\" height=\"36\">Mo\u017enosti kapacity<\/td><td class=\"et2\" style=\"width: 483.75pt;\" width=\"645\">16 oz\/500 ml (6 balen\u00ed), 24 oz\/750 ml (4 balen\u00ed), 32 oz\/1000 ml (3 balen\u00ed), 48 oz\/1500 ml (2 balen\u00ed)<\/td><\/tr><tr style=\"height: 13.50pt;\"><td class=\"et2\" style=\"height: 13.50pt; width: 126.00pt;\" width=\"168\" height=\"18\">Pr\u016fm\u011br \u00fast\u00ed<\/td><td class=\"et2\" style=\"width: 483.75pt;\" width=\"645\">3,7 palce<\/td><\/tr><tr style=\"height: 13.50pt;\"><td class=\"et2\" style=\"height: 13.50pt; width: 126.00pt;\" width=\"168\" height=\"18\">Pr\u016fm\u011br t\u011bla<\/td><td class=\"et2\" style=\"width: 483.75pt;\" width=\"645\">4,3 palce, 4,5 palce<\/td><\/tr><tr style=\"height: 13.50pt;\"><td class=\"et2\" style=\"height: 13.50pt; width: 126.00pt;\" width=\"168\" height=\"18\">Mo\u017enosti v\u00fd\u0161ky<\/td><td class=\"et2\" style=\"width: 483.75pt;\" width=\"645\">3,9 palce, 4,9 palce, 5,9 palce, 7,9 palce<\/td><\/tr><tr style=\"height: 13.50pt;\"><td class=\"et2\" style=\"height: 13.50pt; width: 126.00pt;\" width=\"168\" height=\"18\">Materi\u00e1l<\/td><td class=\"et2\" style=\"width: 483.75pt;\" width=\"645\">Bezolovnat\u00e9 sklo<\/td><\/tr><\/tbody><\/table>\t\t\t\t\t\t\t\t<\/div>\n\t\t\t\t<\/div>\n\t\t\t\t\t<\/div>\n\t\t\t\t<\/div>\n\t\t<div class=\"elementor-element elementor-element-55e31eb e-flex e-con-boxed e-con e-parent\" data-id=\"55e31eb\" data-element_type=\"container\" data-e-type=\"container\" data-settings=\"{&quot;_ha_eqh_enable&quot;:false}\">\n\t\t\t\t\t<div class=\"e-con-inner\">\n\t\t\t\t<div class=\"elementor-element elementor-element-fc0900e elementor-widget elementor-widget-heading\" data-id=\"fc0900e\" data-element_type=\"widget\" data-e-type=\"widget\" data-widget_type=\"heading.default\">\n\t\t\t\t<div class=\"elementor-widget-container\">\n\t\t\t\t\t<h2 class=\"elementor-heading-title elementor-size-default\">\u00da\u010dastn\u00edci<\/h2>\t\t\t\t<\/div>\n\t\t\t\t<\/div>\n\t\t\t\t\t<\/div>\n\t\t\t\t<\/div>\n\t\t<div class=\"elementor-element elementor-element-723cd80 e-flex e-con-boxed e-con e-parent\" data-id=\"723cd80\" data-element_type=\"container\" data-e-type=\"container\" data-settings=\"{&quot;_ha_eqh_enable&quot;:false}\">\n\t\t\t\t\t<div class=\"e-con-inner\">\n\t\t<div class=\"elementor-element elementor-element-bf4cb81 e-con-full e-flex e-con e-child\" data-id=\"bf4cb81\" data-element_type=\"container\" data-e-type=\"container\" data-settings=\"{&quot;_ha_eqh_enable&quot;:false}\">\n\t\t\t\t<div class=\"elementor-element elementor-element-202a3f6 elementor-widget elementor-widget-image\" data-id=\"202a3f6\" data-element_type=\"widget\" data-e-type=\"widget\" data-widget_type=\"image.default\">\n\t\t\t\t<div class=\"elementor-widget-container\">\n\t\t\t\t\t\t\t\t\t\t\t\t\t\t\t<img decoding=\"async\" src=\"https:\/\/yebodaglass.com\/wp-content\/uploads\/elementor\/thumbs\/62-\u62f7\u8d1d-r8rxpogypls13q4cy9gzlc7dcpql77g4wxg603fw68.webp\" title=\"Sklen\u011bn\u00e9 d\u00f3zy YEBODA s v\u00ed\u010dky o objemu 17 oz, 25 oz, 34 oz a 50 oz do kuchyn\u011b a sp\u00ed\u017ee\" alt=\"Sklen\u011bn\u00e9 d\u00f3zy YEBODA s v\u00ed\u010dky o objemu 17 oz, 25 oz, 34 oz a 50 oz do kuchyn\u011b a sp\u00ed\u017ee\" loading=\"lazy\" \/>\t\t\t\t\t\t\t\t\t\t\t\t\t\t\t<\/div>\n\t\t\t\t<\/div>\n\t\t\t\t<div class=\"elementor-element elementor-element-fc1fd2d elementor-widget elementor-widget-text-editor\" data-id=\"fc1fd2d\" data-element_type=\"widget\" data-e-type=\"widget\" data-widget_type=\"text-editor.default\">\n\t\t\t\t<div class=\"elementor-widget-container\">\n\t\t\t\t\t\t\t\t\t<p>R\u016fzn\u00e9 velikosti: Sada obsahuje sklenice r\u016fzn\u00fdch velikost\u00ed, kter\u00e9 spl\u0148uj\u00ed r\u016fzn\u00e9 pot\u0159eby skladov\u00e1n\u00ed.<\/p>\t\t\t\t\t\t\t\t<\/div>\n\t\t\t\t<\/div>\n\t\t\t\t<\/div>\n\t\t<div class=\"elementor-element elementor-element-73418b7 e-con-full e-flex e-con e-child\" data-id=\"73418b7\" data-element_type=\"container\" data-e-type=\"container\" data-settings=\"{&quot;_ha_eqh_enable&quot;:false}\">\n\t\t\t\t<div class=\"elementor-element elementor-element-490e976 elementor-widget elementor-widget-image\" data-id=\"490e976\" data-element_type=\"widget\" data-e-type=\"widget\" data-widget_type=\"image.default\">\n\t\t\t\t<div class=\"elementor-widget-container\">\n\t\t\t\t\t\t\t\t\t\t\t\t\t\t\t<img decoding=\"async\" src=\"https:\/\/yebodaglass.com\/wp-content\/uploads\/elementor\/thumbs\/61-\u62f7\u8d1d-1-r8rxo42nbjmtr4ea3l3dfqfpplgkdd88p6b17hrijk.webp\" title=\"\u010ctvercov\u00e9 vzduchot\u011bsn\u00e9 skladovac\u00ed sklenice o objemu 17 oz, 25 oz, 34 oz a 50 oz\" alt=\"\u010ctvercov\u00e9 vzduchot\u011bsn\u00e9 skladovac\u00ed sklenice o objemu 17 oz, 25 oz, 34 oz a 50 oz\" loading=\"lazy\" \/>\t\t\t\t\t\t\t\t\t\t\t\t\t\t\t<\/div>\n\t\t\t\t<\/div>\n\t\t\t\t<div class=\"elementor-element elementor-element-28d6163 elementor-widget elementor-widget-text-editor\" data-id=\"28d6163\" data-element_type=\"widget\" data-e-type=\"widget\" data-widget_type=\"text-editor.default\">\n\t\t\t\t<div class=\"elementor-widget-container\">\n\t\t\t\t\t\t\t\t\t<p>Pr\u016fhledn\u00fd design: Pr\u016fhledn\u00e1 sklen\u011bn\u00e1 konstrukce usnad\u0148uje identifikaci ulo\u017een\u00fdch p\u0159edm\u011bt\u016f.<\/p>\t\t\t\t\t\t\t\t<\/div>\n\t\t\t\t<\/div>\n\t\t\t\t<\/div>\n\t\t\t\t\t<\/div>\n\t\t\t\t<\/div>\n\t\t<div class=\"elementor-element elementor-element-0289a6a e-flex e-con-boxed e-con e-parent\" data-id=\"0289a6a\" data-element_type=\"container\" data-e-type=\"container\" data-settings=\"{&quot;_ha_eqh_enable&quot;:false}\">\n\t\t\t\t\t<div class=\"e-con-inner\">\n\t\t<div class=\"elementor-element elementor-element-c96924d e-con-full e-flex e-con e-child\" data-id=\"c96924d\" data-element_type=\"container\" data-e-type=\"container\" data-settings=\"{&quot;_ha_eqh_enable&quot;:false}\">\n\t\t\t\t<div class=\"elementor-element elementor-element-21b20dd elementor-widget elementor-widget-image\" data-id=\"21b20dd\" data-element_type=\"widget\" data-e-type=\"widget\" data-widget_type=\"image.default\">\n\t\t\t\t<div class=\"elementor-widget-container\">\n\t\t\t\t\t\t\t\t\t\t\t\t\t\t\t<img decoding=\"async\" src=\"https:\/\/yebodaglass.com\/wp-content\/uploads\/elementor\/thumbs\/\u683c\u5f0f\u5de5\u53826-\u62f7\u8d1d-1-r8rxp0yzyqvv1h2hrhbbd04ui2yeuruuhp5106eqhs.webp\" title=\"Sklen\u011bn\u00e9 d\u00f3zy YEBODA s v\u00ed\u010dky o objemu 17 oz, 25 oz, 34 oz a 50 oz do kuchyn\u011b a sp\u00ed\u017ee\" alt=\"Sklen\u011bn\u00e9 d\u00f3zy YEBODA s v\u00ed\u010dky o objemu 17 oz, 25 oz, 34 oz a 50 oz do kuchyn\u011b a sp\u00ed\u017ee\" loading=\"lazy\" \/>\t\t\t\t\t\t\t\t\t\t\t\t\t\t\t<\/div>\n\t\t\t\t<\/div>\n\t\t\t\t<div class=\"elementor-element elementor-element-39f687a elementor-widget elementor-widget-text-editor\" data-id=\"39f687a\" data-element_type=\"widget\" data-e-type=\"widget\" data-widget_type=\"text-editor.default\">\n\t\t\t\t<div class=\"elementor-widget-container\">\n\t\t\t\t\t\t\t\t\t<p>Ut\u011bsn\u011bno: Kovov\u00e1 zacvak\u00e1vac\u00ed v\u00ed\u010dka zaji\u0161\u0165uj\u00ed bezpe\u010dn\u00e9 ut\u011bsn\u011bn\u00ed a udr\u017euj\u00ed obsah \u010derstv\u00fd.<\/p>\t\t\t\t\t\t\t\t<\/div>\n\t\t\t\t<\/div>\n\t\t\t\t<\/div>\n\t\t<div class=\"elementor-element elementor-element-476570b e-con-full e-flex e-con e-child\" data-id=\"476570b\" data-element_type=\"container\" data-e-type=\"container\" data-settings=\"{&quot;_ha_eqh_enable&quot;:false}\">\n\t\t\t\t<div class=\"elementor-element elementor-element-c3dbdb7 elementor-widget elementor-widget-image\" data-id=\"c3dbdb7\" data-element_type=\"widget\" data-e-type=\"widget\" data-widget_type=\"image.default\">\n\t\t\t\t<div class=\"elementor-widget-container\">\n\t\t\t\t\t\t\t\t\t\t\t\t\t\t\t<img decoding=\"async\" src=\"https:\/\/yebodaglass.com\/wp-content\/uploads\/elementor\/thumbs\/4-\u62f7\u8d1d-1-r8rxq79qiahrjxd1whliz7gl8f5xh5irnihvlmo0ps.webp\" title=\"Sklen\u011bn\u00e9 d\u00f3zy YEBODA s v\u00ed\u010dky o objemu 17 oz, 25 oz, 34 oz a 50 oz do kuchyn\u011b a sp\u00ed\u017ee\" alt=\"Sklen\u011bn\u00e9 d\u00f3zy YEBODA s v\u00ed\u010dky o objemu 17 oz, 25 oz, 34 oz a 50 oz do kuchyn\u011b a sp\u00ed\u017ee\" loading=\"lazy\" \/>\t\t\t\t\t\t\t\t\t\t\t\t\t\t\t<\/div>\n\t\t\t\t<\/div>\n\t\t\t\t<div class=\"elementor-element elementor-element-61991dc elementor-widget elementor-widget-text-editor\" data-id=\"61991dc\" data-element_type=\"widget\" data-e-type=\"widget\" data-widget_type=\"text-editor.default\">\n\t\t\t\t<div class=\"elementor-widget-container\">\n\t\t\t\t\t\t\t\t\t<p>Pohodln\u00e9 otev\u00edr\u00e1n\u00ed a zav\u00edr\u00e1n\u00ed: \u010cty\u0159i jednoduch\u00e9 kroky (odemknout p\u0159ezku \u2013 zvednout v\u00edko \u2013 vyjmout p\u0159edm\u011bty \u2013 zakr\u00fdt a zamknout), snadn\u00e9 a pohodln\u00e9 pro ka\u017edodenn\u00ed pou\u017eit\u00ed.<\/p>\t\t\t\t\t\t\t\t<\/div>\n\t\t\t\t<\/div>\n\t\t\t\t<\/div>\n\t\t\t\t\t<\/div>\n\t\t\t\t<\/div>\n\t\t<div class=\"elementor-element elementor-element-88b472e e-con-full e-flex e-con e-parent\" data-id=\"88b472e\" data-element_type=\"container\" data-e-type=\"container\" data-settings=\"{&quot;_ha_eqh_enable&quot;:false}\">\n\t\t\t\t<div class=\"elementor-element elementor-element-3582c55 elementor-widget elementor-widget-text-editor\" data-id=\"3582c55\" data-element_type=\"widget\" data-e-type=\"widget\" data-widget_type=\"text-editor.default\">\n\t\t\t\t<div class=\"elementor-widget-container\">\n\t\t\t\t\t\t\t\t\t<p>\u00a0 \u00a0 \u00a0 \u00a0 \u00a0 \u00a0 \u00a0 \u00a0 \u00a0 \u00a0 \u00a0 \u00a0 <img fetchpriority=\"high\" decoding=\"async\" class=\"alignnone wp-image-16229\" src=\"https:\/\/yebodaglass.com\/wp-content\/uploads\/2025\/07\/d1ad5ea8ed4fd82e283a3a35878dd5c.png\" alt=\"\" width=\"240\" height=\"240\" srcset=\"https:\/\/yebodaglass.com\/wp-content\/uploads\/2025\/07\/d1ad5ea8ed4fd82e283a3a35878dd5c.png 220w, https:\/\/yebodaglass.com\/wp-content\/uploads\/2025\/07\/d1ad5ea8ed4fd82e283a3a35878dd5c-100x100.png 100w, https:\/\/yebodaglass.com\/wp-content\/uploads\/2025\/07\/d1ad5ea8ed4fd82e283a3a35878dd5c-150x150.png 150w, https:\/\/yebodaglass.com\/wp-content\/uploads\/2025\/07\/d1ad5ea8ed4fd82e283a3a35878dd5c-12x12.png 12w\" sizes=\"(max-width: 240px) 100vw, 240px\" \/>\u00a0 \u00a0 \u00a0 \u00a0 \u00a0<img decoding=\"async\" class=\"alignnone wp-image-16228\" src=\"https:\/\/yebodaglass.com\/wp-content\/uploads\/2025\/07\/4679f61166f64c6045dbc74c130db9a.png\" alt=\"\" width=\"240\" height=\"240\" srcset=\"https:\/\/yebodaglass.com\/wp-content\/uploads\/2025\/07\/4679f61166f64c6045dbc74c130db9a.png 220w, https:\/\/yebodaglass.com\/wp-content\/uploads\/2025\/07\/4679f61166f64c6045dbc74c130db9a-100x100.png 100w, https:\/\/yebodaglass.com\/wp-content\/uploads\/2025\/07\/4679f61166f64c6045dbc74c130db9a-150x150.png 150w, https:\/\/yebodaglass.com\/wp-content\/uploads\/2025\/07\/4679f61166f64c6045dbc74c130db9a-12x12.png 12w\" sizes=\"(max-width: 240px) 100vw, 240px\" \/>\u00a0 \u00a0 \u00a0 \u00a0 \u00a0 <img decoding=\"async\" class=\"alignnone wp-image-16230\" src=\"https:\/\/yebodaglass.com\/wp-content\/uploads\/2025\/07\/e59283ab6cb2ed3c93ba4f8a33db2ff.png\" alt=\"\" width=\"240\" height=\"240\" srcset=\"https:\/\/yebodaglass.com\/wp-content\/uploads\/2025\/07\/e59283ab6cb2ed3c93ba4f8a33db2ff.png 220w, https:\/\/yebodaglass.com\/wp-content\/uploads\/2025\/07\/e59283ab6cb2ed3c93ba4f8a33db2ff-100x100.png 100w, https:\/\/yebodaglass.com\/wp-content\/uploads\/2025\/07\/e59283ab6cb2ed3c93ba4f8a33db2ff-150x150.png 150w, https:\/\/yebodaglass.com\/wp-content\/uploads\/2025\/07\/e59283ab6cb2ed3c93ba4f8a33db2ff-12x12.png 12w\" sizes=\"(max-width: 240px) 100vw, 240px\" \/>\u00a0 \u00a0 \u00a0 <img loading=\"lazy\" decoding=\"async\" class=\"alignnone wp-image-16227\" src=\"https:\/\/yebodaglass.com\/wp-content\/uploads\/2025\/07\/8b499cc8b9c63806f1b8b3d5aa03275.png\" alt=\"\" width=\"240\" height=\"240\" srcset=\"https:\/\/yebodaglass.com\/wp-content\/uploads\/2025\/07\/8b499cc8b9c63806f1b8b3d5aa03275.png 220w, https:\/\/yebodaglass.com\/wp-content\/uploads\/2025\/07\/8b499cc8b9c63806f1b8b3d5aa03275-100x100.png 100w, https:\/\/yebodaglass.com\/wp-content\/uploads\/2025\/07\/8b499cc8b9c63806f1b8b3d5aa03275-150x150.png 150w, https:\/\/yebodaglass.com\/wp-content\/uploads\/2025\/07\/8b499cc8b9c63806f1b8b3d5aa03275-12x12.png 12w\" sizes=\"(max-width: 240px) 100vw, 240px\" \/><\/p>\t\t\t\t\t\t\t\t<\/div>\n\t\t\t\t<\/div>\n\t\t\t\t<\/div>\n\t\t<div class=\"elementor-element elementor-element-792eb8c e-flex e-con-boxed e-con e-parent\" data-id=\"792eb8c\" data-element_type=\"container\" data-e-type=\"container\" data-settings=\"{&quot;_ha_eqh_enable&quot;:false}\">\n\t\t\t\t\t<div class=\"e-con-inner\">\n\t\t\t\t<div class=\"elementor-element elementor-element-ceb50a8 elementor-widget elementor-widget-image\" data-id=\"ceb50a8\" data-element_type=\"widget\" data-e-type=\"widget\" data-widget_type=\"image.default\">\n\t\t\t\t<div class=\"elementor-widget-container\">\n\t\t\t\t\t\t\t\t\t\t\t\t\t\t\t<img decoding=\"async\" src=\"https:\/\/yebodaglass.com\/wp-content\/uploads\/elementor\/thumbs\/51-\u62f7\u8d1d-1-r8rxufjl9ga7sr7v7bf37519gube44ba8g6jcge8ps.webp\" title=\"Vzduchot\u011bsn\u00e9 skladovac\u00ed sklenice o objemu 17 oz, 25 oz, 34 oz a 50 oz\" alt=\"Vzduchot\u011bsn\u00e9 skladovac\u00ed sklenice o objemu 17 oz, 25 oz, 34 oz a 50 oz\" loading=\"lazy\" \/>\t\t\t\t\t\t\t\t\t\t\t\t\t\t\t<\/div>\n\t\t\t\t<\/div>\n\t\t\t\t<div class=\"elementor-element elementor-element-b2907c6 elementor-widget elementor-widget-text-editor\" data-id=\"b2907c6\" data-element_type=\"widget\" data-e-type=\"widget\" data-widget_type=\"text-editor.default\">\n\t\t\t\t<div class=\"elementor-widget-container\">\n\t\t\t\t\t\t\t\t\t<h2>Osobn\u00ed pou\u017eit\u00ed:<\/h2><p>Tyto sklen\u011bn\u00e9 d\u00f3zy s vzduchot\u011bsn\u00fdmi v\u00edky jsou ide\u00e1ln\u00ed pro skladov\u00e1n\u00ed such\u00fdch surovin, obilovin, mouky, k\u00e1vov\u00fdch zrn, \u010daje, t\u011bstovin nebo dom\u00e1c\u00edho pe\u010diva. Vzduchot\u011bsn\u00fd design \u00fa\u010dinn\u011b zabra\u0148uje vlhkosti a hmyzu a zaji\u0161\u0165uje tak prodlou\u017eenou \u010derstvost. Jednotn\u00fd design zaji\u0161\u0165uje organizovan\u00e9 skladov\u00e1n\u00ed a snadn\u00fd p\u0159ehled ve sp\u00ed\u017ei a lednici.<\/p><h2>Komer\u010dn\u00ed vyu\u017eit\u00ed:<\/h2><p>Profesion\u00e1ln\u00ed komer\u010dn\u00ed skladovac\u00ed a v\u00fdkonn\u00e9 \u0159e\u0161en\u00ed! Tyto vzduchot\u011bsn\u00e9 sklenice jsou ide\u00e1ln\u00ed pro kav\u00e1rny, restaurace, pek\u00e1rny, obchody s potravinami, cukr\u00e1rny a dal\u0161\u00ed. Jsou ide\u00e1ln\u00ed pro skladov\u00e1n\u00ed, zpracov\u00e1n\u00ed a prodej r\u016fzn\u00fdch potravin\u00e1\u0159sk\u00fdch v\u00fdrobk\u016f. Jejich hygienick\u00fd, odoln\u00fd a estetick\u00fd design zvy\u0161uje profesionalitu va\u0161\u00ed zna\u010dky a optimalizuje efektivitu kuchyn\u011b. Lze je prod\u00e1vat p\u0159\u00edmo v maloobchodn\u00edm balen\u00ed a lze je upravit \u0161t\u00edtky nebo logem, co\u017e z nich \u010din\u00ed siln\u00fd n\u00e1stroj pro budov\u00e1n\u00ed zna\u010dky a marketing.<\/p>\t\t\t\t\t\t\t\t<\/div>\n\t\t\t\t<\/div>\n\t\t\t\t\t<\/div>\n\t\t\t\t<\/div>\n\t\t\t\t<\/div>","protected":false},"excerpt":{"rendered":"<p>V\u00edtejte u kulat\u00e9 sklen\u011bn\u00e9 vzduchot\u011bsn\u00e9 n\u00e1doby, na\u0161\u00ed chytr\u00e9 a komplexn\u00ed velkoobchodn\u00ed volby. Nab\u00edz\u00edme \u010dty\u0159i klasick\u00e9 tvary: 17oz, 25oz, 34oz a 50oz, p\u0159i\u010dem\u017e v\u0161echny vysoce demonstrovan\u00e9 tvary jsou vybaveny vzduchot\u011bsn\u00fdmi v\u00ed\u010dky. Na\u0161\u00edm c\u00edlem je poskytovat v\u00e1m bezpe\u010dn\u00e1, vlhkuvzdorn\u00e1 a dlouhotrvaj\u00edc\u00ed \u0159e\u0161en\u00ed pro skladov\u00e1n\u00ed potravin. A\u0165 u\u017e se sna\u017e\u00edte o \u010distou a organizovanou dom\u00e1cnost, nebo chcete [...]<\/p>","protected":false},"featured_media":17111,"template":"","meta":[],"product_brand":[],"product_cat":[83,87,20],"product_tag":[],"class_list":{"0":"post-17070","1":"product","2":"type-product","3":"status-publish","4":"has-post-thumbnail","6":"product_cat-glass-jars","7":"product_cat-food-storage-jars","8":"product_cat-glass-containers","10":"first","11":"instock","12":"shipping-taxable","13":"product-type-grouped"},"jetpack_sharing_enabled":true,"_links":{"self":[{"href":"https:\/\/yebodaglass.com\/cs\/wp-json\/wp\/v2\/product\/17070","targetHints":{"allow":["GET"]}}],"collection":[{"href":"https:\/\/yebodaglass.com\/cs\/wp-json\/wp\/v2\/product"}],"about":[{"href":"https:\/\/yebodaglass.com\/cs\/wp-json\/wp\/v2\/types\/product"}],"version-history":[{"count":5,"href":"https:\/\/yebodaglass.com\/cs\/wp-json\/wp\/v2\/product\/17070\/revisions"}],"predecessor-version":[{"id":21024,"href":"https:\/\/yebodaglass.com\/cs\/wp-json\/wp\/v2\/product\/17070\/revisions\/21024"}],"wp:featuredmedia":[{"embeddable":true,"href":"https:\/\/yebodaglass.com\/cs\/wp-json\/wp\/v2\/media\/17111"}],"wp:attachment":[{"href":"https:\/\/yebodaglass.com\/cs\/wp-json\/wp\/v2\/media?parent=17070"}],"wp:term":[{"taxonomy":"product_brand","embeddable":true,"href":"https:\/\/yebodaglass.com\/cs\/wp-json\/wp\/v2\/product_brand?post=17070"},{"taxonomy":"product_cat","embeddable":true,"href":"https:\/\/yebodaglass.com\/cs\/wp-json\/wp\/v2\/product_cat?post=17070"},{"taxonomy":"product_tag","embeddable":true,"href":"https:\/\/yebodaglass.com\/cs\/wp-json\/wp\/v2\/product_tag?post=17070"}],"curies":[{"name":"wp","href":"https:\/\/api.w.org\/{rel}","templated":true}]}}