{"id":16945,"date":"2025-07-14T16:03:51","date_gmt":"2025-07-14T08:03:51","guid":{"rendered":"https:\/\/yebodaglass.com\/?post_type=product&#038;p=16945"},"modified":"2026-04-10T14:03:54","modified_gmt":"2026-04-10T06:03:54","slug":"wholesale-8-oz-wide-mouth-mason-jar-with-diamond-pattern","status":"publish","type":"product","link":"https:\/\/yebodaglass.com\/cs\/wholesale-8-oz-wide-mouth-mason-jar-with-diamond-pattern\/","title":{"rendered":"Velkoobchodn\u00ed 8 oz Wide Mouth Mason Jar s Diamond Vzor"},"content":{"rendered":"<p>Zava\u0159ovac\u00ed sklenice o objemu 225 g m\u00e1 tradi\u010dn\u00ed v\u00e1lcovit\u00fd design s diamantov\u00fdmi vzory. Je vyrobena z ultra \u010dir\u00e9ho skla vhodn\u00e9ho pro potraviny a m\u00e1 st\u0159\u00edbrn\u00fd kovov\u00fd \u0161roubovac\u00ed uz\u00e1v\u011br, kter\u00fd vytv\u00e1\u0159\u00ed vzduchot\u011bsn\u00e9 uzav\u0159en\u00ed.<\/p>\n<h2>Features<\/h2>\n<ul>\n<li><strong>Klasick\u00fd tvar zava\u0159ovac\u00ed sklenice se \u0161irok\u00fdm hrdlem:<\/strong> Sklen\u011bn\u00fd v\u00e1lec s rovn\u00fdmi st\u011bnami a standardn\u00edm \u0161irok\u00fdm z\u00e1vitem zaji\u0161\u0165uje kompatibilitu s univerz\u00e1ln\u00edmi v\u00ed\u010dky pro snadn\u00e9 pln\u011bn\u00ed.<\/li>\n<li><strong>Pro\u0161\u00edvan\u00fd diamantov\u00fd vzor:<\/strong> Sklo se vyzna\u010duje hlubok\u00fdmi diamantov\u00fdmi vzory, kter\u00e9 vytv\u00e1\u0159ej\u00ed atraktivn\u00ed design, jen\u017e u\u017eivatel\u016fm poskytuje lep\u0161\u00ed kontrolu p\u0159i manipulaci.<\/li>\n<li><strong>Zes\u00edlen\u00fd a robustn\u00ed design lahve:<\/strong> Siln\u00e9 st\u011bny lahve vytv\u00e1\u0159ej\u00ed pevnou strukturu, zat\u00edmco reli\u00e9fn\u00ed textura umo\u017e\u0148uje u\u017eivatel\u016fm lep\u0161\u00ed kontrolu.<\/li>\n<\/ul>\n<h2>Kl\u00ed\u010dov\u00e9 specifikace<\/h2>\n<table style=\"border-collapse: collapse; width: 80%; margin-left: auto; margin-right: auto;\" border=\"0\" width=\"615\" cellspacing=\"0\" cellpadding=\"0\">\n<tbody>\n<tr style=\"height: 13.50pt;\">\n<td style=\"height: 13.5pt; width: 162.75pt; text-align: center;\" width=\"217\" height=\"18\">Specifikace<\/td>\n<td style=\"width: 298.5pt; text-align: center;\" width=\"398\">Detail<\/td>\n<\/tr>\n<tr style=\"height: 13.50pt;\">\n<td style=\"height: 13.5pt; text-align: center;\" height=\"18\">Kapacita<\/td>\n<td style=\"text-align: center;\">250 ml<\/td>\n<\/tr>\n<tr style=\"height: 13.50pt;\">\n<td style=\"height: 13.5pt; text-align: center;\" height=\"18\">Rozm\u011bry balen\u00ed<\/td>\n<td style=\"text-align: center;\">30,4 * 23,4 * 11,7 cm<\/td>\n<\/tr>\n<tr style=\"height: 13.50pt;\">\n<td style=\"height: 13.5pt; text-align: center;\" height=\"18\">Materi\u00e1l<\/td>\n<td style=\"text-align: center;\">Bezolovnat\u00e9 sklo<\/td>\n<\/tr>\n<tr style=\"height: 13.50pt;\">\n<td style=\"height: 13.5pt; text-align: center;\" height=\"18\">Typ v\u00edka<\/td>\n<td style=\"text-align: center;\">\u0160roubovac\u00ed kovov\u00e9 v\u00edko<\/td>\n<\/tr>\n<tr style=\"height: 13.50pt;\">\n<td style=\"height: 13.5pt; text-align: center;\" height=\"18\">Specifikace balen\u00ed<\/td>\n<td style=\"text-align: center;\">12 sklenic v kartonu<\/td>\n<\/tr>\n<tr style=\"height: 13.50pt;\">\n<td style=\"height: 13.5pt; text-align: center;\" height=\"18\">Tvar<\/td>\n<td style=\"text-align: center;\">V\u00e1lcov\u00fd<\/td>\n<\/tr>\n<tr style=\"height: 13.50pt;\">\n<td style=\"height: 13.5pt; text-align: center;\" height=\"18\">Design exteri\u00e9ru<\/td>\n<td style=\"text-align: center;\">Pro\u0161\u00edvan\u00fd diamantov\u00fd vzor vyryt\u00fd na povrchu<\/td>\n<\/tr>\n<tr style=\"height: 13.50pt;\">\n<td style=\"height: 13.5pt; text-align: center;\" height=\"18\">Pr\u016fhlednost<\/td>\n<td style=\"text-align: center;\">Pr\u016fhledn\u00e9 sklo, kter\u00e9 umo\u017e\u0148uje v\u00fdhled do interi\u00e9ru<\/td>\n<\/tr>\n<\/tbody>\n<\/table>\n<h2>P\u0159\u00edb\u011bh \u00fasp\u011bchu: Zak\u00e1zkov\u00e1 objedn\u00e1vka od pr\u00e9miov\u00e9 zna\u010dky d\u017eem\u016f<\/h2>\n<p>Spole\u010dnost vyr\u00e1b\u011bj\u00edc\u00ed d\u017eem v Georgii si vybrala na\u0161e 225ml zava\u0159ovac\u00ed sklenice, kter\u00e9 upravila zlat\u00fdmi kovov\u00fdmi v\u00ed\u010dky a matnou povrchovou \u00fapravou. Zava\u0159ovac\u00ed sklenice p\u0159inesly v\u00fdjime\u010dn\u00e9 v\u00fdsledky, proto\u017ee diamantov\u00fd vzor a matn\u00e1 povrchov\u00e1 \u00faprava vedly k 30% n\u00e1r\u016fstu viditelnosti v reg\u00e1lech a 65% n\u00e1r\u016fstu opakovan\u00fdch n\u00e1kup\u016f z\u00e1kazn\u00edk\u016f. N\u00e1sledn\u011b si pro svou novou produktovou \u0159adu objednala p\u0159es 450 000 zava\u0159ovac\u00edch sklenic.<\/p>\n<h2>N\u00e1vrhy na \u00fapravu zava\u0159ovac\u00edch sklenic s \u0161irok\u00fdm hrdlem<\/h2>\n<ul>\n<li>Varianty vzor\u016f: Vytvo\u0159te r\u016fzn\u00e9 reli\u00e9fn\u00ed vzory, kter\u00e9 zahrnuj\u00ed vo\u0161tinov\u00fd, kv\u011btinov\u00fd, geometrick\u00fd a vlastn\u00ed textury.<\/li>\n<li>Barevn\u00e9 krou\u017eky na v\u00ed\u010dka v souladu s barvou: Produkt nab\u00edz\u00ed n\u011bkolik mo\u017enost\u00ed pota\u017een\u00fdch kovov\u00fdch krou\u017ek\u016f, v\u010detn\u011b m\u011bd\u011bn\u00fdch, r\u016f\u017eovo-zlat\u00fdch a \u010dern\u00fdch, kter\u00e9 lad\u00ed se sklen\u011bn\u00fdmi n\u00e1dobami i etiketami.<\/li>\n<li>Integrovan\u00e1 stupnice: Sklen\u011bn\u00e1 n\u00e1doba m\u00e1 reli\u00e9fn\u00ed stupnice, kter\u00e9 zobrazuj\u00ed unce a mililitry pro u\u017eivatele, kte\u0159\u00ed pot\u0159ebuj\u00ed m\u011b\u0159en\u00ed p\u0159i va\u0159en\u00ed, pe\u010den\u00ed a tvo\u0159en\u00ed.<\/li>\n<\/ul>","protected":false},"excerpt":{"rendered":"<p>D\u00f3ze Mason s \u0161irok\u00fdm hrdlem, reli\u00e9fn\u00ed diamantovou texturou a kovov\u00fdm v\u00edkem. D\u00f3ze Mason o objemu 227 g s \u0161irok\u00fdm hrdlem na d\u00e1rky, \u00falo\u017en\u00e9 prostory a dekorace. Mo\u017enost vlastn\u00edho brandingu.<\/p>","protected":false},"featured_media":16959,"template":"","meta":[],"product_brand":[],"product_cat":[84,83,20],"product_tag":[],"class_list":{"0":"post-16945","1":"product","2":"type-product","3":"status-publish","4":"has-post-thumbnail","6":"product_cat-mason-jars","7":"product_cat-glass-jars","8":"product_cat-glass-containers","10":"first","11":"instock","12":"shipping-taxable","13":"product-type-grouped"},"jetpack_sharing_enabled":true,"_links":{"self":[{"href":"https:\/\/yebodaglass.com\/cs\/wp-json\/wp\/v2\/product\/16945","targetHints":{"allow":["GET"]}}],"collection":[{"href":"https:\/\/yebodaglass.com\/cs\/wp-json\/wp\/v2\/product"}],"about":[{"href":"https:\/\/yebodaglass.com\/cs\/wp-json\/wp\/v2\/types\/product"}],"version-history":[{"count":5,"href":"https:\/\/yebodaglass.com\/cs\/wp-json\/wp\/v2\/product\/16945\/revisions"}],"predecessor-version":[{"id":25736,"href":"https:\/\/yebodaglass.com\/cs\/wp-json\/wp\/v2\/product\/16945\/revisions\/25736"}],"wp:featuredmedia":[{"embeddable":true,"href":"https:\/\/yebodaglass.com\/cs\/wp-json\/wp\/v2\/media\/16959"}],"wp:attachment":[{"href":"https:\/\/yebodaglass.com\/cs\/wp-json\/wp\/v2\/media?parent=16945"}],"wp:term":[{"taxonomy":"product_brand","embeddable":true,"href":"https:\/\/yebodaglass.com\/cs\/wp-json\/wp\/v2\/product_brand?post=16945"},{"taxonomy":"product_cat","embeddable":true,"href":"https:\/\/yebodaglass.com\/cs\/wp-json\/wp\/v2\/product_cat?post=16945"},{"taxonomy":"product_tag","embeddable":true,"href":"https:\/\/yebodaglass.com\/cs\/wp-json\/wp\/v2\/product_tag?post=16945"}],"curies":[{"name":"wp","href":"https:\/\/api.w.org\/{rel}","templated":true}]}}