{"id":16923,"date":"2025-07-14T15:27:16","date_gmt":"2025-07-14T07:27:16","guid":{"rendered":"https:\/\/yebodaglass.com\/?post_type=product&#038;p=16923"},"modified":"2026-03-11T14:34:14","modified_gmt":"2026-03-11T06:34:14","slug":"wide-mouth-mason-jars-with-diamond-pattern-glass","status":"publish","type":"product","link":"https:\/\/yebodaglass.com\/cs\/produkt\/wide-mouth-mason-jars-with-diamond-pattern-glass\/","title":{"rendered":"Zava\u0159ovac\u00ed sklenice Mason s diamantov\u00fdm vzorem, \u0161irok\u00fd hrdlo, 120-620 ml"},"content":{"rendered":"<h2>Zava\u0159ovac\u00ed sklenice s diamantov\u00fdm vzorem a \u0161irok\u00fdm hrdlem<\/h2>\n<p>Tyto zava\u0159ovac\u00ed sklenice s \u0161irok\u00fdm hrdlem se vyzna\u010duj\u00ed elegantn\u00ed diamantovou texturou, kter\u00e1 na sv\u00e9m povrchu vrh\u00e1 dekorativn\u00ed sv\u011bteln\u00e9 odlesky, a maj\u00ed tradi\u010dn\u00ed kulat\u00fd tvar sklen\u011bn\u00e9 n\u00e1doby. Ka\u017ed\u00e1 sklenice je vyrobena nejen ze skla bez BPA, sodn\u00e9 soli a v\u00e1pna, ale je tak\u00e9 dopln\u011bna z\u00e1vitov\u00fdm hlin\u00edkov\u00fdm v\u00ed\u010dkem, kter\u00e9 zaru\u010duje spolehliv\u00e9 ut\u011bsn\u011bn\u00ed p\u0159i skladov\u00e1n\u00ed a balen\u00ed potravin.<\/p>\n<p>Konstrukce zava\u0159ovac\u00ed sklenice s \u0161irok\u00fdm hrdlem umo\u017e\u0148uje snadn\u011bj\u0161\u00ed pln\u011bn\u00ed, nal\u00e9v\u00e1n\u00ed a \u010di\u0161t\u011bn\u00ed ve srovn\u00e1n\u00ed s b\u011b\u017enou zava\u0159ovac\u00ed sklenic\u00ed. Tato vlastnost je ide\u00e1ln\u00ed pro \u0161irokou \u0161k\u00e1lu produkt\u016f, jako jsou n\u00e1poje, ovoce, d\u017eemy, nakl\u00e1dan\u00e1 zelenina, om\u00e1\u010dky, sirupy, dezerty, obiloviny a ko\u0159en\u00ed. Krom\u011b toho jsou tyto sklenice skv\u011bl\u00fdm n\u00e1padem na sv\u00edcny nebo balen\u00ed pro kutilsk\u00e9 projekty. Jako v\u00fdrobce a dodavatel z tov\u00e1rny nab\u00edz\u00edme velkoobchodn\u00ed, velkoobchodn\u00ed a zak\u00e1zkov\u00e1 \u0159e\u0161en\u00ed pro zna\u010dky a distributory, kte\u0159\u00ed zaji\u0161\u0165uj\u00ed klasick\u00e9 obaly na zava\u0159ovac\u00ed sklenice.<\/p>\n<h2>Kl\u00ed\u010dov\u00e9 specifikace<\/h2>\n<table style=\"border-collapse: collapse; width: 80%; margin-left: auto; margin-right: auto;\" border=\"0\" width=\"80%\" cellspacing=\"0\" cellpadding=\"0\">\n<tbody>\n<tr style=\"height: 13.50pt;\">\n<td style=\"height: 13.50pt; width: 113.25pt;\" width=\"151\" height=\"18\"><strong>Kategorie produktu<\/strong><\/td>\n<td style=\"width: 431.25pt;\" width=\"575\"><strong>Zava\u0159ovac\u00ed sklenice se \u0161irok\u00fdm hrdlem<\/strong><\/td>\n<\/tr>\n<tr style=\"height: 27.00pt;\">\n<td style=\"height: 27.00pt;\" height=\"36\">Mo\u017enosti kapacity<\/td>\n<td class=\"et2\" style=\"width: 431.25pt;\" width=\"575\">120 ml, 200 ml, 250 ml, 350 ml (\u00fast\u00ed 59 mm \/ 69 mm)<br \/>\n270 ml, 430 ml, 620 ml (\u00fast\u00ed 74 mm \/ 85 mm)<\/td>\n<\/tr>\n<tr style=\"height: 13.50pt;\">\n<td style=\"height: 13.50pt;\" height=\"18\">Materi\u00e1l<\/td>\n<td>Sodnov\u00e1penat\u00e9 sklo bez BPA<\/td>\n<\/tr>\n<tr style=\"height: 13.50pt;\">\n<td style=\"height: 13.50pt;\" height=\"18\">Tvar<\/td>\n<td>Kulat\u00e1 klasick\u00e1 zava\u0159ovac\u00ed sklenice<\/td>\n<\/tr>\n<tr style=\"height: 13.50pt;\">\n<td style=\"height: 13.50pt;\" height=\"18\">Povrchov\u00e1 \u00faprava<\/td>\n<td>Koso\u010dtvercov\u00fd texturovan\u00fd vzor, \u200b\u200bvhodn\u00fd pro etiketov\u00e1n\u00ed<\/td>\n<\/tr>\n<tr style=\"height: 13.50pt;\">\n<td style=\"height: 13.50pt;\" height=\"18\">Typ v\u00edka<\/td>\n<td>Hlin\u00edkov\u00e9 \u0161roubovac\u00ed v\u00ed\u010dka na sklenice<\/td>\n<\/tr>\n<tr style=\"height: 13.50pt;\">\n<td style=\"height: 13.50pt;\" height=\"18\">3 mo\u017enosti v\u00edka<\/td>\n<td>Standardn\u00ed hlin\u00edkov\u00e9 v\u00edko s t\u011bsnic\u00ed vrstvou \/ d\u011blen\u00e9 hlin\u00edkov\u00e9 v\u00edko se silikonov\u00fdm krou\u017ekem \/ hlin\u00edkov\u00e9 v\u00edko s otvorem pro br\u010dko<\/td>\n<\/tr>\n<tr style=\"height: 13.50pt;\">\n<td style=\"height: 13.50pt;\" height=\"18\">Barvy v\u00ed\u010dek<\/td>\n<td>Zlat\u00e1, st\u0159\u00edbrn\u00e1, \u010dern\u00e1<\/td>\n<\/tr>\n<tr style=\"height: 13.50pt;\">\n<td style=\"height: 13.50pt;\" height=\"18\">Barva skla<\/td>\n<td>\u010cir\u00e9 sklo nebo barvy na zak\u00e1zku<\/td>\n<\/tr>\n<tr style=\"height: 13.50pt;\">\n<td style=\"height: 13.50pt;\" height=\"18\">Balen\u00ed<\/td>\n<td>12 ks v kartonu<\/td>\n<\/tr>\n<tr style=\"height: 13.50pt;\">\n<td style=\"height: 13.50pt;\" height=\"18\">Aplikace<\/td>\n<td>N\u00e1poj, ovoce, d\u017eem, okurka, om\u00e1\u010dka, sirup, dezert, obiloviny, ko\u0159en\u00ed<\/td>\n<\/tr>\n<tr style=\"height: 13.50pt;\">\n<td style=\"height: 13.50pt;\" height=\"18\">Z\u00e1sobov\u00e1n\u00ed<\/td>\n<td>Hromadn\u00e9, velkoobchodn\u00ed, OEM\/ODM zak\u00e1zkov\u00e9<\/td>\n<\/tr>\n<tr style=\"height: 13.50pt;\">\n<td style=\"height: 13.50pt;\" height=\"18\">Dod\u00e1n\u00ed<\/td>\n<td>Stabiln\u00ed skladov\u00e9 z\u00e1soby a glob\u00e1ln\u00ed dod\u00e1vky z tov\u00e1rny<\/td>\n<\/tr>\n<\/tbody>\n<\/table>\n<h2>Kl\u00ed\u010dov\u00e9 vlastnosti<\/h2>\n<h3>\u0160irok\u00e1 \u00fasta pro snadn\u00e9 pln\u011bn\u00ed<\/h3>\n<p>\u0160irok\u00fd otvor zava\u0159ovac\u00ed sklenice umo\u017e\u0148uje snadn\u00e9 pln\u011bn\u00ed ovocem, dezertn\u00edmi vrstvami a obilovinami a ve srovn\u00e1n\u00ed s b\u011b\u017en\u00fdmi zava\u0159ovac\u00edmi sklenicemi zjednodu\u0161uje \u010di\u0161t\u011bn\u00ed.<\/p>\n<h3>Diamantov\u00e1 dekorativn\u00ed textura<\/h3>\n<p>Geometrick\u00fd vzor zlep\u0161uje p\u0159ilnavost a z\u00e1rove\u0148 prom\u011b\u0148uje sklen\u011bnou n\u00e1dobu v dekorativn\u00ed obal vhodn\u00fd pro pr\u00e9miov\u00e9 zna\u010dky n\u00e1poj\u016f nebo dezert\u016f.<\/p>\n<h3>Spolehliv\u00e9 t\u011bsn\u00edc\u00ed v\u00edko<\/h3>\n<p>Hlin\u00edkov\u00e9 v\u00edko s t\u011bsnic\u00ed vrstvou poskytuje spolehliv\u00e9 uzav\u0159en\u00ed pro zava\u0159ov\u00e1n\u00ed a komer\u010dn\u00ed skladov\u00e1n\u00ed potravin.<\/p>\n<h2>\u00dasp\u011b\u0161n\u00fd p\u0159\u00edpad z\u00e1kazn\u00edka<\/h2>\n<p>Majitel zna\u010dky n\u00e1poj\u016f z Kanady po\u0159\u00eddil tyto zava\u0159ovac\u00ed sklenice s \u0161irok\u00fdm hrdlem pro svou produktovou \u0159adu ovocn\u00fdch dezert\u016f p\u0159ipraven\u00fdch k pit\u00ed. Klient si v r\u00e1mci prvn\u00ed objedn\u00e1vky z na\u0161\u00ed tov\u00e1rny zakoupil 30 000 sklenic ve velk\u00e9m.<\/p>\n<p>Po\u017e\u00e1dali o zak\u00e1zkov\u00e1 zlat\u00e1 v\u00ed\u010dka na sklenice, zna\u010dkov\u00e9 etikety a zak\u00e1zkov\u00e9 barevn\u00e9 odst\u00edny skla, aby odli\u0161ili sv\u00e9 obaly v maloobchodn\u00edch prodejn\u00e1ch. Sklenice byly pou\u017e\u00edv\u00e1ny na vrstven\u00e9 jogurtov\u00e9 ovocn\u00e9 dezerty a sez\u00f3nn\u00ed sirupov\u00e9 n\u00e1poje.<\/p>\n<p>Po uveden\u00ed produktu na trh se obal rychle stal jedn\u00edm z bestseller\u016f d\u00edky dekorativn\u00edmu vzhledu zava\u0159ovac\u00ed sklenice a praktick\u00e9mu designu se \u0161irok\u00fdm hrdlem. B\u011bhem \u0161esti m\u011bs\u00edc\u016f z\u00e1kazn\u00edk zadal dv\u011b opakovan\u00e9 velkoobchodn\u00ed objedn\u00e1vky, \u010d\u00edm\u017e dos\u00e1hl celkov\u00e9ho po\u010dtu p\u0159es 90 000 kus\u016f.<\/p>\n<h2>N\u00e1vrhy na p\u0159izp\u016fsoben\u00ed pro B2B kupuj\u00edc\u00ed<\/h2>\n<ol>\n<li><strong>\u0158e\u0161en\u00ed v\u00ed\u010dek na m\u00edru<\/strong>Zna\u010dky mohou vyv\u00edjet v\u00ed\u010dka na sklenice na m\u00edru, jako jsou v\u00ed\u010dka s otvorem pro br\u010dko na n\u00e1poje, v\u00ed\u010dka se silikonov\u00fdm t\u011bsn\u011bn\u00edm pro skladov\u00e1n\u00ed nebo d\u011blen\u00e1 v\u00ed\u010dka pro tradi\u010dn\u00ed pou\u017eit\u00ed v zava\u0159ovac\u00edch sklenic\u00edch.<\/li>\n<li><strong>Priv\u00e1tn\u00ed zna\u010dky a dekorativn\u00ed povrchov\u00e9 \u00fapravy<\/strong>Pokud prod\u00e1v\u00e1te n\u00e1poje nebo dezerty, m\u016f\u017eete zv\u00e1\u017eit, \u017ee sv\u00fdm zava\u0159ovac\u00edm sklenic\u00edm dod\u00e1te jedine\u010dnou identitu pomoc\u00ed vlastn\u00edho ozna\u010den\u00ed, ra\u017eby nebo barevn\u00e9ho povlaku skla.<\/li>\n<li><strong>V\u00edce\u00fa\u010delov\u00e9 obalov\u00e9 projekty<\/strong>Zna\u010dky potravin, d\u00e1rkov\u00fdch firem a zna\u010dek sv\u00ed\u010dek mohou tuto sklen\u011bnou n\u00e1dobu upravit pro balen\u00ed nakl\u00e1dan\u00e9 zeleniny, om\u00e1\u010dky, sirupy, dezerty nebo sv\u00ed\u010dky v r\u00e1mci sez\u00f3nn\u00edch projekt\u016f.<\/li>\n<\/ol>","protected":false},"excerpt":{"rendered":"<p data-start=\"35\" data-end=\"218\">Velkoobchodn\u00ed zava\u0159ovac\u00ed d\u00f3zy s \u0161irok\u00fdm hrdlem, diamantov\u011b tvarovan\u00fdm sklem a hlin\u00edkov\u00fdm v\u00edkem. Odoln\u00e9 sklen\u011bn\u00e9 d\u00f3zy na n\u00e1poje, d\u017eemy, dezerty a velkoobjemov\u00e9 balen\u00ed.<\/p>","protected":false},"featured_media":25369,"template":"","meta":[],"product_brand":[],"product_cat":[125,124,20,83,84],"product_tag":[],"class_list":{"0":"post-16923","1":"product","2":"type-product","3":"status-publish","4":"has-post-thumbnail","6":"product_cat-mason-glass-jars","7":"product_cat-custom-glass-jars","8":"product_cat-glass-containers","9":"product_cat-glass-jars","10":"product_cat-mason-jars","12":"first","13":"instock","14":"shipping-taxable","15":"product-type-grouped"},"jetpack_sharing_enabled":true,"_links":{"self":[{"href":"https:\/\/yebodaglass.com\/cs\/wp-json\/wp\/v2\/product\/16923","targetHints":{"allow":["GET"]}}],"collection":[{"href":"https:\/\/yebodaglass.com\/cs\/wp-json\/wp\/v2\/product"}],"about":[{"href":"https:\/\/yebodaglass.com\/cs\/wp-json\/wp\/v2\/types\/product"}],"version-history":[{"count":5,"href":"https:\/\/yebodaglass.com\/cs\/wp-json\/wp\/v2\/product\/16923\/revisions"}],"predecessor-version":[{"id":25370,"href":"https:\/\/yebodaglass.com\/cs\/wp-json\/wp\/v2\/product\/16923\/revisions\/25370"}],"wp:featuredmedia":[{"embeddable":true,"href":"https:\/\/yebodaglass.com\/cs\/wp-json\/wp\/v2\/media\/25369"}],"wp:attachment":[{"href":"https:\/\/yebodaglass.com\/cs\/wp-json\/wp\/v2\/media?parent=16923"}],"wp:term":[{"taxonomy":"product_brand","embeddable":true,"href":"https:\/\/yebodaglass.com\/cs\/wp-json\/wp\/v2\/product_brand?post=16923"},{"taxonomy":"product_cat","embeddable":true,"href":"https:\/\/yebodaglass.com\/cs\/wp-json\/wp\/v2\/product_cat?post=16923"},{"taxonomy":"product_tag","embeddable":true,"href":"https:\/\/yebodaglass.com\/cs\/wp-json\/wp\/v2\/product_tag?post=16923"}],"curies":[{"name":"wp","href":"https:\/\/api.w.org\/{rel}","templated":true}]}}