{"id":16894,"date":"2025-07-14T13:11:18","date_gmt":"2025-07-14T05:11:18","guid":{"rendered":"https:\/\/yebodaglass.com\/?post_type=product&#038;p=16894"},"modified":"2026-03-25T14:14:13","modified_gmt":"2026-03-25T06:14:13","slug":"wholesale-16-oz-32-oz-clear-swing-top-glass-bottles","status":"publish","type":"product","link":"https:\/\/yebodaglass.com\/cs\/produkt\/wholesale-16-oz-32-oz-clear-swing-top-glass-bottles\/","title":{"rendered":"Velkoobchodn\u00ed prodej lahv\u00ed s \u010dir\u00fdm v\u00ed\u010dkem o objemu 16 oz a 32 oz"},"content":{"rendered":"<p>Tyto kulat\u00e9 sklen\u011bn\u00e9 lahve s v\u00fdklopn\u00fdm v\u00edkem jsou vyrobeny z k\u0159i\u0161\u0165\u00e1lov\u011b \u010dir\u00e9ho skla. Jejich hlavn\u00ed charakteristikou je kovov\u00e1 dr\u00e1t\u011bn\u00e1 p\u0159ezka s panty, kter\u00e1 upev\u0148uje \u010dervenob\u00edle pruhovanou keramickou z\u00e1tku s gumov\u00fdm t\u011bsn\u011bn\u00edm. Konstrukce zaji\u0161\u0165uje siln\u00e9 a vzduchot\u011bsn\u00e9 ut\u011bsn\u011bn\u00ed a z\u00e1rove\u0148 se snadno otev\u00edr\u00e1 a zav\u00edr\u00e1.<\/p>\n<h2>\u00da\u010dastn\u00edci<\/h2>\n<ul>\n<li><strong>T\u011bsn\u011bn\u00ed \u0161roubovac\u00edho uz\u00e1v\u011bru:<\/strong> Tla\u010d\u00edtko Kovov\u00e1 patentka uzav\u00edr\u00e1 pry\u017eovou t\u011bsnic\u00ed z\u00e1tku a vytv\u00e1\u0159\u00ed tak dobr\u00e9 a opakovan\u011b pou\u017eiteln\u00e9 ut\u011bsn\u011bn\u00ed.<\/li>\n<li><strong>\u010cir\u00fd v\u00e1lcov\u00fd design:<\/strong> Sklen\u011bn\u00e1 l\u00e1hev s rovn\u00fdmi st\u011bnami je robustn\u00ed, snadno se omyje a je pr\u016fhledn\u00e1.<\/li>\n<li><strong>Kovov\u00e9 armatury:<\/strong> Vysoce pevn\u00fd kovov\u00fd pant a keramick\u00e1 zar\u00e1\u017eka pota\u017een\u00e1 gumov\u00fdm krytem zaru\u010duj\u00ed dlouhou \u017eivotnost armatury.<\/li>\n<\/ul>\n<h2 style=\"text-align: left;\">Kl\u00ed\u010dov\u00e9 specifikace<\/h2>\n<table class=\"aligncenter\" style=\"border-collapse: collapse; width: 303.77pt;\" border=\"0\" width=\"405\" cellspacing=\"0\" cellpadding=\"0\">\n<tbody>\n<tr style=\"height: 13.50pt;\">\n<td style=\"height: 13.50pt; width: 99.75pt;\" width=\"133\" height=\"18\">Parametr<\/td>\n<td style=\"width: 204.00pt;\" width=\"272\">Popis<\/td>\n<\/tr>\n<tr style=\"height: 13.50pt;\">\n<td style=\"height: 13.50pt;\" height=\"18\">Kapacita<\/td>\n<td>500 ml \/ 1000 ml<\/td>\n<\/tr>\n<tr style=\"height: 13.50pt;\">\n<td style=\"height: 13.50pt;\" height=\"18\">Vidrio de alta calidad<\/td>\n<td>9,3*6,3*10,6 palce \/ 7,3*7,3*12,4 palce<\/td>\n<\/tr>\n<tr style=\"height: 13.50pt;\">\n<td style=\"height: 13.50pt;\" height=\"18\">Mno\u017estv\u00ed v balen\u00ed<\/td>\n<td>6 ks v kartonu; 4 ks v kartonu<\/td>\n<\/tr>\n<tr style=\"height: 13.50pt;\">\n<td style=\"height: 13.50pt;\" height=\"18\">Materi\u00e1l<\/td>\n<td>100% recyklovateln\u00e9 bezolovnat\u00e9 sklo<\/td>\n<\/tr>\n<tr style=\"height: 13.50pt;\">\n<td style=\"height: 13.50pt;\" height=\"18\">Typ v\u00ed\u010dka<\/td>\n<td>Odklopn\u00e9 v\u00edko s gumov\u00fdm t\u011bsn\u011bn\u00edm<\/td>\n<\/tr>\n<\/tbody>\n<\/table>\n<h2>P\u0159\u00edb\u011bh \u00fasp\u011bchu: R\u016fst v\u00fdrobce javorov\u00e9ho sirupu z Nov\u00e9 Anglie<\/h2>\n<p>Jednu z na\u0161ich litrov\u00fdch lahv\u00ed s v\u00fdklopn\u00fdm v\u00edkem si vybral v\u00fdrobce javorov\u00e9ho sirupu z Nov\u00e9 Anglie. Pot\u00e9 specifikoval vzor na s\u00edtotisku, kter\u00fd se m\u011bl s\u00edtotiskem nan\u00e9st na b\u0159\u00edzu, a hn\u011bdou gumovou pe\u010de\u0165. Pe\u010de\u0165 prodlou\u017eila trvanlivost javorov\u00e9ho sirupu t\u0159ikr\u00e1t a d\u00edky pr\u016fhledn\u00e9 sklen\u011bn\u00e9 lahvi si z\u00e1kazn\u00edci mohli snadno prohl\u00e9dnout \u010dirost produktu, co\u017e zv\u00fd\u0161ilo prodej o 20 procent. Spole\u010dnost byla s produktem tak spokojen\u00e1, \u017ee si objednala dal\u0161\u00ed 100 000 lahv\u00ed sv\u00e9 nov\u011b uveden\u00e9 \u0159ady ochucen\u00fdch sirup\u016f a d\u00e1rkov\u00fdch sad.<\/p>\n<h2>Personalizace sklen\u011bn\u00fdch lahv\u00ed s oto\u010dn\u00fdm v\u00edkem<\/h2>\n<ul>\n<li>Materi\u00e1ly spon a dr\u00e1t\u016f: Mohou b\u00fdt vyrobeny z pozinkovan\u00e9 oceli, \u010dern\u00e9ho n\u00e1t\u011bru, m\u011bdi nebo staro\u017eitn\u00e9 mosazi.<\/li>\n<li>Barvy zar\u00e1\u017eky a t\u011bsnic\u00edho krou\u017eku: Barva t\u011bsnic\u00edho krou\u017eku a p\u0159izp\u016fsobiteln\u00fd materi\u00e1l zar\u00e1\u017eky (keramika, plast).<\/li>\n<li>Integrovan\u00fd vakuov\u00fd ventil pro fermentaci: Vyroben se speci\u00e1ln\u00ed z\u00e1tkou s p\u0159izp\u016fsoben\u00fdm ventilem na vodn\u00ed b\u00e1zi nebo ventilov\u00fdm ventilem pro snadn\u00e9 pou\u017eit\u00ed p\u0159i dom\u00e1c\u00ed fermentaci piva.<\/li>\n<\/ul>","protected":false},"excerpt":{"rendered":"<p data-start=\"40\" data-end=\"220\">Pr\u016fhledn\u00e9 sklen\u011bn\u00e9 lahve s v\u00fdklopn\u00fdm v\u00ed\u010dkem a bezpe\u010dn\u00fdm uz\u00e1v\u011brem pro nepropustn\u00e9 skladov\u00e1n\u00ed. Ide\u00e1ln\u00ed na n\u00e1poje a tekutiny. Dod\u00e1v\u00e1me p\u0159\u00edmo od v\u00fdrobce s mo\u017enost\u00ed mno\u017estevn\u00edch slev.<\/p>","protected":false},"featured_media":16911,"template":"","meta":[],"product_brand":[],"product_cat":[81,80,20],"product_tag":[],"class_list":{"0":"post-16894","1":"product","2":"type-product","3":"status-publish","4":"has-post-thumbnail","6":"product_cat-flip-top-bottles","7":"product_cat-glass-bottles","8":"product_cat-glass-containers","10":"first","11":"instock","12":"shipping-taxable","13":"product-type-grouped"},"jetpack_sharing_enabled":true,"_links":{"self":[{"href":"https:\/\/yebodaglass.com\/cs\/wp-json\/wp\/v2\/product\/16894","targetHints":{"allow":["GET"]}}],"collection":[{"href":"https:\/\/yebodaglass.com\/cs\/wp-json\/wp\/v2\/product"}],"about":[{"href":"https:\/\/yebodaglass.com\/cs\/wp-json\/wp\/v2\/types\/product"}],"version-history":[{"count":5,"href":"https:\/\/yebodaglass.com\/cs\/wp-json\/wp\/v2\/product\/16894\/revisions"}],"predecessor-version":[{"id":25602,"href":"https:\/\/yebodaglass.com\/cs\/wp-json\/wp\/v2\/product\/16894\/revisions\/25602"}],"wp:featuredmedia":[{"embeddable":true,"href":"https:\/\/yebodaglass.com\/cs\/wp-json\/wp\/v2\/media\/16911"}],"wp:attachment":[{"href":"https:\/\/yebodaglass.com\/cs\/wp-json\/wp\/v2\/media?parent=16894"}],"wp:term":[{"taxonomy":"product_brand","embeddable":true,"href":"https:\/\/yebodaglass.com\/cs\/wp-json\/wp\/v2\/product_brand?post=16894"},{"taxonomy":"product_cat","embeddable":true,"href":"https:\/\/yebodaglass.com\/cs\/wp-json\/wp\/v2\/product_cat?post=16894"},{"taxonomy":"product_tag","embeddable":true,"href":"https:\/\/yebodaglass.com\/cs\/wp-json\/wp\/v2\/product_tag?post=16894"}],"curies":[{"name":"wp","href":"https:\/\/api.w.org\/{rel}","templated":true}]}}