{"id":16805,"date":"2025-07-11T10:47:25","date_gmt":"2025-07-11T02:47:25","guid":{"rendered":"https:\/\/yebodaglass.com\/?post_type=product&#038;p=16805"},"modified":"2026-03-11T15:06:00","modified_gmt":"2026-03-11T07:06:00","slug":"clear-glass-jam-jars-with-metal-lids-wholesale","status":"publish","type":"product","link":"https:\/\/yebodaglass.com\/cs\/produkt\/clear-glass-jam-jars-with-metal-lids-wholesale\/","title":{"rendered":"Velkoobchodn\u00ed prodej sklenic na d\u017eem o objemu 16 oz s kovov\u00fdmi v\u00ed\u010dky"},"content":{"rendered":"<div data-elementor-type=\"wp-post\" data-elementor-id=\"16805\" class=\"elementor elementor-16805\" data-elementor-settings=\"{&quot;ha_cmc_init_switcher&quot;:&quot;no&quot;}\" data-elementor-post-type=\"product\">\n\t\t\t\t<div class=\"elementor-element elementor-element-bb0d695 e-flex e-con-boxed e-con e-parent\" data-id=\"bb0d695\" data-element_type=\"container\" data-e-type=\"container\" data-settings=\"{&quot;_ha_eqh_enable&quot;:false}\">\n\t\t\t\t\t<div class=\"e-con-inner\">\n\t\t\t\t<div class=\"elementor-element elementor-element-732f179 elementor-widget elementor-widget-text-editor\" data-id=\"732f179\" data-element_type=\"widget\" data-e-type=\"widget\" data-widget_type=\"text-editor.default\">\n\t\t\t\t<div class=\"elementor-widget-container\">\n\t\t\t\t\t\t\t\t\t<p>Na\u0161e sklen\u011bn\u00e9 d\u00f3zy na d\u017eem o objemu 16oz maj\u00ed kulat\u00fd, lehce vypoukl\u00fd tvar s pevn\u00fdm kovov\u00fdm \u0161roubovac\u00edm v\u00edkem. Tyto sklenice na d\u017eem jsou ide\u00e1ln\u00ed pro skladov\u00e1n\u00ed d\u017eemu, \u017eel\u00e9, marmel\u00e1dy, om\u00e1\u010dky nebo jak\u00fdchkoli dom\u00e1c\u00edch v\u00fdrobk\u016f. Viditeln\u00fd vzhled skla je z \u017eiv\u00e9ho materi\u00e1lu, kter\u00fd kombinuje funk\u010dnost s \u010dist\u00fdm, klasick\u00fdm vzhledem, ide\u00e1ln\u00ed jak pro dom\u00e1c\u00ed kuchyni, tak i pro pou\u017eit\u00ed v obchod\u011b.<\/p>\t\t\t\t\t\t\t\t<\/div>\n\t\t\t\t<\/div>\n\t\t\t\t<div class=\"elementor-element elementor-element-54c8d6c elementor-widget elementor-widget-heading\" data-id=\"54c8d6c\" data-element_type=\"widget\" data-e-type=\"widget\" data-widget_type=\"heading.default\">\n\t\t\t\t<div class=\"elementor-widget-container\">\n\t\t\t\t\t<h2 class=\"elementor-heading-title elementor-size-default\">Kl\u00ed\u010dov\u00e9 specifikace<\/h2>\t\t\t\t<\/div>\n\t\t\t\t<\/div>\n\t\t\t\t<div class=\"elementor-element elementor-element-14509d8 elementor-widget elementor-widget-text-editor\" data-id=\"14509d8\" data-element_type=\"widget\" data-e-type=\"widget\" data-widget_type=\"text-editor.default\">\n\t\t\t\t<div class=\"elementor-widget-container\">\n\t\t\t\t\t\t\t\t\t<table style=\"border-collapse: collapse; margin-left: auto; margin-right: auto; width: 80%;\" border=\"0\" width=\"468\" cellspacing=\"0\" cellpadding=\"0\"><tbody><tr style=\"height: 13.50pt;\"><td style=\"height: 13.50pt; width: 120.00pt;\" width=\"160\" height=\"18\">Parametr<\/td><td style=\"width: 231.00pt;\" width=\"308\">Popis<\/td><\/tr><tr style=\"height: 13.50pt;\"><td style=\"height: 13.50pt;\" height=\"18\">Kapacita<\/td><td>500 ml \/ 16 oz<\/td><\/tr><tr style=\"height: 13.50pt;\"><td style=\"height: 13.50pt;\" height=\"18\">Mno\u017estv\u00ed v balen\u00ed<\/td><td>12 ks v krabici<\/td><\/tr><tr style=\"height: 13.50pt;\"><td style=\"height: 13.50pt;\" height=\"18\">Materi\u00e1l<\/td><td>Bezolovnat\u00e9 sklo<\/td><\/tr><tr style=\"height: 13.50pt;\"><td style=\"height: 13.50pt;\" height=\"18\">Pr\u016fm\u011br \u00fast\u00ed<\/td><td>6,9 cm \/ 2,72 palce<\/td><\/tr><tr style=\"height: 13.50pt;\"><td style=\"height: 13.50pt;\" height=\"18\">Pr\u016fm\u011br t\u011bla<\/td><td>8,5 cm \/ 3,35 palce<\/td><\/tr><tr style=\"height: 13.50pt;\"><td style=\"height: 13.50pt;\" height=\"18\">V\u00fd\u0161ka<\/td><td>12,8 cm \/ 5,04 palce<\/td><\/tr><tr style=\"height: 13.50pt;\"><td style=\"height: 13.50pt;\" height=\"18\">Typ t\u011bsn\u011bn\u00ed<\/td><td>Kovov\u00e9 \u0161roubovac\u00ed v\u00edko<\/td><\/tr><\/tbody><\/table>\t\t\t\t\t\t\t\t<\/div>\n\t\t\t\t<\/div>\n\t\t\t\t\t<\/div>\n\t\t\t\t<\/div>\n\t\t<div class=\"elementor-element elementor-element-55e31eb e-flex e-con-boxed e-con e-parent\" data-id=\"55e31eb\" data-element_type=\"container\" data-e-type=\"container\" data-settings=\"{&quot;_ha_eqh_enable&quot;:false}\">\n\t\t\t\t\t<div class=\"e-con-inner\">\n\t\t\t\t<div class=\"elementor-element elementor-element-fc0900e elementor-widget elementor-widget-heading\" data-id=\"fc0900e\" data-element_type=\"widget\" data-e-type=\"widget\" data-widget_type=\"heading.default\">\n\t\t\t\t<div class=\"elementor-widget-container\">\n\t\t\t\t\t<h2 class=\"elementor-heading-title elementor-size-default\">\u00da\u010dastn\u00edci<\/h2>\t\t\t\t<\/div>\n\t\t\t\t<\/div>\n\t\t\t\t\t<\/div>\n\t\t\t\t<\/div>\n\t\t<div class=\"elementor-element elementor-element-723cd80 e-flex e-con-boxed e-con e-parent\" data-id=\"723cd80\" data-element_type=\"container\" data-e-type=\"container\" data-settings=\"{&quot;_ha_eqh_enable&quot;:false}\">\n\t\t\t\t\t<div class=\"e-con-inner\">\n\t\t<div class=\"elementor-element elementor-element-bf4cb81 e-con-full e-flex e-con e-child\" data-id=\"bf4cb81\" data-element_type=\"container\" data-e-type=\"container\" data-settings=\"{&quot;_ha_eqh_enable&quot;:false}\">\n\t\t\t\t<div class=\"elementor-element elementor-element-202a3f6 elementor-widget elementor-widget-image\" data-id=\"202a3f6\" data-element_type=\"widget\" data-e-type=\"widget\" data-widget_type=\"image.default\">\n\t\t\t\t<div class=\"elementor-widget-container\">\n\t\t\t\t\t\t\t\t\t\t\t\t\t\t\t<img decoding=\"async\" src=\"https:\/\/yebodaglass.com\/wp-content\/uploads\/elementor\/thumbs\/5-4-r8kz92p28wq5ax8qlaapz5bm4tfpep5gwvmnr6g90g.webp\" title=\"Velkoobchodn\u00ed prodej 32 oz Mason Glass s v\u00e1lcov\u00fdm designem\" alt=\"Velkoobchodn\u00ed prodej 32 oz Mason Glass s v\u00e1lcov\u00fdm designem\" loading=\"lazy\" \/>\t\t\t\t\t\t\t\t\t\t\t\t\t\t\t<\/div>\n\t\t\t\t<\/div>\n\t\t\t\t<div class=\"elementor-element elementor-element-fc1fd2d elementor-widget elementor-widget-text-editor\" data-id=\"fc1fd2d\" data-element_type=\"widget\" data-e-type=\"widget\" data-widget_type=\"text-editor.default\">\n\t\t\t\t<div class=\"elementor-widget-container\">\n\t\t\t\t\t\t\t\t\t<p>Vysoce kvalitn\u00ed sklenice na marmel\u00e1du: Vyrobeny z prvot\u0159\u00eddn\u00edho skla, jsou pr\u016fhledn\u00e9 a pevn\u00e9, odoln\u00e9 v\u016f\u010di teplotn\u00edm rozd\u00edl\u016fm, nepraskaj\u00ed snadno a maj\u00ed uspokojivou kvalitu.<\/p>\t\t\t\t\t\t\t\t<\/div>\n\t\t\t\t<\/div>\n\t\t\t\t<\/div>\n\t\t<div class=\"elementor-element elementor-element-73418b7 e-con-full e-flex e-con e-child\" data-id=\"73418b7\" data-element_type=\"container\" data-e-type=\"container\" data-settings=\"{&quot;_ha_eqh_enable&quot;:false}\">\n\t\t\t\t<div class=\"elementor-element elementor-element-490e976 elementor-widget elementor-widget-image\" data-id=\"490e976\" data-element_type=\"widget\" data-e-type=\"widget\" data-widget_type=\"image.default\">\n\t\t\t\t<div class=\"elementor-widget-container\">\n\t\t\t\t\t\t\t\t\t\t\t\t\t\t\t<img decoding=\"async\" src=\"https:\/\/yebodaglass.com\/wp-content\/uploads\/elementor\/thumbs\/6-5-r8jh0iidgbtfzlg26a43gvb6w9cxxfmd4lm18tj6ao.webp\" title=\"Velkoobchodn\u00ed prodej 32 oz Mason Glass s v\u00e1lcov\u00fdm designem\" alt=\"Velkoobchodn\u00ed prodej 32 oz Mason Glass s v\u00e1lcov\u00fdm designem\" loading=\"lazy\" \/>\t\t\t\t\t\t\t\t\t\t\t\t\t\t\t<\/div>\n\t\t\t\t<\/div>\n\t\t\t\t<div class=\"elementor-element elementor-element-28d6163 elementor-widget elementor-widget-text-editor\" data-id=\"28d6163\" data-element_type=\"widget\" data-e-type=\"widget\" data-widget_type=\"text-editor.default\">\n\t\t\t\t<div class=\"elementor-widget-container\">\n\t\t\t\t\t\t\t\t\t<p>Snadno vyhlazovateln\u00e1 vnit\u0159n\u00ed st\u011bna: Vnit\u0159n\u00ed st\u011bna lahve je \u010dist\u00e1 a bez ot\u0159ep\u016f a skvrny od vody lze sm\u00fdt jedin\u00fdm opl\u00e1chnut\u00edm, tak\u017ee \u010di\u0161t\u011bn\u00ed je \u00fa\u017easn\u00e9 a bez ot\u0159ep\u016f.<\/p>\t\t\t\t\t\t\t\t<\/div>\n\t\t\t\t<\/div>\n\t\t\t\t<\/div>\n\t\t\t\t\t<\/div>\n\t\t\t\t<\/div>\n\t\t<div class=\"elementor-element elementor-element-fc04ebb e-flex e-con-boxed e-con e-parent\" data-id=\"fc04ebb\" data-element_type=\"container\" data-e-type=\"container\" data-settings=\"{&quot;_ha_eqh_enable&quot;:false}\">\n\t\t\t\t\t<div class=\"e-con-inner\">\n\t\t<div class=\"elementor-element elementor-element-34afca3 e-con-full e-flex e-con e-child\" data-id=\"34afca3\" data-element_type=\"container\" data-e-type=\"container\" data-settings=\"{&quot;_ha_eqh_enable&quot;:false}\">\n\t\t\t\t<div class=\"elementor-element elementor-element-db07882 elementor-widget elementor-widget-image\" data-id=\"db07882\" data-element_type=\"widget\" data-e-type=\"widget\" data-widget_type=\"image.default\">\n\t\t\t\t<div class=\"elementor-widget-container\">\n\t\t\t\t\t\t\t\t\t\t\t\t\t\t\t<img decoding=\"async\" src=\"https:\/\/yebodaglass.com\/wp-content\/uploads\/elementor\/thumbs\/8-1-1-r8qmcumz53zvomh9ycam8joec0mee5e9ut6gv37hk0.webp\" title=\"Velkoobchodn\u00ed prodej 32 oz Mason Glass s v\u00e1lcov\u00fdm designem\" alt=\"Velkoobchodn\u00ed prodej 32 oz Mason Glass s v\u00e1lcov\u00fdm designem\" loading=\"lazy\" \/>\t\t\t\t\t\t\t\t\t\t\t\t\t\t\t<\/div>\n\t\t\t\t<\/div>\n\t\t\t\t<div class=\"elementor-element elementor-element-fe38982 elementor-widget elementor-widget-text-editor\" data-id=\"fe38982\" data-element_type=\"widget\" data-e-type=\"widget\" data-widget_type=\"text-editor.default\">\n\t\t\t\t<div class=\"elementor-widget-container\">\n\t\t\t\t\t\t\t\t\t<p>Ut\u011bsn\u011bn\u00e9 a nepropustn\u00e9: T\u011bsnic\u00ed v\u00ed\u010dko pevn\u011b p\u0159il\u00e9h\u00e1 k hrdlu lahve a neprot\u00e9k\u00e1 ani p\u0159i dlouh\u00e9m p\u0159evr\u00e1cen\u00ed a zat\u0159esen\u00ed, tak\u017ee ji m\u016f\u017eete s klidem uchovat.<\/p>\t\t\t\t\t\t\t\t<\/div>\n\t\t\t\t<\/div>\n\t\t\t\t<\/div>\n\t\t<div class=\"elementor-element elementor-element-6d52589 e-con-full e-flex e-con e-child\" data-id=\"6d52589\" data-element_type=\"container\" data-e-type=\"container\" data-settings=\"{&quot;_ha_eqh_enable&quot;:false}\">\n\t\t\t\t<div class=\"elementor-element elementor-element-da95f29 elementor-widget elementor-widget-image\" data-id=\"da95f29\" data-element_type=\"widget\" data-e-type=\"widget\" data-widget_type=\"image.default\">\n\t\t\t\t<div class=\"elementor-widget-container\">\n\t\t\t\t\t\t\t\t\t\t\t\t\t\t\t<img decoding=\"async\" src=\"https:\/\/yebodaglass.com\/wp-content\/uploads\/elementor\/thumbs\/96-2-r8qmdfbfbgs6s1n8ll8eregjehsh3hod9nj5f6ctr4.webp\" title=\"Velkoobchodn\u00ed prodej 32 oz Mason Glass s v\u00e1lcov\u00fdm designem\" alt=\"Velkoobchodn\u00ed prodej 32 oz Mason Glass s v\u00e1lcov\u00fdm designem\" loading=\"lazy\" \/>\t\t\t\t\t\t\t\t\t\t\t\t\t\t\t<\/div>\n\t\t\t\t<\/div>\n\t\t\t\t<div class=\"elementor-element elementor-element-67a25ba elementor-widget elementor-widget-text-editor\" data-id=\"67a25ba\" data-element_type=\"widget\" data-e-type=\"widget\" data-widget_type=\"text-editor.default\">\n\t\t\t\t<div class=\"elementor-widget-container\">\n\t\t\t\t\t\t\t\t\t<p>Univerz\u00e1ln\u00ed partner: Tato jednoduch\u00e1 l\u00e1hev je velmi v\u0161estrann\u00e1. Lze do n\u00ed nal\u00e9vat such\u00e9 zbo\u017e\u00ed nebo tekutiny. Vypad\u00e1 dob\u0159e a je praktick\u00e1 v kuchyni nebo ob\u00fdvac\u00edm pokoji.<\/p>\t\t\t\t\t\t\t\t<\/div>\n\t\t\t\t<\/div>\n\t\t\t\t<\/div>\n\t\t\t\t\t<\/div>\n\t\t\t\t<\/div>\n\t\t<div class=\"elementor-element elementor-element-284aded e-flex e-con-boxed e-con e-parent\" data-id=\"284aded\" data-element_type=\"container\" data-e-type=\"container\" data-settings=\"{&quot;_ha_eqh_enable&quot;:false}\">\n\t\t\t\t\t<div class=\"e-con-inner\">\n\t\t\t\t<div class=\"elementor-element elementor-element-992f613 elementor-widget elementor-widget-heading\" data-id=\"992f613\" data-element_type=\"widget\" data-e-type=\"widget\" data-widget_type=\"heading.default\">\n\t\t\t\t<div class=\"elementor-widget-container\">\n\t\t\t\t\t<h2 class=\"elementor-heading-title elementor-size-default\">P\u0159\u00edpad \u00fasp\u011bchu<\/h2>\t\t\t\t<\/div>\n\t\t\t\t<\/div>\n\t\t\t\t\t<\/div>\n\t\t\t\t<\/div>\n\t\t<div class=\"elementor-element elementor-element-8c06220 e-flex e-con-boxed e-con e-parent\" data-id=\"8c06220\" data-element_type=\"container\" data-e-type=\"container\" data-settings=\"{&quot;_ha_eqh_enable&quot;:false}\">\n\t\t\t\t\t<div class=\"e-con-inner\">\n\t\t\t\t<div class=\"elementor-element elementor-element-d2d7bab elementor-widget elementor-widget-text-editor\" data-id=\"d2d7bab\" data-element_type=\"widget\" data-e-type=\"widget\" data-widget_type=\"text-editor.default\">\n\t\t\t\t<div class=\"elementor-widget-container\">\n\t\t\t\t\t\t\t\t\t<p>M\u00edstn\u00ed zna\u010dka okurek, kter\u00e1 je rodinn\u00fdm podnikem, se rozhodla pou\u017e\u00edt na\u0161e 16oz \u010dir\u00e9 sklen\u011bn\u00e9 zava\u0159ovac\u00ed sklenice jako hlavn\u00ed obal pro novou zna\u010dku okurek. Aby se zachovala \u010derstvost a zabr\u00e1nilo se \u00fanik\u016fm b\u011bhem p\u0159epravy, maj\u00ed sklenice \u0161roubovac\u00ed uz\u00e1v\u011bry vhodn\u00e9 pro potraviny a zes\u00edlen\u00e9 t\u011bsnic\u00ed vlo\u017eky. Sklenice jsou tak\u00e9 opat\u0159eny reli\u00e9fn\u00edmi zna\u010dkami a logem zna\u010dky, kter\u00e9 odpov\u00eddaj\u00ed hladk\u00e9mu povrchu a umo\u017e\u0148uj\u00ed snadnou viditelnost z\u00e1\u0159iv\u011b oran\u017eov\u00e9 barvy okurek skrz pr\u016fhledn\u00e9 sklo.<\/p><p>Prodej tohoto nov\u00e9ho produktu z kysel\u00e9 zeleniny vzrostl o 36 procent po zaveden\u00ed zak\u00e1zkov\u00fdch zava\u0159ovac\u00edch sklenic a \u0159ada region\u00e1ln\u00edch maloobchodn\u00edk\u016f u\u010dinila v\u00edce objedn\u00e1vek. V d\u016fsledku toho spole\u010dnost uskute\u010dnila n\u011bkolik objedn\u00e1vek z hlediska v\u00fdrobn\u00edch cykl\u016f.<\/p>\t\t\t\t\t\t\t\t<\/div>\n\t\t\t\t<\/div>\n\t\t\t\t<div class=\"elementor-element elementor-element-3bce01b elementor-widget elementor-widget-heading\" data-id=\"3bce01b\" data-element_type=\"widget\" data-e-type=\"widget\" data-widget_type=\"heading.default\">\n\t\t\t\t<div class=\"elementor-widget-container\">\n\t\t\t\t\t<h2 class=\"elementor-heading-title elementor-size-default\">Tipy pro p\u0159izp\u016fsoben\u00ed<\/h2>\t\t\t\t<\/div>\n\t\t\t\t<\/div>\n\t\t\t\t<div class=\"elementor-element elementor-element-e620c8c elementor-widget elementor-widget-text-editor\" data-id=\"e620c8c\" data-element_type=\"widget\" data-e-type=\"widget\" data-widget_type=\"text-editor.default\">\n\t\t\t\t<div class=\"elementor-widget-container\">\n\t\t\t\t\t\t\t\t\t<ol><li><strong>Materi\u00e1l a povrchov\u00e1 \u00faprava v\u00edka:<\/strong> Vyberte si r\u016fzn\u00e9 povrchov\u00e9 \u00fapravy kovov\u00e9ho \u0161roubovac\u00edho v\u00ed\u010dka, v\u010detn\u011b matn\u011b \u010dern\u00e9ho, \u200b\u200bzlat\u00e9ho nebo vzorovan\u00e9ho plechov\u00e9ho v\u00ed\u010dka, kter\u00e9 se hod\u00ed k designu obal\u016f zna\u010dek.<\/li><li><strong>Design vakuov\u00e9ho t\u011bsn\u011bn\u00ed v\u00edka:<\/strong> Nab\u00edz\u00edme 2 kusy v\u00ed\u010dek se silikonov\u00fdmi t\u011bsnic\u00edmi vlo\u017ekami pro zv\u00fd\u0161en\u00ed vzduchot\u011bsnosti produktu v nakl\u00e1dan\u00e9 zelenin\u011b a konzervovan\u00fdch potravin\u00e1ch.<\/li><li><strong>Reli\u00e9fn\u00ed logo na skle:<\/strong> Personalizujte si sklenici reli\u00e9fn\u00edm logem nebo zna\u010dkov\u00fdm vzorem, kter\u00fd bude trvale vyryt na t\u011blo sklenice, \u010d\u00edm\u017e eliminujete nutnost \u0161t\u00edtkov\u00e1n\u00ed.<\/li><\/ol>\t\t\t\t\t\t\t\t<\/div>\n\t\t\t\t<\/div>\n\t\t\t\t\t<\/div>\n\t\t\t\t<\/div>\n\t\t\t\t<\/div>","protected":false},"excerpt":{"rendered":"<p>Sklenice na d\u017eem o objemu 473 ml s kovov\u00fdmi v\u00ed\u010dky. Ide\u00e1ln\u00ed na d\u017eemy, zava\u0159eniny a om\u00e1\u010dky s vzduchot\u011bsn\u00fdm uz\u00e1v\u011brem a klasick\u00fdm designem.<\/p>","protected":false},"featured_media":17280,"template":"","meta":[],"product_brand":[],"product_cat":[83,20,84],"product_tag":[],"class_list":{"0":"post-16805","1":"product","2":"type-product","3":"status-publish","4":"has-post-thumbnail","6":"product_cat-glass-jars","7":"product_cat-glass-containers","8":"product_cat-mason-jars","10":"first","11":"instock","12":"shipping-taxable","13":"product-type-grouped"},"jetpack_sharing_enabled":true,"_links":{"self":[{"href":"https:\/\/yebodaglass.com\/cs\/wp-json\/wp\/v2\/product\/16805","targetHints":{"allow":["GET"]}}],"collection":[{"href":"https:\/\/yebodaglass.com\/cs\/wp-json\/wp\/v2\/product"}],"about":[{"href":"https:\/\/yebodaglass.com\/cs\/wp-json\/wp\/v2\/types\/product"}],"version-history":[{"count":5,"href":"https:\/\/yebodaglass.com\/cs\/wp-json\/wp\/v2\/product\/16805\/revisions"}],"predecessor-version":[{"id":25376,"href":"https:\/\/yebodaglass.com\/cs\/wp-json\/wp\/v2\/product\/16805\/revisions\/25376"}],"wp:featuredmedia":[{"embeddable":true,"href":"https:\/\/yebodaglass.com\/cs\/wp-json\/wp\/v2\/media\/17280"}],"wp:attachment":[{"href":"https:\/\/yebodaglass.com\/cs\/wp-json\/wp\/v2\/media?parent=16805"}],"wp:term":[{"taxonomy":"product_brand","embeddable":true,"href":"https:\/\/yebodaglass.com\/cs\/wp-json\/wp\/v2\/product_brand?post=16805"},{"taxonomy":"product_cat","embeddable":true,"href":"https:\/\/yebodaglass.com\/cs\/wp-json\/wp\/v2\/product_cat?post=16805"},{"taxonomy":"product_tag","embeddable":true,"href":"https:\/\/yebodaglass.com\/cs\/wp-json\/wp\/v2\/product_tag?post=16805"}],"curies":[{"name":"wp","href":"https:\/\/api.w.org\/{rel}","templated":true}]}}