{"id":16779,"date":"2025-07-11T10:01:34","date_gmt":"2025-07-11T02:01:34","guid":{"rendered":"https:\/\/yebodaglass.com\/?post_type=product&#038;p=16779"},"modified":"2026-03-26T13:21:31","modified_gmt":"2026-03-26T05:21:31","slug":"amber-glass-swing-top-glass-beer-bottles-bulk","status":"publish","type":"product","link":"https:\/\/yebodaglass.com\/cs\/produkt\/amber-glass-swing-top-glass-beer-bottles-bulk\/","title":{"rendered":"16oz Amber Glass Swing Top Glass Pivn\u00ed lahve ve velk\u00e9m"},"content":{"rendered":"<p>Tyto sklen\u011bn\u00e9 pivn\u00ed lahve s v\u00fdklopn\u00fdm v\u00edkem jsou vyrobeny ze skla, jsou kompaktn\u00ed, praktick\u00e9 a z\u00e1rove\u0148 klasick\u00e9. Minimalistick\u00fd, v\u00e1lcovit\u00fd tvar s ploch\u00fdm dnem je vyroben z vysoce kvalitn\u00edho \u010dir\u00e9ho skla, kter\u00e9 dokonale ukazuje n\u00e1poj uvnit\u0159, a\u0165 u\u017e vodu nebo dom\u00e1c\u00ed sirup.<\/p>\n<h2>\u00da\u010dastn\u00edci<\/h2>\n<ul>\n<li><strong>Vzduchot\u011bsn\u00e9 odklopn\u00e9 v\u00edko:<\/strong> Kovov\u00fd pojistn\u00fd krou\u017eek a t\u011bsnic\u00ed z\u00e1tka poskytuj\u00ed opakovan\u011b pou\u017eiteln\u00e9 a bezpe\u010dn\u00e9 ut\u011bsn\u011bn\u00ed, ide\u00e1ln\u00ed pro perliv\u00e9 n\u00e1poje nebo pro uchov\u00e1n\u00ed obsahu n\u00e1doby.<\/li>\n<li><strong>Kompaktn\u00ed v\u00e1lcov\u00fd design:<\/strong> Mal\u00e1, v\u00e1lcovit\u00e1 sklen\u011bn\u00e1 lahvi\u010dka je kompaktn\u00ed, snadno se omyje a p\u0159en\u00e1\u0161\u00ed.<\/li>\n<li><strong>Vysoce viditeln\u00e9 \u010dir\u00e9 sklo:<\/strong> Pr\u016fhledn\u00e1 lahev v\u00e1m pom\u016f\u017ee snadno sledovat, co je uvnit\u0159, a hladinu.<\/li>\n<\/ul>\n<h2 style=\"text-align: left;\">Kl\u00ed\u010dov\u00e9 specifikace<\/h2>\n<table class=\"aligncenter\" style=\"border-collapse: collapse; width: 369.02pt;\" border=\"0\" width=\"492\" cellspacing=\"0\" cellpadding=\"0\">\n<tbody>\n<tr style=\"height: 13.50pt;\">\n<td style=\"height: 13.50pt; width: 162.75pt;\" width=\"217\" height=\"18\">Specifikace<\/td>\n<td style=\"width: 206.25pt;\" width=\"275\">Podrobnosti<\/td>\n<\/tr>\n<tr style=\"height: 13.50pt;\">\n<td style=\"height: 13.50pt;\" height=\"18\">Kapacita<\/td>\n<td>500 ml<\/td>\n<\/tr>\n<tr style=\"height: 13.50pt;\">\n<td style=\"height: 13.50pt;\" height=\"18\">Rozm\u011bry balen\u00ed<\/td>\n<td>9,3 * 6,3 * 10,6 palce<\/td>\n<\/tr>\n<tr style=\"height: 13.50pt;\">\n<td style=\"height: 13.50pt;\" height=\"18\">Materi\u00e1l<\/td>\n<td>Bezolovnat\u00e9 sklo<\/td>\n<\/tr>\n<tr style=\"height: 13.50pt;\">\n<td style=\"height: 13.50pt;\" height=\"18\">Mno\u017estv\u00ed v balen\u00ed<\/td>\n<td>6 lahv\u00ed v balen\u00ed<\/td>\n<\/tr>\n<tr style=\"height: 13.50pt;\">\n<td style=\"height: 13.50pt;\" height=\"18\">Barva\/Vzhled<\/td>\n<td>Jantar s elegantn\u00edm, \u0161t\u00edhl\u00fdm tvarem<\/td>\n<\/tr>\n<\/tbody>\n<\/table>\n<h2>P\u0159\u00edb\u011bh \u00fasp\u011bchu<\/h2>\n<p>Na\u0161e 250ml sklen\u011bn\u00e9 pivn\u00ed lahve s v\u00fdklopn\u00fdm v\u00edkem vybrala d\u00e1nsk\u00e1 pra\u017e\u00edrna specializovan\u00e9 k\u00e1vy, kter\u00e1 do nich laserem vyryla motiv k\u00e1vovn\u00edku. Jejich cold brew espresso je navr\u017eeno pro pou\u017eit\u00ed v t\u00e9to zak\u00e1zkov\u00e9 lahvi: vzduchot\u011bsn\u00e9 uzav\u0159en\u00ed m\u00e1 tu v\u00fdhodu, \u017ee prodlu\u017euje trvanlivost produktu v maloobchodn\u00edch chladic\u00edch vitr\u00edn\u00e1ch o 40 procent. Pr\u016fhledn\u00e9 sklo odr\u00e1\u017e\u00ed barvu koncentr\u00e1tu, co\u017e podle nich vedlo k n\u00e1r\u016fstu impulzivn\u00edch n\u00e1kup\u016f o \u010dtvrtinu. Na z\u00e1klad\u011b tohoto \u00fasp\u011bchu objednali dal\u0161\u00edch 480 000 lahv\u00ed, aby uvedli na trh dal\u0161\u00ed \u0159adu hotov\u00fdch koktejlov\u00fdch k\u00e1vov\u00fdch sirup\u016f a \u010dajov\u00fdch n\u00e1poj\u016f.<\/p>\n<h2>Personalizace lahv\u00ed Swing Top<\/h2>\n<ul>\n<li>V\u00fdb\u011br barev h\u00e1\u010dk\u016f a zar\u00e1\u017eek: Nab\u00edz\u00edme \u0159adu povrchov\u00fdch \u00faprav kovov\u00fdch h\u00e1\u010dk\u016f (m\u011b\u010f, mosaz, matn\u00e1 \u010dern\u00e1) a tak\u00e9 \u0159adu barev zar\u00e1\u017eek, abyste vytvo\u0159ili ten spr\u00e1vn\u00fd vzhled na z\u00e1klad\u011b va\u0161\u00ed zna\u010dky.<\/li>\n<li>\u010ctvercov\u00fd design: Navrhn\u011bte modern\u00ed prostorov\u011b \u00fasporn\u00e9 \u010dtvercov\u00e9 lahve se \u0161roubovac\u00edm uz\u00e1v\u011brem, kter\u00e9 zvy\u0161uj\u00ed stabilitu polic a dod\u00e1vaj\u00ed v\u00fdrobk\u016fm osobit\u00fd vzhled.<\/li>\n<li>Integrovan\u00e9 gradienty: Zahrnuj\u00ed trval\u00e9 ti\u0161t\u011bn\u00e9 stupnice pro pou\u017eit\u00ed v p\u0159\u00edpadech, kdy je vy\u017eadov\u00e1no p\u0159esn\u011bj\u0161\u00ed m\u011b\u0159en\u00ed koncentr\u00e1tu nebo p\u0159\u00edsady (nap\u0159. k\u00e1va, koktejly)<\/li>\n<\/ul>","protected":false},"excerpt":{"rendered":"<p data-start=\"70\" data-end=\"242\">Sklen\u011bn\u00e9 pivn\u00ed lahve s jantarov\u00fdm v\u00fdklopn\u00fdm v\u00edkem ur\u010den\u00e9 pro ochranu p\u0159ed sv\u011btlem a \u010derstvost. Siln\u00e9 t\u011bsn\u011bn\u00ed pro perlen\u00ed. P\u0159\u00edm\u00e9 dod\u00e1vky od v\u00fdrobce zaji\u0161\u0165uj\u00ed konkurenceschopn\u00e9 ceny.<\/p>","protected":false},"featured_media":17392,"template":"","meta":[],"product_brand":[],"product_cat":[81,80,20],"product_tag":[],"class_list":{"0":"post-16779","1":"product","2":"type-product","3":"status-publish","4":"has-post-thumbnail","6":"product_cat-flip-top-bottles","7":"product_cat-glass-bottles","8":"product_cat-glass-containers","10":"first","11":"instock","12":"shipping-taxable","13":"product-type-grouped"},"jetpack_sharing_enabled":true,"_links":{"self":[{"href":"https:\/\/yebodaglass.com\/cs\/wp-json\/wp\/v2\/product\/16779","targetHints":{"allow":["GET"]}}],"collection":[{"href":"https:\/\/yebodaglass.com\/cs\/wp-json\/wp\/v2\/product"}],"about":[{"href":"https:\/\/yebodaglass.com\/cs\/wp-json\/wp\/v2\/types\/product"}],"version-history":[{"count":5,"href":"https:\/\/yebodaglass.com\/cs\/wp-json\/wp\/v2\/product\/16779\/revisions"}],"predecessor-version":[{"id":25622,"href":"https:\/\/yebodaglass.com\/cs\/wp-json\/wp\/v2\/product\/16779\/revisions\/25622"}],"wp:featuredmedia":[{"embeddable":true,"href":"https:\/\/yebodaglass.com\/cs\/wp-json\/wp\/v2\/media\/17392"}],"wp:attachment":[{"href":"https:\/\/yebodaglass.com\/cs\/wp-json\/wp\/v2\/media?parent=16779"}],"wp:term":[{"taxonomy":"product_brand","embeddable":true,"href":"https:\/\/yebodaglass.com\/cs\/wp-json\/wp\/v2\/product_brand?post=16779"},{"taxonomy":"product_cat","embeddable":true,"href":"https:\/\/yebodaglass.com\/cs\/wp-json\/wp\/v2\/product_cat?post=16779"},{"taxonomy":"product_tag","embeddable":true,"href":"https:\/\/yebodaglass.com\/cs\/wp-json\/wp\/v2\/product_tag?post=16779"}],"curies":[{"name":"wp","href":"https:\/\/api.w.org\/{rel}","templated":true}]}}