{"id":16755,"date":"2025-07-10T17:05:59","date_gmt":"2025-07-10T09:05:59","guid":{"rendered":"https:\/\/yebodaglass.com\/?post_type=product&#038;p=16755"},"modified":"2026-04-09T15:56:47","modified_gmt":"2026-04-09T07:56:47","slug":"wholesale-12-oz-premium-clear-flip-top-bottles-for-kombucha","status":"publish","type":"product","link":"https:\/\/yebodaglass.com\/cs\/wholesale-12-oz-premium-clear-flip-top-bottles-for-kombucha\/","title":{"rendered":"Velkoobchodn\u00ed 12 oz pr\u016fhledn\u00e9 lahve s odkl\u00e1p\u011bc\u00edm v\u00edkem na Kombuchu"},"content":{"rendered":"<p>Lahve s odkl\u00e1p\u011bc\u00edm v\u00ed\u010dkem na kombuchu vyu\u017e\u00edvaj\u00ed tradi\u010dn\u00ed tvar kapky v kombinaci s modern\u00ed zu\u017euj\u00edc\u00ed se strukturou. Lahve obsahuj\u00ed ultra \u010dir\u00fd potravin\u00e1\u0159sk\u00fd sklen\u011bn\u00fd materi\u00e1l, kter\u00fd je v kombinaci se \u0161roubovac\u00edm uz\u00e1v\u011brem z nerezov\u00e9 oceli s \u010derven\u00fdm silikonov\u00fdm t\u011bsnic\u00edm krou\u017ekem vytv\u00e1\u0159\u00ed vzduchot\u011bsnou ochranu proti \u00faniku.<\/p>\n<h2>\u00da\u010dastn\u00edci<\/h2>\n<ul>\n<li><strong>Z\u00fa\u017een\u00fd pas ve tvaru slzy:<\/strong> Z\u00fa\u017een\u00fd kapkovit\u00fd tvar v pase je elegantn\u00ed a snadno se dr\u017e\u00ed a nal\u00e9v\u00e1.<\/li>\n<li><strong>Konstrukce t\u011bsn\u011bn\u00ed s nacvaknut\u00edm:<\/strong> Zacvak\u00e1vac\u00ed konstrukce se silikonovou t\u011bsnic\u00ed z\u00e1tkou: Kovov\u00e1 zacvak\u00e1vac\u00ed konstrukce m\u00e1 silikonovou t\u011bsnic\u00ed z\u00e1tku, kter\u00e1 zaji\u0161\u0165uje snadn\u00e9 otev\u00edr\u00e1n\u00ed a zav\u00edr\u00e1n\u00ed a z\u00e1rove\u0148 vysok\u00fd t\u011bsnic\u00ed v\u00fdkon.<\/li>\n<li><strong>Vysoce pr\u016fhledn\u00e9 sklo Potravin\u00e1\u0159sk\u00e9 sklo:<\/strong> Tato l\u00e1hev je vyrobena z vysoce pr\u016fhledn\u00e9ho skla vhodn\u00e9ho pro potravin\u00e1\u0159stv\u00ed a je \u010dir\u00e1, \u010dist\u00e1, bezpe\u010dn\u00e1, bez z\u00e1pachu a odoln\u00e1 v\u016f\u010di korozi kyselin\u00e1m i z\u00e1sad\u00e1m.<\/li>\n<\/ul>\n<h2 style=\"text-align: left;\">Kl\u00ed\u010dov\u00e9 specifikace<\/h2>\n<table class=\"aligncenter\" style=\"border-collapse: collapse; width: 529.52pt;\" border=\"0\" width=\"706\" cellspacing=\"0\" cellpadding=\"0\">\n<tbody>\n<tr style=\"height: 13.50pt;\">\n<td style=\"height: 13.50pt; width: 117.75pt;\" width=\"157\" height=\"18\">Specifikace<\/td>\n<td style=\"width: 411.75pt;\" width=\"549\">Podrobnosti<\/td>\n<\/tr>\n<tr style=\"height: 13.50pt;\">\n<td style=\"height: 13.50pt;\" height=\"18\">Kapacita<\/td>\n<td>350 ml<\/td>\n<\/tr>\n<tr style=\"height: 13.50pt;\">\n<td style=\"height: 13.50pt;\" height=\"18\">Rozm\u011bry balen\u00ed<\/td>\n<td>9,4*8,6*6,1 palce<\/td>\n<\/tr>\n<tr style=\"height: 13.50pt;\">\n<td style=\"height: 13.50pt;\" height=\"18\">Materi\u00e1l<\/td>\n<td>Bezolovnat\u00e9 sklo<\/td>\n<\/tr>\n<tr style=\"height: 13.50pt;\">\n<td style=\"height: 13.50pt;\" height=\"18\">Mno\u017estv\u00ed v balen\u00ed<\/td>\n<td>6 lahv\u00ed v balen\u00ed<\/td>\n<\/tr>\n<tr style=\"height: 13.50pt;\">\n<td style=\"height: 13.50pt;\" height=\"18\">Vzhled<\/td>\n<td>Pr\u016fhledn\u00e9, \u0161t\u00edhl\u00e9 a zak\u0159iven\u00e9 t\u011blo lahve<\/td>\n<\/tr>\n<tr style=\"height: 13.50pt;\">\n<td style=\"height: 13.50pt;\" height=\"18\">T\u011bsnic\u00ed mechanismus<\/td>\n<td style=\"text-align: left;\">Pr\u016fhledn\u00e1 sklen\u011bn\u00e1 z\u00e1tka s odkl\u00e1p\u011bc\u00edm mechanismem a \u010derven\u00fdm t\u011bsnic\u00edm krou\u017ekem na spodn\u00ed stran\u011b<\/td>\n<\/tr>\n<\/tbody>\n<\/table>\n<h2>P\u0159\u00edb\u011bh \u00fasp\u011bchu: Zak\u00e1zkov\u00e1 objedn\u00e1vka od kanadsk\u00e9 zna\u010dky \u0159emesln\u00e9ho octa<\/h2>\n<p>Spole\u010dnost vyr\u00e1b\u011bj\u00edc\u00ed \u0159emesln\u00fd ocet v Britsk\u00e9 Kolumbii si vybrala na\u0161i 500ml sklen\u011bnou l\u00e1hev na vodu s odkl\u00e1p\u011bc\u00edm v\u00edkem a zak\u00e1zkovou mosaznou rukojet\u00ed pokovenou dr\u00e1tem. L\u00e1hev na m\u00edru se uk\u00e1zala jako obrovsk\u00fd \u00fasp\u011bch: vynikaj\u00edc\u00ed t\u011bsn\u011bn\u00ed sn\u00ed\u017eilo ztr\u00e1ty odpa\u0159ov\u00e1n\u00edm o 20 % b\u011bhem dlouh\u00e9ho procesu zr\u00e1n\u00ed. Elegantn\u00ed design l\u00e1hve zv\u00fd\u0161il cenu o 50 %. Jejich po\u010d\u00e1te\u010dn\u00ed \u00fasp\u011bch vedl k dal\u0161\u00ed popt\u00e1vce po 650 000 lahv\u00edch, kter\u00e9 pot\u0159ebovali k zah\u00e1jen\u00ed v\u00fdroby sv\u00e9 produktov\u00e9 \u0159ady bylinn\u00e9ho pitn\u00e9ho octa.<\/p>\n<h2>Lahve s odkl\u00e1p\u011bc\u00edm v\u00edkem pro Kombuchu jsou p\u0159izp\u016fsobeny<\/h2>\n<ul>\n<li>Silikonov\u00fd ochrann\u00fd obal: Nab\u00edz\u00ed voliteln\u00fd odn\u00edmateln\u00fd silikonov\u00fd inertn\u00ed ochrann\u00fd obal, kter\u00fd je protiskluzov\u00fd, nab\u00edz\u00ed lep\u0161\u00ed p\u0159ilnavost k lahvi a izoluje, a z\u00e1rove\u0148 chr\u00e1n\u00ed lahev p\u0159ed n\u00e1razy.<\/li>\n<li>H\u00e1\u010dek a z\u00e1padka: K dispozici v pozinkovan\u00e9 oceli, \u010dern\u00e9, m\u011bd\u011bn\u00e9 nebo mosazn\u00e9 barv\u011b.<\/li>\n<li>\u00dazk\u00e9 hrdlo a barva t\u011bsnic\u00edho krou\u017eku: Z\u00e1tka a barva t\u011bsnic\u00edho krou\u017eku na m\u00edru a v barv\u011b zna\u010dky.<\/li>\n<\/ul>","protected":false},"excerpt":{"rendered":"<p>Vysoce kvalitn\u00ed lahve s odkl\u00e1p\u011bc\u00edm v\u00edkem na kombuchu se silnou kovovou svorkou. Ide\u00e1ln\u00ed pro dom\u00e1c\u00ed va\u0159en\u00ed a balen\u00ed. Velkoobchodn\u00ed slevy a p\u0159\u00edm\u00e9 dod\u00e1vky od v\u00fdrobce.<\/p>","protected":false},"featured_media":17254,"template":"","meta":[],"product_brand":[],"product_cat":[81,80,20],"product_tag":[],"class_list":{"0":"post-16755","1":"product","2":"type-product","3":"status-publish","4":"has-post-thumbnail","6":"product_cat-flip-top-bottles","7":"product_cat-glass-bottles","8":"product_cat-glass-containers","10":"first","11":"instock","12":"shipping-taxable","13":"product-type-grouped"},"jetpack_sharing_enabled":true,"_links":{"self":[{"href":"https:\/\/yebodaglass.com\/cs\/wp-json\/wp\/v2\/product\/16755","targetHints":{"allow":["GET"]}}],"collection":[{"href":"https:\/\/yebodaglass.com\/cs\/wp-json\/wp\/v2\/product"}],"about":[{"href":"https:\/\/yebodaglass.com\/cs\/wp-json\/wp\/v2\/types\/product"}],"version-history":[{"count":5,"href":"https:\/\/yebodaglass.com\/cs\/wp-json\/wp\/v2\/product\/16755\/revisions"}],"predecessor-version":[{"id":25702,"href":"https:\/\/yebodaglass.com\/cs\/wp-json\/wp\/v2\/product\/16755\/revisions\/25702"}],"wp:featuredmedia":[{"embeddable":true,"href":"https:\/\/yebodaglass.com\/cs\/wp-json\/wp\/v2\/media\/17254"}],"wp:attachment":[{"href":"https:\/\/yebodaglass.com\/cs\/wp-json\/wp\/v2\/media?parent=16755"}],"wp:term":[{"taxonomy":"product_brand","embeddable":true,"href":"https:\/\/yebodaglass.com\/cs\/wp-json\/wp\/v2\/product_brand?post=16755"},{"taxonomy":"product_cat","embeddable":true,"href":"https:\/\/yebodaglass.com\/cs\/wp-json\/wp\/v2\/product_cat?post=16755"},{"taxonomy":"product_tag","embeddable":true,"href":"https:\/\/yebodaglass.com\/cs\/wp-json\/wp\/v2\/product_tag?post=16755"}],"curies":[{"name":"wp","href":"https:\/\/api.w.org\/{rel}","templated":true}]}}