{"id":16648,"date":"2025-07-10T14:39:34","date_gmt":"2025-07-10T06:39:34","guid":{"rendered":"https:\/\/yebodaglass.com\/?post_type=product&#038;p=16648"},"modified":"2026-04-13T15:10:20","modified_gmt":"2026-04-13T07:10:20","slug":"clear-milk-storage-bottles-with-lids-wholesale","status":"publish","type":"product","link":"https:\/\/yebodaglass.com\/cs\/clear-milk-storage-bottles-with-lids-wholesale\/","title":{"rendered":"Velkoobchodn\u00ed prodej pr\u016fhledn\u00fdch lahv\u00ed na ml\u00e9ko s v\u00ed\u010dky o objemu 11 oz\/310 ml"},"content":{"rendered":"<p>Tradi\u010dn\u00ed design sklen\u011bn\u00e9 lahve na ml\u00e9ko p\u0159edstavuje lahev s hrdlem, kter\u00e9 je u\u017e\u0161\u00ed ne\u017e jej\u00ed pln\u00fd tvar. Pr\u016fhledn\u00fd potravin\u00e1\u0159sk\u00fd sklen\u011bn\u00fd materi\u00e1l zobrazuje v\u0161echny barevn\u00e9 odst\u00edny \u010derstv\u00e9 \u0161\u0165\u00e1vy, ml\u00e9ka a dom\u00e1c\u00edch n\u00e1poj\u016f.<\/p>\n<h2>\u00da\u010dastn\u00edci<\/h2>\n<ul>\n<li><strong>Retro klasick\u00fd z\u00fa\u017een\u00fd tvar:<\/strong> Retro l\u00e1hev na ml\u00e9ko m\u00e1 zaoblen\u00fd, zu\u017euj\u00edc\u00ed se design, kter\u00fd je snadno rozpoznateln\u00fd a hod\u00ed se k balen\u00ed a vystaven\u00ed r\u016fzn\u00fdch druh\u016f n\u00e1poj\u016f.<\/li>\n<li><strong>Design b\u00edl\u00e9ho t\u011bsnic\u00edho v\u00ed\u010dka:<\/strong> B\u00edl\u00fd t\u011bsnic\u00ed uz\u00e1v\u011br poskytuje \u00fa\u010dinn\u00e9 ut\u011bsn\u011bn\u00ed, kter\u00e9 udr\u017e\u00ed va\u0161e n\u00e1poje \u010derstv\u00e9, proto\u017ee vytv\u00e1\u0159\u00ed vzduchot\u011bsnou bari\u00e9ru.<\/li>\n<li><strong>\u0160irok\u00e9 hrdlo, snadn\u00e9 pln\u011bn\u00ed:<\/strong> Produkt se vyzna\u010duje \u0161irok\u00fdm hrdlem, kter\u00e9 usnad\u0148uje pln\u011bn\u00ed a \u010di\u0161t\u011bn\u00ed, tak\u017ee jej lze pou\u017e\u00edvat v dom\u00e1cnostech, restaurac\u00edch a komer\u010dn\u00edch prostor\u00e1ch.<\/li>\n<\/ul>\n<h2 style=\"text-align: left;\">Kl\u00ed\u010dov\u00e9 specifikace<\/h2>\n<table class=\"aligncenter\" style=\"border-collapse: collapse; width: 346.52pt;\" border=\"0\" width=\"462\" cellspacing=\"0\" cellpadding=\"0\">\n<tbody>\n<tr style=\"height: 13.50pt;\">\n<td style=\"height: 13.50pt; width: 152.25pt;\" width=\"203\" height=\"18\">Specifikace<\/td>\n<td style=\"width: 194.25pt;\" width=\"259\">Podrobnosti<\/td>\n<\/tr>\n<tr style=\"height: 13.50pt;\">\n<td style=\"height: 13.50pt;\" height=\"18\">Kapacita<\/td>\n<td>310 ml<\/td>\n<\/tr>\n<tr style=\"height: 13.50pt;\">\n<td style=\"height: 13.50pt;\" height=\"18\">R\u00e1\u017ee<\/td>\n<td>1,9 palce<\/td>\n<\/tr>\n<tr style=\"height: 13.50pt;\">\n<td style=\"height: 13.50pt;\" height=\"18\">Pr\u016fm\u011br t\u011bla lahve<\/td>\n<td>2,5 palce<\/td>\n<\/tr>\n<tr style=\"height: 13.50pt;\">\n<td style=\"height: 13.50pt;\" height=\"18\">V\u00fd\u0161ka lahve<\/td>\n<td>6 palc\u016f<\/td>\n<\/tr>\n<tr style=\"height: 13.50pt;\">\n<td style=\"height: 13.50pt;\" height=\"18\">Materi\u00e1l<\/td>\n<td>Bezolovnat\u00e9 sklo<\/td>\n<\/tr>\n<tr style=\"height: 13.50pt;\">\n<td style=\"height: 13.50pt;\" height=\"18\">Specifikace balen\u00ed<\/td>\n<td>9\/12 ks v kartonu<\/td>\n<\/tr>\n<\/tbody>\n<\/table>\n<h2>P\u0159\u00edb\u011bh \u00fasp\u011bchu: Zak\u00e1zkov\u00e1 objedn\u00e1vka z ml\u00e9k\u00e1rensk\u00e9 tov\u00e1rny na St\u0159edoz\u00e1pad\u011b<\/h2>\n<p>Ml\u00e9k\u00e1rna ve Wisconsinu, kter\u00e1 funguje jako rodinn\u00fd podnik, si vybrala n\u00e1\u0161 design lahve na ml\u00e9ko a p\u0159idala k n\u011bmu vlastn\u00ed design s reli\u00e9fn\u00edm logem farmy a hn\u011bd\u00fdm sklem. Sklen\u011bn\u00e1 lahev na ml\u00e9ko na m\u00edru dos\u00e1hla velk\u00e9ho \u00fasp\u011bchu, proto\u017ee jej\u00ed design evokoval nostalgii a z\u00e1kaznickou z\u00e1kladnu z m\u00edstn\u00ed oblasti. Design hn\u011bd\u00e9 sklen\u011bn\u00e9 lahve prodlou\u017eil trvanlivost ml\u00e9ka se smetanou o 20 procent, co\u017e vedlo k 40% n\u00e1r\u016fstu p\u0159edplatn\u00e9ho rozvozu dom\u016f. Spole\u010dnost po prvn\u00ed objedn\u00e1vce zv\u00fd\u0161ila svou objedn\u00e1vku na 380 000 lahv\u00ed, proto\u017ee cht\u011bla uv\u00e9st na trh sv\u00e9 nov\u00e9 ochucen\u00e9 ml\u00e9\u010dn\u00e9 v\u00fdrobky.<\/p>\n<h2>N\u00e1vrhy na p\u0159izp\u016fsoben\u00ed sklen\u011bn\u00fdch lahv\u00ed na ml\u00e9ko<\/h2>\n<ul>\n<li>Spole\u010dnost nab\u00edz\u00ed n\u011bkolik barevn\u00fdch variant uz\u00e1v\u011br\u016f se zlat\u00fdmi raz\u00edtky a tradi\u010dn\u00edmi kartonov\u00fdmi z\u00e1tkami, kter\u00e9 vytv\u00e1\u0159ej\u00ed autentick\u00fd vintage vzhled.<\/li>\n<li>\u010ctvercov\u00fd design lahve vytv\u00e1\u0159\u00ed modern\u00ed prostorov\u011b \u00fasporn\u00e9 \u0159e\u0161en\u00ed, kter\u00e9 vyu\u017e\u00edv\u00e1 tradi\u010dn\u00ed \u010dtvercov\u00fd tvar lahve od ml\u00e9ka.<\/li>\n<li>Spole\u010dnost dod\u00e1v\u00e1 zak\u00e1zkov\u00e9 kartonov\u00e9 rukojeti a tak\u00e9 silikonov\u00e9 n\u00e1vleky, kter\u00e9 zlep\u0161uj\u00ed izolaci a \u00fachop.<\/li>\n<\/ul>","protected":false},"excerpt":{"rendered":"<p>Pr\u00e9miov\u00e9 lahve na ml\u00e9ko s odoln\u00fdm sklem a bezpe\u010dn\u00fdm v\u00ed\u010dkem. L\u00e1hev na ml\u00e9ko ide\u00e1ln\u00ed pro dom\u00e1c\u00ed i komer\u010dn\u00ed pou\u017eit\u00ed. Mo\u017enost vlastn\u00edho brandingu. Vzorky zdarma.<\/p>","protected":false},"featured_media":17269,"template":"","meta":[],"product_brand":[],"product_cat":[82,80,20],"product_tag":[],"class_list":{"0":"post-16648","1":"product","2":"type-product","3":"status-publish","4":"has-post-thumbnail","6":"product_cat-milk-bottles","7":"product_cat-glass-bottles","8":"product_cat-glass-containers","10":"first","11":"instock","12":"shipping-taxable","13":"product-type-grouped"},"jetpack_sharing_enabled":true,"_links":{"self":[{"href":"https:\/\/yebodaglass.com\/cs\/wp-json\/wp\/v2\/product\/16648","targetHints":{"allow":["GET"]}}],"collection":[{"href":"https:\/\/yebodaglass.com\/cs\/wp-json\/wp\/v2\/product"}],"about":[{"href":"https:\/\/yebodaglass.com\/cs\/wp-json\/wp\/v2\/types\/product"}],"version-history":[{"count":5,"href":"https:\/\/yebodaglass.com\/cs\/wp-json\/wp\/v2\/product\/16648\/revisions"}],"predecessor-version":[{"id":25764,"href":"https:\/\/yebodaglass.com\/cs\/wp-json\/wp\/v2\/product\/16648\/revisions\/25764"}],"wp:featuredmedia":[{"embeddable":true,"href":"https:\/\/yebodaglass.com\/cs\/wp-json\/wp\/v2\/media\/17269"}],"wp:attachment":[{"href":"https:\/\/yebodaglass.com\/cs\/wp-json\/wp\/v2\/media?parent=16648"}],"wp:term":[{"taxonomy":"product_brand","embeddable":true,"href":"https:\/\/yebodaglass.com\/cs\/wp-json\/wp\/v2\/product_brand?post=16648"},{"taxonomy":"product_cat","embeddable":true,"href":"https:\/\/yebodaglass.com\/cs\/wp-json\/wp\/v2\/product_cat?post=16648"},{"taxonomy":"product_tag","embeddable":true,"href":"https:\/\/yebodaglass.com\/cs\/wp-json\/wp\/v2\/product_tag?post=16648"}],"curies":[{"name":"wp","href":"https:\/\/api.w.org\/{rel}","templated":true}]}}