{"id":16622,"date":"2025-07-10T13:37:41","date_gmt":"2025-07-10T05:37:41","guid":{"rendered":"https:\/\/yebodaglass.com\/?post_type=product&#038;p=16622"},"modified":"2026-03-11T13:58:10","modified_gmt":"2026-03-11T05:58:10","slug":"round-glass-mason-jars-for-jam-wholesale","status":"publish","type":"product","link":"https:\/\/yebodaglass.com\/cs\/produkt\/round-glass-mason-jars-for-jam-wholesale\/","title":{"rendered":"10oz kulat\u00e9 sklen\u011bn\u00e9 zava\u0159ovac\u00ed sklenice na d\u017eem velkoobchod"},"content":{"rendered":"<div data-elementor-type=\"wp-post\" data-elementor-id=\"16622\" class=\"elementor elementor-16622\" data-elementor-settings=\"{&quot;ha_cmc_init_switcher&quot;:&quot;no&quot;}\" data-elementor-post-type=\"product\">\n\t\t\t\t<div class=\"elementor-element elementor-element-bb0d695 e-flex e-con-boxed e-con e-parent\" data-id=\"bb0d695\" data-element_type=\"container\" data-e-type=\"container\" data-settings=\"{&quot;_ha_eqh_enable&quot;:false}\">\n\t\t\t\t\t<div class=\"e-con-inner\">\n\t\t\t\t<div class=\"elementor-element elementor-element-732f179 elementor-widget elementor-widget-text-editor\" data-id=\"732f179\" data-element_type=\"widget\" data-e-type=\"widget\" data-widget_type=\"text-editor.default\">\n\t\t\t\t<div class=\"elementor-widget-container\">\n\t\t\t\t\t\t\t\t\t<p>Na\u0161e \u010dtvercov\u00e9 zava\u0159ovac\u00ed sklenice o objemu 300 ml s d\u011blen\u00fdm t\u011bsn\u011bn\u00edm v\u00edka kombinuj\u00ed prakti\u010dnost s modern\u00edm designem. Vzduchot\u011bsn\u00e9 v\u00edko zaji\u0161\u0165uje ochranu d\u017eemu, om\u00e1\u010dky nebo \u010derstvost jak\u00fdchkoli dom\u00e1c\u00edch pokrm\u016f. Pr\u016fhledn\u00e1 v\u00ed\u010dka odhaluje sklen\u011bn\u00e9 materi\u00e1ly, co\u017e je \u010din\u00ed ide\u00e1ln\u00edmi pro skladov\u00e1n\u00ed v kuchyni, d\u00e1rky nebo profesion\u00e1ln\u00ed prezentaci.<\/p>\t\t\t\t\t\t\t\t<\/div>\n\t\t\t\t<\/div>\n\t\t\t\t<div class=\"elementor-element elementor-element-54c8d6c elementor-widget elementor-widget-heading\" data-id=\"54c8d6c\" data-element_type=\"widget\" data-e-type=\"widget\" data-widget_type=\"heading.default\">\n\t\t\t\t<div class=\"elementor-widget-container\">\n\t\t\t\t\t<h2 class=\"elementor-heading-title elementor-size-default\">Kl\u00ed\u010dov\u00e9 specifikace<\/h2>\t\t\t\t<\/div>\n\t\t\t\t<\/div>\n\t\t\t\t<div class=\"elementor-element elementor-element-14509d8 elementor-widget elementor-widget-text-editor\" data-id=\"14509d8\" data-element_type=\"widget\" data-e-type=\"widget\" data-widget_type=\"text-editor.default\">\n\t\t\t\t<div class=\"elementor-widget-container\">\n\t\t\t\t\t\t\t\t\t<table class=\"aligncenter\" style=\"border-collapse: collapse; width: 586.52pt;\" border=\"0\" width=\"782\" cellspacing=\"0\" cellpadding=\"0\"><tbody><tr style=\"height: 13.50pt;\"><td style=\"height: 13.50pt; width: 144.00pt;\" width=\"192\" height=\"18\">Specifikace<\/td><td style=\"width: 442.50pt;\" width=\"590\">Podrobnosti<\/td><\/tr><tr style=\"height: 13.50pt;\"><td style=\"height: 13.50pt;\" height=\"18\">Kapacita<\/td><td>300 ml<\/td><\/tr><tr style=\"height: 13.50pt;\"><td style=\"height: 13.50pt;\" height=\"18\">Rozm\u011bry balen\u00ed<\/td><td>10,6*10,6*4,1 palce<\/td><\/tr><tr style=\"height: 13.50pt;\"><td style=\"height: 13.50pt;\" height=\"18\">Materi\u00e1l<\/td><td>Vysoce kvalitn\u00ed sklo<\/td><\/tr><tr style=\"height: 13.50pt;\"><td style=\"height: 13.50pt;\" height=\"18\">Mno\u017estv\u00ed v balen\u00ed<\/td><td>9 sklenic v balen\u00ed<\/td><\/tr><tr style=\"height: 13.50pt;\"><td style=\"height: 13.50pt;\" height=\"18\">Tvar sklenice<\/td><td>V\u00e1lcov\u00fd s m\u00edrn\u011b \u0161ir\u0161\u00ed z\u00e1kladnou<\/td><\/tr><tr style=\"height: 13.50pt;\"><td style=\"height: 13.50pt;\" height=\"18\">Typ skla<\/td><td>Pr\u016fhledn\u00e9, umo\u017e\u0148uj\u00edc\u00ed pln\u00fd v\u00fdhled na obsah<\/td><\/tr><tr style=\"height: 13.50pt;\"><td style=\"height: 13.50pt;\" height=\"18\">Typ v\u00edka<\/td><td>St\u0159\u00edbrn\u00e9 \u0161roubovac\u00ed v\u00ed\u010dko s vroubkovan\u00fdmi okraji pro snadn\u00e9 uchopen\u00ed a uta\u017een\u00ed<\/td><\/tr><\/tbody><\/table>\t\t\t\t\t\t\t\t<\/div>\n\t\t\t\t<\/div>\n\t\t\t\t\t<\/div>\n\t\t\t\t<\/div>\n\t\t<div class=\"elementor-element elementor-element-55e31eb e-flex e-con-boxed e-con e-parent\" data-id=\"55e31eb\" data-element_type=\"container\" data-e-type=\"container\" data-settings=\"{&quot;_ha_eqh_enable&quot;:false}\">\n\t\t\t\t\t<div class=\"e-con-inner\">\n\t\t\t\t<div class=\"elementor-element elementor-element-fc0900e elementor-widget elementor-widget-heading\" data-id=\"fc0900e\" data-element_type=\"widget\" data-e-type=\"widget\" data-widget_type=\"heading.default\">\n\t\t\t\t<div class=\"elementor-widget-container\">\n\t\t\t\t\t<h2 class=\"elementor-heading-title elementor-size-default\">\u00da\u010dastn\u00edci<\/h2>\t\t\t\t<\/div>\n\t\t\t\t<\/div>\n\t\t\t\t\t<\/div>\n\t\t\t\t<\/div>\n\t\t<div class=\"elementor-element elementor-element-723cd80 e-flex e-con-boxed e-con e-parent\" data-id=\"723cd80\" data-element_type=\"container\" data-e-type=\"container\" data-settings=\"{&quot;_ha_eqh_enable&quot;:false}\">\n\t\t\t\t\t<div class=\"e-con-inner\">\n\t\t<div class=\"elementor-element elementor-element-bf4cb81 e-con-full e-flex e-con e-child\" data-id=\"bf4cb81\" data-element_type=\"container\" data-e-type=\"container\" data-settings=\"{&quot;_ha_eqh_enable&quot;:false}\">\n\t\t\t\t<div class=\"elementor-element elementor-element-202a3f6 elementor-widget elementor-widget-image\" data-id=\"202a3f6\" data-element_type=\"widget\" data-e-type=\"widget\" data-widget_type=\"image.default\">\n\t\t\t\t<div class=\"elementor-widget-container\">\n\t\t\t\t\t\t\t\t\t\t\t\t\t\t\t<img fetchpriority=\"high\" decoding=\"async\" width=\"1620\" height=\"1620\" src=\"https:\/\/yebodaglass.com\/wp-content\/uploads\/2025\/07\/3-3.webp\" class=\"attachment-full size-full wp-image-16637\" alt=\"Velkoobchodn\u00ed prodej 16 oz Mason sklenic na d\u017eem\" \/>\t\t\t\t\t\t\t\t\t\t\t\t\t\t\t<\/div>\n\t\t\t\t<\/div>\n\t\t\t\t<div class=\"elementor-element elementor-element-fc1fd2d elementor-widget elementor-widget-text-editor\" data-id=\"fc1fd2d\" data-element_type=\"widget\" data-e-type=\"widget\" data-widget_type=\"text-editor.default\">\n\t\t\t\t<div class=\"elementor-widget-container\">\n\t\t\t\t\t\t\t\t\t<p>V\u0161estrann\u00e9 a praktick\u00e9 pou\u017eit\u00ed: Jednoduch\u00fd, ale funk\u010dn\u00ed design d\u00f3zy je vhodn\u00fd pro ukl\u00e1d\u00e1n\u00ed r\u016fzn\u00fdch p\u0159edm\u011bt\u016f, jako je ko\u0159en\u00ed, bylinky, sva\u010diny nebo drobn\u00e9 kuchy\u0148sk\u00e9 ingredience, co\u017e zvy\u0161uje jej\u00ed u\u017eite\u010dnost v ka\u017edodenn\u00edm \u017eivot\u011b.<\/p>\t\t\t\t\t\t\t\t<\/div>\n\t\t\t\t<\/div>\n\t\t\t\t<\/div>\n\t\t<div class=\"elementor-element elementor-element-73418b7 e-con-full e-flex e-con e-child\" data-id=\"73418b7\" data-element_type=\"container\" data-e-type=\"container\" data-settings=\"{&quot;_ha_eqh_enable&quot;:false}\">\n\t\t\t\t<div class=\"elementor-element elementor-element-490e976 elementor-widget elementor-widget-image\" data-id=\"490e976\" data-element_type=\"widget\" data-e-type=\"widget\" data-widget_type=\"image.default\">\n\t\t\t\t<div class=\"elementor-widget-container\">\n\t\t\t\t\t\t\t\t\t\t\t\t\t\t\t<img decoding=\"async\" width=\"1620\" height=\"1620\" src=\"https:\/\/yebodaglass.com\/wp-content\/uploads\/2025\/07\/6-5.webp\" class=\"attachment-large size-large wp-image-16638\" alt=\"Velkoobchodn\u00ed prodej 32 oz Mason Glass s v\u00e1lcov\u00fdm designem\" srcset=\"https:\/\/yebodaglass.com\/wp-content\/uploads\/2025\/07\/6-5.webp 1620w, https:\/\/yebodaglass.com\/wp-content\/uploads\/2025\/07\/elementor\/thumbs\/6-5-r8jh0iidgbtfzlg26a43gvb6w9cxxfmd4lm18tj6ao.webp 400w\" sizes=\"(max-width: 1620px) 100vw, 1620px\" \/>\t\t\t\t\t\t\t\t\t\t\t\t\t\t\t<\/div>\n\t\t\t\t<\/div>\n\t\t\t\t<div class=\"elementor-element elementor-element-28d6163 elementor-widget elementor-widget-text-editor\" data-id=\"28d6163\" data-element_type=\"widget\" data-e-type=\"widget\" data-widget_type=\"text-editor.default\">\n\t\t\t\t<div class=\"elementor-widget-container\">\n\t\t\t\t\t\t\t\t\t<p>Bezpe\u010dn\u00e9 st\u0159\u00edbrn\u00e9 \u0161roubovac\u00ed v\u00ed\u010dko: Vroubkovan\u00e9 st\u0159\u00edbrn\u00e9 v\u00ed\u010dko zaji\u0161\u0165uje pevn\u00e9 a bezpe\u010dn\u00e9 ut\u011bsn\u011bn\u00ed, kter\u00e9 zaji\u0161\u0165uje, \u017ee obsah z\u016fstane \u010derstv\u00fd a chr\u00e1n\u011bn\u00fd p\u0159ed vn\u011bj\u0161\u00edmi vlivy.<\/p>\t\t\t\t\t\t\t\t<\/div>\n\t\t\t\t<\/div>\n\t\t\t\t<\/div>\n\t\t\t\t\t<\/div>\n\t\t\t\t<\/div>\n\t\t<div class=\"elementor-element elementor-element-0289a6a e-flex e-con-boxed e-con e-parent\" data-id=\"0289a6a\" data-element_type=\"container\" data-e-type=\"container\" data-settings=\"{&quot;_ha_eqh_enable&quot;:false}\">\n\t\t\t\t\t<div class=\"e-con-inner\">\n\t\t<div class=\"elementor-element elementor-element-c96924d e-con-full e-flex e-con e-child\" data-id=\"c96924d\" data-element_type=\"container\" data-e-type=\"container\" data-settings=\"{&quot;_ha_eqh_enable&quot;:false}\">\n\t\t\t\t<div class=\"elementor-element elementor-element-21b20dd elementor-widget elementor-widget-image\" data-id=\"21b20dd\" data-element_type=\"widget\" data-e-type=\"widget\" data-widget_type=\"image.default\">\n\t\t\t\t<div class=\"elementor-widget-container\">\n\t\t\t\t\t\t\t\t\t\t\t\t\t\t\t<img decoding=\"async\" width=\"1000\" height=\"1000\" src=\"https:\/\/yebodaglass.com\/wp-content\/uploads\/2025\/07\/mason-jar-3.webp\" class=\"attachment-full size-full wp-image-18005\" alt=\"Velkoobchodn\u00ed prodej 16 oz Mason sklenic na d\u017eem\" \/>\t\t\t\t\t\t\t\t\t\t\t\t\t\t\t<\/div>\n\t\t\t\t<\/div>\n\t\t\t\t<div class=\"elementor-element elementor-element-39f687a elementor-widget elementor-widget-text-editor\" data-id=\"39f687a\" data-element_type=\"widget\" data-e-type=\"widget\" data-widget_type=\"text-editor.default\">\n\t\t\t\t<div class=\"elementor-widget-container\">\n\t\t\t\t\t\t\t\t\t<p>Kompaktn\u00ed a prostorov\u011b \u00fasporn\u00fd design: D\u00edky sv\u00fdm specifick\u00fdm rozm\u011br\u016fm je n\u00e1doba kompaktn\u00ed a snadno se skladuje, dob\u0159e se vejde do kuchy\u0148sk\u00fdch sk\u0159\u00edn\u011bk, sp\u00ed\u017e\u00ed nebo na pracovn\u00ed desky, ani\u017e by zab\u00edrala p\u0159\u00edli\u0161 mnoho m\u00edsta.<\/p>\t\t\t\t\t\t\t\t<\/div>\n\t\t\t\t<\/div>\n\t\t\t\t<\/div>\n\t\t<div class=\"elementor-element elementor-element-476570b e-con-full e-flex e-con e-child\" data-id=\"476570b\" data-element_type=\"container\" data-e-type=\"container\" data-settings=\"{&quot;_ha_eqh_enable&quot;:false}\">\n\t\t\t\t<div class=\"elementor-element elementor-element-c3dbdb7 elementor-widget elementor-widget-image\" data-id=\"c3dbdb7\" data-element_type=\"widget\" data-e-type=\"widget\" data-widget_type=\"image.default\">\n\t\t\t\t<div class=\"elementor-widget-container\">\n\t\t\t\t\t\t\t\t\t\t\t\t\t\t\t<img loading=\"lazy\" decoding=\"async\" width=\"1000\" height=\"1000\" src=\"https:\/\/yebodaglass.com\/wp-content\/uploads\/2025\/07\/mason-jar-1.webp\" class=\"attachment-large size-large wp-image-18003\" alt=\"Velkoobchodn\u00ed prodej 16 oz Mason sklenic na d\u017eem\" \/>\t\t\t\t\t\t\t\t\t\t\t\t\t\t\t<\/div>\n\t\t\t\t<\/div>\n\t\t\t\t<div class=\"elementor-element elementor-element-61991dc elementor-widget elementor-widget-text-editor\" data-id=\"61991dc\" data-element_type=\"widget\" data-e-type=\"widget\" data-widget_type=\"text-editor.default\">\n\t\t\t\t<div class=\"elementor-widget-container\">\n\t\t\t\t\t\t\t\t\t<p>Pr\u016fhledn\u00e1 sklen\u011bn\u00e1 konstrukce: Pr\u016fhledn\u00e9 sklo umo\u017e\u0148uje pln\u00fd v\u00fdhled na obsah, tak\u017ee je snadn\u00e9 identifikovat, co je uvnit\u0159, ani\u017e byste museli d\u00f3zu otev\u00edrat.<\/p>\t\t\t\t\t\t\t\t<\/div>\n\t\t\t\t<\/div>\n\t\t\t\t<\/div>\n\t\t\t\t\t<\/div>\n\t\t\t\t<\/div>\n\t\t<div class=\"elementor-element elementor-element-88b472e e-con-full e-flex e-con e-parent\" data-id=\"88b472e\" data-element_type=\"container\" data-e-type=\"container\" data-settings=\"{&quot;_ha_eqh_enable&quot;:false}\">\n\t\t\t\t<div class=\"elementor-element elementor-element-3582c55 elementor-widget elementor-widget-text-editor\" data-id=\"3582c55\" data-element_type=\"widget\" data-e-type=\"widget\" data-widget_type=\"text-editor.default\">\n\t\t\t\t<div class=\"elementor-widget-container\">\n\t\t\t\t\t\t\t\t\t<p>\u00a0 \u00a0 \u00a0 \u00a0 \u00a0 \u00a0 \u00a0 \u00a0 \u00a0 \u00a0 \u00a0 \u00a0 <img loading=\"lazy\" decoding=\"async\" class=\"alignnone wp-image-16229\" src=\"https:\/\/yebodaglass.com\/wp-content\/uploads\/2025\/07\/d1ad5ea8ed4fd82e283a3a35878dd5c.png\" alt=\"\" width=\"240\" height=\"240\" srcset=\"https:\/\/yebodaglass.com\/wp-content\/uploads\/2025\/07\/d1ad5ea8ed4fd82e283a3a35878dd5c.png 220w, https:\/\/yebodaglass.com\/wp-content\/uploads\/2025\/07\/d1ad5ea8ed4fd82e283a3a35878dd5c-100x100.png 100w, https:\/\/yebodaglass.com\/wp-content\/uploads\/2025\/07\/d1ad5ea8ed4fd82e283a3a35878dd5c-150x150.png 150w, https:\/\/yebodaglass.com\/wp-content\/uploads\/2025\/07\/d1ad5ea8ed4fd82e283a3a35878dd5c-12x12.png 12w\" sizes=\"(max-width: 240px) 100vw, 240px\" \/>\u00a0 \u00a0 \u00a0 \u00a0 \u00a0<img loading=\"lazy\" decoding=\"async\" class=\"alignnone wp-image-16228\" src=\"https:\/\/yebodaglass.com\/wp-content\/uploads\/2025\/07\/4679f61166f64c6045dbc74c130db9a.png\" alt=\"\" width=\"240\" height=\"240\" srcset=\"https:\/\/yebodaglass.com\/wp-content\/uploads\/2025\/07\/4679f61166f64c6045dbc74c130db9a.png 220w, https:\/\/yebodaglass.com\/wp-content\/uploads\/2025\/07\/4679f61166f64c6045dbc74c130db9a-100x100.png 100w, https:\/\/yebodaglass.com\/wp-content\/uploads\/2025\/07\/4679f61166f64c6045dbc74c130db9a-150x150.png 150w, https:\/\/yebodaglass.com\/wp-content\/uploads\/2025\/07\/4679f61166f64c6045dbc74c130db9a-12x12.png 12w\" sizes=\"(max-width: 240px) 100vw, 240px\" \/>\u00a0 \u00a0 \u00a0 \u00a0 \u00a0 <img loading=\"lazy\" decoding=\"async\" class=\"alignnone wp-image-16230\" src=\"https:\/\/yebodaglass.com\/wp-content\/uploads\/2025\/07\/e59283ab6cb2ed3c93ba4f8a33db2ff.png\" alt=\"\" width=\"240\" height=\"240\" srcset=\"https:\/\/yebodaglass.com\/wp-content\/uploads\/2025\/07\/e59283ab6cb2ed3c93ba4f8a33db2ff.png 220w, https:\/\/yebodaglass.com\/wp-content\/uploads\/2025\/07\/e59283ab6cb2ed3c93ba4f8a33db2ff-100x100.png 100w, https:\/\/yebodaglass.com\/wp-content\/uploads\/2025\/07\/e59283ab6cb2ed3c93ba4f8a33db2ff-150x150.png 150w, https:\/\/yebodaglass.com\/wp-content\/uploads\/2025\/07\/e59283ab6cb2ed3c93ba4f8a33db2ff-12x12.png 12w\" sizes=\"(max-width: 240px) 100vw, 240px\" \/>\u00a0 \u00a0 \u00a0 <img loading=\"lazy\" decoding=\"async\" class=\"alignnone wp-image-16227\" src=\"https:\/\/yebodaglass.com\/wp-content\/uploads\/2025\/07\/8b499cc8b9c63806f1b8b3d5aa03275.png\" alt=\"\" width=\"240\" height=\"240\" srcset=\"https:\/\/yebodaglass.com\/wp-content\/uploads\/2025\/07\/8b499cc8b9c63806f1b8b3d5aa03275.png 220w, https:\/\/yebodaglass.com\/wp-content\/uploads\/2025\/07\/8b499cc8b9c63806f1b8b3d5aa03275-100x100.png 100w, https:\/\/yebodaglass.com\/wp-content\/uploads\/2025\/07\/8b499cc8b9c63806f1b8b3d5aa03275-150x150.png 150w, https:\/\/yebodaglass.com\/wp-content\/uploads\/2025\/07\/8b499cc8b9c63806f1b8b3d5aa03275-12x12.png 12w\" sizes=\"(max-width: 240px) 100vw, 240px\" \/><\/p>\t\t\t\t\t\t\t\t<\/div>\n\t\t\t\t<\/div>\n\t\t\t\t<\/div>\n\t\t<div class=\"elementor-element elementor-element-792eb8c e-flex e-con-boxed e-con e-parent\" data-id=\"792eb8c\" data-element_type=\"container\" data-e-type=\"container\" data-settings=\"{&quot;_ha_eqh_enable&quot;:false}\">\n\t\t\t\t\t<div class=\"e-con-inner\">\n\t\t\t\t<div class=\"elementor-element elementor-element-ceb50a8 elementor-widget elementor-widget-image\" data-id=\"ceb50a8\" data-element_type=\"widget\" data-e-type=\"widget\" data-widget_type=\"image.default\">\n\t\t\t\t<div class=\"elementor-widget-container\">\n\t\t\t\t\t\t\t\t\t\t\t\t\t\t\t<img loading=\"lazy\" decoding=\"async\" width=\"1620\" height=\"1620\" src=\"https:\/\/yebodaglass.com\/wp-content\/uploads\/2025\/07\/5-1.webp\" class=\"attachment-full size-full wp-image-16640\" alt=\"\" srcset=\"https:\/\/yebodaglass.com\/wp-content\/uploads\/2025\/07\/5-1.webp 1620w, https:\/\/yebodaglass.com\/wp-content\/uploads\/2025\/07\/elementor\/thumbs\/5-1-r8jh3p6om46fc0thknokx2dfd9nq0i9m8d79skt57k.webp 400w\" sizes=\"(max-width: 1620px) 100vw, 1620px\" \/>\t\t\t\t\t\t\t\t\t\t\t\t\t\t\t<\/div>\n\t\t\t\t<\/div>\n\t\t\t\t<div class=\"elementor-element elementor-element-b2907c6 elementor-widget elementor-widget-text-editor\" data-id=\"b2907c6\" data-element_type=\"widget\" data-e-type=\"widget\" data-widget_type=\"text-editor.default\">\n\t\t\t\t<div class=\"elementor-widget-container\">\n\t\t\t\t\t\t\t\t\t<p>Osobn\u00ed pou\u017eit\u00ed:<\/p><p>Tyto zava\u0159ovac\u00ed sklenice jsou ide\u00e1ln\u00ed na dom\u00e1c\u00ed d\u017eemy, \u017eel\u00e9, om\u00e1\u010dky, nakl\u00e1danou zeleninu nebo tvo\u0159iv\u00e9 projekty. Vzduchot\u011bsn\u00e9 v\u00edko udr\u017euje potraviny \u010derstv\u00e9 a \u010dtvercov\u00fd design zaji\u0161\u0165uje \u010dist\u00e9 a stylov\u00e9 skladov\u00e1n\u00ed.<\/p><p>Profesion\u00e1ln\u00ed pou\u017eit\u00ed:<\/p><p>Tyto sklenice na d\u017eem jsou ide\u00e1ln\u00ed pro obchody s dom\u00e1c\u00edmi mazl\u00ed\u010dky, mal\u00e9 v\u00fdrobce potravin nebo \u0159emesln\u00e9 zna\u010dky. D\u011blen\u00e9 t\u011bsn\u011bn\u00ed v\u00edka zaji\u0161\u0165uje kvalitu produktu, zlep\u0161uje prezentaci v reg\u00e1lech a p\u0159itahuje z\u00e1kazn\u00edky.<\/p>\t\t\t\t\t\t\t\t<\/div>\n\t\t\t\t<\/div>\n\t\t\t\t\t<\/div>\n\t\t\t\t<\/div>\n\t\t\t\t<\/div>","protected":false},"excerpt":{"rendered":"<p>Velkoobchodn\u00ed \u010dtvercov\u00e9 zava\u0159ovac\u00ed sklenice o objemu 10oz s d\u011blen\u00fdm uz\u00e1v\u011brem. Ide\u00e1ln\u00ed na d\u017eemy, zava\u0159eniny a dom\u00e1c\u00ed pochoutky \u2013 odoln\u00e9, opakovan\u011b pou\u017eiteln\u00e9 a vzduchot\u011bsn\u00e9.<\/p>","protected":false},"featured_media":17271,"template":"","meta":[],"product_brand":[],"product_cat":[83,20,84],"product_tag":[],"class_list":{"0":"post-16622","1":"product","2":"type-product","3":"status-publish","4":"has-post-thumbnail","6":"product_cat-glass-jars","7":"product_cat-glass-containers","8":"product_cat-mason-jars","10":"first","11":"instock","12":"shipping-taxable","13":"product-type-grouped"},"jetpack_sharing_enabled":true,"_links":{"self":[{"href":"https:\/\/yebodaglass.com\/cs\/wp-json\/wp\/v2\/product\/16622","targetHints":{"allow":["GET"]}}],"collection":[{"href":"https:\/\/yebodaglass.com\/cs\/wp-json\/wp\/v2\/product"}],"about":[{"href":"https:\/\/yebodaglass.com\/cs\/wp-json\/wp\/v2\/types\/product"}],"version-history":[{"count":5,"href":"https:\/\/yebodaglass.com\/cs\/wp-json\/wp\/v2\/product\/16622\/revisions"}],"predecessor-version":[{"id":25356,"href":"https:\/\/yebodaglass.com\/cs\/wp-json\/wp\/v2\/product\/16622\/revisions\/25356"}],"wp:featuredmedia":[{"embeddable":true,"href":"https:\/\/yebodaglass.com\/cs\/wp-json\/wp\/v2\/media\/17271"}],"wp:attachment":[{"href":"https:\/\/yebodaglass.com\/cs\/wp-json\/wp\/v2\/media?parent=16622"}],"wp:term":[{"taxonomy":"product_brand","embeddable":true,"href":"https:\/\/yebodaglass.com\/cs\/wp-json\/wp\/v2\/product_brand?post=16622"},{"taxonomy":"product_cat","embeddable":true,"href":"https:\/\/yebodaglass.com\/cs\/wp-json\/wp\/v2\/product_cat?post=16622"},{"taxonomy":"product_tag","embeddable":true,"href":"https:\/\/yebodaglass.com\/cs\/wp-json\/wp\/v2\/product_tag?post=16622"}],"curies":[{"name":"wp","href":"https:\/\/api.w.org\/{rel}","templated":true}]}}