{"id":16530,"date":"2025-07-09T16:29:56","date_gmt":"2025-07-09T08:29:56","guid":{"rendered":"https:\/\/yebodaglass.com\/?post_type=product&#038;p=16530"},"modified":"2025-09-15T10:16:14","modified_gmt":"2025-09-15T02:16:14","slug":"wholesale-clear-8-5-oz-leak-proof-flip-top-water-bottle","status":"publish","type":"product","link":"https:\/\/yebodaglass.com\/cs\/wholesale-clear-8-5-oz-leak-proof-flip-top-water-bottle\/","title":{"rendered":"Velkoobchodn\u00ed pr\u016fhledn\u00e1 nepropustn\u00e1 l\u00e1hev na vodu s odkl\u00e1p\u011bc\u00edm v\u00edkem o objemu 8 oz"},"content":{"rendered":"<div data-elementor-type=\"wp-post\" data-elementor-id=\"16530\" class=\"elementor elementor-16530\" data-elementor-settings=\"{&quot;ha_cmc_init_switcher&quot;:&quot;no&quot;}\" data-elementor-post-type=\"product\">\n\t\t\t\t<div class=\"elementor-element elementor-element-bb0d695 e-flex e-con-boxed e-con e-parent\" data-id=\"bb0d695\" data-element_type=\"container\" data-e-type=\"container\" data-settings=\"{&quot;_ha_eqh_enable&quot;:false}\">\n\t\t\t\t\t<div class=\"e-con-inner\">\n\t\t\t\t<div class=\"elementor-element elementor-element-732f179 elementor-widget elementor-widget-text-editor\" data-id=\"732f179\" data-element_type=\"widget\" data-e-type=\"widget\" data-widget_type=\"text-editor.default\">\n\t\t\t\t<div class=\"elementor-widget-container\">\n\t\t\t\t\t\t\t\t\t<p>Na\u0161e pr\u016fhledn\u00e1 l\u00e1hev na vodu o objemu 250 ml s odkl\u00e1p\u011bc\u00edm v\u00edkem je navr\u017eena pro pohodl\u00ed a spolehlivost. L\u00e1hev s odkl\u00e1p\u011bc\u00edm v\u00edkem zaji\u0161\u0165uje bezpe\u010dnou p\u0159epravu, zat\u00edmco kompaktn\u00ed t\u011blo z pr\u016fhledn\u00e9ho skla v\u00e1m umo\u017e\u0148uje nahl\u00e9dnout do obsahu n\u00e1poje. Tato l\u00e1hev je ide\u00e1ln\u00ed pro ka\u017edodenn\u00ed hydrataci, venkovn\u00ed aktivity nebo profesion\u00e1ln\u00ed pou\u017eit\u00ed a kombinuje prakti\u010dnost s hladk\u00fdm, modern\u00edm tvarem.<\/p>\t\t\t\t\t\t\t\t<\/div>\n\t\t\t\t<\/div>\n\t\t\t\t<div class=\"elementor-element elementor-element-54c8d6c elementor-widget elementor-widget-heading\" data-id=\"54c8d6c\" data-element_type=\"widget\" data-e-type=\"widget\" data-widget_type=\"heading.default\">\n\t\t\t\t<div class=\"elementor-widget-container\">\n\t\t\t\t\t<h2 class=\"elementor-heading-title elementor-size-default\">Kl\u00ed\u010dov\u00e9 specifikace<\/h2>\t\t\t\t<\/div>\n\t\t\t\t<\/div>\n\t\t\t\t<div class=\"elementor-element elementor-element-14509d8 elementor-widget elementor-widget-text-editor\" data-id=\"14509d8\" data-element_type=\"widget\" data-e-type=\"widget\" data-widget_type=\"text-editor.default\">\n\t\t\t\t<div class=\"elementor-widget-container\">\n\t\t\t\t\t\t\t\t\t<table class=\"aligncenter\" style=\"border-collapse: collapse; width: 369.77pt;\" border=\"0\" width=\"493\" cellspacing=\"0\" cellpadding=\"0\"><tbody><tr style=\"height: 13.50pt;\"><td style=\"height: 13.50pt; width: 206.25pt;\" width=\"275\" height=\"18\">Polo\u017eka specifikace<\/td><td style=\"width: 163.50pt;\" width=\"218\">Podrobnosti<\/td><\/tr><tr style=\"height: 13.50pt;\"><td style=\"height: 13.50pt;\" height=\"18\">Kapacita<\/td><td>250 ml<\/td><\/tr><tr style=\"height: 13.50pt;\"><td style=\"height: 13.50pt;\" height=\"18\">Rozm\u011bry balen\u00ed<\/td><td>8,5*7,9*7,9 palce<\/td><\/tr><tr style=\"height: 13.50pt;\"><td style=\"height: 13.50pt;\" height=\"18\">Materi\u00e1l<\/td><td>Bezolovnat\u00e9 sklo<\/td><\/tr><tr style=\"height: 13.50pt;\"><td style=\"height: 13.50pt;\" height=\"18\">Specifikace balen\u00ed na kus<\/td><td>9 kus\u016f v balen\u00ed<\/td><\/tr><tr style=\"height: 13.50pt;\"><td style=\"height: 13.50pt;\" height=\"18\">Typ v\u00ed\u010dka<\/td><td>Odklopn\u00e9 v\u00edko s gumov\u00fdm t\u011bsn\u011bn\u00edm<\/td><\/tr><\/tbody><\/table>\t\t\t\t\t\t\t\t<\/div>\n\t\t\t\t<\/div>\n\t\t\t\t\t<\/div>\n\t\t\t\t<\/div>\n\t\t<div class=\"elementor-element elementor-element-55e31eb e-flex e-con-boxed e-con e-parent\" data-id=\"55e31eb\" data-element_type=\"container\" data-e-type=\"container\" data-settings=\"{&quot;_ha_eqh_enable&quot;:false}\">\n\t\t\t\t\t<div class=\"e-con-inner\">\n\t\t\t\t<div class=\"elementor-element elementor-element-fc0900e elementor-widget elementor-widget-heading\" data-id=\"fc0900e\" data-element_type=\"widget\" data-e-type=\"widget\" data-widget_type=\"heading.default\">\n\t\t\t\t<div class=\"elementor-widget-container\">\n\t\t\t\t\t<h2 class=\"elementor-heading-title elementor-size-default\">\u00da\u010dastn\u00edci<\/h2>\t\t\t\t<\/div>\n\t\t\t\t<\/div>\n\t\t\t\t\t<\/div>\n\t\t\t\t<\/div>\n\t\t<div class=\"elementor-element elementor-element-723cd80 e-flex e-con-boxed e-con e-parent\" data-id=\"723cd80\" data-element_type=\"container\" data-e-type=\"container\" data-settings=\"{&quot;_ha_eqh_enable&quot;:false}\">\n\t\t\t\t\t<div class=\"e-con-inner\">\n\t\t<div class=\"elementor-element elementor-element-bf4cb81 e-con-full e-flex e-con e-child\" data-id=\"bf4cb81\" data-element_type=\"container\" data-e-type=\"container\" data-settings=\"{&quot;_ha_eqh_enable&quot;:false}\">\n\t\t\t\t<div class=\"elementor-element elementor-element-202a3f6 elementor-widget elementor-widget-image\" data-id=\"202a3f6\" data-element_type=\"widget\" data-e-type=\"widget\" data-widget_type=\"image.default\">\n\t\t\t\t<div class=\"elementor-widget-container\">\n\t\t\t\t\t\t\t\t\t\t\t\t\t\t\t<img decoding=\"async\" src=\"https:\/\/yebodaglass.com\/wp-content\/uploads\/elementor\/thumbs\/flip-top-water-bottle-4-r9k84i60y2f6vvblsyy94lpb7ncabibkx2b7273stc.webp\" title=\"Velkoobchodn\u00ed pr\u016fhledn\u00e1 nepropustn\u00e1 l\u00e1hev na vodu s odkl\u00e1p\u011bc\u00edm v\u00edkem o objemu 8,5 oz\" alt=\"Velkoobchodn\u00ed pr\u016fhledn\u00e1 nepropustn\u00e1 l\u00e1hev na vodu s odkl\u00e1p\u011bc\u00edm v\u00edkem o objemu 8,5 oz\" loading=\"lazy\" \/>\t\t\t\t\t\t\t\t\t\t\t\t\t\t\t<\/div>\n\t\t\t\t<\/div>\n\t\t\t\t<div class=\"elementor-element elementor-element-fc1fd2d elementor-widget elementor-widget-text-editor\" data-id=\"fc1fd2d\" data-element_type=\"widget\" data-e-type=\"widget\" data-widget_type=\"text-editor.default\">\n\t\t\t\t<div class=\"elementor-widget-container\">\n\t\t\t\t\t\t\t\t\t<p>Pr\u016fhledn\u00fd design: Pr\u016fhledn\u00e9 sklen\u011bn\u00e9 t\u011blo umo\u017e\u0148uje snadno sledovat kone\u010dn\u00e9 mno\u017estv\u00ed a barvu tekutiny uvnit\u0159, co\u017e dod\u00e1v\u00e1 za\u0159\u00edzen\u00ed vizu\u00e1ln\u00ed atraktivitu.<\/p>\t\t\t\t\t\t\t\t<\/div>\n\t\t\t\t<\/div>\n\t\t\t\t<\/div>\n\t\t<div class=\"elementor-element elementor-element-73418b7 e-con-full e-flex e-con e-child\" data-id=\"73418b7\" data-element_type=\"container\" data-e-type=\"container\" data-settings=\"{&quot;_ha_eqh_enable&quot;:false}\">\n\t\t\t\t<div class=\"elementor-element elementor-element-490e976 elementor-widget elementor-widget-image\" data-id=\"490e976\" data-element_type=\"widget\" data-e-type=\"widget\" data-widget_type=\"image.default\">\n\t\t\t\t<div class=\"elementor-widget-container\">\n\t\t\t\t\t\t\t\t\t\t\t\t\t\t\t<img decoding=\"async\" src=\"https:\/\/yebodaglass.com\/wp-content\/uploads\/elementor\/thumbs\/flip-top-water-bottle1-r9k8xn5wt6b6sozvnkdwf8zq5npwxq00xad2mzwfxc.webp\" title=\"Velkoobchodn\u00ed pr\u016fhledn\u00e1 nepropustn\u00e1 l\u00e1hev na vodu s odkl\u00e1p\u011bc\u00edm v\u00edkem o objemu 8,5 oz\" alt=\"Velkoobchodn\u00ed pr\u016fhledn\u00e1 nepropustn\u00e1 l\u00e1hev na vodu s odkl\u00e1p\u011bc\u00edm v\u00edkem o objemu 8,5 oz\" loading=\"lazy\" \/>\t\t\t\t\t\t\t\t\t\t\t\t\t\t\t<\/div>\n\t\t\t\t<\/div>\n\t\t\t\t<div class=\"elementor-element elementor-element-28d6163 elementor-widget elementor-widget-text-editor\" data-id=\"28d6163\" data-element_type=\"widget\" data-e-type=\"widget\" data-widget_type=\"text-editor.default\">\n\t\t\t\t<div class=\"elementor-widget-container\">\n\t\t\t\t\t\t\t\t\t<p>Pr\u00e9miov\u00e9 sklo: Vybran\u00e9 siln\u00e9 sklo, bez z\u00e1pachu a odoln\u00e9 proti opot\u0159eben\u00ed, m\u016f\u017eete si b\u00fdt jisti, \u017ee do n\u011bj m\u016f\u017eete vlo\u017eit cokoli a ono se dlouho nerozbije.<\/p>\t\t\t\t\t\t\t\t<\/div>\n\t\t\t\t<\/div>\n\t\t\t\t<\/div>\n\t\t\t\t\t<\/div>\n\t\t\t\t<\/div>\n\t\t<div class=\"elementor-element elementor-element-523cc7f e-flex e-con-boxed e-con e-parent\" data-id=\"523cc7f\" data-element_type=\"container\" data-e-type=\"container\" data-settings=\"{&quot;_ha_eqh_enable&quot;:false}\">\n\t\t\t\t\t<div class=\"e-con-inner\">\n\t\t<div class=\"elementor-element elementor-element-744006f e-con-full e-flex e-con e-child\" data-id=\"744006f\" data-element_type=\"container\" data-e-type=\"container\" data-settings=\"{&quot;_ha_eqh_enable&quot;:false}\">\n\t\t\t\t<div class=\"elementor-element elementor-element-9ce8179 elementor-widget elementor-widget-image\" data-id=\"9ce8179\" data-element_type=\"widget\" data-e-type=\"widget\" data-widget_type=\"image.default\">\n\t\t\t\t<div class=\"elementor-widget-container\">\n\t\t\t\t\t\t\t\t\t\t\t\t\t\t\t<img decoding=\"async\" src=\"https:\/\/yebodaglass.com\/wp-content\/uploads\/elementor\/thumbs\/flip-top-water-bottle-2-r9k84eeo6qa1lfh2exbqumngu3utgpwnkjp9539di8.webp\" title=\"Velkoobchodn\u00ed pr\u016fhledn\u00e1 nepropustn\u00e1 l\u00e1hev na vodu s odkl\u00e1p\u011bc\u00edm v\u00edkem o objemu 8,5 oz\" alt=\"Velkoobchodn\u00ed pr\u016fhledn\u00e1 nepropustn\u00e1 l\u00e1hev na vodu s odkl\u00e1p\u011bc\u00edm v\u00edkem o objemu 8,5 oz\" loading=\"lazy\" \/>\t\t\t\t\t\t\t\t\t\t\t\t\t\t\t<\/div>\n\t\t\t\t<\/div>\n\t\t\t\t<div class=\"elementor-element elementor-element-78c6605 elementor-widget elementor-widget-text-editor\" data-id=\"78c6605\" data-element_type=\"widget\" data-e-type=\"widget\" data-widget_type=\"text-editor.default\">\n\t\t\t\t<div class=\"elementor-widget-container\">\n\t\t\t\t\t\t\t\t\t<p>Bezpe\u010dn\u00e1 svorka \u2013 stylov\u00e9 uzav\u0159en\u00ed: D\u00edky kovov\u00e9 svork\u011b \u2013 stylov\u00e9mu v\u00ed\u010dku lahve zaji\u0161\u0165uj\u00ed t\u011bsn\u00e9 ut\u011bsn\u011bn\u00ed, zabra\u0148uj\u00ed \u00faniku tekutiny a udr\u017euj\u00ed obsah jisk\u0159iv\u00fd.<\/p>\t\t\t\t\t\t\t\t<\/div>\n\t\t\t\t<\/div>\n\t\t\t\t<\/div>\n\t\t<div class=\"elementor-element elementor-element-8519877 e-con-full e-flex e-con e-child\" data-id=\"8519877\" data-element_type=\"container\" data-e-type=\"container\" data-settings=\"{&quot;_ha_eqh_enable&quot;:false}\">\n\t\t\t\t<div class=\"elementor-element elementor-element-7d08a07 elementor-widget elementor-widget-image\" data-id=\"7d08a07\" data-element_type=\"widget\" data-e-type=\"widget\" data-widget_type=\"image.default\">\n\t\t\t\t<div class=\"elementor-widget-container\">\n\t\t\t\t\t\t\t\t\t\t\t\t\t\t\t<img decoding=\"async\" src=\"https:\/\/yebodaglass.com\/wp-content\/uploads\/elementor\/thumbs\/flip-top-water-bottle-3-r9k84gackecm8nec3y4zzm6e0vljw4448t083n6l5s.webp\" title=\"Velkoobchodn\u00ed pr\u016fhledn\u00e1 nepropustn\u00e1 l\u00e1hev na vodu s odkl\u00e1p\u011bc\u00edm v\u00edkem o objemu 8,5 oz\" alt=\"Velkoobchodn\u00ed pr\u016fhledn\u00e1 nepropustn\u00e1 l\u00e1hev na vodu s odkl\u00e1p\u011bc\u00edm v\u00edkem o objemu 8,5 oz\" loading=\"lazy\" \/>\t\t\t\t\t\t\t\t\t\t\t\t\t\t\t<\/div>\n\t\t\t\t<\/div>\n\t\t\t\t<div class=\"elementor-element elementor-element-dca6cea elementor-widget elementor-widget-text-editor\" data-id=\"dca6cea\" data-element_type=\"widget\" data-e-type=\"widget\" data-widget_type=\"text-editor.default\">\n\t\t\t\t<div class=\"elementor-widget-container\">\n\t\t\t\t\t\t\t\t\t<p>V\u0161estrann\u00e9 pou\u017eit\u00ed: Tyto lahve s v\u00fdklopn\u00fdm v\u00edkem mohou uchov\u00e1vat speci\u00e1ln\u00ed druhy n\u00e1poj\u016f, v\u010detn\u011b nealkoholick\u00fdch n\u00e1poj\u016f, sirup\u016f nebo dom\u00e1c\u00edch n\u00e1lev\u016f, a spl\u0148uj\u00ed tak rozmanit\u00e9 po\u017eadavky gar\u00e1\u017eov\u00fdch prodejc\u016f.<\/p>\t\t\t\t\t\t\t\t<\/div>\n\t\t\t\t<\/div>\n\t\t\t\t<\/div>\n\t\t\t\t\t<\/div>\n\t\t\t\t<\/div>\n\t\t<div class=\"elementor-element elementor-element-88b472e e-con-full e-flex e-con e-parent\" data-id=\"88b472e\" data-element_type=\"container\" data-e-type=\"container\" data-settings=\"{&quot;_ha_eqh_enable&quot;:false}\">\n\t\t\t\t<div class=\"elementor-element elementor-element-3582c55 elementor-widget elementor-widget-text-editor\" data-id=\"3582c55\" data-element_type=\"widget\" data-e-type=\"widget\" data-widget_type=\"text-editor.default\">\n\t\t\t\t<div class=\"elementor-widget-container\">\n\t\t\t\t\t\t\t\t\t<p>\u00a0 \u00a0 \u00a0 \u00a0 \u00a0 \u00a0 \u00a0 \u00a0 \u00a0 \u00a0 \u00a0 \u00a0 <img fetchpriority=\"high\" decoding=\"async\" class=\"alignnone wp-image-16229\" src=\"https:\/\/yebodaglass.com\/wp-content\/uploads\/2025\/07\/d1ad5ea8ed4fd82e283a3a35878dd5c.png\" alt=\"\" width=\"240\" height=\"240\" srcset=\"https:\/\/yebodaglass.com\/wp-content\/uploads\/2025\/07\/d1ad5ea8ed4fd82e283a3a35878dd5c.png 220w, https:\/\/yebodaglass.com\/wp-content\/uploads\/2025\/07\/d1ad5ea8ed4fd82e283a3a35878dd5c-100x100.png 100w, https:\/\/yebodaglass.com\/wp-content\/uploads\/2025\/07\/d1ad5ea8ed4fd82e283a3a35878dd5c-150x150.png 150w, https:\/\/yebodaglass.com\/wp-content\/uploads\/2025\/07\/d1ad5ea8ed4fd82e283a3a35878dd5c-12x12.png 12w\" sizes=\"(max-width: 240px) 100vw, 240px\" \/>\u00a0 \u00a0 \u00a0 \u00a0 \u00a0<img decoding=\"async\" class=\"alignnone wp-image-16228\" src=\"https:\/\/yebodaglass.com\/wp-content\/uploads\/2025\/07\/4679f61166f64c6045dbc74c130db9a.png\" alt=\"\" width=\"240\" height=\"240\" srcset=\"https:\/\/yebodaglass.com\/wp-content\/uploads\/2025\/07\/4679f61166f64c6045dbc74c130db9a.png 220w, https:\/\/yebodaglass.com\/wp-content\/uploads\/2025\/07\/4679f61166f64c6045dbc74c130db9a-100x100.png 100w, https:\/\/yebodaglass.com\/wp-content\/uploads\/2025\/07\/4679f61166f64c6045dbc74c130db9a-150x150.png 150w, https:\/\/yebodaglass.com\/wp-content\/uploads\/2025\/07\/4679f61166f64c6045dbc74c130db9a-12x12.png 12w\" sizes=\"(max-width: 240px) 100vw, 240px\" \/>\u00a0 \u00a0 \u00a0 \u00a0 \u00a0 <img decoding=\"async\" class=\"alignnone wp-image-16230\" src=\"https:\/\/yebodaglass.com\/wp-content\/uploads\/2025\/07\/e59283ab6cb2ed3c93ba4f8a33db2ff.png\" alt=\"\" width=\"240\" height=\"240\" srcset=\"https:\/\/yebodaglass.com\/wp-content\/uploads\/2025\/07\/e59283ab6cb2ed3c93ba4f8a33db2ff.png 220w, https:\/\/yebodaglass.com\/wp-content\/uploads\/2025\/07\/e59283ab6cb2ed3c93ba4f8a33db2ff-100x100.png 100w, https:\/\/yebodaglass.com\/wp-content\/uploads\/2025\/07\/e59283ab6cb2ed3c93ba4f8a33db2ff-150x150.png 150w, https:\/\/yebodaglass.com\/wp-content\/uploads\/2025\/07\/e59283ab6cb2ed3c93ba4f8a33db2ff-12x12.png 12w\" sizes=\"(max-width: 240px) 100vw, 240px\" \/>\u00a0 \u00a0 \u00a0 <img loading=\"lazy\" decoding=\"async\" class=\"alignnone wp-image-16227\" src=\"https:\/\/yebodaglass.com\/wp-content\/uploads\/2025\/07\/8b499cc8b9c63806f1b8b3d5aa03275.png\" alt=\"\" width=\"240\" height=\"240\" srcset=\"https:\/\/yebodaglass.com\/wp-content\/uploads\/2025\/07\/8b499cc8b9c63806f1b8b3d5aa03275.png 220w, https:\/\/yebodaglass.com\/wp-content\/uploads\/2025\/07\/8b499cc8b9c63806f1b8b3d5aa03275-100x100.png 100w, https:\/\/yebodaglass.com\/wp-content\/uploads\/2025\/07\/8b499cc8b9c63806f1b8b3d5aa03275-150x150.png 150w, https:\/\/yebodaglass.com\/wp-content\/uploads\/2025\/07\/8b499cc8b9c63806f1b8b3d5aa03275-12x12.png 12w\" sizes=\"(max-width: 240px) 100vw, 240px\" \/><\/p>\t\t\t\t\t\t\t\t<\/div>\n\t\t\t\t<\/div>\n\t\t\t\t<\/div>\n\t\t<div class=\"elementor-element elementor-element-792eb8c e-flex e-con-boxed e-con e-parent\" data-id=\"792eb8c\" data-element_type=\"container\" data-e-type=\"container\" data-settings=\"{&quot;_ha_eqh_enable&quot;:false}\">\n\t\t\t\t\t<div class=\"e-con-inner\">\n\t\t\t\t<div class=\"elementor-element elementor-element-ceb50a8 elementor-widget elementor-widget-image\" data-id=\"ceb50a8\" data-element_type=\"widget\" data-e-type=\"widget\" data-widget_type=\"image.default\">\n\t\t\t\t<div class=\"elementor-widget-container\">\n\t\t\t\t\t\t\t\t\t\t\t\t\t\t\t<img decoding=\"async\" src=\"https:\/\/yebodaglass.com\/wp-content\/uploads\/elementor\/thumbs\/flip-top-glass-bottles-2-r8e0rx6jsox8qb5sfklaelf6ftu44jofu43yfg9vhc.webp\" title=\"Hled\u00e1te vysoce kvalitn\u00ed lahve s odkl\u00e1p\u011bc\u00edm v\u00ed\u010dkem pro va\u0161e dom\u00e1c\u00ed v\u00fdtvory? Tato lahev s odkl\u00e1p\u011bc\u00edm v\u00ed\u010dkem o objemu 113 ml je vyrobena z \u010dir\u00e9ho, odoln\u00e9ho skla a m\u00e1 bezpe\u010dn\u00fd uz\u00e1v\u011br s gumov\u00fdm t\u011bsn\u011bn\u00edm a dr\u00e1t\u011bnou svorkou. Jej\u00ed \u00fazk\u00e9 hrdlo a kulat\u00e9 rameno usnad\u0148uj\u00ed a p\u0159esn\u011b nal\u00e9vaj\u00ed, zat\u00edmco pr\u016fhledn\u00e9 t\u011blo v\u00e1m umo\u017e\u0148uje jasn\u011b vid\u011bt obsah uvnit\u0159. Je ide\u00e1ln\u00ed pro skladov\u00e1n\u00ed dom\u00e1c\u00edch n\u00e1poj\u016f, olej\u016f na va\u0159en\u00ed, v\u00edna, octa, om\u00e1\u010dek a dal\u0161\u00edch.\" alt=\"Hled\u00e1te vysoce kvalitn\u00ed lahve s odkl\u00e1p\u011bc\u00edm v\u00ed\u010dkem pro va\u0161e dom\u00e1c\u00ed v\u00fdtvory? Tato lahev s odkl\u00e1p\u011bc\u00edm v\u00ed\u010dkem o objemu 113 ml je vyrobena z \u010dir\u00e9ho, odoln\u00e9ho skla a m\u00e1 bezpe\u010dn\u00fd uz\u00e1v\u011br s gumov\u00fdm t\u011bsn\u011bn\u00edm a dr\u00e1t\u011bnou svorkou. Jej\u00ed \u00fazk\u00e9 hrdlo a kulat\u00e9 rameno usnad\u0148uj\u00ed a p\u0159esn\u011b nal\u00e9vaj\u00ed, zat\u00edmco pr\u016fhledn\u00e9 t\u011blo v\u00e1m umo\u017e\u0148uje jasn\u011b vid\u011bt obsah uvnit\u0159. Je ide\u00e1ln\u00ed pro skladov\u00e1n\u00ed dom\u00e1c\u00edch n\u00e1poj\u016f, olej\u016f na va\u0159en\u00ed, v\u00edna, octa, om\u00e1\u010dek a dal\u0161\u00edch.\" loading=\"lazy\" \/>\t\t\t\t\t\t\t\t\t\t\t\t\t\t\t<\/div>\n\t\t\t\t<\/div>\n\t\t\t\t<div class=\"elementor-element elementor-element-b2907c6 elementor-widget elementor-widget-text-editor\" data-id=\"b2907c6\" data-element_type=\"widget\" data-e-type=\"widget\" data-widget_type=\"text-editor.default\">\n\t\t\t\t<div class=\"elementor-widget-container\">\n\t\t\t\t\t\t\t\t\t<h2>Osobn\u00ed pou\u017eit\u00ed:<\/h2><p>Tato l\u00e1hev na vodu s odkl\u00e1p\u011bc\u00edm v\u00ed\u010dkem je ide\u00e1ln\u00ed na vodu, d\u017eus, ledov\u00fd \u010daj nebo dom\u00e1c\u00ed n\u00e1poje. Pit\u00ed je sv\u011b\u017e\u00ed a rozl\u00e9vateln\u00e9, kompaktn\u00ed a p\u0159enosn\u00e1 do posilovny, kancel\u00e1\u0159e nebo na cesty.<\/p><p>Profesion\u00e1ln\u00ed pou\u017eit\u00ed:<\/p><p>Skv\u011bl\u00e9 pro kav\u00e1rny, restaurace, wellness zna\u010dky nebo d\u00e1rkov\u00e9 sady. Odoln\u00e9 a stylov\u00e9 balen\u00ed, kter\u00e9 zlep\u0161uje prezentaci produktu a spokojenost z\u00e1kazn\u00edk\u016f.<\/p>\t\t\t\t\t\t\t\t<\/div>\n\t\t\t\t<\/div>\n\t\t\t\t\t<\/div>\n\t\t\t\t<\/div>\n\t\t\t\t<\/div>","protected":false},"excerpt":{"rendered":"<p>Velkoobchodn\u00ed prodej pr\u016fhledn\u00fdch lahv\u00ed na vodu s odkl\u00e1p\u011bc\u00edm v\u00edkem o objemu 8 oz. Nepropustn\u00e9, odoln\u00e9 a opakovan\u011b pou\u017eiteln\u00e9 \u2013 ide\u00e1ln\u00ed pro n\u00e1poje doma, venku nebo ve firm\u011b.<\/p>","protected":false},"featured_media":17285,"template":"","meta":[],"product_brand":[],"product_cat":[80,81,20],"product_tag":[],"class_list":{"0":"post-16530","1":"product","2":"type-product","3":"status-publish","4":"has-post-thumbnail","6":"product_cat-glass-bottles","7":"product_cat-flip-top-bottles","8":"product_cat-glass-containers","10":"first","11":"instock","12":"shipping-taxable","13":"product-type-grouped"},"jetpack_sharing_enabled":true,"_links":{"self":[{"href":"https:\/\/yebodaglass.com\/cs\/wp-json\/wp\/v2\/product\/16530","targetHints":{"allow":["GET"]}}],"collection":[{"href":"https:\/\/yebodaglass.com\/cs\/wp-json\/wp\/v2\/product"}],"about":[{"href":"https:\/\/yebodaglass.com\/cs\/wp-json\/wp\/v2\/types\/product"}],"version-history":[{"count":5,"href":"https:\/\/yebodaglass.com\/cs\/wp-json\/wp\/v2\/product\/16530\/revisions"}],"predecessor-version":[{"id":20921,"href":"https:\/\/yebodaglass.com\/cs\/wp-json\/wp\/v2\/product\/16530\/revisions\/20921"}],"wp:featuredmedia":[{"embeddable":true,"href":"https:\/\/yebodaglass.com\/cs\/wp-json\/wp\/v2\/media\/17285"}],"wp:attachment":[{"href":"https:\/\/yebodaglass.com\/cs\/wp-json\/wp\/v2\/media?parent=16530"}],"wp:term":[{"taxonomy":"product_brand","embeddable":true,"href":"https:\/\/yebodaglass.com\/cs\/wp-json\/wp\/v2\/product_brand?post=16530"},{"taxonomy":"product_cat","embeddable":true,"href":"https:\/\/yebodaglass.com\/cs\/wp-json\/wp\/v2\/product_cat?post=16530"},{"taxonomy":"product_tag","embeddable":true,"href":"https:\/\/yebodaglass.com\/cs\/wp-json\/wp\/v2\/product_tag?post=16530"}],"curies":[{"name":"wp","href":"https:\/\/api.w.org\/{rel}","templated":true}]}}