{"id":16378,"date":"2025-07-08T15:41:11","date_gmt":"2025-07-08T07:41:11","guid":{"rendered":"https:\/\/yebodaglass.com\/?post_type=product&#038;p=16378"},"modified":"2025-09-10T17:13:33","modified_gmt":"2025-09-10T09:13:33","slug":"clear-small-square-5-oz-flip-top-glass-bottles-in-bulk","status":"publish","type":"product","link":"https:\/\/yebodaglass.com\/cs\/clear-small-square-5-oz-flip-top-glass-bottles-in-bulk\/","title":{"rendered":"\u010cir\u00e9 mal\u00e9 \u010dtvercov\u00e9 sklen\u011bn\u00e9 lahve s odkl\u00e1p\u011bc\u00edm v\u00edkem o objemu 5 oz ve velk\u00e9m"},"content":{"rendered":"<div data-elementor-type=\"wp-post\" data-elementor-id=\"16378\" class=\"elementor elementor-16378\" data-elementor-settings=\"{&quot;ha_cmc_init_switcher&quot;:&quot;no&quot;}\" data-elementor-post-type=\"product\">\n\t\t\t\t<div class=\"elementor-element elementor-element-bb0d695 e-flex e-con-boxed e-con e-parent\" data-id=\"bb0d695\" data-element_type=\"container\" data-e-type=\"container\" data-settings=\"{&quot;_ha_eqh_enable&quot;:false}\">\n\t\t\t\t\t<div class=\"e-con-inner\">\n\t\t\t\t<div class=\"elementor-element elementor-element-732f179 elementor-widget elementor-widget-text-editor\" data-id=\"732f179\" data-element_type=\"widget\" data-e-type=\"widget\" data-widget_type=\"text-editor.default\">\n\t\t\t\t<div class=\"elementor-widget-container\">\n\t\t\t\t\t\t\t\t\t<p>Na\u0161e mal\u00e9 \u010dtvercov\u00e9 sklen\u011bn\u00e9 lahve o objemu 140 ml s odkl\u00e1p\u011bc\u00edm v\u00edkem nab\u00edzej\u00ed funk\u010dnost i eleganci. Vzduchot\u011bsn\u00fd uz\u00e1v\u011br s odkl\u00e1p\u011bc\u00edm v\u00edkem zachov\u00e1v\u00e1 \u010derstvost a elegantn\u00ed \u010dtvercov\u00fd design jim dod\u00e1v\u00e1 modern\u00ed vzhled. Tyto lahve jsou ide\u00e1ln\u00ed pro skladov\u00e1n\u00ed octa, oleje, n\u00e1poj\u016f nebo jak\u00fdchkoli dom\u00e1c\u00edch tekutin a jsou ide\u00e1ln\u00ed pro individu\u00e1ln\u00ed kuchyn\u011b i firmy.<\/p>\t\t\t\t\t\t\t\t<\/div>\n\t\t\t\t<\/div>\n\t\t\t\t<div class=\"elementor-element elementor-element-54c8d6c elementor-widget elementor-widget-heading\" data-id=\"54c8d6c\" data-element_type=\"widget\" data-e-type=\"widget\" data-widget_type=\"heading.default\">\n\t\t\t\t<div class=\"elementor-widget-container\">\n\t\t\t\t\t<h2 class=\"elementor-heading-title elementor-size-default\">Kl\u00ed\u010dov\u00e9 specifikace<\/h2>\t\t\t\t<\/div>\n\t\t\t\t<\/div>\n\t\t\t\t<div class=\"elementor-element elementor-element-14509d8 elementor-widget elementor-widget-text-editor\" data-id=\"14509d8\" data-element_type=\"widget\" data-e-type=\"widget\" data-widget_type=\"text-editor.default\">\n\t\t\t\t<div class=\"elementor-widget-container\">\n\t\t\t\t\t\t\t\t\t<table style=\"border-collapse: collapse; margin-left: auto; margin-right: auto; width: 80%;\" border=\"0\" width=\"383\" cellspacing=\"0\" cellpadding=\"0\"><tbody><tr style=\"height: 13.50pt;\"><td style=\"height: 13.50pt; width: 114.00pt;\" width=\"152\" height=\"18\">Parametr<\/td><td style=\"width: 173.25pt;\" width=\"231\">Popis<\/td><\/tr><tr style=\"height: 13.50pt;\"><td style=\"height: 13.50pt;\" height=\"18\">Kapacita<\/td><td>150 ml<\/td><\/tr><tr style=\"height: 13.50pt;\"><td style=\"height: 13.50pt;\" height=\"18\">Vidrio de alta calidad<\/td><td>7,7*6,9*6,7 palce<\/td><\/tr><tr style=\"height: 13.50pt;\"><td style=\"height: 13.50pt;\" height=\"18\">Mno\u017estv\u00ed v balen\u00ed<\/td><td>9 ks v krabici<\/td><\/tr><tr style=\"height: 13.50pt;\"><td style=\"height: 13.50pt;\" height=\"18\">Materi\u00e1l<\/td><td>100% recyklovateln\u00e9 bezolovnat\u00e9 sklo<\/td><\/tr><tr style=\"height: 13.50pt;\"><td style=\"height: 13.50pt;\" height=\"18\">Typ v\u00ed\u010dka<\/td><td>Odklopn\u00e9 v\u00edko s gumov\u00fdm t\u011bsn\u011bn\u00edm<\/td><\/tr><\/tbody><\/table>\t\t\t\t\t\t\t\t<\/div>\n\t\t\t\t<\/div>\n\t\t\t\t\t<\/div>\n\t\t\t\t<\/div>\n\t\t<div class=\"elementor-element elementor-element-55e31eb e-flex e-con-boxed e-con e-parent\" data-id=\"55e31eb\" data-element_type=\"container\" data-e-type=\"container\" data-settings=\"{&quot;_ha_eqh_enable&quot;:false}\">\n\t\t\t\t\t<div class=\"e-con-inner\">\n\t\t\t\t<div class=\"elementor-element elementor-element-fc0900e elementor-widget elementor-widget-heading\" data-id=\"fc0900e\" data-element_type=\"widget\" data-e-type=\"widget\" data-widget_type=\"heading.default\">\n\t\t\t\t<div class=\"elementor-widget-container\">\n\t\t\t\t\t<h2 class=\"elementor-heading-title elementor-size-default\">\u00da\u010dastn\u00edci<\/h2>\t\t\t\t<\/div>\n\t\t\t\t<\/div>\n\t\t\t\t\t<\/div>\n\t\t\t\t<\/div>\n\t\t<div class=\"elementor-element elementor-element-723cd80 e-flex e-con-boxed e-con e-parent\" data-id=\"723cd80\" data-element_type=\"container\" data-e-type=\"container\" data-settings=\"{&quot;_ha_eqh_enable&quot;:false}\">\n\t\t\t\t\t<div class=\"e-con-inner\">\n\t\t<div class=\"elementor-element elementor-element-bf4cb81 e-con-full e-flex e-con e-child\" data-id=\"bf4cb81\" data-element_type=\"container\" data-e-type=\"container\" data-settings=\"{&quot;_ha_eqh_enable&quot;:false}\">\n\t\t\t\t<div class=\"elementor-element elementor-element-202a3f6 elementor-widget elementor-widget-image\" data-id=\"202a3f6\" data-element_type=\"widget\" data-e-type=\"widget\" data-widget_type=\"image.default\">\n\t\t\t\t<div class=\"elementor-widget-container\">\n\t\t\t\t\t\t\t\t\t\t\t\t\t\t\t<img decoding=\"async\" src=\"https:\/\/yebodaglass.com\/wp-content\/uploads\/elementor\/thumbs\/bottles-with-flip-top-1-2-r8fw9dre28o6jc8f37woh11rr5c1xfgvits7gs37a8.webp\" title=\"\u010cir\u00e9 mal\u00e9 \u010dtvercov\u00e9 sklen\u011bn\u00e9 lahve s odkl\u00e1p\u011bc\u00edm v\u00edkem o objemu 5 oz ve velk\u00e9m\" alt=\"\u010cir\u00e9 mal\u00e9 \u010dtvercov\u00e9 sklen\u011bn\u00e9 lahve s odkl\u00e1p\u011bc\u00edm v\u00edkem o objemu 5 oz ve velk\u00e9m\" loading=\"lazy\" \/>\t\t\t\t\t\t\t\t\t\t\t\t\t\t\t<\/div>\n\t\t\t\t<\/div>\n\t\t\t\t<div class=\"elementor-element elementor-element-fc1fd2d elementor-widget elementor-widget-text-editor\" data-id=\"fc1fd2d\" data-element_type=\"widget\" data-e-type=\"widget\" data-widget_type=\"text-editor.default\">\n\t\t\t\t<div class=\"elementor-widget-container\">\n\t\t\t\t\t\t\t\t\t<p>Snadn\u00e9 \u010di\u0161t\u011bn\u00ed: \u00dast\u00ed sklen\u011bn\u00e9 l\u00e1hve s odkl\u00e1p\u011bc\u00edm v\u00edkem je kulat\u00e9 a hladk\u00e9 bez hygienick\u00fdch slep\u00fdch roh\u016f a otev\u00edrac\u00ed a zav\u00edrac\u00ed \u010d\u00e1sti nezakr\u00fdvaj\u00ed ne\u010distoty. \u010ci\u0161t\u011bn\u00ed je za b\u011b\u017en\u00fdch okolnost\u00ed velmi snadn\u00e9. Lze jej opl\u00e1chnout pod kohoutkem a ot\u0159\u00edt. P\u00e9\u010de o n\u011bj nen\u00ed obt\u00ed\u017en\u00e1.<\/p>\t\t\t\t\t\t\t\t<\/div>\n\t\t\t\t<\/div>\n\t\t\t\t<\/div>\n\t\t<div class=\"elementor-element elementor-element-73418b7 e-con-full e-flex e-con e-child\" data-id=\"73418b7\" data-element_type=\"container\" data-e-type=\"container\" data-settings=\"{&quot;_ha_eqh_enable&quot;:false}\">\n\t\t\t\t<div class=\"elementor-element elementor-element-490e976 elementor-widget elementor-widget-image\" data-id=\"490e976\" data-element_type=\"widget\" data-e-type=\"widget\" data-widget_type=\"image.default\">\n\t\t\t\t<div class=\"elementor-widget-container\">\n\t\t\t\t\t\t\t\t\t\t\t\t\t\t\t<img decoding=\"async\" src=\"https:\/\/yebodaglass.com\/wp-content\/uploads\/elementor\/thumbs\/flip-top-glass-bottle-1-1-r8g4k6oem9pl8u7eadn73mktwokktlp39rkvjd1tb4.webp\" title=\"\u010cir\u00e9 mal\u00e9 \u010dtvercov\u00e9 sklen\u011bn\u00e9 lahve s odkl\u00e1p\u011bc\u00edm v\u00edkem o objemu 5 oz ve velk\u00e9m\" alt=\"\u010cir\u00e9 mal\u00e9 \u010dtvercov\u00e9 sklen\u011bn\u00e9 lahve s odkl\u00e1p\u011bc\u00edm v\u00edkem o objemu 5 oz ve velk\u00e9m\" loading=\"lazy\" \/>\t\t\t\t\t\t\t\t\t\t\t\t\t\t\t<\/div>\n\t\t\t\t<\/div>\n\t\t\t\t<div class=\"elementor-element elementor-element-28d6163 elementor-widget elementor-widget-text-editor\" data-id=\"28d6163\" data-element_type=\"widget\" data-e-type=\"widget\" data-widget_type=\"text-editor.default\">\n\t\t\t\t<div class=\"elementor-widget-container\">\n\t\t\t\t\t\t\t\t\t<p>Vysoce kvalitn\u00ed materi\u00e1ly: T\u011blo konvice je vyrobeno ze zes\u00edlen\u00e9ho borosilik\u00e1tov\u00e9ho skla s vysok\u00fdm obsahem tuhosti, kter\u00e9 pojme studen\u00e9 i hork\u00e9 n\u00e1poje. Je obzvl\u00e1\u0161t\u011b pevn\u00e9 a odoln\u00e9. Pou\u017e\u00edv\u00e1 se ji\u017e v\u00edce ne\u017e p\u016fl roku a st\u00e1le je jako nov\u00e1. Tuto odolnou kvalitu opravdu miluji.<\/p>\t\t\t\t\t\t\t\t<\/div>\n\t\t\t\t<\/div>\n\t\t\t\t<\/div>\n\t\t\t\t\t<\/div>\n\t\t\t\t<\/div>\n\t\t<div class=\"elementor-element elementor-element-523cc7f e-flex e-con-boxed e-con e-parent\" data-id=\"523cc7f\" data-element_type=\"container\" data-e-type=\"container\" data-settings=\"{&quot;_ha_eqh_enable&quot;:false}\">\n\t\t\t\t\t<div class=\"e-con-inner\">\n\t\t<div class=\"elementor-element elementor-element-744006f e-con-full e-flex e-con e-child\" data-id=\"744006f\" data-element_type=\"container\" data-e-type=\"container\" data-settings=\"{&quot;_ha_eqh_enable&quot;:false}\">\n\t\t\t\t<div class=\"elementor-element elementor-element-9ce8179 elementor-widget elementor-widget-image\" data-id=\"9ce8179\" data-element_type=\"widget\" data-e-type=\"widget\" data-widget_type=\"image.default\">\n\t\t\t\t<div class=\"elementor-widget-container\">\n\t\t\t\t\t\t\t\t\t\t\t\t\t\t\t<img decoding=\"async\" src=\"https:\/\/yebodaglass.com\/wp-content\/uploads\/elementor\/thumbs\/70-r8fzxd9jprcms6ildrrs380ulwshreg0o3joeie3kw.webp\" title=\"\u010cir\u00e9 mal\u00e9 \u010dtvercov\u00e9 sklen\u011bn\u00e9 lahve s odkl\u00e1p\u011bc\u00edm v\u00edkem o objemu 5 oz ve velk\u00e9m\" alt=\"\u010cir\u00e9 mal\u00e9 \u010dtvercov\u00e9 sklen\u011bn\u00e9 lahve s odkl\u00e1p\u011bc\u00edm v\u00edkem o objemu 5 oz ve velk\u00e9m\" loading=\"lazy\" \/>\t\t\t\t\t\t\t\t\t\t\t\t\t\t\t<\/div>\n\t\t\t\t<\/div>\n\t\t\t\t<div class=\"elementor-element elementor-element-78c6605 elementor-widget elementor-widget-text-editor\" data-id=\"78c6605\" data-element_type=\"widget\" data-e-type=\"widget\" data-widget_type=\"text-editor.default\">\n\t\t\t\t<div class=\"elementor-widget-container\">\n\t\t\t\t\t\t\t\t\t<p>Dobr\u00e9 ut\u011bsn\u011bn\u00ed: Tato l\u00e1hev s odkl\u00e1p\u011bc\u00edm v\u00ed\u010dkem m\u00e1 opravdu dobr\u00fd t\u011bsnic\u00ed \u00fa\u010dinek! I kdy\u017e s n\u00ed zat\u0159epete dnem vzh\u016fru, nevyte\u010de. A\u0165 u\u017e do n\u00ed nalijete jakoukoli tekutinu, nemus\u00edte se b\u00e1t, \u017ee se rozlije. Je tak pohodln\u00e1 na pou\u017e\u00edv\u00e1n\u00ed.<\/p>\t\t\t\t\t\t\t\t<\/div>\n\t\t\t\t<\/div>\n\t\t\t\t<\/div>\n\t\t<div class=\"elementor-element elementor-element-8519877 e-con-full e-flex e-con e-child\" data-id=\"8519877\" data-element_type=\"container\" data-e-type=\"container\" data-settings=\"{&quot;_ha_eqh_enable&quot;:false}\">\n\t\t\t\t<div class=\"elementor-element elementor-element-7d08a07 elementor-widget elementor-widget-image\" data-id=\"7d08a07\" data-element_type=\"widget\" data-e-type=\"widget\" data-widget_type=\"image.default\">\n\t\t\t\t<div class=\"elementor-widget-container\">\n\t\t\t\t\t\t\t\t\t\t\t\t\t\t\t<img decoding=\"async\" src=\"https:\/\/yebodaglass.com\/wp-content\/uploads\/elementor\/thumbs\/72-r8fzxf583ff7fefv2sl187jrsoj86snhccund2bb8g.webp\" title=\"\u010cir\u00e9 mal\u00e9 \u010dtvercov\u00e9 sklen\u011bn\u00e9 lahve s odkl\u00e1p\u011bc\u00edm v\u00edkem o objemu 5 oz ve velk\u00e9m\" alt=\"\u010cir\u00e9 mal\u00e9 \u010dtvercov\u00e9 sklen\u011bn\u00e9 lahve s odkl\u00e1p\u011bc\u00edm v\u00edkem o objemu 5 oz ve velk\u00e9m\" loading=\"lazy\" \/>\t\t\t\t\t\t\t\t\t\t\t\t\t\t\t<\/div>\n\t\t\t\t<\/div>\n\t\t\t\t<div class=\"elementor-element elementor-element-dca6cea elementor-widget elementor-widget-text-editor\" data-id=\"dca6cea\" data-element_type=\"widget\" data-e-type=\"widget\" data-widget_type=\"text-editor.default\">\n\t\t\t\t<div class=\"elementor-widget-container\">\n\t\t\t\t\t\t\t\t\t<p>P\u0159\u00edslu\u0161enstv\u00ed: Dal\u0161\u00edch 9 \u0161t\u00edtk\u016f na tabuli a tekut\u00e9 k\u0159\u00eddov\u00e9 pero a 1 skl\u00e1dac\u00ed silikonov\u00fd trycht\u00fd\u0159 pro bezpe\u010dn\u00e9 balen\u00ed, kter\u00e9 zajist\u00ed, \u017ee va\u0161e sklen\u011bn\u00e9 lahve doraz\u00ed bezpe\u010dn\u011b.<\/p>\t\t\t\t\t\t\t\t<\/div>\n\t\t\t\t<\/div>\n\t\t\t\t<\/div>\n\t\t\t\t\t<\/div>\n\t\t\t\t<\/div>\n\t\t<div class=\"elementor-element elementor-element-88b472e e-con-full e-flex e-con e-parent\" data-id=\"88b472e\" data-element_type=\"container\" data-e-type=\"container\" data-settings=\"{&quot;_ha_eqh_enable&quot;:false}\">\n\t\t\t\t<div class=\"elementor-element elementor-element-3582c55 elementor-widget elementor-widget-text-editor\" data-id=\"3582c55\" data-element_type=\"widget\" data-e-type=\"widget\" data-widget_type=\"text-editor.default\">\n\t\t\t\t<div class=\"elementor-widget-container\">\n\t\t\t\t\t\t\t\t\t<p>\u00a0 \u00a0 \u00a0 \u00a0 \u00a0 \u00a0 \u00a0 \u00a0 \u00a0 \u00a0 \u00a0 \u00a0 <img fetchpriority=\"high\" decoding=\"async\" class=\"alignnone wp-image-16229\" src=\"https:\/\/yebodaglass.com\/wp-content\/uploads\/2025\/07\/d1ad5ea8ed4fd82e283a3a35878dd5c.png\" alt=\"\" width=\"240\" height=\"240\" srcset=\"https:\/\/yebodaglass.com\/wp-content\/uploads\/2025\/07\/d1ad5ea8ed4fd82e283a3a35878dd5c.png 220w, https:\/\/yebodaglass.com\/wp-content\/uploads\/2025\/07\/d1ad5ea8ed4fd82e283a3a35878dd5c-100x100.png 100w, https:\/\/yebodaglass.com\/wp-content\/uploads\/2025\/07\/d1ad5ea8ed4fd82e283a3a35878dd5c-150x150.png 150w, https:\/\/yebodaglass.com\/wp-content\/uploads\/2025\/07\/d1ad5ea8ed4fd82e283a3a35878dd5c-12x12.png 12w\" sizes=\"(max-width: 240px) 100vw, 240px\" \/>\u00a0 \u00a0 \u00a0 \u00a0 \u00a0<img decoding=\"async\" class=\"alignnone wp-image-16228\" src=\"https:\/\/yebodaglass.com\/wp-content\/uploads\/2025\/07\/4679f61166f64c6045dbc74c130db9a.png\" alt=\"\" width=\"240\" height=\"240\" srcset=\"https:\/\/yebodaglass.com\/wp-content\/uploads\/2025\/07\/4679f61166f64c6045dbc74c130db9a.png 220w, https:\/\/yebodaglass.com\/wp-content\/uploads\/2025\/07\/4679f61166f64c6045dbc74c130db9a-100x100.png 100w, https:\/\/yebodaglass.com\/wp-content\/uploads\/2025\/07\/4679f61166f64c6045dbc74c130db9a-150x150.png 150w, https:\/\/yebodaglass.com\/wp-content\/uploads\/2025\/07\/4679f61166f64c6045dbc74c130db9a-12x12.png 12w\" sizes=\"(max-width: 240px) 100vw, 240px\" \/>\u00a0 \u00a0 \u00a0 \u00a0 \u00a0 <img decoding=\"async\" class=\"alignnone wp-image-16230\" src=\"https:\/\/yebodaglass.com\/wp-content\/uploads\/2025\/07\/e59283ab6cb2ed3c93ba4f8a33db2ff.png\" alt=\"\" width=\"240\" height=\"240\" srcset=\"https:\/\/yebodaglass.com\/wp-content\/uploads\/2025\/07\/e59283ab6cb2ed3c93ba4f8a33db2ff.png 220w, https:\/\/yebodaglass.com\/wp-content\/uploads\/2025\/07\/e59283ab6cb2ed3c93ba4f8a33db2ff-100x100.png 100w, https:\/\/yebodaglass.com\/wp-content\/uploads\/2025\/07\/e59283ab6cb2ed3c93ba4f8a33db2ff-150x150.png 150w, https:\/\/yebodaglass.com\/wp-content\/uploads\/2025\/07\/e59283ab6cb2ed3c93ba4f8a33db2ff-12x12.png 12w\" sizes=\"(max-width: 240px) 100vw, 240px\" \/>\u00a0 \u00a0 \u00a0 <img loading=\"lazy\" decoding=\"async\" class=\"alignnone wp-image-16227\" src=\"https:\/\/yebodaglass.com\/wp-content\/uploads\/2025\/07\/8b499cc8b9c63806f1b8b3d5aa03275.png\" alt=\"\" width=\"240\" height=\"240\" srcset=\"https:\/\/yebodaglass.com\/wp-content\/uploads\/2025\/07\/8b499cc8b9c63806f1b8b3d5aa03275.png 220w, https:\/\/yebodaglass.com\/wp-content\/uploads\/2025\/07\/8b499cc8b9c63806f1b8b3d5aa03275-100x100.png 100w, https:\/\/yebodaglass.com\/wp-content\/uploads\/2025\/07\/8b499cc8b9c63806f1b8b3d5aa03275-150x150.png 150w, https:\/\/yebodaglass.com\/wp-content\/uploads\/2025\/07\/8b499cc8b9c63806f1b8b3d5aa03275-12x12.png 12w\" sizes=\"(max-width: 240px) 100vw, 240px\" \/><\/p>\t\t\t\t\t\t\t\t<\/div>\n\t\t\t\t<\/div>\n\t\t\t\t<\/div>\n\t\t<div class=\"elementor-element elementor-element-792eb8c e-flex e-con-boxed e-con e-parent\" data-id=\"792eb8c\" data-element_type=\"container\" data-e-type=\"container\" data-settings=\"{&quot;_ha_eqh_enable&quot;:false}\">\n\t\t\t\t\t<div class=\"e-con-inner\">\n\t\t\t\t<div class=\"elementor-element elementor-element-ceb50a8 elementor-widget elementor-widget-image\" data-id=\"ceb50a8\" data-element_type=\"widget\" data-e-type=\"widget\" data-widget_type=\"image.default\">\n\t\t\t\t<div class=\"elementor-widget-container\">\n\t\t\t\t\t\t\t\t\t\t\t\t\t\t\t<img decoding=\"async\" src=\"https:\/\/yebodaglass.com\/wp-content\/uploads\/elementor\/thumbs\/flip-top-glass-bottles-2-r8e0rx6jsox8qb5sfklaelf6ftu44jofu43yfg9vhc.webp\" title=\"Hled\u00e1te vysoce kvalitn\u00ed lahve s odkl\u00e1p\u011bc\u00edm v\u00ed\u010dkem pro va\u0161e dom\u00e1c\u00ed v\u00fdtvory? Tato lahev s odkl\u00e1p\u011bc\u00edm v\u00ed\u010dkem o objemu 113 ml je vyrobena z \u010dir\u00e9ho, odoln\u00e9ho skla a m\u00e1 bezpe\u010dn\u00fd uz\u00e1v\u011br s gumov\u00fdm t\u011bsn\u011bn\u00edm a dr\u00e1t\u011bnou svorkou. Jej\u00ed \u00fazk\u00e9 hrdlo a kulat\u00e9 rameno usnad\u0148uj\u00ed a p\u0159esn\u011b nal\u00e9vaj\u00ed, zat\u00edmco pr\u016fhledn\u00e9 t\u011blo v\u00e1m umo\u017e\u0148uje jasn\u011b vid\u011bt obsah uvnit\u0159. Je ide\u00e1ln\u00ed pro skladov\u00e1n\u00ed dom\u00e1c\u00edch n\u00e1poj\u016f, olej\u016f na va\u0159en\u00ed, v\u00edna, octa, om\u00e1\u010dek a dal\u0161\u00edch.\" alt=\"Hled\u00e1te vysoce kvalitn\u00ed lahve s odkl\u00e1p\u011bc\u00edm v\u00ed\u010dkem pro va\u0161e dom\u00e1c\u00ed v\u00fdtvory? Tato lahev s odkl\u00e1p\u011bc\u00edm v\u00ed\u010dkem o objemu 113 ml je vyrobena z \u010dir\u00e9ho, odoln\u00e9ho skla a m\u00e1 bezpe\u010dn\u00fd uz\u00e1v\u011br s gumov\u00fdm t\u011bsn\u011bn\u00edm a dr\u00e1t\u011bnou svorkou. Jej\u00ed \u00fazk\u00e9 hrdlo a kulat\u00e9 rameno usnad\u0148uj\u00ed a p\u0159esn\u011b nal\u00e9vaj\u00ed, zat\u00edmco pr\u016fhledn\u00e9 t\u011blo v\u00e1m umo\u017e\u0148uje jasn\u011b vid\u011bt obsah uvnit\u0159. Je ide\u00e1ln\u00ed pro skladov\u00e1n\u00ed dom\u00e1c\u00edch n\u00e1poj\u016f, olej\u016f na va\u0159en\u00ed, v\u00edna, octa, om\u00e1\u010dek a dal\u0161\u00edch.\" loading=\"lazy\" \/>\t\t\t\t\t\t\t\t\t\t\t\t\t\t\t<\/div>\n\t\t\t\t<\/div>\n\t\t\t\t<div class=\"elementor-element elementor-element-b2907c6 elementor-widget elementor-widget-text-editor\" data-id=\"b2907c6\" data-element_type=\"widget\" data-e-type=\"widget\" data-widget_type=\"text-editor.default\">\n\t\t\t\t<div class=\"elementor-widget-container\">\n\t\t\t\t\t\t\t\t\t<h2>Osobn\u00ed pou\u017eit\u00ed:<\/h2><p>Skv\u011bl\u00e9 na dom\u00e1c\u00ed om\u00e1\u010dku, z\u00e1livku na sal\u00e1t, do oleje, d\u017eusu nebo jako d\u00e1rek do \u0159emesln\u00e9ho n\u00e1poje. Kompaktn\u00ed, snadno se nal\u00e9v\u00e1 a udr\u017euje tekutiny \u010derstv\u00e9.<\/p><h2>Obchodn\u00ed vyu\u017eit\u00ed:<\/h2><p>Restaurace, zna\u010dky n\u00e1poj\u016f nebo obchody s dom\u00e1c\u00edmi mazl\u00ed\u010dky vy\u017eaduj\u00ed perfektn\u00ed, stylov\u00e9 a opakovan\u011b pou\u017eiteln\u00e9 obaly. Produkty zlep\u0161uj\u00ed prezentaci a zaji\u0161\u0165uj\u00ed bezpe\u010dn\u00e9 skladov\u00e1n\u00ed a p\u0159epravu.<\/p>\t\t\t\t\t\t\t\t<\/div>\n\t\t\t\t<\/div>\n\t\t\t\t\t<\/div>\n\t\t\t\t<\/div>\n\t\t\t\t<\/div>","protected":false},"excerpt":{"rendered":"<p>Velkoobjemov\u00e9 140ml \u010dir\u00e9 \u010dtvercov\u00e9 sklen\u011bn\u00e9 lahve s odkl\u00e1p\u011bc\u00edm v\u00edkem. Odoln\u00e9, vzduchot\u011bsn\u00e9 a stylov\u00e9 pro skladov\u00e1n\u00ed octa, olej\u016f, n\u00e1poj\u016f nebo dom\u00e1c\u00edch v\u00fdtvor\u016f.<\/p>","protected":false},"featured_media":17301,"template":"","meta":[],"product_brand":[],"product_cat":[80,81,20],"product_tag":[],"class_list":{"0":"post-16378","1":"product","2":"type-product","3":"status-publish","4":"has-post-thumbnail","6":"product_cat-glass-bottles","7":"product_cat-flip-top-bottles","8":"product_cat-glass-containers","10":"first","11":"instock","12":"shipping-taxable","13":"product-type-grouped"},"jetpack_sharing_enabled":true,"_links":{"self":[{"href":"https:\/\/yebodaglass.com\/cs\/wp-json\/wp\/v2\/product\/16378","targetHints":{"allow":["GET"]}}],"collection":[{"href":"https:\/\/yebodaglass.com\/cs\/wp-json\/wp\/v2\/product"}],"about":[{"href":"https:\/\/yebodaglass.com\/cs\/wp-json\/wp\/v2\/types\/product"}],"version-history":[{"count":5,"href":"https:\/\/yebodaglass.com\/cs\/wp-json\/wp\/v2\/product\/16378\/revisions"}],"predecessor-version":[{"id":20498,"href":"https:\/\/yebodaglass.com\/cs\/wp-json\/wp\/v2\/product\/16378\/revisions\/20498"}],"wp:featuredmedia":[{"embeddable":true,"href":"https:\/\/yebodaglass.com\/cs\/wp-json\/wp\/v2\/media\/17301"}],"wp:attachment":[{"href":"https:\/\/yebodaglass.com\/cs\/wp-json\/wp\/v2\/media?parent=16378"}],"wp:term":[{"taxonomy":"product_brand","embeddable":true,"href":"https:\/\/yebodaglass.com\/cs\/wp-json\/wp\/v2\/product_brand?post=16378"},{"taxonomy":"product_cat","embeddable":true,"href":"https:\/\/yebodaglass.com\/cs\/wp-json\/wp\/v2\/product_cat?post=16378"},{"taxonomy":"product_tag","embeddable":true,"href":"https:\/\/yebodaglass.com\/cs\/wp-json\/wp\/v2\/product_tag?post=16378"}],"curies":[{"name":"wp","href":"https:\/\/api.w.org\/{rel}","templated":true}]}}