{"id":3,"date":"2025-06-25T09:56:57","date_gmt":"2025-06-25T09:56:57","guid":{"rendered":"https:\/\/yebodaglass.com\/?page_id=3"},"modified":"2025-08-29T17:16:29","modified_gmt":"2025-08-29T09:16:29","slug":"privacy-policy","status":"publish","type":"page","link":"https:\/\/yebodaglass.com\/cs\/privacy-policy\/","title":{"rendered":"Z\u00e1sady Ochrany Osobn\u00edch \u00dadaj\u016f"},"content":{"rendered":"<div data-elementor-type=\"wp-page\" data-elementor-id=\"3\" class=\"elementor elementor-3\" data-elementor-settings=\"{&quot;ha_cmc_init_switcher&quot;:&quot;no&quot;}\" data-elementor-post-type=\"page\">\n\t\t\t\t<div class=\"elementor-element elementor-element-d02b64f e-flex e-con-boxed e-con e-parent\" data-id=\"d02b64f\" data-element_type=\"container\" data-e-type=\"container\" data-settings=\"{&quot;_ha_eqh_enable&quot;:false}\">\n\t\t\t\t\t<div class=\"e-con-inner\">\n\t\t<div class=\"elementor-element elementor-element-576ebfc e-con-full e-flex e-con e-child\" data-id=\"576ebfc\" data-element_type=\"container\" data-e-type=\"container\" data-settings=\"{&quot;_ha_eqh_enable&quot;:false}\">\n\t\t\t\t<div class=\"elementor-element elementor-element-7ee6d88 elementor-widget elementor-widget-breadcrumbs\" data-id=\"7ee6d88\" data-element_type=\"widget\" data-e-type=\"widget\" data-widget_type=\"breadcrumbs.default\">\n\t\t\t\t<div class=\"elementor-widget-container\">\n\t\t\t\t\t<nav aria-label=\"Il vetro offre una barriera superiore all&#039;ossigeno e alla CO2, garantendo l&#039;integrit\u00e0 e la durata di conservazione della maggior parte dei prodotti. La sua inerzia preserva il gusto originale e l&#039;eccellenza, essenziale per un marchio di alta qualit\u00e0. L&#039;idea che il consumatore abbia del vetro come elemento di pregio e sostenibile si allinea con un marchio di qualit\u00e0. I \u200b\u200bmaggiori costi logistici possono essere compensati da prezzi di alta qualit\u00e0. Si consiglia di alleggerire il vetro per mitigarne gli effetti.\" class=\"rank-math-breadcrumb\"><p><span class=\"last\">Dom\u016f<\/span><\/p><\/nav>\t\t\t\t<\/div>\n\t\t\t\t<\/div>\n\t\t\t\t<\/div>\n\t\t\t\t\t<\/div>\n\t\t\t\t<\/div>\n\t\t<div class=\"elementor-element elementor-element-41def54 e-flex e-con-boxed e-con e-parent\" data-id=\"41def54\" data-element_type=\"container\" data-e-type=\"container\" data-settings=\"{&quot;_ha_eqh_enable&quot;:false}\">\n\t\t\t\t\t<div class=\"e-con-inner\">\n\t\t\t\t<div class=\"elementor-element elementor-element-4e340a9 elementor-widget elementor-widget-heading\" data-id=\"4e340a9\" data-element_type=\"widget\" data-e-type=\"widget\" data-widget_type=\"heading.default\">\n\t\t\t\t<div class=\"elementor-widget-container\">\n\t\t\t\t\t<h1 class=\"elementor-heading-title elementor-size-default\">Z\u00e1sady Ochrany Osobn\u00edch \u00dadaj\u016f<\/h1>\t\t\t\t<\/div>\n\t\t\t\t<\/div>\n\t\t\t\t<div class=\"elementor-element elementor-element-2c09140 elementor-widget elementor-widget-text-editor\" data-id=\"2c09140\" data-element_type=\"widget\" data-e-type=\"widget\" data-widget_type=\"text-editor.default\">\n\t\t\t\t<div class=\"elementor-widget-container\">\n\t\t\t\t\t\t\t\t\t<h2>Jak\u00e9 informace sb\u00edr\u00e1me?<\/h2><p>Sb\u00edr\u00e1me informace od v\u00e1s, kdy\u017e se registrov\u00e1te na webu, objedn\u00e1te n\u011bco, z\u00fa\u010dastn\u00edte se sout\u011b\u017ee nebo v\u00fdhern\u00edho l\u00edstku, odpov\u00edte na pr\u016fzkum nebo komunikaci, jako je e-mail, nebo se z\u00fa\u010dastn\u00edte jin\u00e9ho prvku webu. P\u0159i objedn\u00e1v\u00e1n\u00ed nebo registraci m\u016f\u017eete b\u00fdt po\u017e\u00e1d\u00e1ni o va\u0161e jm\u00e9no, e-mailovou adresu, adresu doru\u010den\u00ed, telefonn\u00ed \u010d\u00edslo, informace o kreditn\u00ed kart\u011b nebo jin\u00e9 informace. M\u016f\u017eete v\u0161ak nav\u0161t\u00edvit n\u00e1\u0161 web anonymn\u011b. Sb\u00edr\u00e1me tak\u00e9 informace o p\u0159\u00edjemc\u00edch d\u00e1rk\u016f, abychom mohli uspokojit n\u00e1kup d\u00e1rku. Informace, kter\u00e9 sb\u00edr\u00e1me o p\u0159\u00edjemc\u00edch d\u00e1rk\u016f, se nepou\u017e\u00edvaj\u00ed pro marketingov\u00e9 \u00fa\u010dely. Jako mnoho webov\u00fdch str\u00e1nek pou\u017e\u00edv\u00e1me \u201ecookies\u201c, abychom zlep\u0161ili va\u0161e zku\u0161enosti a shroma\u017e\u010fovali informace o n\u00e1v\u0161t\u011bvn\u00edc\u00edch a n\u00e1v\u0161t\u011bv\u00e1ch na\u0161ich webov\u00fdch str\u00e1nek. Pro informace o cookies a tom, jak je pou\u017e\u00edv\u00e1me, viz sekce \u201ePou\u017e\u00edv\u00e1me \u043b\u0438 my \u201ecookies\u201c?\u201c n\u00ed\u017ee.<\/p><h2>Jak pou\u017e\u00edv\u00e1me va\u0161e informace?<\/h2><p>M\u016f\u017eeme pou\u017e\u00edt informace, kter\u00e9 sb\u00edr\u00e1me od v\u00e1s, kdy\u017e se registrov\u00e1te, koup\u00edte produkty, z\u00fa\u010dastn\u00edte se sout\u011b\u017ee nebo akce, odpov\u00edte na pr\u016fzkum nebo marketingovou komunikaci, proch\u00e1z\u00edte webov\u00e9 str\u00e1nky nebo pou\u017e\u00edv\u00e1te ur\u010dit\u00e9 jin\u00e9 prvky webu n\u00e1sleduj\u00edc\u00edm zp\u016fsobem: abychom personalizovali va\u0161e zku\u0161enosti na webu a abychom v\u00e1m mohli poskytovat obsah a nab\u00eddky produkt\u016f, kter\u00e9 v\u00e1s nejv\u00edce zaj\u00edmaj\u00ed. abychom v\u00e1m l\u00e9pe slou\u017eili p\u0159i odpov\u011bdi na va\u0161e po\u017eadavky na z\u00e1kaznick\u00fd servis. abychom mohli rychle zpracov\u00e1vat va\u0161e transakce. abychom spravovali sout\u011b\u017e, akci, pr\u016fzkum nebo jin\u00fd prvek webu. Pokud jste se p\u0159ihl\u00e1sili k odb\u011bru na\u0161eho e-mailov\u00e9ho newsletteru, m\u016f\u017eeme v\u00e1m zas\u00edlat pravideln\u00e9 e-maily. Pokud ji\u017e nechcete dost\u00e1vat marketingov\u00e9 e-maily od n\u00e1s, viz sekce \u201eZru\u0161en\u00ed souhlasu\u201c n\u00ed\u017ee. Pokud nejste p\u0159ihl\u00e1\u0161eni k odb\u011bru e-mailov\u00fdch newsletter\u016f, tyto e-maily nedostanete. N\u00e1v\u0161t\u011bvn\u00edci, kte\u0159\u00ed se registrovali nebo z\u00fa\u010dastnili jin\u00fdch prvk\u016f webu, jako jsou marketingov\u00e9 programy a obsah ur\u010den\u00fd pouze \u010dlen\u016fm, budou m\u00edt mo\u017enost rozhodnout, zda se cht\u011bj\u00ed p\u0159ihl\u00e1sit na na\u0161i e-mailovou seznam a dost\u00e1vat e-mailovou komunikaci od n\u00e1s.<\/p><h2>Jak chr\u00e1n\u00edme informace n\u00e1v\u0161t\u011bvn\u00edk\u016f?<\/h2><p>Implementujeme r\u016fzn\u00e1 bezpe\u010dnostn\u00ed opat\u0159en\u00ed k udr\u017een\u00ed bezpe\u010dnosti va\u0161ich osobn\u00edch informac\u00ed. Va\u0161e osobn\u00ed informace jsou ulo\u017eeny za zabezpe\u010den\u00fdmi s\u00edt\u011bmi a jsou p\u0159\u00edstupn\u00e9 pouze omezen\u00e9mu po\u010dtu osob, kter\u00e9 maj\u00ed speci\u00e1ln\u00ed opr\u00e1vn\u011bn\u00ed k t\u011bmto syst\u00e9m\u016fm a jsou povinni zachov\u00e1vat informace v tajnosti. Kdy\u017e objedn\u00e1te nebo p\u0159istupujete k va\u0161im osobn\u00edm informac\u00edm, nab\u00edz\u00edme pou\u017eit\u00ed bezpe\u010dn\u00e9ho serveru. V\u0161echn\u00e1 citliv\u00e1\/ kreditn\u00ed informace, kter\u00e9 poskytnete, jsou p\u0159en\u00e1\u0161ena pomoc\u00ed technologie Secure Socket Layer (SSL) a pot\u00e9 za\u0161ifrov\u00e1na do na\u0161ich datab\u00e1z\u00ed, aby byly p\u0159\u00edstupn\u00e9 pouze tak, jak je uvedeno v\u00fd\u0161e.<\/p><h2>Pou\u017e\u00edv\u00e1me \u201ccookies\u201d?<\/h2><p>Ano. Cookies jsou mal\u00e9 soubory, kter\u00e9 str\u00e1nka nebo jej\u00ed poskytovatel slu\u017eeb p\u0159en\u00e1\u0161\u00ed na pevn\u00fd disk va\u0161eho po\u010d\u00edta\u010de p\u0159es v\u00e1\u0161 webov\u00fd prohl\u00ed\u017ee\u010d (pokud to povol\u00edte), co\u017e umo\u017e\u0148uje syst\u00e9m\u016fm str\u00e1nky nebo jej\u00edho poskytovatele slu\u017eeb rozpoznat v\u00e1\u0161 prohl\u00ed\u017ee\u010d a zachytit a pamatovat si ur\u010dit\u00e9 informace. Nap\u0159\u00edklad pou\u017e\u00edv\u00e1me cookies k tomu, abychom si pamatovali a zpracov\u00e1vali polo\u017eky ve va\u0161em n\u00e1kupn\u00edm ko\u0161\u00edku. Jsou tak\u00e9 pou\u017e\u00edv\u00e1ny k tomu, abychom l\u00e9pe porozum\u011bli va\u0161im preferenc\u00edm na z\u00e1klad\u011b p\u0159edchoz\u00ed nebo aktu\u00e1ln\u00ed aktivity na str\u00e1nce, co\u017e n\u00e1m umo\u017e\u0148uje v\u00e1m poskytovat vylep\u0161en\u00e9 slu\u017eby. Pou\u017e\u00edv\u00e1me tak\u00e9 cookies k tomu, abychom sesb\u00edrali agregovan\u00e9 \u00fadaje o provozu a interakc\u00edch na str\u00e1nce, abychom mohli v budoucnu nab\u00eddnout lep\u0161\u00ed z\u00e1\u017eitek z n\u00e1v\u0161t\u011bvy str\u00e1nky a n\u00e1stroje. M\u016f\u017eeme uzav\u0159\u00edt smlouvu se t\u0159et\u00edmi stranami poskytovatel\u016f slu\u017eeb, abychom l\u00e9pe porozum\u011bli na\u0161im n\u00e1v\u0161t\u011bvn\u00edk\u016fm. Tyto poskytovatel\u00e9 slu\u017eeb nejsou opr\u00e1vn\u011bni pou\u017e\u00edvat informace shrom\u00e1\u017ed\u011bn\u00e9 za na\u0161eho \u00fa\u010dtu k jin\u00e9mu \u00fa\u010delu ne\u017e k tomu, abychom mohli v\u00e9st a vylep\u0161ovat na\u0161e podnik\u00e1n\u00ed. M\u016f\u017eete si vybrat, aby v\u00e1\u0161 po\u010d\u00edta\u010d varoval p\u0159i ka\u017ed\u00e9m odes\u00edl\u00e1n\u00ed cookie, nebo m\u016f\u017eete zvolit vypnut\u00ed v\u0161ech cookie. Ud\u011bl\u00e1te to prost\u0159ednictv\u00edm nastaven\u00ed va\u0161eho prohl\u00ed\u017ee\u010de (jako je Google Chrome, Microsoft Edge nebo Safari). Ka\u017ed\u00fd prohl\u00ed\u017ee\u010d je trochu jin\u00fd, tak\u017ee pod\u00edvejte se do menu \u201ePomoc\u201c va\u0161eho prohl\u00ed\u017ee\u010de, abyste zjistili spr\u00e1vn\u00fd zp\u016fsob \u00fapravy va\u0161ich cookie. Pokud vypnete cookie, nemus\u00edte m\u00edt p\u0159\u00edstup k mnoha funkc\u00edm, kter\u00e9 zlep\u0161uj\u00ed v\u00e1\u0161 z\u00e1\u017eitek z n\u00e1v\u0161t\u011bvy str\u00e1nky, a n\u011bkter\u00e9 z na\u0161ich slu\u017eeb nebudou fungovat spr\u00e1vn\u011b. Nicm\u00e9n\u011b m\u016f\u017eete objedn\u00e1vat telefonicky, kontaktujte z\u00e1kaznick\u00fd servis.<\/p><h2>Zve\u0159ej\u0148ujeme informace, kter\u00e9 shroma\u017e\u010fujeme t\u0159et\u00edm stran\u00e1m?<\/h2><p>Neprod\u00e1v\u00e1me, obchodujeme nebo jinak p\u0159en\u00e1\u0161\u00edme va\u0161e osobn\u00ed identifika\u010dn\u00ed informace t\u0159et\u00edm stran\u00e1m, pokud n\u00e1m nejprve neposkytneme p\u0159edchoz\u00ed v\u00fdpis, s v\u00fdjimkou popsanou n\u00ed\u017ee. Term\u00edn \u201et\u0159et\u00ed strany\u201c nezahrnuje na\u0161e podnik\u00e1n\u00ed. Tak\u00e9 to nezahrnuje partnery na \u00fadr\u017ebu webu a jin\u00e9 strany, kter\u00e9 n\u00e1m pom\u00e1haj\u00ed provozovat n\u00e1\u0161 web, v\u00e9st na\u0161e podnik\u00e1n\u00ed nebo slou\u017eit v\u00e1m, pokud tyto strany souhlas\u00ed s zachov\u00e1n\u00edm t\u00e9to informace v tajnosti. M\u016f\u017eeme tak\u00e9 poskytnout va\u0161e informace, pokud si mysl\u00edme, \u017ee jejich zve\u0159ejn\u011bn\u00ed je vhodn\u00e9 k dodr\u017eov\u00e1n\u00ed z\u00e1kona, vym\u00e1h\u00e1n\u00ed na\u0161\u00ed politiky str\u00e1nky nebo k ochran\u011b na\u0161ich nebo jin\u00fdch pr\u00e1v, majetku nebo bezpe\u010dnosti. Nicm\u00e9n\u011b informace neidentifikovateln\u00e9 osobn\u011b mohou b\u00fdt poskytnuty jin\u00fdm stran\u00e1m pro marketing, reklamu nebo jin\u00e9 \u00fa\u010dely. Jak m\u016f\u017eete vyj\u00e1d\u0159it nesouhlas, smazat nebo upravit informace, kter\u00e9 jste n\u00e1m poskytli? K upraven\u00ed va\u0161ich e-mailov\u00fdch p\u0159edplatn\u00fdch, dejte n\u00e1m v\u011bd\u011bt, upravuj\u00edc\u00edm va\u0161e preference v sekci \u201eM\u016fj \u00fa\u010det\u201c. V\u011bnujte pozornost, \u017ee vzhledem k pl\u00e1nov\u00e1n\u00ed e-mail\u016f m\u016f\u017eete obdr\u017eet jak\u00e9koli e-maily, kter\u00e9 ji\u017e byly vyr\u00e1b\u011bny. K smaz\u00e1n\u00ed v\u0161ech va\u0161ich informac\u00ed z na\u0161eho online \u00fa\u010dtu z datab\u00e1ze, p\u0159ihlaste se do sekce \u201eM\u016fj \u00fa\u010det\u201c na na\u0161\u00ed str\u00e1nce a sma\u017ete va\u0161e adresy doru\u010den\u00ed, faktura\u010dn\u00ed adresy a platebn\u00ed \u00fadaje. V\u011bnujte pozornost, \u017ee m\u016f\u017eeme udr\u017eovat informace o jedn\u00e9 prodejn\u00ed transakci, abychom mohli uslu\u0161ovat tuto transakci a pro \u00fa\u010dely evidov\u00e1n\u00ed. Prost\u0159ednictv\u00edm odkaz\u016f na t\u0159et\u00ed strany v na\u0161em snaze v\u00e1m poskytnout zv\u00fd\u0161enou hodnotu m\u016f\u017eeme na na\u0161\u00ed str\u00e1nce zahrnovat odkazy na t\u0159et\u00ed strany. Tyto odkazovan\u00e9 str\u00e1nky maj\u00ed samostatn\u00e9 a nez\u00e1visl\u00e9 politiku ochrany osobn\u00edch informac\u00ed. Proto nem\u00e1me \u017e\u00e1dnou odpov\u011bdnost ani zodpov\u011bdnost za obsah a aktivity t\u011bchto odkazovan\u00fdch str\u00e1nek. P\u0159esto se sna\u017e\u00edme chr\u00e1nit integritu na\u0161\u00ed str\u00e1nky a v\u00edt\u00e1me jakoukoli zp\u011btnou vazbu ohledn\u011b t\u011bchto odkazovan\u00fdch str\u00e1nek (v\u010detn\u011b p\u0159\u00edpadu, kdy konkr\u00e9tn\u00ed odkaz nefunguje). Zm\u011bny na na\u0161\u00ed politice, pokud se rozhodneme zm\u011bnit na\u0161e politiku ochrany osobn\u00edch informac\u00ed, budou zve\u0159ejn\u011bny na t\u00e9to str\u00e1nce. Zm\u011bny na politice se budou vztahovat pouze na informace shrom\u00e1\u017ed\u011bn\u00e9 po datu zm\u011bny.<\/p><h2>Ot\u00e1zky a zp\u011btn\u00e1 vazba<\/h2><p>V\u00edt\u00e1me va\u0161e ot\u00e1zky, koment\u00e1\u0159e a obavy ohledn\u011b soukrom\u00ed. Pros\u00edm, za\u0161lete n\u00e1m jakoukoli zp\u011btnou vazbu ohledn\u011b soukrom\u00ed nebo jak\u00e9hokoli jin\u00e9ho probl\u00e9mu. Online Politika Pouze. Tato online politika ochrany soukrom\u00ed se vztahuje pouze na informace shrom\u00e1\u017ed\u011bn\u00e9 prost\u0159ednictv\u00edm na\u0161eho webu a ne na informace shrom\u00e1\u017ed\u011bn\u00e9 offline.<\/p><h2>Va\u0161e souhlas<\/h2><p>P\u0159i proveden\u00ed n\u00e1kupu prost\u0159ednictv\u00edm na\u0161eho webu nebo pod\u00e1n\u00ed dotazu s osobn\u00edmi nebo firemn\u00edmi informacemi pro z\u00edsk\u00e1n\u00ed kalkulace nebo platebn\u00edho pokladu pro objedn\u00e1vku jak\u00fdmikoli prost\u0159edky nebo za\u0159\u00edzen\u00ed pro dopravu, souhlas\u00edte s t\u00edm, \u017ee shroma\u017e\u010fujeme, ukl\u00e1d\u00e1me a pou\u017e\u00edv\u00e1me tyto informace pro va\u0161e v\u00fdhody a\/nebo pro zlep\u0161en\u00ed na\u0161ich slu\u017eeb a nab\u00eddek. T\u00edmto souhlas\u00edte tak\u00e9 s t\u00edm, \u017ee se otev\u00edr\u00e1me, \u017ee jste z\u00e1kazn\u00edkem Yeboda, a souhlas\u00edte s t\u00edm, \u017ee pou\u017e\u00edv\u00e1me n\u00e1zev va\u0161\u00ed spole\u010dnosti, logo a balen\u00ed pro \u00fa\u010dely ukazov\u00e1n\u00ed na\u0161ich produkt\u016f a slu\u017eeb, pokud nen\u00ed jinak uvedeno.<\/p><h2>Zru\u0161en\u00ed souhlasu<\/h2><p>V jak\u00e9mkoli okam\u017eiku m\u016f\u017eete zvolit zru\u0161en\u00ed souhlasu s sb\u011brem, pou\u017e\u00edv\u00e1n\u00edm nebo zve\u0159ej\u0148ov\u00e1n\u00edm va\u0161ich informac\u00ed u Yeboda, kdykoli kontaktujete n\u00e1s. Yeboda si vyhrazuje pr\u00e1vo zachovat jak\u00e9koli d\u0159\u00edve shrom\u00e1\u017ed\u011bn\u00e9 informace k pln\u011bn\u00ed jak\u00fdchkoli objedn\u00e1vek nebo k vy\u0159e\u0161en\u00ed jak\u00fdchkoli spor\u016f nebo vy\u0161et\u0159ov\u00e1n\u00ed. P\u0159i n\u00e1v\u0161t\u011bv\u011b na\u0161eho webu automaticky obdr\u017e\u00edme IP adresu va\u0161eho za\u0159\u00edzen\u00ed, hrubou geografickou oblast a dal\u0161\u00ed z\u00e1kladn\u00ed informace o va\u0161em prohl\u00ed\u017ee\u010di a opera\u010dn\u00edm syst\u00e9mu, abychom l\u00e9pe mohli pom\u00e1hat a poskytovat na\u0161im z\u00e1kazn\u00edk\u016fm lep\u0161\u00ed, v\u00edce p\u0159izp\u016fsoben\u00fd z\u00e1\u017eitek.<\/p>\t\t\t\t\t\t\t\t<\/div>\n\t\t\t\t<\/div>\n\t\t\t\t\t<\/div>\n\t\t\t\t<\/div>\n\t\t<div class=\"elementor-element elementor-element-ea91219 e-flex e-con-boxed e-con e-parent\" data-id=\"ea91219\" data-element_type=\"container\" data-e-type=\"container\" data-settings=\"{&quot;_ha_eqh_enable&quot;:false}\">\n\t\t\t\t\t<div class=\"e-con-inner\">\n\t\t\t\t<div class=\"elementor-element elementor-element-7e7f6e4 elementor-widget elementor-widget-heading\" data-id=\"7e7f6e4\" data-element_type=\"widget\" data-e-type=\"widget\" data-widget_type=\"heading.default\">\n\t\t\t\t<div class=\"elementor-widget-container\">\n\t\t\t\t\t<p class=\"elementor-heading-title elementor-size-default\">Za\u010dn\u011bte s balen\u00edm skla<br> cesta s Yebodou<\/p>\t\t\t\t<\/div>\n\t\t\t\t<\/div>\n\t\t\t\t<div class=\"elementor-element elementor-element-1ca6b54 elementor-widget elementor-widget-heading\" data-id=\"1ca6b54\" data-element_type=\"widget\" data-e-type=\"widget\" data-widget_type=\"heading.default\">\n\t\t\t\t<div class=\"elementor-widget-container\">\n\t\t\t\t\t<p class=\"elementor-heading-title elementor-size-default\">\nKontaktujte na\u0161eho produktov\u00e9ho specialistu hned te\u010f<\/p>\t\t\t\t<\/div>\n\t\t\t\t<\/div>\n\t\t\t\t<div class=\"elementor-element elementor-element-a48bb7c elementor-align-center elementor-widget elementor-widget-button\" data-id=\"a48bb7c\" data-element_type=\"widget\" data-e-type=\"widget\" data-widget_type=\"button.default\">\n\t\t\t\t<div class=\"elementor-widget-container\">\n\t\t\t\t\t\t\t\t\t<div class=\"elementor-button-wrapper\">\n\t\t\t\t\t<a class=\"elementor-button elementor-button-link elementor-size-sm\" href=\"https:\/\/yebodaglass.com\/cs\/contact\/\">\n\t\t\t\t\t\t<span class=\"elementor-button-content-wrapper\">\n\t\t\t\t\t\t\t\t\t<span class=\"elementor-button-text\">Za\u010d\u00edt<\/span>\n\t\t\t\t\t<\/span>\n\t\t\t\t\t<\/a>\n\t\t\t\t<\/div>\n\t\t\t\t\t\t\t\t<\/div>\n\t\t\t\t<\/div>\n\t\t\t\t\t<\/div>\n\t\t\t\t<\/div>\n\t\t\t\t<\/div>","protected":false},"excerpt":{"rendered":"<p>Home Z\u00e1sady ochrany osobn\u00edch \u00fadaj\u016f Jak\u00e9 informace shroma\u017e\u010fujeme? Informace od v\u00e1s shroma\u017e\u010fujeme, kdy\u017e se na webu zaregistrujete, zad\u00e1te objedn\u00e1vku, z\u00fa\u010dastn\u00edte se sout\u011b\u017ee nebo loterie, odpov\u00edte na pr\u016fzkum nebo komunikaci, nap\u0159\u00edklad e-mailem, nebo se z\u00fa\u010dastn\u00edte jin\u00e9 funkce webu. P\u0159i objedn\u00e1vce nebo registraci v\u00e1s m\u016f\u017eeme po\u017e\u00e1dat o va\u0161e jm\u00e9no, e-mailovou adresu, [...]<\/p>","protected":false},"author":1,"featured_media":0,"parent":0,"menu_order":0,"comment_status":"closed","ping_status":"closed","template":"elementor_header_footer","meta":{"footnotes":""},"class_list":["post-3","page","type-page","status-publish","hentry"],"blocksy_meta":[],"jetpack_sharing_enabled":true,"_links":{"self":[{"href":"https:\/\/yebodaglass.com\/cs\/wp-json\/wp\/v2\/pages\/3","targetHints":{"allow":["GET"]}}],"collection":[{"href":"https:\/\/yebodaglass.com\/cs\/wp-json\/wp\/v2\/pages"}],"about":[{"href":"https:\/\/yebodaglass.com\/cs\/wp-json\/wp\/v2\/types\/page"}],"author":[{"embeddable":true,"href":"https:\/\/yebodaglass.com\/cs\/wp-json\/wp\/v2\/users\/1"}],"replies":[{"embeddable":true,"href":"https:\/\/yebodaglass.com\/cs\/wp-json\/wp\/v2\/comments?post=3"}],"version-history":[{"count":6,"href":"https:\/\/yebodaglass.com\/cs\/wp-json\/wp\/v2\/pages\/3\/revisions"}],"predecessor-version":[{"id":20202,"href":"https:\/\/yebodaglass.com\/cs\/wp-json\/wp\/v2\/pages\/3\/revisions\/20202"}],"wp:attachment":[{"href":"https:\/\/yebodaglass.com\/cs\/wp-json\/wp\/v2\/media?parent=3"}],"curies":[{"name":"wp","href":"https:\/\/api.w.org\/{rel}","templated":true}]}}