{"id":19576,"date":"2025-08-22T14:45:03","date_gmt":"2025-08-22T06:45:03","guid":{"rendered":"https:\/\/yebodaglass.com\/?page_id=19576"},"modified":"2025-08-29T18:01:01","modified_gmt":"2025-08-29T10:01:01","slug":"request-free-samples","status":"publish","type":"page","link":"https:\/\/yebodaglass.com\/cs\/request-free-samples\/","title":{"rendered":"\u017d\u00e1dost o bezplatn\u00e9 vzorky"},"content":{"rendered":"<div data-elementor-type=\"wp-page\" data-elementor-id=\"19576\" class=\"elementor elementor-19576\" data-elementor-settings=\"{&quot;ha_cmc_init_switcher&quot;:&quot;no&quot;}\" data-elementor-post-type=\"page\">\n\t\t\t\t<div class=\"elementor-element elementor-element-2d4a8d5 e-flex e-con-boxed e-con e-parent\" data-id=\"2d4a8d5\" data-element_type=\"container\" data-e-type=\"container\" data-settings=\"{&quot;_ha_eqh_enable&quot;:false}\">\n\t\t\t\t\t<div class=\"e-con-inner\">\n\t\t\t\t<div class=\"elementor-element elementor-element-88309fe elementor-widget elementor-widget-breadcrumbs\" data-id=\"88309fe\" data-element_type=\"widget\" data-e-type=\"widget\" data-widget_type=\"breadcrumbs.default\">\n\t\t\t\t<div class=\"elementor-widget-container\">\n\t\t\t\t\t<nav aria-label=\"Il vetro offre una barriera superiore all&#039;ossigeno e alla CO2, garantendo l&#039;integrit\u00e0 e la durata di conservazione della maggior parte dei prodotti. La sua inerzia preserva il gusto originale e l&#039;eccellenza, essenziale per un marchio di alta qualit\u00e0. L&#039;idea che il consumatore abbia del vetro come elemento di pregio e sostenibile si allinea con un marchio di qualit\u00e0. I \u200b\u200bmaggiori costi logistici possono essere compensati da prezzi di alta qualit\u00e0. Si consiglia di alleggerire il vetro per mitigarne gli effetti.\" class=\"rank-math-breadcrumb\"><p><span class=\"last\">Dom\u016f<\/span><\/p><\/nav>\t\t\t\t<\/div>\n\t\t\t\t<\/div>\n\t\t\t\t\t<\/div>\n\t\t\t\t<\/div>\n\t\t<div class=\"elementor-element elementor-element-41def54 e-flex e-con-boxed e-con e-parent\" data-id=\"41def54\" data-element_type=\"container\" data-e-type=\"container\" data-settings=\"{&quot;_ha_eqh_enable&quot;:false}\">\n\t\t\t\t\t<div class=\"e-con-inner\">\n\t\t\t\t<div class=\"elementor-element elementor-element-4e340a9 elementor-widget elementor-widget-heading\" data-id=\"4e340a9\" data-element_type=\"widget\" data-e-type=\"widget\" data-widget_type=\"heading.default\">\n\t\t\t\t<div class=\"elementor-widget-container\">\n\t\t\t\t\t<h1 class=\"elementor-heading-title elementor-size-default\">\u017d\u00e1dost o bezplatn\u00e9 vzorky<\/h1>\t\t\t\t<\/div>\n\t\t\t\t<\/div>\n\t\t\t\t<div class=\"elementor-element elementor-element-2c09140 elementor-widget elementor-widget-text-editor\" data-id=\"2c09140\" data-element_type=\"widget\" data-e-type=\"widget\" data-widget_type=\"text-editor.default\">\n\t\t\t\t<div class=\"elementor-widget-container\">\n\t\t\t\t\t\t\t\t\t<p>Spole\u010dnost Yeboda nab\u00edz\u00ed na\u0161im z\u00e1kazn\u00edk\u016fm mo\u017enost bezplatn\u00e9ho vzorku* po \u00fapln\u00e9m z\u00e1vazku objedn\u00e1vky. Jedn\u00e1 se o voliteln\u00fd proces, kter\u00fd pom\u00e1h\u00e1 z\u00e1kazn\u00edkovi z\u00edskat v\u011bt\u0161\u00ed jistotu ohledn\u011b v\u00fdsledku. Promluvte si s n\u00e1mi o sv\u00e9m projektu. Jeden z na\u0161ich produktov\u00fdch specialist\u016f v\u00e1s bude kontaktovat do 1 pracovn\u00edho dne.<\/p><p><strong>Vzorky jsou k dispozici ve 3 typech:<\/strong><\/p><ul><li>Digit\u00e1ln\u00ed 3D vykreslov\u00e1n\u00ed (um\u011bleck\u00e1 d\u00edla a styl sklen\u011bn\u00fdch n\u00e1dob v interaktivn\u00edm 3D, p\u0159\u00edklad.)<\/li><li>St\u00e1vaj\u00edc\u00ed vzorky (sklen\u011bn\u00e9 n\u00e1doby, kter\u00e9 jsme ji\u017e vyrobili)<\/li><li>Vzorky na zak\u00e1zku** (vzorek na zak\u00e1zku podle va\u0161\u00ed specifikace)<\/li><\/ul><p><strong>Pozn\u00e1mka:<\/strong><\/p><ul><li>Za ur\u010dit\u00fdch podm\u00ednek a pro ur\u010dit\u00e9 kategorie v\u00fdrobk\u016f. N\u00e1klady na dopravu nejsou zahrnuty.<\/li><li>Poplatek za vlastn\u00ed vzorek bude vr\u00e1cen po zad\u00e1n\u00ed objedn\u00e1vky na celou v\u00fdrobu.<\/li><li>\u00dahrada se vztahuje pouze na vzorky v\u00fdtvarn\u00fdch d\u011bl, kter\u00e9 jsou dokon\u010deny pro kompletn\u00ed v\u00fdrobu.<\/li><\/ul>\t\t\t\t\t\t\t\t<\/div>\n\t\t\t\t<\/div>\n\t\t\t\t\t<\/div>\n\t\t\t\t<\/div>\n\t\t<div class=\"elementor-element elementor-element-ea91219 e-flex e-con-boxed e-con e-parent\" data-id=\"ea91219\" data-element_type=\"container\" data-e-type=\"container\" data-settings=\"{&quot;_ha_eqh_enable&quot;:false}\">\n\t\t\t\t\t<div class=\"e-con-inner\">\n\t\t\t\t<div class=\"elementor-element elementor-element-7e7f6e4 elementor-widget elementor-widget-heading\" data-id=\"7e7f6e4\" data-element_type=\"widget\" data-e-type=\"widget\" data-widget_type=\"heading.default\">\n\t\t\t\t<div class=\"elementor-widget-container\">\n\t\t\t\t\t<p class=\"elementor-heading-title elementor-size-default\">Za\u010dn\u011bte s balen\u00edm skla<br> cesta s Yebodou<\/p>\t\t\t\t<\/div>\n\t\t\t\t<\/div>\n\t\t\t\t<div class=\"elementor-element elementor-element-1ca6b54 elementor-widget elementor-widget-heading\" data-id=\"1ca6b54\" data-element_type=\"widget\" data-e-type=\"widget\" data-widget_type=\"heading.default\">\n\t\t\t\t<div class=\"elementor-widget-container\">\n\t\t\t\t\t<p class=\"elementor-heading-title elementor-size-default\">\nKontaktujte na\u0161eho produktov\u00e9ho specialistu hned te\u010f<\/p>\t\t\t\t<\/div>\n\t\t\t\t<\/div>\n\t\t\t\t<div class=\"elementor-element elementor-element-a48bb7c elementor-align-center elementor-widget elementor-widget-button\" data-id=\"a48bb7c\" data-element_type=\"widget\" data-e-type=\"widget\" data-widget_type=\"button.default\">\n\t\t\t\t<div class=\"elementor-widget-container\">\n\t\t\t\t\t\t\t\t\t<div class=\"elementor-button-wrapper\">\n\t\t\t\t\t<a class=\"elementor-button elementor-button-link elementor-size-sm\" href=\"https:\/\/yebodaglass.com\/cs\/contact\/\">\n\t\t\t\t\t\t<span class=\"elementor-button-content-wrapper\">\n\t\t\t\t\t\t\t\t\t<span class=\"elementor-button-text\">Za\u010d\u00edt<\/span>\n\t\t\t\t\t<\/span>\n\t\t\t\t\t<\/a>\n\t\t\t\t<\/div>\n\t\t\t\t\t\t\t\t<\/div>\n\t\t\t\t<\/div>\n\t\t\t\t\t<\/div>\n\t\t\t\t<\/div>\n\t\t\t\t<\/div>","protected":false},"excerpt":{"rendered":"<p>Home \u017d\u00e1dost o vzorky zdarma Spole\u010dnost Yeboda nab\u00edz\u00ed sv\u00fdm z\u00e1kazn\u00edk\u016fm mo\u017enost z\u00edsk\u00e1n\u00ed vzorku zdarma* po \u00fapln\u00e9m z\u00e1vazku objedn\u00e1vky. Jedn\u00e1 se o voliteln\u00fd proces, kter\u00fd pom\u00e1h\u00e1 z\u00e1kazn\u00edkovi z\u00edskat v\u011bt\u0161\u00ed jistotu ohledn\u011b v\u00fdsledku. Promluvte si s n\u00e1mi o sv\u00e9m projektu. Jeden z na\u0161ich produktov\u00fdch specialist\u016f v\u00e1s bude kontaktovat do 1 pracovn\u00edho dne. Vzorky jsou k dispozici [...]<\/p>","protected":false},"author":1,"featured_media":0,"parent":0,"menu_order":0,"comment_status":"closed","ping_status":"closed","template":"elementor_header_footer","meta":{"footnotes":""},"class_list":["post-19576","page","type-page","status-publish","hentry"],"blocksy_meta":[],"jetpack_sharing_enabled":true,"_links":{"self":[{"href":"https:\/\/yebodaglass.com\/cs\/wp-json\/wp\/v2\/pages\/19576","targetHints":{"allow":["GET"]}}],"collection":[{"href":"https:\/\/yebodaglass.com\/cs\/wp-json\/wp\/v2\/pages"}],"about":[{"href":"https:\/\/yebodaglass.com\/cs\/wp-json\/wp\/v2\/types\/page"}],"author":[{"embeddable":true,"href":"https:\/\/yebodaglass.com\/cs\/wp-json\/wp\/v2\/users\/1"}],"replies":[{"embeddable":true,"href":"https:\/\/yebodaglass.com\/cs\/wp-json\/wp\/v2\/comments?post=19576"}],"version-history":[{"count":6,"href":"https:\/\/yebodaglass.com\/cs\/wp-json\/wp\/v2\/pages\/19576\/revisions"}],"predecessor-version":[{"id":20206,"href":"https:\/\/yebodaglass.com\/cs\/wp-json\/wp\/v2\/pages\/19576\/revisions\/20206"}],"wp:attachment":[{"href":"https:\/\/yebodaglass.com\/cs\/wp-json\/wp\/v2\/media?parent=19576"}],"curies":[{"name":"wp","href":"https:\/\/api.w.org\/{rel}","templated":true}]}}