{"id":19567,"date":"2025-08-22T14:17:55","date_gmt":"2025-08-22T06:17:55","guid":{"rendered":"https:\/\/yebodaglass.com\/?page_id=19567"},"modified":"2025-08-29T18:02:25","modified_gmt":"2025-08-29T10:02:25","slug":"terms-of-services","status":"publish","type":"page","link":"https:\/\/yebodaglass.com\/cs\/terms-of-services\/","title":{"rendered":"Podm\u00ednky slu\u017eby"},"content":{"rendered":"<div data-elementor-type=\"wp-page\" data-elementor-id=\"19567\" class=\"elementor elementor-19567\" data-elementor-settings=\"{&quot;ha_cmc_init_switcher&quot;:&quot;no&quot;}\" data-elementor-post-type=\"page\">\n\t\t\t\t<div class=\"elementor-element elementor-element-e2993ff e-flex e-con-boxed e-con e-parent\" data-id=\"e2993ff\" data-element_type=\"container\" data-e-type=\"container\" data-settings=\"{&quot;_ha_eqh_enable&quot;:false}\">\n\t\t\t\t\t<div class=\"e-con-inner\">\n\t\t\t\t<div class=\"elementor-element elementor-element-fef54fd elementor-widget elementor-widget-breadcrumbs\" data-id=\"fef54fd\" data-element_type=\"widget\" data-e-type=\"widget\" data-widget_type=\"breadcrumbs.default\">\n\t\t\t\t<div class=\"elementor-widget-container\">\n\t\t\t\t\t<nav aria-label=\"Il vetro offre una barriera superiore all&#039;ossigeno e alla CO2, garantendo l&#039;integrit\u00e0 e la durata di conservazione della maggior parte dei prodotti. La sua inerzia preserva il gusto originale e l&#039;eccellenza, essenziale per un marchio di alta qualit\u00e0. L&#039;idea che il consumatore abbia del vetro come elemento di pregio e sostenibile si allinea con un marchio di qualit\u00e0. I \u200b\u200bmaggiori costi logistici possono essere compensati da prezzi di alta qualit\u00e0. Si consiglia di alleggerire il vetro per mitigarne gli effetti.\" class=\"rank-math-breadcrumb\"><p><span class=\"last\">Dom\u016f<\/span><\/p><\/nav>\t\t\t\t<\/div>\n\t\t\t\t<\/div>\n\t\t\t\t\t<\/div>\n\t\t\t\t<\/div>\n\t\t<div class=\"elementor-element elementor-element-41def54 e-flex e-con-boxed e-con e-parent\" data-id=\"41def54\" data-element_type=\"container\" data-e-type=\"container\" data-settings=\"{&quot;_ha_eqh_enable&quot;:false}\">\n\t\t\t\t\t<div class=\"e-con-inner\">\n\t\t\t\t<div class=\"elementor-element elementor-element-4e340a9 elementor-widget elementor-widget-heading\" data-id=\"4e340a9\" data-element_type=\"widget\" data-e-type=\"widget\" data-widget_type=\"heading.default\">\n\t\t\t\t<div class=\"elementor-widget-container\">\n\t\t\t\t\t<h1 class=\"elementor-heading-title elementor-size-default\"> Podm\u00ednky Slu\u017eby <\/h1>\t\t\t\t<\/div>\n\t\t\t\t<\/div>\n\t\t\t\t<div class=\"elementor-element elementor-element-2c09140 elementor-widget elementor-widget-text-editor\" data-id=\"2c09140\" data-element_type=\"widget\" data-e-type=\"widget\" data-widget_type=\"text-editor.default\">\n\t\t\t\t<div class=\"elementor-widget-container\">\n\t\t\t\t\t\t\t\t\t<h2>D\u016fle\u017eit\u00e9<\/h2><p>Pe\u010dliv\u011b si pros\u00edm p\u0159e\u010dt\u011bte tyto Obchodn\u00ed podm\u00ednky. P\u0159\u00edstupem na tyto webov\u00e9 str\u00e1nky souhlas\u00edte s t\u00edm, \u017ee budete v\u00e1z\u00e1ni n\u00ed\u017ee uveden\u00fdmi podm\u00ednkami. Pokud s n\u00ed\u017ee uveden\u00fdmi Obchodn\u00edmi podm\u00ednkami nesouhlas\u00edte, pros\u00edm, tyto webov\u00e9 str\u00e1nky nenav\u0161t\u011bvujte. YEBODA si vyhrazuje pr\u00e1vo tyto obchodn\u00ed podm\u00ednky bez p\u0159edchoz\u00edho upozorn\u011bn\u00ed zm\u011bnit, upravit nebo doplnit.<\/p><h2>P\u0159ijet\u00ed podm\u00ednek<\/h2><p>Spole\u010dnost Yeboda (\u201eYeboda\u201c) dod\u00e1v\u00e1 ur\u010dit\u00e9 sklen\u011bn\u00e9 obalov\u00e9 v\u00fdrobky a poskytuje v\u00e1m dal\u0161\u00ed slu\u017eby (\u201eSlu\u017eby\u201c) prost\u0159ednictv\u00edm t\u011bchto webov\u00fdch str\u00e1nek (\u201eWebov\u00e9 str\u00e1nky\u201c) a p\u0159\u00edstup k t\u011bmto webov\u00fdm str\u00e1nk\u00e1m a Slu\u017eb\u00e1m a jejich pou\u017e\u00edv\u00e1n\u00ed v\u00e1m podl\u00e9h\u00e1 va\u0161emu souhlasu s n\u00e1sleduj\u00edc\u00edmi podm\u00ednkami (\u201ePodm\u00ednky\u201c) a jejich dodr\u017eov\u00e1n\u00ed.<\/p><p>Pou\u017e\u00edv\u00e1n\u00edm webov\u00fdch str\u00e1nek nebo vyj\u00e1d\u0159en\u00edm souhlasu s Podm\u00ednkami potvrzujete, \u017ee jste si tyto Podm\u00ednky p\u0159e\u010detli, p\u0159ijali a souhlas\u00edte s nimi. Pokud s t\u011bmito Podm\u00ednkami nesouhlas\u00edte, nesm\u00edte tyto webov\u00e9 str\u00e1nky pou\u017e\u00edvat.<\/p><p>Spole\u010dnost Yeboda si vyhrazuje pr\u00e1vo kdykoli zm\u011bnit tyto Podm\u00ednky bez p\u0159edchoz\u00edho upozorn\u011bn\u00ed a v\u00e1\u0161 dal\u0161\u00ed p\u0159\u00edstup k t\u011bmto Webov\u00fdm str\u00e1nk\u00e1m nebo Slu\u017eb\u00e1m nebo jejich pou\u017e\u00edv\u00e1n\u00ed po proveden\u00ed takov\u00fdch zm\u011bn znamen\u00e1 v\u00e1\u0161 souhlas s Podm\u00ednkami v upraven\u00e9 podob\u011b. Je va\u0161\u00ed odpov\u011bdnost\u00ed tyto Podm\u00ednky pravideln\u011b kontrolovat. Tyto Podm\u00ednky byly naposledy aktualizov\u00e1ny: 21. 8. 2020.<\/p><p>Pokud s jednou nebo v\u00edce z t\u011bchto Podm\u00ednek nesouhlas\u00edte, nep\u0159istupujte na tyto Webov\u00e9 str\u00e1nky ani Slu\u017eby ani je nepou\u017e\u00edvejte.<\/p><h2>Registrace<\/h2><p>N\u011bkter\u00e9 oblasti webov\u00fdch str\u00e1nek m\u016f\u017eete pou\u017e\u00edvat bez registrace, v\u010detn\u011b vytvo\u0159en\u00ed \u00fa\u010dtu (\u201e\u00da\u010det\u201c) nebo hesla (souhrnn\u011b \u201eP\u0159ihla\u0161ovac\u00ed \u00fadaje\u201c).<\/p>\t\t\t\t\t\t\t\t<\/div>\n\t\t\t\t<\/div>\n\t\t\t\t\t<\/div>\n\t\t\t\t<\/div>\n\t\t<div class=\"elementor-element elementor-element-ea91219 e-flex e-con-boxed e-con e-parent\" data-id=\"ea91219\" data-element_type=\"container\" data-e-type=\"container\" data-settings=\"{&quot;_ha_eqh_enable&quot;:false}\">\n\t\t\t\t\t<div class=\"e-con-inner\">\n\t\t\t\t<div class=\"elementor-element elementor-element-7e7f6e4 elementor-widget elementor-widget-heading\" data-id=\"7e7f6e4\" data-element_type=\"widget\" data-e-type=\"widget\" data-widget_type=\"heading.default\">\n\t\t\t\t<div class=\"elementor-widget-container\">\n\t\t\t\t\t<p class=\"elementor-heading-title elementor-size-default\">Za\u010dn\u011bte s balen\u00edm skla<br> cesta s Yebodou<\/p>\t\t\t\t<\/div>\n\t\t\t\t<\/div>\n\t\t\t\t<div class=\"elementor-element elementor-element-1ca6b54 elementor-widget elementor-widget-heading\" data-id=\"1ca6b54\" data-element_type=\"widget\" data-e-type=\"widget\" data-widget_type=\"heading.default\">\n\t\t\t\t<div class=\"elementor-widget-container\">\n\t\t\t\t\t<p class=\"elementor-heading-title elementor-size-default\">\nKontaktujte na\u0161eho produktov\u00e9ho specialistu hned te\u010f<\/p>\t\t\t\t<\/div>\n\t\t\t\t<\/div>\n\t\t\t\t<div class=\"elementor-element elementor-element-a48bb7c elementor-align-center elementor-widget elementor-widget-button\" data-id=\"a48bb7c\" data-element_type=\"widget\" data-e-type=\"widget\" data-widget_type=\"button.default\">\n\t\t\t\t<div class=\"elementor-widget-container\">\n\t\t\t\t\t\t\t\t\t<div class=\"elementor-button-wrapper\">\n\t\t\t\t\t<a class=\"elementor-button elementor-button-link elementor-size-sm\" href=\"https:\/\/yebodaglass.com\/cs\/contact\/\">\n\t\t\t\t\t\t<span class=\"elementor-button-content-wrapper\">\n\t\t\t\t\t\t\t\t\t<span class=\"elementor-button-text\">Za\u010d\u00edt<\/span>\n\t\t\t\t\t<\/span>\n\t\t\t\t\t<\/a>\n\t\t\t\t<\/div>\n\t\t\t\t\t\t\t\t<\/div>\n\t\t\t\t<\/div>\n\t\t\t\t\t<\/div>\n\t\t\t\t<\/div>\n\t\t\t\t<\/div>","protected":false},"excerpt":{"rendered":"<p>Home Podm\u00ednky slu\u017eby D\u016fle\u017eit\u00e9 P\u0159e\u010dt\u011bte si pros\u00edm pozorn\u011b tyto podm\u00ednky. P\u0159\u00edstupem na tyto webov\u00e9 str\u00e1nky souhlas\u00edte s n\u00ed\u017ee uveden\u00fdmi podm\u00ednkami. Pokud s n\u00ed\u017ee uveden\u00fdmi podm\u00ednkami nesouhlas\u00edte, nep\u0159istupujte na tyto webov\u00e9 str\u00e1nky. Spole\u010dnost YEBODA si vyhrazuje pr\u00e1vo m\u011bnit, upravovat nebo dopl\u0148ovat [...]<\/p>","protected":false},"author":1,"featured_media":0,"parent":0,"menu_order":0,"comment_status":"closed","ping_status":"closed","template":"elementor_header_footer","meta":{"footnotes":""},"class_list":["post-19567","page","type-page","status-publish","hentry"],"blocksy_meta":[],"jetpack_sharing_enabled":true,"_links":{"self":[{"href":"https:\/\/yebodaglass.com\/cs\/wp-json\/wp\/v2\/pages\/19567","targetHints":{"allow":["GET"]}}],"collection":[{"href":"https:\/\/yebodaglass.com\/cs\/wp-json\/wp\/v2\/pages"}],"about":[{"href":"https:\/\/yebodaglass.com\/cs\/wp-json\/wp\/v2\/types\/page"}],"author":[{"embeddable":true,"href":"https:\/\/yebodaglass.com\/cs\/wp-json\/wp\/v2\/users\/1"}],"replies":[{"embeddable":true,"href":"https:\/\/yebodaglass.com\/cs\/wp-json\/wp\/v2\/comments?post=19567"}],"version-history":[{"count":5,"href":"https:\/\/yebodaglass.com\/cs\/wp-json\/wp\/v2\/pages\/19567\/revisions"}],"predecessor-version":[{"id":20031,"href":"https:\/\/yebodaglass.com\/cs\/wp-json\/wp\/v2\/pages\/19567\/revisions\/20031"}],"wp:attachment":[{"href":"https:\/\/yebodaglass.com\/cs\/wp-json\/wp\/v2\/media?parent=19567"}],"curies":[{"name":"wp","href":"https:\/\/api.w.org\/{rel}","templated":true}]}}